{"id":6321,"date":"2020-02-01T15:46:20","date_gmt":"2020-02-01T14:46:20","guid":{"rendered":"http:\/\/blogs.univ-jfc.fr\/vphn\/?page_id=6321"},"modified":"2020-05-19T11:17:50","modified_gmt":"2020-05-19T09:17:50","slug":"pour-aller-plus-loin","status":"publish","type":"page","link":"https:\/\/blogs.univ-jfc.fr\/vphn\/patrimoine-immateriel\/les-troubadours-en-occitanie-2020\/pour-aller-plus-loin\/","title":{"rendered":"Pour aller plus loin&#8230;"},"content":{"rendered":"<p><b>Guillaume IX, duc d\u2019Aquitaine :<\/b><\/p>\n<p><span style=\"font-weight: 400\">Le XIe si\u00e8cle voit na\u00eetre le troubadour par la figure de Guillaume IX, duc d\u2019Aquitaine.<\/span><\/p>\n<p><span style=\"font-weight: 400\"> <\/p>\n<p align=\"justify\"> Guillaume IX d\u2019Aquitaine, ou comte de Poitou, est n\u00e9 en 1071 et mort en 1127. Il est connu comme premier po\u00e8te m\u00e9di\u00e9val s\u2019exprimant en occitan, et ainsi fondateur de la po\u00e9sie occitane en langue d\u2019oc. C\u2019est le plus ancien po\u00e8te m\u00e9di\u00e9val dont les \u0153uvres en langue vulgaire ont \u00e9t\u00e9 conserv\u00e9es. Ses \u0153uvres traitent majoritairement de la joie de vivre, des femmes et d\u2019amour. Sa po\u00e9sie est tr\u00e8s crue, ce qui fait de lui probablement le premier po\u00e8te \u00e0 s\u2019engager dans l\u2019\u00e9criture \u00e9rotique. Ses vers sont le reflet d\u2019une \u00e9poque dans laquelle l\u2019emprise de l\u2019\u00c9glise dans la soci\u00e9t\u00e9 est consid\u00e9rablement affaiblie. De par ses po\u00e8mes qualifi\u00e9s de vulgaire, il est pr\u00e9sent\u00e9 comme un d\u00e9bauch\u00e9, sa vie priv\u00e9e fait scandale et il finit par \u00eatre excommuni\u00e9. Mais, la passion qu\u2019il \u00e9prouve pour sa ma\u00eetresse lui fait d\u00e9couvrir l\u2019amour pur, c\u2019est ainsi qu\u2019il se dirige vers la<em> fin\u2019amor<\/em> et donne naissance \u00e0 la po\u00e9sie courtoise. Sa ma\u00eetresse est la muse de ses po\u00e8mes, d\u00e9sign\u00e9e sous le nom de <\/span><i><span style=\"font-weight: 400\">Dangereuse<\/span><\/i><span style=\"font-weight: 400\">. Il constitue donc un mod\u00e8le influent sur l\u2019art des troubadours. Les textes qu\u2019il a \u00e9crits sont de courts po\u00e8mes : des <em>trobars<\/em> (po\u00e8mes chant\u00e9s) dont il d\u00e9finit lui-m\u00eame les r\u00e8gles. Il est surnomm\u00e9 le \u201cp\u00e8re des troubadours\u201d.\u00a0<\/span> <\/p>\n<p><b>Les <\/b><b><i>trobaritz <\/i><\/b><b>:\u00a0<\/b><\/p>\n<p><i><span style=\"font-weight: 400\"> <\/p>\n<p align=\"justify\"> Trobairtiz <\/span><\/i><span style=\"font-weight: 400\">est la forme f\u00e9minine du mot troubadour en occitan (<\/span><i><span style=\"font-weight: 400\">trobador<\/span><\/i><span style=\"font-weight: 400\">). C\u2019est une po\u00e9tesse et compositrice de vers sur l\u2019amour en langue d\u2019oc. Les <em>trobairitz<\/em> ont v\u00e9cu dans le Sud de la France aux XIIe et XIIIe si\u00e8cles. Ce sont les premi\u00e8res compositrices de musique profane connues. Elles font partie, comme les troubadours, de la soci\u00e9t\u00e9 courtoise. Ce sont des femmes issues de la haute noblesse. Elles ma\u00eetrisent parfaitement le code courtois et la technique litt\u00e9raire. Contrairement au troubadour qui fait parti du groupe auteur-compositeur-interpr\u00e8te, la femme troubadour reste la dame courtoise qui domine celui qu\u2019elle aime. Elle n\u2019exprime que l\u2019affectivit\u00e9 et ne compose pas de textes en rapport avec la politique ou la morale. Marie de Ventadour et la Comtesse Beatritz de Dia sont les deux femmes troubadours les plus connues.<\/span> <\/p>\n<p><a href=\"http:\/\/blogs.univ-jfc.fr\/vphn\/patrimoine-immateriel\/les-troubadours-en-occitanie-2020\/bibliographie-les-troubadours-en-occitanie-2020\/\">Bibliographie<\/a>.<\/p>\n<p>Blog sur <a href=\"http:\/\/blogs.univ-jfc.fr\/vphn\/art-de-vivre-et-societe\/lamour-courtois-2018\/\">L&rsquo;amour courtois<\/a>.<\/p>\n<p>Blog sur l&rsquo;<a href=\"http:\/\/blogs.univ-jfc.fr\/vphn\/histoire-locale\/lacademie-des-jeux-floraux-a-toulouse-2018-2019\/\">Acad\u00e9mie des Jeux floraux<\/a>.<\/p>\n<p>Site internet de l&rsquo;<a href=\"http:\/\/jeuxfloraux.fr\/\">Acad\u00e9mie des Jeux floraux.<\/a><\/p>\n","protected":false},"excerpt":{"rendered":"<p>Guillaume IX, duc d\u2019Aquitaine : Le XIe si\u00e8cle voit na\u00eetre le troubadour par la figure de Guillaume IX, duc d\u2019Aquitaine. Guillaume IX d\u2019Aquitaine, ou comte de Poitou, est n\u00e9 en 1071 et mort en 1127. Il est connu comme premier po\u00e8te m\u00e9di\u00e9val s\u2019exprimant en occitan, et ainsi fondateur de la po\u00e9sie occitane en langue d\u2019oc. &hellip; <\/p>\n<p class=\"link-more\"><a href=\"https:\/\/blogs.univ-jfc.fr\/vphn\/patrimoine-immateriel\/les-troubadours-en-occitanie-2020\/pour-aller-plus-loin\/\" class=\"more-link\">Continuer la lecture<span class=\"screen-reader-text\"> de &laquo;&nbsp;Pour aller plus loin&#8230;&nbsp;&raquo;<\/span><\/a><\/p>\n","protected":false},"author":730,"featured_media":0,"parent":6026,"menu_order":0,"comment_status":"closed","ping_status":"closed","template":"","meta":[],"_links":{"self":[{"href":"https:\/\/blogs.univ-jfc.fr\/vphn\/wp-json\/wp\/v2\/pages\/6321"}],"collection":[{"href":"https:\/\/blogs.univ-jfc.fr\/vphn\/wp-json\/wp\/v2\/pages"}],"about":[{"href":"https:\/\/blogs.univ-jfc.fr\/vphn\/wp-json\/wp\/v2\/types\/page"}],"author":[{"embeddable":true,"href":"https:\/\/blogs.univ-jfc.fr\/vphn\/wp-json\/wp\/v2\/users\/730"}],"replies":[{"embeddable":true,"href":"https:\/\/blogs.univ-jfc.fr\/vphn\/wp-json\/wp\/v2\/comments?post=6321"}],"version-history":[{"count":8,"href":"https:\/\/blogs.univ-jfc.fr\/vphn\/wp-json\/wp\/v2\/pages\/6321\/revisions"}],"predecessor-version":[{"id":7768,"href":"https:\/\/blogs.univ-jfc.fr\/vphn\/wp-json\/wp\/v2\/pages\/6321\/revisions\/7768"}],"up":[{"embeddable":true,"href":"https:\/\/blogs.univ-jfc.fr\/vphn\/wp-json\/wp\/v2\/pages\/6026"}],"wp:attachment":[{"href":"https:\/\/blogs.univ-jfc.fr\/vphn\/wp-json\/wp\/v2\/media?parent=6321"}],"curies":[{"name":"wp","href":"https:\/\/api.w.org\/{rel}","templated":true}]}}