{"id":6484,"date":"2020-02-05T17:37:47","date_gmt":"2020-02-05T16:37:47","guid":{"rendered":"http:\/\/blogs.univ-jfc.fr\/vphn\/?page_id=6484"},"modified":"2020-03-05T11:38:42","modified_gmt":"2020-03-05T10:38:42","slug":"bibliographie-rocamadour-2020","status":"publish","type":"page","link":"https:\/\/blogs.univ-jfc.fr\/vphn\/bibliographie-rocamadour-2020\/","title":{"rendered":"Bibliographie Rocamadour [2020]"},"content":{"rendered":"<p><u>I- Dictionnaires et outils de travail<\/u><\/p>\n<p>&#8211; CHATELIN A., <em>Architecture militaire m\u00e9di\u00e9vale, principes \u00e9l\u00e9mentaires,<\/em> Paris, 1970.<\/p>\n<p>&#8211; DUCHET-SUCHAUX G. DUCHET-SUCHAUX M. (dir.), <em>Les ordres religieux<\/em>, Paris, Flammarion, 1993.<\/p>\n<p>&#8211; OURY G.M., <em>Dictionnaire des ordres religieux<\/em>, Paris, C.L.D, 1988.<\/p>\n<p>&#8211; RIVAUD D., <em>Les villes au Moyen-Age dans l\u2019espace fran\u00e7ais\u00a0: XII<sup>e<\/sup>-XVI<sup>e<\/sup> si\u00e8cle<\/em>, Paris, Ellipses, 2012.<\/p>\n<p>&nbsp;<\/p>\n<p><u>II- Ouvrages g\u00e9n\u00e9raux<\/u><\/p>\n<ol>\n<li>Dogme chr\u00e9tien<\/li>\n<\/ol>\n<p>&#8211; BALOUP D. JOSSERAND P. (dir.), <em>Regards crois\u00e9s sur la guerre sainte<\/em>, Toulouse, M\u00e9ridiennes, 2006.<\/p>\n<p>&#8211; BERIOU N. CHIFFOLEAU J. (dir), \u00c9conomie<em> et religion. L\u2019exp\u00e9rience des ordres mendiants (XIII<sup>e \u2013<\/sup> XV<sup>e<\/sup>)<\/em>, Lyon, Pul, 2009.<\/p>\n<p>&#8211; BOISSON D. DAUSSY H. (dir.), <em>Les protestants dans la France moderne<\/em>, Paris, Belin, 2006.<\/p>\n<p>&#8211; COTTRET B., <em>Histoire de la r\u00e9forme protestante<\/em>, Paris, Perrin, 2001.<\/p>\n<p>&#8211; DUBOIS J., <em>Histoire monastique en France au XII<sup>e<\/sup> si\u00e8cles<\/em>, Londres, 1982.<\/p>\n<p>&#8211; HASQUENOPH S., <em>Histoire des ordres et congr\u00e9gations religieuse<\/em>, Lonrai, Champ Vallon, 2009.<\/p>\n<p>&#8211; LE GOFF J. REMOND R. (dir.), <em>La France religieuse\u00a0:<\/em> <em>XIV<sup>e<\/sup>-XVIII<sup>e<\/sup> si\u00e8cle<\/em>, Paris, Seuil, 1988.<\/p>\n<p>&#8211; MOULIN L., <em>La Vie quotidienne des religieux au Moyen-Age (X<sup>e<\/sup>-XV<sup>e <\/sup>si\u00e8cles)<\/em>, Paris, Hachette, 1978.<\/p>\n<p>&#8211; PACAUT M., <em>Les ordres monastiques et religieux au Moyen-Age<\/em>, Paris, Nathan, 2004.<\/p>\n<p>&#8211; RACINET P., <em>Moines et monast\u00e8res en Occident au Moyen-Age<\/em>, Paris, Ellipses, 2007.<\/p>\n<p>&#8211; VAUCHEZ A., <em>Les h\u00e9r\u00e9tiques au Moyen-Age<\/em>, Paris, CNRS, 2014.<\/p>\n<p>&#8211; VINCENT C., <em>\u00c9glise et soci\u00e9t\u00e9 en Occident XIII<sup>e<\/sup> \u2013 XV<sup>e<\/sup> si\u00e8cles,<\/em> Armand Colin, 2009.<\/p>\n<p>2. P\u00e8lerins et p\u00e8lerinage au Moyen-\u00c2ge<\/p>\n<p>&#8211; BRABBS D., <em>Grands p\u00e8lerinages d\u2019Europe<\/em>, Rennes, Ouest-France, 2018.<\/p>\n<p>&#8211; BUSHINGER D.(dir.), <em>R\u00e9cits de p\u00e8lerinage et r\u00e9cits de voyage \u00e0 travers les si\u00e8cles,<\/em> Amiens, Presses du Centre d\u2019\u00e9tudes m\u00e9di\u00e9vales, Universit\u00e9 de Picardie-Jules Verne, 2002.<\/p>\n<p>&#8211; CHAREYRON N.,\u00a0<em>Les P\u00e8lerins de J\u00e9rusalem au Moyen \u00c2ge. L\u2019aventure du Saint Voyage d\u2019apr\u00e8s Journaux et M\u00e9moires<\/em>, Paris, Imago, 2000.<\/p>\n<p>&#8211; CHELINI J. (dir.), <em>Les chemins de Dieu<\/em>, Paris, Hachette, 1985.<\/p>\n<p>&#8211; MARTIN P., <em>P\u00e8lerins<\/em>, Paris, Biblis, 2016.<\/p>\n<p>&#8211; MARTINEAUD S. MOREAU A. (dir.), <em>Les hauts lieux de p\u00e8lerinage<\/em>, Paris, Flammarion, 2000.<\/p>\n<p>&#8211; REGNIER-BOHLER D. (dir.), C<em>roisades et p\u00e8lerinages. R\u00e9cits, chroniques et voyages en Terre sainte, XIIe-XVIe\u00a0si\u00e8cle<\/em>, Paris, Robert Laffont, 1997.<\/p>\n<p>&#8211; RICHARD J.,\u00a0<em>Les R\u00e9cits de voyages et de p\u00e8lerinages,\u00a0<\/em>Turnhout, Brepols, 1981.<\/p>\n<p>&#8211; ROUSSEL R., <em>Les p\u00e8lerinages \u00e0 travers les si\u00e8cles<\/em>, Paris, Presse universitaire de France, 1955.<\/p>\n<p>&#8211; SIGLA P.A., <em>Les marcheurs de Dieu\u00a0: p\u00e8lerinage et p\u00e8lerins au Moyen-Age<\/em>, Paris, Armand Colin, 1974.<\/p>\n<p>&#8211; VIELLIARD J. (trad.), <em>Le Guide du p\u00e8lerin de Saint-Jacques de Compostelle\u00a0: texte latin du XIIe\u00a0si\u00e8cle<\/em>, Paris, Vrin, 1984 (1\u00e8re\u00a0\u00e9d.\u00a0M\u00e2con, 1938).<\/p>\n<p>&nbsp;<\/p>\n<p><u>III- \u00c9tudes sp\u00e9cifiques sur Rocamadour<\/u><\/p>\n<p>&#8211; ALAUZIER L., <em>Chemin de p\u00e8lerinage dans le Lot<\/em>, Cahors, B.S.E.L,1966.<\/p>\n<p>&#8211; ALBE E. (dir.), <em>Les miracles de Notre-Dame de Rocamadour au XII<sup>e <\/sup>si\u00e8cle<\/em>, Le P\u00e9r\u00e9grinateur, 2007.<\/p>\n<p>&#8211; ALBE E., \u00ab\u00a0Autour de Rocamadour. \u00c9glises disparues\u00a0\u00bb, <em>Revue religieuse de Cahors et Rocamadour<\/em>, 1908.<\/p>\n<p>&#8211; ALBE E., \u00ab\u00a0Roc-Amadour.<em>\u00a0\u00bb Guide du touriste et du p\u00e8lerin<\/em>, 1 janvier 1938.<\/p>\n<p>&#8211; BULLES B., \u00ab\u00a0Saint Amadour\u00a0: formation et \u00e9volution de sa l\u00e9gende (XII<sup>e<\/sup>&#8211; XX<sup>e<\/sup> si\u00e8cles)\u00a0\u00bb, <em>Annales du Midi<\/em>, 1995, 107-202, pp. 437-455.<\/p>\n<p>&#8211; CHAREYRON N., \u00ab\u00a0Ambigu\u00eft\u00e9s du terme\u00a0<em>voyage<\/em>\u00a0dans les r\u00e9cits de p\u00e8lerins des XIVe\u00a0et XVe\u00a0si\u00e8cles\u00a0\u00bb, in\u00a0:\u00a0Abry\u00a0C. (dir.)<em>,<\/em>\u00a0<em>Parler(s) du Moyen \u00c2ge\u00a0:<\/em>\u00a0<em>Hommage \u00e0 Albert Meiller<\/em>, Grenoble, Universit\u00e9 Stendhal-Grenoble\u00a03, 1998, p.\u00a087\u201196.<\/p>\n<p>&#8211; CHELINI J., \u00ab\u00a0Les religieux dans la ville au Moyen-Age\u00a0\u00bb in\u00a0: FAVIER J., <em>La France m\u00e9di\u00e9vale<\/em>, Paris, Seuil, 1983.<\/p>\n<p>&#8211; DESHOULIERES F.,\u00a0\u00ab\u00a0Une sportelle de Notre-Dame de Rocamadour.\u00a0\u00bb, in : <em>Bulletin Monumental<\/em>, tome 89, n\u00b03, ann\u00e9e 1930. pp. 562-563.<\/p>\n<p>&#8211; GARDELLES J.,<em> Rocamadour et son p\u00e8lerinage<\/em>, Paris, Bulletin Monumental, 1980.<\/p>\n<p>&#8211; GLORIES C., <em>Le r\u00e9seau des villes du Quercy du XI<sup>e <\/sup>au XV<sup>e <\/sup>si\u00e8cle,<\/em> Toulouse, Le Mirail, 1997.<\/p>\n<p>&#8211; GODIN J., <em>Rocamadour<\/em>, Paris, Zodiaque, 1991.<\/p>\n<p>&#8211; JOHANSEN P., \u00ab\u00a0Rocamadour et la Livonie<em>\u00a0\u00bb<\/em>,<em> Annales du midi<\/em>, 1961, 74-54, pp. 230-231.<\/p>\n<p>&#8211; LARTIGAUT J., <em>Histoire du Quercy<\/em>. Toulouse, Privat, 1993.<\/p>\n<p>&#8211; LARTIGAUT J., <em>Le Quercy apr\u00e8s la guerre de Cents Ans. Aux origines du Quercy actuel<\/em>, Cahors, Quercy-recherche, 2001.<\/p>\n<p>&#8211; POUX D., <em>Rocamadour, haut-lieu de p\u00e8lerinage<\/em>, Apa-Poux, Albi, 1992.<\/p>\n<p>&#8211; PRAT R., \u00ab\u00a0Un p\u00e8lerin \u00e0 Rocamadour au XIV<sup>e<\/sup> si\u00e8cle\u00a0\u00bb, B.S.E.L. t.LXXX (1960), p 161.<\/p>\n<p>&#8211; RICKARD C.,<em> Rocamadour<\/em>, Rennes, Ouest-France, 1988.<\/p>\n<p>&#8211; ROCACHER J., <em>Rocamadour et son p\u00e8lerinage\u00a0:<\/em> \u00c9tude<em> historique et arch\u00e9ologique<\/em>, Toulouse, Privat, 1979.<\/p>\n<p>&#8211; SAVY N., <em>Les villes du Quercy en guerre<\/em>, Paris, 2015.<\/p>\n<p>&#8211; SERVOIS M., \u00ab\u00a01534. Miracles de la Vierge, \u00e0 Rocamadour\u00a0\u00bb, in : MOLINIER A., <em>Les Sources de l&rsquo;histoire de France &#8211; Des origines aux guerres d&rsquo;Italie (1494)<\/em>, Paris, 1902, p. 121.<\/p>\n","protected":false},"excerpt":{"rendered":"<p>I- Dictionnaires et outils de travail &#8211; CHATELIN A., Architecture militaire m\u00e9di\u00e9vale, principes \u00e9l\u00e9mentaires, Paris, 1970. &#8211; DUCHET-SUCHAUX G. DUCHET-SUCHAUX M. (dir.), Les ordres religieux, Paris, Flammarion, 1993. &#8211; OURY G.M., Dictionnaire des ordres religieux, Paris, C.L.D, 1988. &#8211; RIVAUD D., Les villes au Moyen-Age dans l\u2019espace fran\u00e7ais\u00a0: XIIe-XVIe si\u00e8cle, Paris, Ellipses, 2012. &nbsp; II- &hellip; <\/p>\n<p class=\"link-more\"><a href=\"https:\/\/blogs.univ-jfc.fr\/vphn\/bibliographie-rocamadour-2020\/\" class=\"more-link\">Continuer la lecture<span class=\"screen-reader-text\"> de &laquo;&nbsp;Bibliographie Rocamadour [2020]&nbsp;&raquo;<\/span><\/a><\/p>\n","protected":false},"author":596,"featured_media":0,"parent":0,"menu_order":0,"comment_status":"closed","ping_status":"closed","template":"","meta":[],"_links":{"self":[{"href":"https:\/\/blogs.univ-jfc.fr\/vphn\/wp-json\/wp\/v2\/pages\/6484"}],"collection":[{"href":"https:\/\/blogs.univ-jfc.fr\/vphn\/wp-json\/wp\/v2\/pages"}],"about":[{"href":"https:\/\/blogs.univ-jfc.fr\/vphn\/wp-json\/wp\/v2\/types\/page"}],"author":[{"embeddable":true,"href":"https:\/\/blogs.univ-jfc.fr\/vphn\/wp-json\/wp\/v2\/users\/596"}],"replies":[{"embeddable":true,"href":"https:\/\/blogs.univ-jfc.fr\/vphn\/wp-json\/wp\/v2\/comments?post=6484"}],"version-history":[{"count":6,"href":"https:\/\/blogs.univ-jfc.fr\/vphn\/wp-json\/wp\/v2\/pages\/6484\/revisions"}],"predecessor-version":[{"id":7576,"href":"https:\/\/blogs.univ-jfc.fr\/vphn\/wp-json\/wp\/v2\/pages\/6484\/revisions\/7576"}],"wp:attachment":[{"href":"https:\/\/blogs.univ-jfc.fr\/vphn\/wp-json\/wp\/v2\/media?parent=6484"}],"curies":[{"name":"wp","href":"https:\/\/api.w.org\/{rel}","templated":true}]}}