{"id":6569,"date":"2020-02-06T12:13:19","date_gmt":"2020-02-06T11:13:19","guid":{"rendered":"http:\/\/blogs.univ-jfc.fr\/vphn\/?page_id=6569"},"modified":"2020-03-01T18:28:13","modified_gmt":"2020-03-01T17:28:13","slug":"la-guerre-de-cent-ans-en-guyenne-1337-1453-2020","status":"publish","type":"page","link":"https:\/\/blogs.univ-jfc.fr\/vphn\/histoire-locale\/la-guerre-de-cent-ans-en-guyenne-1337-1453-2020\/","title":{"rendered":"La Guerre de Cent Ans en Guyenne (1337-1453) [2020]"},"content":{"rendered":"<figure id=\"attachment_5875\" aria-describedby=\"caption-attachment-5875\" style=\"width: 157px\" class=\"wp-caption alignright\"><img loading=\"lazy\" class=\"wp-image-5875 size-medium\" src=\"http:\/\/blogs.univ-jfc.fr\/vphn\/wp-content\/uploads\/sites\/65\/2020\/01\/Geoffrey_of_Anjou_Monument-1-157x300.jpg\" alt=\"\" width=\"157\" height=\"300\" srcset=\"https:\/\/blogs.univ-jfc.fr\/vphn\/wp-content\/uploads\/sites\/65\/2020\/01\/Geoffrey_of_Anjou_Monument-1-157x300.jpg 157w, https:\/\/blogs.univ-jfc.fr\/vphn\/wp-content\/uploads\/sites\/65\/2020\/01\/Geoffrey_of_Anjou_Monument-1.jpg 330w\" sizes=\"(max-width: 157px) 100vw, 157px\" \/><figcaption id=\"caption-attachment-5875\" class=\"wp-caption-text\">Lame fun\u00e9raire de Geoffroy Plantagen\u00eat, fondateur de la dynastie. 1151.\u00a0 mus\u00e9e d&rsquo;arch\u00e9ologie et d&rsquo;histoire du Mans.<\/figcaption><\/figure>\n<p style=\"text-align: justify\"><span style=\"font-weight: 400\">La Guerre de Cent Ans est l\u2019un des confits le plus long qui a op<\/span><span style=\"font-weight: 400\">pos\u00e9 les Fran\u00e7ais aux Anglais. Cette guerre n\u2019a pas dur\u00e9 cent ans comme le sugg\u00e8re le nom mais cent seize ans. E<\/span><span style=\"font-weight: 400\">lle concerne :\u00a0<\/span><\/p>\n<ul style=\"text-align: justify\">\n<li><span style=\"font-weight: 400\">D\u2019une part<\/span><span style=\"font-weight: 400\"><a href=\"http:\/\/www.histoirdefrance.fr\/encyclopedie\/histoire_et_religions\/d\/dynastie_des_plantagenets.htm\">\u00a0la famille des Plantagen\u00eats<\/a>, famille anglaise issue des comtes d\u2019Anjou et du Maine. Ils sont aussi ducs de Normandie et\u00a0d\u2019Aquitaine, seigneurs d\u2019Irlande, comtes du Poitou et de Nantes<\/span><span style=\"font-weight: 400\">\u00a0;<\/span><\/li>\n<li><span style=\"font-weight: 400\">D\u2019autre part<\/span><span style=\"font-weight: 400\">,<a href=\"http:\/\/www.alex-bernardini.fr\/histoire\/Dynastie-des-Valois.php\"> La famille des Valois<\/a>, famille au pouvoir dans le royaume de France. C\u2019est une branche cadette de la dynastie cap\u00e9tienne qui a r\u00e9gn\u00e9 de 1328 \u00e0 1589. Elle a succ\u00e9d\u00e9 aux Cap\u00e9tiens directement apr\u00e8s la mort de Charles le Bel.<\/span><\/li>\n<\/ul>\n<p style=\"text-align: justify\"><span style=\"font-weight: 400\">La Guerre de Cent Ans est due \u00e0 plusieurs causes dont une qui est le contr\u00f4le du duch\u00e9 de Guyenne. Le duch\u00e9 de Guyenne est une ancienne province se situant dans le sud-ouest de la France et qui a pour capitale Bordeaux. Son nom est apparu au XIIIe si\u00e8cle et a remplac\u00e9 l&rsquo;appellation d\u2019Aquitaine. Elle englobe les territoires d\u2019Aquitaine mais aussi du Quercy, du P\u00e9rigord et de l\u2019Agenais.<\/span><span style=\"font-weight: 400\">\u00a0La Guyenne a d\u00e9j\u00e0 travers\u00e9 une p\u00e9riode de guerre de 1294 \u00e0 1303, opposant le royaume de France et celui d\u2019Angleterre. Les historiens appellent ce conflit \u201cLa guerre de Guyenne\u201d, qui aura comme issue \u201cLe trait\u00e9 de Paris\u201d apr\u00e8s une victoire fran\u00e7aise.<\/span><span style=\"font-weight: 400\">\u00a0Dans ce conflit, la possession de la Guyenne est l\u2019une des causes de la guerre.\u00a0<\/span><\/p>\n<h1 style=\"text-align: justify\"><strong>Les premi\u00e8res batailles (1337-1358)<\/strong><\/h1>\n<p style=\"text-align: justify\"><span style=\"font-weight: 400\">En 1337, date qui a marqu\u00e9 le d\u00e9but des hostilit\u00e9s, Le roi de France, a pris la Guyenne \u00e0 Edouard III, apr\u00e8s que ce dernier lui ai rappel\u00e9 sa l\u00e9gitimit\u00e9 pour la couronne de France. C\u2019est v\u00e9ritablement avec cette confiscation de territoire que d\u00e9marre\u00a0la guerre entre le royaume de France et celui d\u2019Angleterre une nouvelle fois. Philippe VI se sentant attaqu\u00e9 par son cousin anglais, lance la premi\u00e8re attaque, en 1338, avec une escadre, donc une unit\u00e9 militaire maritime.<\/span><\/p>\n<p><span style=\"font-weight: 400\">En juin 1340, Edouard III lance une puissante attaque contre la ville de Bruges, qui se situe dans l\u2019actuelle Belgique. L\u2019arm\u00e9e fran\u00e7aise contre bien \u00e9videmment l\u2019attaque, avec toute une troupe de navires qui\u00a0barre la route \u00e0 la flotte anglaise. Mais une fois encore les archers anglais vont faire des ravages sur les troupes fran\u00e7aises qui sont coinc\u00e9es. Les sources revendiquent quinze mille soldats morts lors de la bataille.<\/span><\/p>\n<figure id=\"attachment_5883\" aria-describedby=\"caption-attachment-5883\" style=\"width: 300px\" class=\"wp-caption aligncenter\"><img loading=\"lazy\" class=\"size-medium wp-image-5883\" src=\"http:\/\/blogs.univ-jfc.fr\/vphn\/wp-content\/uploads\/sites\/65\/2020\/01\/Bataille-de-Cr\u00e9zy-300x263.jpg\" alt=\"\" width=\"300\" height=\"263\" srcset=\"https:\/\/blogs.univ-jfc.fr\/vphn\/wp-content\/uploads\/sites\/65\/2020\/01\/Bataille-de-Cr\u00e9zy-300x263.jpg 300w, https:\/\/blogs.univ-jfc.fr\/vphn\/wp-content\/uploads\/sites\/65\/2020\/01\/Bataille-de-Cr\u00e9zy-768x674.jpg 768w, https:\/\/blogs.univ-jfc.fr\/vphn\/wp-content\/uploads\/sites\/65\/2020\/01\/Bataille-de-Cr\u00e9zy-1024x899.jpg 1024w, https:\/\/blogs.univ-jfc.fr\/vphn\/wp-content\/uploads\/sites\/65\/2020\/01\/Bataille-de-Cr\u00e9zy.jpg 1025w\" sizes=\"(max-width: 300px) 100vw, 300px\" \/><figcaption id=\"caption-attachment-5883\" class=\"wp-caption-text\">Enluminure de manuscrit, d\u00e9crivant la bataille de Cr\u00e9cy, XVe si\u00e8cle, Biblioth\u00e8que Nationale de France.<\/figcaption><\/figure>\n<p><span style=\"font-weight: 400\">En 1346, deuxi\u00e8me attaque d\u2019Edouard III,<a href=\"http:\/\/www.histoire-france.net\/batailles\/crecy\"> la bataille de Cr\u00e9cy<\/a>. Encore une fois, selon les sources les troupes anglaises sont en inf\u00e9riorit\u00e9 num\u00e9rique, mais les archers, tr\u00e8s bien ordonn\u00e9s et tr\u00e8s bien coordonn\u00e9s, \u00e9liminent avec grande efficacit\u00e9 les chevaliers fran\u00e7ais. \u00c9douard III est en capacit\u00e9 de conqu\u00e9rir le tr\u00f4ne de France.<\/span><\/p>\n<h1 style=\"text-align: justify\"><strong>Tentative de paix de 1358 et de 1396<\/strong><\/h1>\n<figure id=\"attachment_5879\" aria-describedby=\"caption-attachment-5879\" style=\"width: 250px\" class=\"wp-caption alignleft\"><img loading=\"lazy\" class=\"size-full wp-image-5879\" src=\"http:\/\/blogs.univ-jfc.fr\/vphn\/wp-content\/uploads\/sites\/65\/2020\/01\/capture-de-JEAN-LE-BON.jpg\" alt=\"\" width=\"250\" height=\"244\" \/><figcaption id=\"caption-attachment-5879\" class=\"wp-caption-text\">Enluminure de manuscrit. Capture de Jean II le Bon \u00e0 la bataille de Poitiers. XVe si\u00e8cle, Biblioth\u00e8que Nationale de France.<\/figcaption><\/figure>\n<p style=\"text-align: justify\"><span style=\"font-weight: 400\">Suite \u00e0 une premi\u00e8re tentative rat\u00e9e de n\u00e9gociation r\u00e9alis\u00e9e en 1358<\/span><span style=\"font-weight: 400\">,\u00a0<\/span><span style=\"font-weight: 400\">une nouvelle n\u00e9gociation est entam\u00e9e\u00a0 par Charles VI et Jean de Gand dans les ann\u00e9es 1390. Est alors envisag\u00e9 de s\u00e9parer l\u2019Aquitaine de la couronne d\u2019Angleterre et d\u2019en faire une principaut\u00e9 autonome pour r\u00e9soudre le conflit. Jean de Gand est fait prince d\u2019Aquitaine \u00e0 vie, les Fran\u00e7ais \u00e9tant m\u00eame pr\u00eats \u00e0 restituer au duch\u00e9 les territoires se trouvant au sud de la Charente, que les Anglais ne poss\u00e9daient plus.<\/span><\/p>\n<p style=\"text-align: justify\">Cependant, les n\u00e9gociations ont \u00e9chou\u00e9 ; en effet la population voulait rester anglaise parce que\u00a0le commerce du vin \u00e0 Bordeaux \u00e9tait bien plus rentable sous la coupe anglaise gr\u00e2ce aux charges relativement faibles et \u00e0 l\u2019administration locale. \u00c9galement les petits nobles sans grande propri\u00e9t\u00e9 fonci\u00e8re pr\u00e9f\u00e9raient servir sous le roi d\u2019Angleterre car les r\u00e9compenses \u00e9taient plus int\u00e9ressantes. La cons\u00e9quence de ces n\u00e9gociations de paix ont donn\u00e9 une tr\u00eave de seulement 28 ans \u00e0 partir de 1396. Le roi de France investit toutefois le Dauphin (le futur Charles VII) du titre de duc de Guyenne.<\/p>\n<figure id=\"attachment_5878\" aria-describedby=\"caption-attachment-5878\" style=\"width: 429px\" class=\"wp-caption aligncenter\"><img loading=\"lazy\" class=\" wp-image-5878\" src=\"http:\/\/blogs.univ-jfc.fr\/vphn\/wp-content\/uploads\/sites\/65\/2020\/01\/carte-1-245x300.png\" alt=\"\" width=\"429\" height=\"526\" srcset=\"https:\/\/blogs.univ-jfc.fr\/vphn\/wp-content\/uploads\/sites\/65\/2020\/01\/carte-1-245x300.png 245w, https:\/\/blogs.univ-jfc.fr\/vphn\/wp-content\/uploads\/sites\/65\/2020\/01\/carte-1.png 450w\" sizes=\"(max-width: 429px) 100vw, 429px\" \/><figcaption id=\"caption-attachment-5878\" class=\"wp-caption-text\">Carte des territoires durant la Guerre de Cent Ans,\u00a0\u00a9 Cyberprout<\/figcaption><\/figure>\n<h1 style=\"text-align: justify\"><strong>Les derniers moment de la guerre (1415-1453)<\/strong><\/h1>\n<p style=\"text-align: justify\"><span style=\"font-weight: 400\">A partir du XVe si\u00e8cle, on assiste \u00e0 de nombreuses actions militaires de la France pour prendre la Guyenne des mains de l\u2019Angleterre.\u00a0\u00a0<\/span><span style=\"font-weight: 400\">A partir de 1415, Henri V, roi d\u2019Angleterre, revendique la Guyenne et la Normandie. Il massacre les fran\u00e7ais lors de la Bataille d\u2019Azincourt.\u00a0<\/span><span style=\"font-weight: 400\">Une grande phase de reconqu\u00eate de la Guyenne a lieu \u00e0 partir de 1440<\/span><span style=\"font-weight: 400\">. En\u00a0<\/span><span style=\"font-weight: 400\">1451 tout le duch\u00e9 est repris par la France.<\/span><\/p>\n<p style=\"text-align: justify\"><span style=\"font-weight: 400\">Mais une r\u00e9volte pro-anglaise \u00e9clate \u00e0 cause d\u2019un m\u00e9contentement d\u00fb aux imp\u00f4ts fran\u00e7ais.\u00a0<\/span><span style=\"font-weight: 400\">La fin de la guerre est marqu\u00e9e en 1453, avec la Bataille de Castillon.<\/span><\/p>\n<figure id=\"attachment_5880\" aria-describedby=\"caption-attachment-5880\" style=\"width: 300px\" class=\"wp-caption aligncenter\"><img loading=\"lazy\" class=\"size-medium wp-image-5880\" src=\"http:\/\/blogs.univ-jfc.fr\/vphn\/wp-content\/uploads\/sites\/65\/2020\/01\/BATAILLE-DE-CASTILLON-300x233.jpg\" alt=\"\" width=\"300\" height=\"233\" srcset=\"https:\/\/blogs.univ-jfc.fr\/vphn\/wp-content\/uploads\/sites\/65\/2020\/01\/BATAILLE-DE-CASTILLON-300x233.jpg 300w, https:\/\/blogs.univ-jfc.fr\/vphn\/wp-content\/uploads\/sites\/65\/2020\/01\/BATAILLE-DE-CASTILLON-768x597.jpg 768w, https:\/\/blogs.univ-jfc.fr\/vphn\/wp-content\/uploads\/sites\/65\/2020\/01\/BATAILLE-DE-CASTILLON-1024x795.jpg 1024w, https:\/\/blogs.univ-jfc.fr\/vphn\/wp-content\/uploads\/sites\/65\/2020\/01\/BATAILLE-DE-CASTILLON.jpg 1667w\" sizes=\"(max-width: 300px) 100vw, 300px\" \/><figcaption id=\"caption-attachment-5880\" class=\"wp-caption-text\">La mort de Talbot \u00e0 la Bataille de Castillon, Enluminure du manuscrit de Martial d&rsquo;Auvergne \u00ab\u00a0Les Vigiles de Charles VII\u00a0\u00bb, vers 1484, [ Source: Biblioth\u00e8que Nationale de France].<\/figcaption><\/figure>\n<p style=\"text-align: justify\"><span style=\"font-weight: 400\">Tout commence le 13 juillet 1453, avec la descente des troupes fran\u00e7aises vers le Ch\u00e2teau de Castillon. Les Fran\u00e7ais s\u2019installent en camps retranch\u00e9s pr\u00e8s de la ville et postent plusieurs canons mobiles, une artillerie de campagne, entre les camps et la Dordogne.\u00a0\u00a0<\/span><span style=\"font-weight: 400\">Les Anglais souhaitent attaquer en premier. Le 17 juillet, ils attaquent les camps retranch\u00e9s, les Fran\u00e7ais tiennent bon et r\u00e9pliquent avec leur artillerie, ce qui ach\u00e8ve les Anglais.\u00a0\u00a0<\/span><span style=\"font-weight: 400\">Le si\u00e8ge de Castillon se poursuit alors, et la ville se rend le 19 juillet.\u00a0\u00a0<\/span><span style=\"font-weight: 400\">Le 9 octobre 1453, pr\u00e8s de Bordeaux,\u00a0est sign\u00e9 un nouveau trait\u00e9 qui c\u00e8de d\u00e9finitivement la Guyenne \u00e0 la France.\u00a0<\/span>Les Anglais, priv\u00e9s du soutien de la population sont alors lentement chass\u00e9s du pays.<\/p>\n<p style=\"text-align: justify\"><a href=\"http:\/\/www.universalis-edu.com\/encyclopedie\/guerre-de-cent-ans\/\">La Guerre de Cent Ans<\/a> pris fin en 1453.\u00a0C&rsquo;est apr\u00e8s 116 ans de conflits discontinues, opposant la famille anglaise des Plantagen\u00eats \u00e0 la famille fran\u00e7aise des Valois, que la Guerre de Cent Ans se termine. Durant cette p\u00e9riode il y a eu des tr\u00eaves et des tentatives de r\u00e9conciliations de dur\u00e9es plus ou moins importantes, la plus longue en 1396 durant 28 ans.<br \/>\nApr\u00e8s la reprise des batailles, de nombreux affrontements ont lieu, l&rsquo;affrontement d\u00e9cisif est la bataille de Castillon le 17 juillet 1453 qui a vu le victoire des Fran\u00e7ais qui\u00a0sont parvenus \u00e0 r\u00e9cup\u00e9rer la Guyenne, perdue depuis la fin du XIIe si\u00e8cle.<\/p>\n<p style=\"text-align: justify\"><a href=\"http:\/\/blogs.univ-jfc.fr\/vphn\/bibliographie\/la-bibliographie-de-la-guerre-de-cent-ans-2020\/\">bibliographie<\/a><\/p>\n<p style=\"text-align: justify\">Etudiant(e)s : Ma\u00eblle POUX (L2), Lucie GIRARD (L2), Lucas GIOVANOLLA (L1).<\/p>\n","protected":false},"excerpt":{"rendered":"<p>La Guerre de Cent Ans est l\u2019un des confits le plus long qui a oppos\u00e9 les Fran\u00e7ais aux Anglais. Cette guerre n\u2019a pas dur\u00e9 cent ans comme le sugg\u00e8re le nom mais cent seize ans. Elle concerne :\u00a0 D\u2019une part\u00a0la famille des Plantagen\u00eats, famille anglaise issue des comtes d\u2019Anjou et du Maine. Ils sont aussi &hellip; <\/p>\n<p class=\"link-more\"><a href=\"https:\/\/blogs.univ-jfc.fr\/vphn\/histoire-locale\/la-guerre-de-cent-ans-en-guyenne-1337-1453-2020\/\" class=\"more-link\">Continuer la lecture<span class=\"screen-reader-text\"> de &laquo;&nbsp;La Guerre de Cent Ans en Guyenne (1337-1453) [2020]&nbsp;&raquo;<\/span><\/a><\/p>\n","protected":false},"author":570,"featured_media":0,"parent":1173,"menu_order":0,"comment_status":"closed","ping_status":"closed","template":"","meta":[],"_links":{"self":[{"href":"https:\/\/blogs.univ-jfc.fr\/vphn\/wp-json\/wp\/v2\/pages\/6569"}],"collection":[{"href":"https:\/\/blogs.univ-jfc.fr\/vphn\/wp-json\/wp\/v2\/pages"}],"about":[{"href":"https:\/\/blogs.univ-jfc.fr\/vphn\/wp-json\/wp\/v2\/types\/page"}],"author":[{"embeddable":true,"href":"https:\/\/blogs.univ-jfc.fr\/vphn\/wp-json\/wp\/v2\/users\/570"}],"replies":[{"embeddable":true,"href":"https:\/\/blogs.univ-jfc.fr\/vphn\/wp-json\/wp\/v2\/comments?post=6569"}],"version-history":[{"count":7,"href":"https:\/\/blogs.univ-jfc.fr\/vphn\/wp-json\/wp\/v2\/pages\/6569\/revisions"}],"predecessor-version":[{"id":7598,"href":"https:\/\/blogs.univ-jfc.fr\/vphn\/wp-json\/wp\/v2\/pages\/6569\/revisions\/7598"}],"up":[{"embeddable":true,"href":"https:\/\/blogs.univ-jfc.fr\/vphn\/wp-json\/wp\/v2\/pages\/1173"}],"wp:attachment":[{"href":"https:\/\/blogs.univ-jfc.fr\/vphn\/wp-json\/wp\/v2\/media?parent=6569"}],"curies":[{"name":"wp","href":"https:\/\/api.w.org\/{rel}","templated":true}]}}