{"id":6575,"date":"2020-02-06T11:01:30","date_gmt":"2020-02-06T10:01:30","guid":{"rendered":"http:\/\/blogs.univ-jfc.fr\/vphn\/?page_id=6575"},"modified":"2020-05-24T10:37:02","modified_gmt":"2020-05-24T08:37:02","slug":"villefranche-de-rouergue-de-la-fondation-a-la-construction-de-la-collegiale","status":"publish","type":"page","link":"https:\/\/blogs.univ-jfc.fr\/vphn\/villefranche-de-rouergue-de-la-fondation-a-la-construction-de-la-collegiale\/","title":{"rendered":"Villefranche de Rouergue, de la fondation \u00e0 la construction de la coll\u00e9giale. (2019-2020)"},"content":{"rendered":"<h1 align=\"justify\"><span style=\"text-decoration: underline\"><strong>Villefranche de Rouergue, de la fondation \u00e0 la construction de la coll\u00e9giale , 1252 \u00e0 1519<\/strong><\/span><\/h1>\n<figure style=\"width: 527px\" class=\"wp-caption aligncenter\"><img loading=\"lazy\" src=\"https:\/\/upload.wikimedia.org\/wikipedia\/commons\/thumb\/a\/a6\/Map_France_1180-fr.svg\/527px-Map_France_1180-fr.svg.png\" alt=\"File:Map France 1180-fr.svg\" width=\"527\" height=\"600\" \/><figcaption class=\"wp-caption-text\">Auteur anonyme, Carte de la France en 1180, 3 d\u00e9cembre 2008.<\/figcaption><\/figure>\n<p align=\"justify\">Villefranche est une ville fond\u00e9e peu de temps apr\u00e8s la croisade des Albigeois.\u00a0 A la suite de\u00a0celle-ci le comte de Toulouse Raymond VI perd ses terres et les reconquiert avec son fils, Raymond VII sans le soutien de la monarchie fran\u00e7aise. En 1222, Raymond VI meurt.\u00a0 Son fils, Raymond VII h\u00e9rite de son excommunication.\u00a0 En janvier 1224,\u00a0 il a r\u00e9cup\u00e9r\u00e9 toutes ses terres et d\u00e9fait Amaury de Montfort. Ensuite, une croisade est lanc\u00e9e contre lui, dont le roi de France prend la t\u00eate suite \u00e0 le donation symbolique d&rsquo;Amaury de Monfort de ses possessions. Le roi, Louis VIII vainc et r\u00e9cup\u00e8re le comt\u00e9 de Trencavel, Avignon et le Toulousain. Cependant, il meurt\u00a0au retour de ses conqu\u00eates.<\/p>\n<figure id=\"attachment_7167\" aria-describedby=\"caption-attachment-7167\" style=\"width: 291px\" class=\"wp-caption alignright\"><img loading=\"lazy\" class=\"wp-image-7167 \" style=\"margin: 0.5em 0px 0.5em 1em;height: 182px;text-align: justify;color: #333333;text-indent: 0px;letter-spacing: normal;font-size: 16px;font-style: normal;font-variant: normal;font-weight: 400;text-decoration: none;max-width: 100%;float: right\" src=\"http:\/\/blogs.univ-jfc.fr\/vphn\/wp-content\/uploads\/sites\/65\/2020\/02\/LouisIX_RaymondVII-300x188.jpg\" alt=\"\" width=\"291\" height=\"188\" \/><figcaption id=\"caption-attachment-7167\" class=\"wp-caption-text\">Auteur non-identifi\u00e9, Le comte de Toulouse Raymond VII se soumettant au roi de France Louis IX, 1296<\/figcaption><\/figure>\n<p style=\"text-align: justify\">Cette p\u00e9riode se termine en 1229 o\u00f9 Raymond VII c\u00e8de Avignon et le vicomt\u00e9 de <a href=\"http:\/\/blogs.univ-jfc.fr\/vphn\/patrimoine-et-sites-remarquables\/bastides-et-castels-2018-2019\/annexe-bastides-et-castels\/\">Trencavel<\/a> \u00e0 la couronne et la main de sa fille Jeanne \u00e0 Alphonse de Poitiers, fr\u00e8re du roi, Louis IX, lors des accords de Paris. Lorsqu\u2019il meurt en 1249, le Toulousain revient \u00e0 Alphonse de Poitiers. Les habitants de <a href=\"http:\/\/blogs.univ-jfc.fr\/vphn\/patrimoine-et-sites-remarquables\/najac-milieu-du-xiiie-fin-xive\/\">Najac<\/a>, pr\u00e9fecture du Rouergue s\u2019insurgent. Ce climat encourage Alphonse de Poitiers a cr\u00e9er une ville dans la r\u00e9gion pour s\u2019assurer des soutiens locaux. Nous pouvons donc nous demander en quoi la fondation et le d\u00e9veloppement de Villefranche de Rouergue de 1252 \u00e0 1519 r\u00e9pondent \u00e0 une volont\u00e9 de contr\u00f4le de la r\u00e9gion et de la population par l\u2019administration royale ?<\/p>\n<p>&nbsp;<\/p>\n<h2 align=\"justify\"><span style=\"text-decoration: underline\"><strong>I) La fondation<\/strong><\/span><\/h2>\n<p style=\"text-align: justify\">Il faut tout d\u2019abord savoir que les <a href=\"https:\/\/www.universalis.fr\/encyclopedie\/ville-la-ville-nouvelle\/1-les-villes-nouvelles-du-moyen-age\/\">villes nouvelles<\/a> comme\u00a0 Villefranche sont nombreuses et s\u2019ancrent dans un contexte national. En effet, depuis le XI\u00b0 si\u00e8cle, la France conna\u00eet une croissance d\u00e9mographique continue. Cette nouvelle main d\u2019\u0153uvre peut donc s\u2019installer sur de nouvelles terres, pas encore d\u00e9frich\u00e9es. La cr\u00e9ation de la ville permet de cultiver des terres d\u00e9laiss\u00e9s auparavant. La royaut\u00e9 et les comtes vont donc cr\u00e9er des villes nouvelles en France. Le ph\u00e9nom\u00e8ne est tr\u00e8s fr\u00e9quent dans le comt\u00e9 de Toulouse o\u00f9 les comtes puis le roi vont encourager la cr\u00e9ation de villes nouvelles.<\/p>\n<p>&nbsp;<\/p>\n<figure id=\"attachment_7125\" aria-describedby=\"caption-attachment-7125\" style=\"width: 235px\" class=\"wp-caption alignleft\"><img loading=\"lazy\" class=\"wp-image-7125 \" src=\"http:\/\/blogs.univ-jfc.fr\/vphn\/wp-content\/uploads\/sites\/65\/2020\/02\/villefracnhe-de-rouergue-vers-1650-219x300.png\" alt=\"\" width=\"235\" height=\"322\" srcset=\"https:\/\/blogs.univ-jfc.fr\/vphn\/wp-content\/uploads\/sites\/65\/2020\/02\/villefracnhe-de-rouergue-vers-1650-219x300.png 219w, https:\/\/blogs.univ-jfc.fr\/vphn\/wp-content\/uploads\/sites\/65\/2020\/02\/villefracnhe-de-rouergue-vers-1650.png 299w\" sizes=\"(max-width: 235px) 100vw, 235px\" \/><figcaption id=\"caption-attachment-7125\" class=\"wp-caption-text\">Bernard Gilles, Plan de Villefranche de Rouergue vers 1650, 1983<\/figcaption><\/figure>\n<p style=\"text-align: justify\">Qu\u2019est-ce qu\u2019une ville nouvelle? C\u2019est une ville qui est construite <em>ex nihilo <\/em>(\u00e0 partir de rien). L\u2019administration d\u00e9cide de fonder une ville \u00e0 un endroit pr\u00e9cis et essaye d\u2019attirer le plus de population possible. Pour cela plusieurs moyens peuvent \u00eatre utilis\u00e9s. Dans le cadre de Villefranche de Rouergue, on l\u2019exempte d\u2019une partie de ses imp\u00f4ts. Ainsi, l\u2019administration royale esp\u00e8re attirer une population qui lui est reconnaissante et fid\u00e8le.<\/p>\n<p>&nbsp;<\/p>\n<p align=\"justify\">Enfin, Villefranche de Rouergue, comme la plupart des villes nouvelles, est fond\u00e9e \u00e0 partir d\u2019un plan d\u00e9fini: la Bastide. Les multiples avantages d\u2019une ville construite sur le plan d&rsquo;une bastide permettent d\u2019attirer plus de population.<\/p>\n<h2 align=\"justify\"><strong><span style=\"text-decoration: underline\">II) Son d\u00e9veloppement<\/span><\/strong><\/h2>\n<p style=\"text-align: justify\">Villefranche de Rouergue se d\u00e9veloppe \u00e9conomiquement autour de trois axes: L\u2019Aveyron (rivi\u00e8re qui passe \u00e0 c\u00f4t\u00e9 de la ville), les mines situ\u00e9es de l\u2019autre c\u00f4t\u00e9 de l\u2019Aveyron et le march\u00e9 qui devient le plus dynamique du Rouergue. L\u2019Aveyron est une source d\u2019\u00e9nergie qui va grandement aider la ville \u00e0 se d\u00e9velopper. Elle permet la construction de martinet \u00e0 battre le cuivre, de papeteries, de moulins \u00e0 farine et de tanneries. Les mines de l\u2019autre c\u00f4t\u00e9 de l\u2019Aveyron permettent une activit\u00e9 d\u2019extraction des minerais. On y retrouve plusieurs minerais depuis l\u2019Antiquit\u00e9 tels que l\u2019argent. Le roi y cr\u00e9er un atelier mon\u00e9taire royal. Le march\u00e9 est la clef\u00a0 de vo\u00fbte de l&rsquo;\u00e9conomie. Une multitude de facteurs explique son importance. Des lopins de terres sont vendus avec les propri\u00e9t\u00e9s en ville et le lieu le plus proche pour \u00e9couler la production est le march\u00e9. Les exemptions de tailles permettent aussi de rendre l\u2019achat de ces terres tr\u00e8s attractif.\u00a0 Le pont des Consuls construit au d\u00e9but du XIV est aussi l\u2019un des rare point de passage de l\u2019Aveyron faisant de Villefranche de Rouergue une ville \u00e0 la crois\u00e9e des chemins.<\/p>\n<figure id=\"attachment_7199\" aria-describedby=\"caption-attachment-7199\" style=\"width: 261px\" class=\"wp-caption alignleft\"><img loading=\"lazy\" class=\"wp-image-7199 \" src=\"http:\/\/blogs.univ-jfc.fr\/vphn\/wp-content\/uploads\/sites\/65\/2020\/02\/Villefranche-de-Rouerge_-_\u00c9glise_Notre-Dame_5-225x300.jpg\" alt=\"\" width=\"261\" height=\"348\" srcset=\"https:\/\/blogs.univ-jfc.fr\/vphn\/wp-content\/uploads\/sites\/65\/2020\/02\/Villefranche-de-Rouerge_-_\u00c9glise_Notre-Dame_5-225x300.jpg 225w, https:\/\/blogs.univ-jfc.fr\/vphn\/wp-content\/uploads\/sites\/65\/2020\/02\/Villefranche-de-Rouerge_-_\u00c9glise_Notre-Dame_5-768x1024.jpg 768w, https:\/\/blogs.univ-jfc.fr\/vphn\/wp-content\/uploads\/sites\/65\/2020\/02\/Villefranche-de-Rouerge_-_\u00c9glise_Notre-Dame_5.jpg 1944w\" sizes=\"(max-width: 261px) 100vw, 261px\" \/><figcaption id=\"caption-attachment-7199\" class=\"wp-caption-text\">Christophe Finot, Villefranche-de Rouergue &#8211; Eglise-Notre-Dame, Villefranche de Rouergue, Juillet 2007<\/figcaption><\/figure>\n<p style=\"text-align: justify\">Pour l\u2019aspect religieux, le d\u00e9veloppement est tr\u00e8s rapide. D\u00e8s 1276, c\u2019est-\u00e0-dire trente ans apr\u00e8s la fondation, on assiste \u00e0 l&rsquo;\u00e9tablissement de couvents (Cordeliers [1279], Clarisses [1330]). Puis les lieux religieux vont se multiplier partout dans la ville. Ce sont des lieux o\u00f9 s\u2019installent en premier temps des Franciscains, ce qui n\u2019est pas anodin. Deux grands leaders franciscains (plus pr\u00e9cis\u00e9ment <a href=\"https:\/\/www.cnrtl.fr\/definition\/fraticelles\">fratricelles<\/a>) permettent leur d\u00e9veloppement dans la r\u00e9gion : Pierre-Jean Olieu\u00a0\u00a0 Avec le d\u00e9veloppement religieux s\u2019op\u00e8re le d\u00e9veloppement politique. A la fondation peu de formes de pouvoirs citadins sont visibles. Les plus importants sont les <a href=\"https:\/\/www.universalis.fr\/encyclopedie\/consul-ancien-regime\/\">consuls<\/a> (<i>cossols<\/i>).\u00a0 Les consuls devaient d\u00e9finir le montant de la taille (qui parvenait \u00e0 la ville et non au roi) et son r\u00f4le. Ainsi, ils avancent et pr\u00e9l\u00e8vent l\u2019imp\u00f4ts.\u00a0 Cependant, le r\u00f4le politique de la ville va \u00e9voluer lorsqu&rsquo;en 1369, le roi de France d\u00e9place de Najac vers Villefranche son administration. Le <a href=\"https:\/\/www.cnrtl.fr\/definition\/dmf\/s%C3%A9n%C3%A9chal\">s\u00e9n\u00e9chal<\/a>, le <a href=\"https:\/\/www.cnrtl.fr\/definition\/dmf\/juge-mage?str=1\">juge-mage<\/a> et le tr\u00e9sorier du Rouergue s\u2019installe \u00e0 Villefranche. \u00c0 partir de ce moment, Villefranche a r\u00e9ellement une grande influence sur la politique locale. Quant \u00e0 Najac, elle n\u2019a plus la m\u00eame importance qu\u2019\u00e0 la p\u00e9riode de la fondation de Villefranche. Cependant, loin de se trouver sans concurrente, elle va maintenant \u201cs\u2019opposer\u201d \u00e0 Rodez, centre de l\u2019administration comtale alors que Villefranche repr\u00e9sente l\u2019autorit\u00e9 royale.<\/p>\n<p style=\"text-align: justify\">Pour comprendre \u00e0 quel point son d\u00e9veloppement propulse Villefranche en ville importante du Rouergue, deux exemples architecturaux sont frappants. Les murailles en sont le premier. Elles apparaissent d\u00e8s 1342 \u00e0 l\u2019approche de la guerre de cent ans. En comparaison, Rodez ne peut s\u2019en \u00e9quiper qu\u2019en 1350. Les fortifications sont cens\u00e9es permettre de tenir la ville (qui n&rsquo;est jamais assi\u00e9g\u00e9e durant la Guerre de Cent Ans).<\/p>\n<figure id=\"attachment_7180\" aria-describedby=\"caption-attachment-7180\" style=\"width: 250px\" class=\"wp-caption alignright\"><img loading=\"lazy\" class=\"wp-image-7180 size-full\" src=\"http:\/\/blogs.univ-jfc.fr\/vphn\/wp-content\/uploads\/sites\/65\/2020\/02\/pont_vieux_light.jpg\" alt=\"\" width=\"250\" height=\"166\" \/><figcaption id=\"caption-attachment-7180\" class=\"wp-caption-text\">Photo mise en ligne par la commune de Villefranche de Rouergue, Le Pont des Consuls<\/figcaption><\/figure>\n<p style=\"text-align: justify\">Le pont est le second exemple. Construit par les consuls au d\u00e9but du XIV\u00b0 si\u00e8cle, c\u2019est v\u00e9ritablement l\u2019un des am\u00e9nagements les plus importants de la ville. Il est dot\u00e9 de fortifications pour \u00e9viter que ne soit prise la ville. C\u2019est une construction tr\u00e8s importante notamment pour des raisons cit\u00e9es pr\u00e9c\u00e9demment.<\/p>\n<p>&nbsp;<\/p>\n<h2><span style=\"text-decoration: underline\"><strong>III) Son succ\u00e8s<\/strong><\/span><\/h2>\n<p style=\"text-align: justify\">Tout d\u2019abord, c\u2019est une ville au centre de la vie rurale. La bastide est un moyen tr\u00e8s efficace pour regrouper les populations rurales \u00e9parpill\u00e9es dans les campagnes. La ville \u00e9tant construite \u00e0 partir de rien, elle est\u00a0mieux agenc\u00e9e et cr\u00e9e de nouveaux emplois ce qui attire des travailleurs. La place centrale est r\u00e9serv\u00e9e au commerce et permet l\u2019organisation de grands march\u00e9s et de foires. La ville est aussi un relais de l\u2019autorit\u00e9 royale pour la population qui vit en ville ou seulement pr\u00e9sente aux march\u00e9s.<\/p>\n<p style=\"text-align: justify\">Qui plus est, la concentration de la population et la venue r\u00e9guli\u00e8re des habitants alentour permet une lev\u00e9e plus fluide et plus rapide des taxes et de certains imp\u00f4ts.<\/p>\n<figure id=\"attachment_7188\" aria-describedby=\"caption-attachment-7188\" style=\"width: 351px\" class=\"wp-caption aligncenter\"><img loading=\"lazy\" class=\"wp-image-7188\" src=\"http:\/\/blogs.univ-jfc.fr\/vphn\/wp-content\/uploads\/sites\/65\/2020\/02\/Place-centrale-300x199.jpg\" alt=\"\" width=\"351\" height=\"233\" srcset=\"https:\/\/blogs.univ-jfc.fr\/vphn\/wp-content\/uploads\/sites\/65\/2020\/02\/Place-centrale-300x199.jpg 300w, https:\/\/blogs.univ-jfc.fr\/vphn\/wp-content\/uploads\/sites\/65\/2020\/02\/Place-centrale-768x511.jpg 768w, https:\/\/blogs.univ-jfc.fr\/vphn\/wp-content\/uploads\/sites\/65\/2020\/02\/Place-centrale.jpg 970w\" sizes=\"(max-width: 351px) 100vw, 351px\" \/><figcaption id=\"caption-attachment-7188\" class=\"wp-caption-text\">\u00a9 D. Viet &#8211; Tourisme Occitanie, Place centrale de la ville et son march\u00e9<\/figcaption><\/figure>\n<p style=\"text-align: justify\"><span style=\"font-size: 1rem\">Il s\u2019agit donc d\u2019un territoire tr\u00e8s rural, mais bien int\u00e9gr\u00e9 (pour l&rsquo;\u00e9poque) gr\u00e2ce \u00e0 des infrastructures comme des ponts et des routes \u00e0 l\u2019image du pont des consuls.<\/span><\/p>\n<figure id=\"attachment_7204\" aria-describedby=\"caption-attachment-7204\" style=\"width: 269px\" class=\"wp-caption alignright\"><img loading=\"lazy\" class=\"wp-image-7204 size-medium\" src=\"http:\/\/blogs.univ-jfc.fr\/vphn\/wp-content\/uploads\/sites\/65\/2020\/02\/538px-Jean_le_bon-269x300.jpg\" alt=\"\" width=\"269\" height=\"300\" srcset=\"https:\/\/blogs.univ-jfc.fr\/vphn\/wp-content\/uploads\/sites\/65\/2020\/02\/538px-Jean_le_bon-269x300.jpg 269w, https:\/\/blogs.univ-jfc.fr\/vphn\/wp-content\/uploads\/sites\/65\/2020\/02\/538px-Jean_le_bon.jpg 538w\" sizes=\"(max-width: 269px) 100vw, 269px\" \/><figcaption id=\"caption-attachment-7204\" class=\"wp-caption-text\">Chroniques de Froissard, La capture du roi Jean II le Bon, XV\u00e8me si\u00e8cle<\/figcaption><\/figure>\n<p style=\"text-align: justify\">Cependant, nous pouvons relativiser le contr\u00f4le de la population par l\u2019autorit\u00e9 royale. Lors de la Guerre de Cent Ans, le roi Jean II est fait prisonnier par les anglais \u00e0 la suite de la bataille de Poitiers. Pour obtenir sa lib\u00e9ration le <a href=\"https:\/\/www.herodote.net\/8_mai_1360-evenement-13600508.php\">trait\u00e9 de Br\u00e9tigny-Calais<\/a>\u00a0(1360) est conclu. Le roi d\u2019Angleterre, <a href=\"https:\/\/fr.wikipedia.org\/wiki\/%C3%89douard_III\">Edouard III<\/a> obtient la souverainet\u00e9 sur environ un tiers de la France, sur les territoires autour de la Guyenne, dont le Rouergue et de ce fait Villefranche.<\/p>\n<p style=\"text-align: justify\">\u00a0C\u2019est Louis XI qui fait de Villefranche un comt\u00e9 englobant la r\u00e9gion jusqu\u2019au Lot. Il le donne \u00e0 Fr\u00e9d\u00e9ric d\u2019Aragon, prince de Tarente pour son mariage avec Anne de Savoie, sa ni\u00e8ce. Enfin, en 1551, un <a href=\"https:\/\/www.cnrtl.fr\/definition\/pr%C3%A9sidial\">pr\u00e9sidial<\/a>, d\u00e9pendant du parlement de Toulouse est cr\u00e9\u00e9. La ville devient donc la capitale judiciaire du Rouergue au d\u00e9triment de Rodez et Millau.<\/p>\n<h2><span style=\"text-decoration: underline\"><strong>Conclusion<\/strong><\/span><\/h2>\n<p style=\"text-align: justify\">Villefranche de Rouergue a \u00e9t\u00e9 fond\u00e9 dans le but de faire plier Najac, capitale administrative du Rouergue \u00e0 cette \u00e9poque. Seulement l&rsquo;id\u00e9e a si bien march\u00e9 que Najac a perdu son importance d\u00e8s le milieu du XIV<sup>\u00e8me<\/sup> si\u00e8cle. Villefranche a r\u00e9ussie \u00e0 se cr\u00e9er une place dans l&rsquo;administration locale du Rouergue en un si\u00e8cle. Pour cela, cette-derni\u00e8re\u00a0dispose d\u2019avantages surtout au niveau \u00e9conomique. De nombreuses infrastructures et b\u00e2timents voient le jour (pour des raisons religieuse, \u00e9conomique ou politique). C\u2019est ainsi que Villefranche devint capitale royale du Rouergue, mais aussi que na\u00eet v\u00e9ritablement la rivalit\u00e9 avec Rodez. Enfin, notons que Villefranche est une ville nouvelle qui a r\u00e9ussie \u00e0 s&rsquo;ancrer dans le temps, jusqu&rsquo;\u00e0 aujourd&rsquo;hui. Il est d&rsquo;ailleurs int\u00e9ressant de voir les b\u00e2timents que nous avons d\u00e9taill\u00e9 dans ces quelques lignes en se baladant dans les rues de cette bastide vieille de sept si\u00e8cles.<\/p>\n<p style=\"text-align: justify\"><a href=\"http:\/\/blogs.univ-jfc.fr\/vphn\/bibliographie-vdr\/\">Bibliographie<\/a><\/p>\n<p align=\"justify\">Travail de C\u00e9sar Leduc (L2), L\u00e9o Marquier (L2), Caroline Couderc (L1), Fanny Sanchez (L1).<\/p>\n","protected":false},"excerpt":{"rendered":"<p>Villefranche de Rouergue, de la fondation \u00e0 la construction de la coll\u00e9giale , 1252 \u00e0 1519 Villefranche est une ville fond\u00e9e peu de temps apr\u00e8s la croisade des Albigeois.\u00a0 A la suite de\u00a0celle-ci le comte de Toulouse Raymond VI perd ses terres et les reconquiert avec son fils, Raymond VII sans le soutien de la &hellip; <\/p>\n<p class=\"link-more\"><a href=\"https:\/\/blogs.univ-jfc.fr\/vphn\/villefranche-de-rouergue-de-la-fondation-a-la-construction-de-la-collegiale\/\" class=\"more-link\">Continuer la lecture<span class=\"screen-reader-text\"> de &laquo;&nbsp;Villefranche de Rouergue, de la fondation \u00e0 la construction de la coll\u00e9giale. (2019-2020)&nbsp;&raquo;<\/span><\/a><\/p>\n","protected":false},"author":575,"featured_media":0,"parent":0,"menu_order":0,"comment_status":"closed","ping_status":"closed","template":"","meta":[],"_links":{"self":[{"href":"https:\/\/blogs.univ-jfc.fr\/vphn\/wp-json\/wp\/v2\/pages\/6575"}],"collection":[{"href":"https:\/\/blogs.univ-jfc.fr\/vphn\/wp-json\/wp\/v2\/pages"}],"about":[{"href":"https:\/\/blogs.univ-jfc.fr\/vphn\/wp-json\/wp\/v2\/types\/page"}],"author":[{"embeddable":true,"href":"https:\/\/blogs.univ-jfc.fr\/vphn\/wp-json\/wp\/v2\/users\/575"}],"replies":[{"embeddable":true,"href":"https:\/\/blogs.univ-jfc.fr\/vphn\/wp-json\/wp\/v2\/comments?post=6575"}],"version-history":[{"count":43,"href":"https:\/\/blogs.univ-jfc.fr\/vphn\/wp-json\/wp\/v2\/pages\/6575\/revisions"}],"predecessor-version":[{"id":7911,"href":"https:\/\/blogs.univ-jfc.fr\/vphn\/wp-json\/wp\/v2\/pages\/6575\/revisions\/7911"}],"wp:attachment":[{"href":"https:\/\/blogs.univ-jfc.fr\/vphn\/wp-json\/wp\/v2\/media?parent=6575"}],"curies":[{"name":"wp","href":"https:\/\/api.w.org\/{rel}","templated":true}]}}