{"id":6647,"date":"2020-02-06T11:35:58","date_gmt":"2020-02-06T10:35:58","guid":{"rendered":"http:\/\/blogs.univ-jfc.fr\/vphn\/?page_id=6647"},"modified":"2020-02-06T17:09:06","modified_gmt":"2020-02-06T16:09:06","slug":"lexique","status":"publish","type":"page","link":"https:\/\/blogs.univ-jfc.fr\/vphn\/histoire-locale\/le-corps-franc-pommies-la-resistance-de-larmee-2020\/lexique\/","title":{"rendered":"Lexique"},"content":{"rendered":"<p>49\u00e8me R\u00e9giment d&rsquo;Infanterie : unit\u00e9 militaire constitu\u00e9e de membres du CFP. Ce dernier conserva plusieurs de ses traditions d&rsquo;une ancienne unit\u00e9 de la R\u00e9sistance, comme le b\u00e9ret ou l\u2019\u00e9toile noire. Il prit place directement au sein de la 1\u00e8re Arm\u00e9e Fran\u00e7aise.<\/p>\n<p>Actes clandestins : ensemble d&rsquo;actions secr\u00e8tes men\u00e9es par la R\u00e9sistance fran\u00e7aise. Le CFP effectue notamment des actions de sabotage\u00a0afin de ralentir l\u2019effort de guerre allemand en France. Les chasseurs font \u00e9galement du\u00a0renseignement\u00a0dans des organisations allemandes et collaboratrices, et 87 assassinats sont effectu\u00e9s sur des agents ennemis. Enfin, gr\u00e2ce \u00e0 la topographie favorable de la r\u00e9gion, le CFP constitue des\u00a0maquis\u00a0pour abriter les civils et les recrues recherch\u00e9s par les Allemands.<\/p>\n<p>Arm\u00e9e d&rsquo;Armistice : arm\u00e9e du R\u00e9gime de Vichy ne d\u00e9passant pas les 100 000 hommes, ayant pour principale mission le maintien de l\u2019ordre en zone libre.<\/p>\n<p>Camouflage du Mat\u00e9riel:\u00a0 organisation secr\u00e8te au sein de l&rsquo;Arm\u00e9e d&rsquo;Armistice qui\u00a0 a pour objectif de cacher le maximum d\u2019armes et d\u2019\u00e9quipements de guerre aux Allemands.<\/p>\n<p>Corps Franc Pommi\u00e8s : le choix du terme\u00a0\u201ccorps franc\u201d\u00a0est en hommage aux\u00a0unit\u00e9s d\u2019\u00e9lites des r\u00e9giments de l\u2019arm\u00e9e fran\u00e7aise de 1939-1940. Le\u00a0\u201cP\u201d\u00a0correspond au d\u00e9part \u00e0\u00a0\u201cpyr\u00e9n\u00e9en\u201d, en raison de la situation g\u00e9ographique de l\u2019unit\u00e9. Mais pendant la Lib\u00e9ration, ayant pris conscience du nom de leur chef, les chasseurs se mirent \u00e0 le remplacer par\u00a0\u201c<a href=\"http:\/\/blogs.univ-jfc.fr\/vphn\/histoire-locale\/le-corps-franc-pommies-la-resistance-de-larmee-2020\/andre-pommies\/\">Pommi\u00e8s<\/a>\u201d.<\/p>\n<p>Forces Fran\u00e7aises de l&rsquo;Int\u00e9rieur : organisation cr\u00e9\u00e9e en 1944 par le Comit\u00e9 fran\u00e7ais de la Lib\u00e9ration, et regroupant l&rsquo;ensemble des groupes de la R\u00e9sistance fran\u00e7aise.<\/p>\n<p>Francs-tireurs et partisans : organisation de la R\u00e9sistance fran\u00e7aise, cr\u00e9\u00e9e par le Parti Communiste. Elle entra de nombreuses fois en conflit avec le CFP, notamment sur des points de vues doctrinaux et politiques.<\/p>\n<p>Mobilisation Secr\u00e8te : organisation secr\u00e8te au sein de l&rsquo;Arm\u00e9e d&rsquo;Armistice qui tenait un registre des diff\u00e9rentes personnes s\u00fbres \u00e0 mobiliser en cas de nouvelle mobilisation g\u00e9n\u00e9rale.<\/p>\n<p>Organisation de R\u00e9sistance de l&rsquo;Arm\u00e9e : organisation de la R\u00e9sistance fran\u00e7aise, constitu\u00e9e en grande partie de cadres de la d\u00e9funte Arm\u00e9e d&rsquo;Armistice. Elle ob\u00e9it au g\u00e9n\u00e9ral Giraud, bas\u00e9 \u00e0 Alger, et est souvent consid\u00e9r\u00e9e comme ayant une certaine sympathie pour le r\u00e9gime de Vichy.<\/p>\n<p>Vichysto-r\u00e9sistant : individu engag\u00e9 dans la R\u00e9sistance, mais travaillant aussi pour le r\u00e9gime de Vichy, ou au moins \u00e9prouvant une certaine sympathie pour ce dernier. <a href=\"http:\/\/blogs.univ-jfc.fr\/vphn\/histoire-locale\/le-corps-franc-pommies-la-resistance-de-larmee-2020\/andre-pommies\/\">Andr\u00e9 Pommi\u00e8s<\/a> est souvent consid\u00e9r\u00e9 par les historiens comme un vichysto-r\u00e9sistant, en raison des liens t\u00e9nus entretenus entre le CFP et le Mar\u00e9chal P\u00e9tain, ce que d\u00e9ment son entourage.<\/p>\n<p>\u00c9tudiants : DARCIAL Milo, QUINET Pierre<\/p>\n","protected":false},"excerpt":{"rendered":"<p>49\u00e8me R\u00e9giment d&rsquo;Infanterie : unit\u00e9 militaire constitu\u00e9e de membres du CFP. Ce dernier conserva plusieurs de ses traditions d&rsquo;une ancienne unit\u00e9 de la R\u00e9sistance, comme le b\u00e9ret ou l\u2019\u00e9toile noire. Il prit place directement au sein de la 1\u00e8re Arm\u00e9e Fran\u00e7aise. Actes clandestins : ensemble d&rsquo;actions secr\u00e8tes men\u00e9es par la R\u00e9sistance fran\u00e7aise. Le CFP effectue &hellip; <\/p>\n<p class=\"link-more\"><a href=\"https:\/\/blogs.univ-jfc.fr\/vphn\/histoire-locale\/le-corps-franc-pommies-la-resistance-de-larmee-2020\/lexique\/\" class=\"more-link\">Continuer la lecture<span class=\"screen-reader-text\"> de &laquo;&nbsp;Lexique&nbsp;&raquo;<\/span><\/a><\/p>\n","protected":false},"author":700,"featured_media":0,"parent":5320,"menu_order":0,"comment_status":"closed","ping_status":"closed","template":"","meta":[],"_links":{"self":[{"href":"https:\/\/blogs.univ-jfc.fr\/vphn\/wp-json\/wp\/v2\/pages\/6647"}],"collection":[{"href":"https:\/\/blogs.univ-jfc.fr\/vphn\/wp-json\/wp\/v2\/pages"}],"about":[{"href":"https:\/\/blogs.univ-jfc.fr\/vphn\/wp-json\/wp\/v2\/types\/page"}],"author":[{"embeddable":true,"href":"https:\/\/blogs.univ-jfc.fr\/vphn\/wp-json\/wp\/v2\/users\/700"}],"replies":[{"embeddable":true,"href":"https:\/\/blogs.univ-jfc.fr\/vphn\/wp-json\/wp\/v2\/comments?post=6647"}],"version-history":[{"count":10,"href":"https:\/\/blogs.univ-jfc.fr\/vphn\/wp-json\/wp\/v2\/pages\/6647\/revisions"}],"predecessor-version":[{"id":6766,"href":"https:\/\/blogs.univ-jfc.fr\/vphn\/wp-json\/wp\/v2\/pages\/6647\/revisions\/6766"}],"up":[{"embeddable":true,"href":"https:\/\/blogs.univ-jfc.fr\/vphn\/wp-json\/wp\/v2\/pages\/5320"}],"wp:attachment":[{"href":"https:\/\/blogs.univ-jfc.fr\/vphn\/wp-json\/wp\/v2\/media?parent=6647"}],"curies":[{"name":"wp","href":"https:\/\/api.w.org\/{rel}","templated":true}]}}