{"id":6701,"date":"2020-02-06T12:11:04","date_gmt":"2020-02-06T11:11:04","guid":{"rendered":"http:\/\/blogs.univ-jfc.fr\/vphn\/?page_id=6701"},"modified":"2020-03-05T11:05:59","modified_gmt":"2020-03-05T10:05:59","slug":"la-bibliographie-de-la-guerre-de-cent-ans-2020","status":"publish","type":"page","link":"https:\/\/blogs.univ-jfc.fr\/vphn\/bibliographie\/la-bibliographie-de-la-guerre-de-cent-ans-2020\/","title":{"rendered":"La bibliographie de la Guerre de Cent Ans [2020]"},"content":{"rendered":"<h1 style=\"text-align: center\"><strong>Bibliographie : La Guerre de Cent Ans en Guyenne de 1337 \u00e0 1453.<\/strong><\/h1>\n<h2><strong>Outils de travail :<\/strong><\/h2>\n<p><span style=\"font-weight: 400\">Cornette (J.) (dir.),\u00a0<\/span><i><span style=\"font-weight: 400\">Atlas de l\u2019histoire de France\u00a0: 481-2005,\u00a0<\/span><\/i><span style=\"font-weight: 400\">Paris, 2012.<\/span><\/p>\n<p><span style=\"font-weight: 400\">Favier (J.), \u201cDictionnaire de la France M\u00e9di\u00e9vale\u201d, Paris, 1993.<\/span><\/p>\n<p><span style=\"font-weight: 400\">Heinich (N.), Dir. Annoscia G,\u00a0<\/span><i><span style=\"font-weight: 400\">Encyclopedia universalis corpus I,<\/span><\/i><span style=\"font-weight: 400\">\u00a0Paris, Encyclopedia Universalis, 2002.<\/span><\/p>\n<p><span style=\"font-weight: 400\">Vallaud (D.),\u00a0<\/span><i><span style=\"font-weight: 400\">Dictionnaire historique,\u00a0<\/span><\/i><span style=\"font-weight: 400\">Paris, 1995.<\/span><\/p>\n<h2><strong>Ouvrages g\u00e9n\u00e9raux :<\/strong><\/h2>\n<h3><strong>La guerre au Moyen-\u00c2ge:<\/strong><\/h3>\n<p><span style=\"font-weight: 400\">Contamine (P.),\u00a0<\/span><i><span style=\"font-weight: 400\">La Guerre au Moyen-\u00c2ge,\u00a0<\/span><\/i><span style=\"font-weight: 400\">Paris, 1980.\u00a0<\/span><\/p>\n<p><span style=\"font-weight: 400\">Gauvart (C.),\u00a0<\/span><i><span style=\"font-weight: 400\">Une histoire personnelle de la France : le temps des Valois 1328-1515,\u00a0<\/span><\/i><span style=\"font-weight: 400\">Paris, 2013.<\/span><\/p>\n<h3><strong>La Guerre de Cent Ans:<\/strong><\/h3>\n<p><span style=\"font-weight: 400\">Allmand (C.),\u00a0<\/span><i><span style=\"font-weight: 400\">La Guerre de Cent Ans,\u00a0<\/span><\/i><span style=\"font-weight: 400\">Seuil, 2015.<\/span><\/p>\n<p><span style=\"font-weight: 400\">Anderson (W.),\u00a0<\/span><i><span style=\"font-weight: 400\">Les ch\u00e2teaux du moyen-\u00e2ge,\u00a0<\/span><\/i><span style=\"font-weight: 400\">Paris, 1972.<\/span><\/p>\n<p><span style=\"font-weight: 400\">Bove (B.),\u00a0<\/span><i><span style=\"font-weight: 400\">1328-1453, Le temps de la Guerre de Cent Ans,\u00a0<\/span><\/i><span style=\"font-weight: 400\">Paris, 2009.<\/span><\/p>\n<p><span style=\"font-weight: 400\">Contamine (P.),\u00a0<\/span><i><span style=\"font-weight: 400\">La Guerre de Cent Ans<\/span><\/i><span style=\"font-weight: 400\">, Paris, 2010.<\/span><\/p>\n<p><span style=\"font-weight: 400\">Lemas (N.),\u00a0<\/span><i><span style=\"font-weight: 400\">La Guerre de Cent Ans,<\/span><\/i><span style=\"font-weight: 400\">\u00a0Paris, 2017.<\/span><\/p>\n<p><span style=\"font-weight: 400\">Mairey (A.),\u00a0<\/span><i><span style=\"font-weight: 400\">La Guerre de Cent Ans, Paris,\u00a0<\/span><\/i><span style=\"font-weight: 400\">2017.<\/span><\/p>\n<p><span style=\"font-weight: 400\">Minois (G.),\u00a0<\/span><i><span style=\"font-weight: 400\">La Guerre de Cent Ans : naissance de deux nations<\/span><\/i><span style=\"font-weight: 400\">, Paris, 2010.<\/span><\/p>\n<p><span style=\"font-weight: 400\">Sim\u00e9on (L.),\u00a0<\/span><i><span style=\"font-weight: 400\">La France pendant la Guerre de Cent Ans,\u00a0<\/span><\/i><span style=\"font-weight: 400\">Paris, 1890.<\/span><\/p>\n<h3><strong>Le sentiment national et la propagande:<\/strong><\/h3>\n<p><span style=\"font-weight: 400\">Beaune (C.),\u00a0<\/span><i><span style=\"font-weight: 400\">Naissance de la nation France,\u00a0<\/span><\/i><span style=\"font-weight: 400\">Paris, 1993.<\/span><\/p>\n<p><span style=\"font-weight: 400\">Moegelin (J.-M.),\u00a0<\/span><i><span style=\"font-weight: 400\">\u201cNation et nationalisme du Moyen-\u00c2ge \u00e0 l\u2019\u00e9poque moderne\u201d, Revue historique,\u00a0<\/span><\/i><span style=\"font-weight: 400\">CCCI\/3, 1999, 537-553.<\/span><\/p>\n<p><span style=\"font-weight: 400\">Gr\u00e9vy-Pons (N.), \u201cPropagande et sentiment national pendant le r\u00e8gne de Charles VI : l\u2019exemple de JEan de Montreuil\u201d,\u00a0<\/span><i><span style=\"font-weight: 400\">Francia,\u00a0<\/span><\/i><span style=\"font-weight: 400\">1980, 127-145.<\/span><\/p>\n<p><span style=\"font-weight: 400\">Gr\u00e9vy-Pons (N.), \u201cLa propagande de la guerre fran\u00e7aise avant l\u2019apparition de Jeanne d\u2019Arc\u201d,\u00a0<\/span><i><span style=\"font-weight: 400\">Journal des Savants,\u00a0<\/span><\/i><span style=\"font-weight: 400\">1982, 191-214.<\/span><\/p>\n<p><span style=\"font-weight: 400\">Gu\u00e9n\u00e9e (B.),\u00a0<\/span><i><span style=\"font-weight: 400\">\u00a0Histoire et culture historique dans l\u2019Occident m\u00e9di\u00e9val,\u00a0<\/span><\/i><span style=\"font-weight: 400\">Paris, 2011<\/span><span style=\"font-weight: 400\">.<\/span><\/p>\n<h2><strong>Etudes sp\u00e9cialis\u00e9es:<\/strong><\/h2>\n<h3><b>Biographie<\/b><strong>\u00a0des rois:<\/strong><\/h3>\n<p><span style=\"font-weight: 400\">Contamine (P.),\u00a0<\/span><i><span style=\"font-weight: 400\">Charles VII, une vie, une politique,\u00a0<\/span><\/i><span style=\"font-weight: 400\">Paris, 2017.<\/span><\/p>\n<p><span style=\"font-weight: 400\">Favier (J.),\u00a0<\/span><i><span style=\"font-weight: 400\">Louis XI,\u00a0<\/span><\/i><span style=\"font-weight: 400\">Paris, 2001.<\/span><\/p>\n<p><span style=\"font-weight: 400\">Favier (J.),\u00a0<\/span><i><span style=\"font-weight: 400\">Philippe Le Bel<\/span><\/i><span style=\"font-weight: 400\">, 1978.<\/span><\/p>\n<p><span style=\"font-weight: 400\">Marx (R.),\u00a0<\/span><i><span style=\"font-weight: 400\">Edouard III (1312-1377) roi d\u2019Angleterre (1327-1377),\u00a0<\/span><\/i><span style=\"font-weight: 400\">Encyclopaedia Universalis, 2017.<\/span><\/p>\n<p><span style=\"font-weight: 400\">Minois (G.),\u00a0<\/span><i><span style=\"font-weight: 400\">Charles le T\u00e9m\u00e9raire<\/span><\/i><span style=\"font-weight: 400\">, Paris, 2015.<\/span><\/p>\n<p><span style=\"font-weight: 400\">Perroy (E.), \u201cEdouard III d\u2019Angleterre et les seigneurs gascons en 1368\u201d,\u00a0<\/span><i><span style=\"font-weight: 400\">Annales du Midi<\/span><\/i><span style=\"font-weight: 400\">, 172-176, 1989.<\/span><\/p>\n<p><span style=\"font-weight: 400\">Quillet (J.),\u00a0<\/span><i><span style=\"font-weight: 400\">Charles V, le roi lettr\u00e9,\u00a0<\/span><\/i><span style=\"font-weight: 400\">Paris, 1984.<\/span><\/p>\n<h3><strong>Dans le Sud Ouest:<\/strong><\/h3>\n<p><span style=\"font-weight: 400\">Amalvi (C.), Le Pottier (J.), Pech (R.)<\/span><i><span style=\"font-weight: 400\">, Histoire du Tarn,\u00a0<\/span><\/i><span style=\"font-weight: 400\">Paris, 2018.<\/span><\/p>\n<p><span style=\"font-weight: 400\">Baudreu (D.), Loppe( F.), \u201cTypes de forts villageois dans le bassin moyen de l\u2019Aude durant la guerre de Cent ans\u201d,\u00a0<\/span><i><span style=\"font-weight: 400\">Arch\u00e9ologie du Midi m\u00e9di\u00e9val<\/span><\/i><span style=\"font-weight: 400\">. Tome 22, 2004. pp. 103-140.<\/span><\/p>\n<p><span style=\"font-weight: 400\">Brusten (C.),<\/span><i><span style=\"font-weight: 400\">\u00a0A propos des campagnes bourguignonnes,<\/span><\/i><span style=\"font-weight: 400\">\u00a01475-1478, Paris, 1967.<\/span><\/p>\n<p><span style=\"font-weight: 400\">Challet (V.), Ferrand (G.), \u201cVillages en guerre : les communaut\u00e9s de d\u00e9fense dans le Midi pendant la Guerre de Cent Ans\u201d,\u00a0<\/span><i><span style=\"font-weight: 400\">Arch\u00e9ologie du Midi m\u00e9di\u00e9val.\u00a0<\/span><\/i><span style=\"font-weight: 400\">Tome 25, 2007, pp.111-122.<\/span><\/p>\n<p><span style=\"font-weight: 400\">Loppe (F.), \u201cCastelnaudary pendant la guerre de cent ans (1359-1447) : d\u00e9fense urbaine et op\u00e9rations militaires\u201d,\u00a0<\/span><i><span style=\"font-weight: 400\">Annales du Midi,\u00a0<\/span><\/i><span style=\"font-weight: 400\">tome 124, N\u00b0278, 2012.<\/span><\/p>\n<h3><strong>Les ch\u00e2teaux au Moyen-\u00c2ge dans le sud ouest :<\/strong><\/h3>\n<p><span style=\"font-weight: 400\">Fournier (G.),\u00a0<\/span><i><span style=\"font-weight: 400\">Ch\u00e2teaux, villages et villes d&rsquo;Auvergne au XVe si\u00e8cle d&rsquo;apr\u00e8s l&rsquo;armorial de Guillaume Revel,\u00a0<\/span><\/i><span style=\"font-weight: 400\">Gen\u00e8ve et Paris, 1973.<\/span><\/p>\n<p><span style=\"font-weight: 400\">Fournier (G.), \u201cLa d\u00e9fense des populations rurales pendant la guerre de cent ans en basse Auvergne\u201d,\u00a0<\/span><i><span style=\"font-weight: 400\">Actes du XCe Congr\u00e8s national des soci\u00e9t\u00e9s savantes (Nice, 1965), Section arch\u00e9ologie,\u00a0<\/span><\/i><span style=\"font-weight: 400\">Paris, 1966, 157-199.<\/span><\/p>\n<p><span style=\"font-weight: 400\">Gardelles (J.),\u00a0<\/span><i><span style=\"font-weight: 400\">Les ch\u00e2teaux du Moyen-\u00c2ge dans la France du Sud-Ouest. La Gascogne Anglaise de 1216 \u00e0 1327,\u00a0<\/span><\/i><span style=\"font-weight: 400\">Gen\u00e8ve et Paris, 1972.<\/span><\/p>\n<p><span style=\"font-weight: 400\">Gardelles (J.), \u00ab Du manoir au ch\u00e2teau fort en Gascogne anglaise au d\u00e9but de la Guerre de Cent Ans (1337-1360) \u00bb,\u00a0<\/span><i><span style=\"font-weight: 400\">Actes du CIe Congr\u00e8s national des Soci\u00e9t\u00e9s savantes, Lille,\u00a0<\/span><\/i><span style=\"font-weight: 400\">1976, Paris, 1978, 119-129.<\/span><\/p>\n<p><span style=\"font-weight: 400\">Pous (A.), \u201cL\u2019architecture militaire occitane (IXe-XIVe)\u201d,\u00a0<\/span><i><span style=\"font-weight: 400\">Bulletin arch\u00e9ologique du Comit\u00e9 des Travaux historiques et scientifiques,\u00a0<\/span><\/i><span style=\"font-weight: 400\">nouvelle s\u00e9rie, 5, Paris, 1970, 41-139.<\/span><\/p>\n<h3><strong>Armes, armures et engins de guerre :<\/strong><\/h3>\n<p><span style=\"font-weight: 400\">Belleval (R.),\u00a0<\/span><i><span style=\"font-weight: 400\">Du costume militaire des Fran\u00e7ais en 1446,\u00a0<\/span><\/i><span style=\"font-weight: 400\">Paris, 1866.<\/span><\/p>\n<p><span style=\"font-weight: 400\">Contamine (P.),\u00a0<\/span><i><span style=\"font-weight: 400\">Guerre, \u00e9tat et soci\u00e9t\u00e9 \u00e0 la fin du Moyen-\u00c2ge. Etudes sur les arm\u00e9es des rois de France,<\/span><\/i>\u00a0<i><span style=\"font-weight: 400\">1337-1494,\u00a0<\/span><\/i><span style=\"font-weight: 400\">Mouton, 1972.<\/span><\/p>\n<p><span style=\"font-weight: 400\">Dubled (H.), \u00ab L&rsquo;artillerie royale fran\u00e7aise \u00e0 l&rsquo;\u00e9poque de Charles VII et au d\u00e9but du r\u00e8gne de Louis XI (1437-1469) \u00bb :<\/span>\u00a0<span style=\"font-weight: 400\">Les fr\u00e8res Bureau,\u00a0<\/span><i><span style=\"font-weight: 400\">M\u00e9morial de l&rsquo;Artillerie fran\u00e7aise,\u00a0<\/span><\/i><span style=\"font-weight: 400\">50, 1976, 555-637.<\/span><\/p>\n<p><span style=\"font-weight: 400\">Verbruggen (J.-F.), \u00ab La tactique militaire des arm\u00e9es de chevaliers \u00bb<\/span><i><span style=\"font-weight: 400\">, Revue du Nord<\/span><\/i><span style=\"font-weight: 400\">, 29, 1947, 161-180.<\/span><\/p>\n<h3><strong>La Guyenne et ses conflits:<\/strong><\/h3>\n<p style=\"text-align: justify\"><span style=\"font-weight: 400\">Lartigaut (J.),\u00a0<\/span><i><span style=\"font-weight: 400\">Les campagnes du Quercy apr\u00e8s la Guerre de Cent Ans: vers 1440-vers 1450,\u00a0<\/span><\/i><span style=\"font-weight: 400\">Paris, 1978.<\/span><\/p>\n<p><span style=\"font-weight: 400\">Mahaut (M.-Cl.), Deprez (E.),\u201dla Guyenne et la Guerre de Cent Ans\u201d,\u00a0<\/span><i><span style=\"font-weight: 400\">Annales du Midi : revue arch\u00e9ologique, historique et philologique de la France m\u00e9ridionale<\/span><\/i><span style=\"font-weight: 400\">, Tome 80, N\u00b087, 1968,\u00a0 215-220.<\/span><br \/>\n<span style=\"font-weight: 400\">Saraman (C.), \u201dQuelques aspects des rapports franco-anglais en Guyenne et Gascogne \u00e0 la fin de la Guerre de Cent Ans, d\u2019apr\u00e8s les registres du Tr\u00e9sor des Chartes\u201d,\u00a0<\/span><i><span style=\"font-weight: 400\">Annales du Midi :<\/span><\/i><i><span style=\"font-weight: 400\">\u00a0revue arch\u00e9ologique, historique et philologique de la France m\u00e9ridionale<\/span><\/i><i><span style=\"font-weight: 400\">,<\/span><\/i><span style=\"font-weight: 400\">\u00a0Tome 65, 21-34, 1953.<\/span><\/p>\n","protected":false},"excerpt":{"rendered":"<p>Bibliographie : La Guerre de Cent Ans en Guyenne de 1337 \u00e0 1453. Outils de travail : Cornette (J.) (dir.),\u00a0Atlas de l\u2019histoire de France\u00a0: 481-2005,\u00a0Paris, 2012. Favier (J.), \u201cDictionnaire de la France M\u00e9di\u00e9vale\u201d, Paris, 1993. Heinich (N.), Dir. Annoscia G,\u00a0Encyclopedia universalis corpus I,\u00a0Paris, Encyclopedia Universalis, 2002. Vallaud (D.),\u00a0Dictionnaire historique,\u00a0Paris, 1995. Ouvrages g\u00e9n\u00e9raux : La guerre &hellip; <\/p>\n<p class=\"link-more\"><a href=\"https:\/\/blogs.univ-jfc.fr\/vphn\/bibliographie\/la-bibliographie-de-la-guerre-de-cent-ans-2020\/\" class=\"more-link\">Continuer la lecture<span class=\"screen-reader-text\"> de &laquo;&nbsp;La bibliographie de la Guerre de Cent Ans [2020]&nbsp;&raquo;<\/span><\/a><\/p>\n","protected":false},"author":570,"featured_media":0,"parent":2998,"menu_order":0,"comment_status":"closed","ping_status":"closed","template":"","meta":[],"_links":{"self":[{"href":"https:\/\/blogs.univ-jfc.fr\/vphn\/wp-json\/wp\/v2\/pages\/6701"}],"collection":[{"href":"https:\/\/blogs.univ-jfc.fr\/vphn\/wp-json\/wp\/v2\/pages"}],"about":[{"href":"https:\/\/blogs.univ-jfc.fr\/vphn\/wp-json\/wp\/v2\/types\/page"}],"author":[{"embeddable":true,"href":"https:\/\/blogs.univ-jfc.fr\/vphn\/wp-json\/wp\/v2\/users\/570"}],"replies":[{"embeddable":true,"href":"https:\/\/blogs.univ-jfc.fr\/vphn\/wp-json\/wp\/v2\/comments?post=6701"}],"version-history":[{"count":3,"href":"https:\/\/blogs.univ-jfc.fr\/vphn\/wp-json\/wp\/v2\/pages\/6701\/revisions"}],"predecessor-version":[{"id":7546,"href":"https:\/\/blogs.univ-jfc.fr\/vphn\/wp-json\/wp\/v2\/pages\/6701\/revisions\/7546"}],"up":[{"embeddable":true,"href":"https:\/\/blogs.univ-jfc.fr\/vphn\/wp-json\/wp\/v2\/pages\/2998"}],"wp:attachment":[{"href":"https:\/\/blogs.univ-jfc.fr\/vphn\/wp-json\/wp\/v2\/media?parent=6701"}],"curies":[{"name":"wp","href":"https:\/\/api.w.org\/{rel}","templated":true}]}}