{"id":6731,"date":"2020-02-06T16:25:58","date_gmt":"2020-02-06T15:25:58","guid":{"rendered":"http:\/\/blogs.univ-jfc.fr\/vphn\/?page_id=6731"},"modified":"2020-03-02T15:56:57","modified_gmt":"2020-03-02T14:56:57","slug":"definition-chateau","status":"publish","type":"page","link":"https:\/\/blogs.univ-jfc.fr\/vphn\/patrimoine-et-sites-remarquables\/le-chateau-de-la-roque-2020\/definition-chateau\/","title":{"rendered":"D\u00e9finition ch\u00e2teau"},"content":{"rendered":"<h3><strong>Ch\u00e2teau :<\/strong>\u00a0Un ch\u00e2teau correspond \u00e0 un site fortifi\u00e9, aussi appel\u00e9 forteresse. Ces sites fortifi\u00e9s se multiplient en Europe \u00e0 partir du IX si\u00e8cle et surtout aux X et XI si\u00e8cles. La construction des ch\u00e2teaux sert \u00e0 la fois \u00e0 prot\u00e9ger un territoire contre des attaques et \u00e0 marquer la puissance du seigneur, symbolis\u00e9 par la tour principale.<\/h3>\n","protected":false},"excerpt":{"rendered":"<p>Ch\u00e2teau :\u00a0Un ch\u00e2teau correspond \u00e0 un site fortifi\u00e9, aussi appel\u00e9 forteresse. Ces sites fortifi\u00e9s se multiplient en Europe \u00e0 partir du IX si\u00e8cle et surtout aux X et XI si\u00e8cles. La construction des ch\u00e2teaux sert \u00e0 la fois \u00e0 prot\u00e9ger un territoire contre des attaques et \u00e0 marquer la puissance du seigneur, symbolis\u00e9 par la &hellip; <\/p>\n<p class=\"link-more\"><a href=\"https:\/\/blogs.univ-jfc.fr\/vphn\/patrimoine-et-sites-remarquables\/le-chateau-de-la-roque-2020\/definition-chateau\/\" class=\"more-link\">Continuer la lecture<span class=\"screen-reader-text\"> de &laquo;&nbsp;D\u00e9finition ch\u00e2teau&nbsp;&raquo;<\/span><\/a><\/p>\n","protected":false},"author":705,"featured_media":0,"parent":5347,"menu_order":0,"comment_status":"closed","ping_status":"closed","template":"","meta":[],"_links":{"self":[{"href":"https:\/\/blogs.univ-jfc.fr\/vphn\/wp-json\/wp\/v2\/pages\/6731"}],"collection":[{"href":"https:\/\/blogs.univ-jfc.fr\/vphn\/wp-json\/wp\/v2\/pages"}],"about":[{"href":"https:\/\/blogs.univ-jfc.fr\/vphn\/wp-json\/wp\/v2\/types\/page"}],"author":[{"embeddable":true,"href":"https:\/\/blogs.univ-jfc.fr\/vphn\/wp-json\/wp\/v2\/users\/705"}],"replies":[{"embeddable":true,"href":"https:\/\/blogs.univ-jfc.fr\/vphn\/wp-json\/wp\/v2\/comments?post=6731"}],"version-history":[{"count":3,"href":"https:\/\/blogs.univ-jfc.fr\/vphn\/wp-json\/wp\/v2\/pages\/6731\/revisions"}],"predecessor-version":[{"id":7288,"href":"https:\/\/blogs.univ-jfc.fr\/vphn\/wp-json\/wp\/v2\/pages\/6731\/revisions\/7288"}],"up":[{"embeddable":true,"href":"https:\/\/blogs.univ-jfc.fr\/vphn\/wp-json\/wp\/v2\/pages\/5347"}],"wp:attachment":[{"href":"https:\/\/blogs.univ-jfc.fr\/vphn\/wp-json\/wp\/v2\/media?parent=6731"}],"curies":[{"name":"wp","href":"https:\/\/api.w.org\/{rel}","templated":true}]}}