{"id":6738,"date":"2020-02-06T16:37:32","date_gmt":"2020-02-06T15:37:32","guid":{"rendered":"http:\/\/blogs.univ-jfc.fr\/vphn\/?page_id=6738"},"modified":"2020-02-06T16:37:32","modified_gmt":"2020-02-06T15:37:32","slug":"definition-seigneur","status":"publish","type":"page","link":"https:\/\/blogs.univ-jfc.fr\/vphn\/patrimoine-et-sites-remarquables\/le-chateau-de-la-roque-2020\/definition-seigneur\/","title":{"rendered":"D\u00e9finition seigneur"},"content":{"rendered":"<h3><strong><em>Seigneur :<\/em><\/strong>\u00a0Un seigneur se d\u00e9finit comme \u00e9tant le ma\u00eetre d\u2019un territoire dont le pouvoir se fonde soit sur la possession fonci\u00e8re soit sur l\u2019exercice de la puissance publique. Il est d\u00e9tenteur du ban, c\u2019est \u00e0 dire du pouvoir de commander et de punir. Le seigneur exerce son pouvoir sur sa seigneurie.<\/h3>\n","protected":false},"excerpt":{"rendered":"<p>Seigneur :\u00a0Un seigneur se d\u00e9finit comme \u00e9tant le ma\u00eetre d\u2019un territoire dont le pouvoir se fonde soit sur la possession fonci\u00e8re soit sur l\u2019exercice de la puissance publique. Il est d\u00e9tenteur du ban, c\u2019est \u00e0 dire du pouvoir de commander et de punir. Le seigneur exerce son pouvoir sur sa seigneurie.<\/p>\n","protected":false},"author":705,"featured_media":0,"parent":5347,"menu_order":0,"comment_status":"closed","ping_status":"closed","template":"","meta":[],"_links":{"self":[{"href":"https:\/\/blogs.univ-jfc.fr\/vphn\/wp-json\/wp\/v2\/pages\/6738"}],"collection":[{"href":"https:\/\/blogs.univ-jfc.fr\/vphn\/wp-json\/wp\/v2\/pages"}],"about":[{"href":"https:\/\/blogs.univ-jfc.fr\/vphn\/wp-json\/wp\/v2\/types\/page"}],"author":[{"embeddable":true,"href":"https:\/\/blogs.univ-jfc.fr\/vphn\/wp-json\/wp\/v2\/users\/705"}],"replies":[{"embeddable":true,"href":"https:\/\/blogs.univ-jfc.fr\/vphn\/wp-json\/wp\/v2\/comments?post=6738"}],"version-history":[{"count":1,"href":"https:\/\/blogs.univ-jfc.fr\/vphn\/wp-json\/wp\/v2\/pages\/6738\/revisions"}],"predecessor-version":[{"id":6740,"href":"https:\/\/blogs.univ-jfc.fr\/vphn\/wp-json\/wp\/v2\/pages\/6738\/revisions\/6740"}],"up":[{"embeddable":true,"href":"https:\/\/blogs.univ-jfc.fr\/vphn\/wp-json\/wp\/v2\/pages\/5347"}],"wp:attachment":[{"href":"https:\/\/blogs.univ-jfc.fr\/vphn\/wp-json\/wp\/v2\/media?parent=6738"}],"curies":[{"name":"wp","href":"https:\/\/api.w.org\/{rel}","templated":true}]}}