{"id":6746,"date":"2020-02-06T16:43:08","date_gmt":"2020-02-06T15:43:08","guid":{"rendered":"http:\/\/blogs.univ-jfc.fr\/vphn\/?page_id=6746"},"modified":"2020-03-02T15:55:59","modified_gmt":"2020-03-02T14:55:59","slug":"definition-mode-castrale","status":"publish","type":"page","link":"https:\/\/blogs.univ-jfc.fr\/vphn\/patrimoine-et-sites-remarquables\/le-chateau-de-la-roque-2020\/definition-mode-castrale\/","title":{"rendered":"D\u00e9finition mode castrale"},"content":{"rendered":"<h3><strong>Mode castrale :\u00a0<\/strong>Selon la mode castrale les ch\u00e2teaux sont construits soit en bois soit en pierre, en fonction des ressources locales . \u00c9rig\u00e9s sur une \u00e9minence de terre artificielle (mottes) ou sur un \u00e9peron rocheux, ces fortifications poss\u00e8dent une tour le plus souvent carr\u00e9e, entour\u00e9e de foss\u00e9s.<\/h3>\n","protected":false},"excerpt":{"rendered":"<p>Mode castrale :\u00a0Selon la mode castrale les ch\u00e2teaux sont construits soit en bois soit en pierre, en fonction des ressources locales . \u00c9rig\u00e9s sur une \u00e9minence de terre artificielle (mottes) ou sur un \u00e9peron rocheux, ces fortifications poss\u00e8dent une tour le plus souvent carr\u00e9e, entour\u00e9e de foss\u00e9s.<\/p>\n","protected":false},"author":705,"featured_media":0,"parent":5347,"menu_order":0,"comment_status":"closed","ping_status":"closed","template":"","meta":[],"_links":{"self":[{"href":"https:\/\/blogs.univ-jfc.fr\/vphn\/wp-json\/wp\/v2\/pages\/6746"}],"collection":[{"href":"https:\/\/blogs.univ-jfc.fr\/vphn\/wp-json\/wp\/v2\/pages"}],"about":[{"href":"https:\/\/blogs.univ-jfc.fr\/vphn\/wp-json\/wp\/v2\/types\/page"}],"author":[{"embeddable":true,"href":"https:\/\/blogs.univ-jfc.fr\/vphn\/wp-json\/wp\/v2\/users\/705"}],"replies":[{"embeddable":true,"href":"https:\/\/blogs.univ-jfc.fr\/vphn\/wp-json\/wp\/v2\/comments?post=6746"}],"version-history":[{"count":2,"href":"https:\/\/blogs.univ-jfc.fr\/vphn\/wp-json\/wp\/v2\/pages\/6746\/revisions"}],"predecessor-version":[{"id":7286,"href":"https:\/\/blogs.univ-jfc.fr\/vphn\/wp-json\/wp\/v2\/pages\/6746\/revisions\/7286"}],"up":[{"embeddable":true,"href":"https:\/\/blogs.univ-jfc.fr\/vphn\/wp-json\/wp\/v2\/pages\/5347"}],"wp:attachment":[{"href":"https:\/\/blogs.univ-jfc.fr\/vphn\/wp-json\/wp\/v2\/media?parent=6746"}],"curies":[{"name":"wp","href":"https:\/\/api.w.org\/{rel}","templated":true}]}}