{"id":6752,"date":"2020-02-06T16:52:58","date_gmt":"2020-02-06T15:52:58","guid":{"rendered":"http:\/\/blogs.univ-jfc.fr\/vphn\/?page_id=6752"},"modified":"2020-02-06T16:53:59","modified_gmt":"2020-02-06T15:53:59","slug":"bibliographie-non-exhaustive","status":"publish","type":"page","link":"https:\/\/blogs.univ-jfc.fr\/vphn\/patrimoine-et-sites-remarquables\/le-chateau-de-la-roque-2020\/bibliographie-non-exhaustive\/","title":{"rendered":"Bibliographie non exhaustive"},"content":{"rendered":"<p><strong>La f\u00e9odalit\u00e9 dans le Tarn :\u00a0<\/strong><\/p>\n<p><span style=\"font-weight: 400\">DEBAX, H.,<\/span><i><span style=\"font-weight: 400\"> Les Trencavel, les comtes de Toulouse et la f\u00e9odalit\u00e9 en Albigeois (X-XII si\u00e8cle)<\/span><\/i><span style=\"font-weight: 400\">, Universit\u00e9 de Toulouse, Toulouse.<\/span><\/p>\n<p><span style=\"font-weight: 400\">DEBAX, H., \u201cLa f\u00e9odalit\u00e9 languedocienne, XI-XII si\u00e8cles. Serments, hommages et fiefs dans le Languedoc des Trencavel<\/span><i><span style=\"font-weight: 400\">\u201d<\/span><\/i><span style=\"font-weight: 400\">, <\/span><i><span style=\"font-weight: 400\">Presses Universitaires du Mirail<\/span><\/i><span style=\"font-weight: 400\">, Toulouse, 2003.<\/span><\/p>\n<p><strong>Travaux sur le ch\u00e2teau de la Roque :<\/strong><\/p>\n<p><span style=\"font-weight: 400\">CASTELROC, <\/span><i><span style=\"font-weight: 400\">\u00c0 la d\u00e9couverte du Ch\u00e2teau de La Roque<\/span><\/i><span style=\"font-weight: 400\">, Tome 1, Essai historique, 2018.\u00a0<\/span><\/p>\n<p><span style=\"font-weight: 400\">MAYNADIER, A,. compilation d\u2019\u00e9crits sur le <\/span><i><span style=\"font-weight: 400\">Ch\u00e2teau de La Roque d\u2019Arifat<\/span><\/i><span style=\"font-weight: 400\">, 1989.<\/span><\/p>\n","protected":false},"excerpt":{"rendered":"<p>La f\u00e9odalit\u00e9 dans le Tarn :\u00a0 DEBAX, H., Les Trencavel, les comtes de Toulouse et la f\u00e9odalit\u00e9 en Albigeois (X-XII si\u00e8cle), Universit\u00e9 de Toulouse, Toulouse. DEBAX, H., \u201cLa f\u00e9odalit\u00e9 languedocienne, XI-XII si\u00e8cles. Serments, hommages et fiefs dans le Languedoc des Trencavel\u201d, Presses Universitaires du Mirail, Toulouse, 2003. Travaux sur le ch\u00e2teau de la Roque : &hellip; <\/p>\n<p class=\"link-more\"><a href=\"https:\/\/blogs.univ-jfc.fr\/vphn\/patrimoine-et-sites-remarquables\/le-chateau-de-la-roque-2020\/bibliographie-non-exhaustive\/\" class=\"more-link\">Continuer la lecture<span class=\"screen-reader-text\"> de &laquo;&nbsp;Bibliographie non exhaustive&nbsp;&raquo;<\/span><\/a><\/p>\n","protected":false},"author":705,"featured_media":0,"parent":5347,"menu_order":0,"comment_status":"closed","ping_status":"closed","template":"","meta":[],"_links":{"self":[{"href":"https:\/\/blogs.univ-jfc.fr\/vphn\/wp-json\/wp\/v2\/pages\/6752"}],"collection":[{"href":"https:\/\/blogs.univ-jfc.fr\/vphn\/wp-json\/wp\/v2\/pages"}],"about":[{"href":"https:\/\/blogs.univ-jfc.fr\/vphn\/wp-json\/wp\/v2\/types\/page"}],"author":[{"embeddable":true,"href":"https:\/\/blogs.univ-jfc.fr\/vphn\/wp-json\/wp\/v2\/users\/705"}],"replies":[{"embeddable":true,"href":"https:\/\/blogs.univ-jfc.fr\/vphn\/wp-json\/wp\/v2\/comments?post=6752"}],"version-history":[{"count":3,"href":"https:\/\/blogs.univ-jfc.fr\/vphn\/wp-json\/wp\/v2\/pages\/6752\/revisions"}],"predecessor-version":[{"id":6756,"href":"https:\/\/blogs.univ-jfc.fr\/vphn\/wp-json\/wp\/v2\/pages\/6752\/revisions\/6756"}],"up":[{"embeddable":true,"href":"https:\/\/blogs.univ-jfc.fr\/vphn\/wp-json\/wp\/v2\/pages\/5347"}],"wp:attachment":[{"href":"https:\/\/blogs.univ-jfc.fr\/vphn\/wp-json\/wp\/v2\/media?parent=6752"}],"curies":[{"name":"wp","href":"https:\/\/api.w.org\/{rel}","templated":true}]}}