{"id":6759,"date":"2020-02-06T16:59:42","date_gmt":"2020-02-06T15:59:42","guid":{"rendered":"http:\/\/blogs.univ-jfc.fr\/vphn\/?page_id=6759"},"modified":"2020-02-26T14:24:51","modified_gmt":"2020-02-26T13:24:51","slug":"bibliographie-exhaustive","status":"publish","type":"page","link":"https:\/\/blogs.univ-jfc.fr\/vphn\/patrimoine-et-sites-remarquables\/le-chateau-de-la-roque-2020\/bibliographie-exhaustive\/","title":{"rendered":"Bibliographie exhaustive"},"content":{"rendered":"<h1 style=\"text-align: center\"><strong>Bibliographie<\/strong><\/h1>\n<p>&nbsp;<\/p>\n<p><b>Sources d\u2019archives :\u00a0<\/b><\/p>\n<p>Arifat, seigneurie, \u201cReconnaissances en faveur du roi et de Jacques de Saint-Maurice, coseigneurs d\u2019Arifat\u201d, 1540, 3J5.<\/p>\n<p>De Vend\u00f4me Pierre et Marie, \u201cHommage au roi pour Villefranche et La Roque d&rsquo;Arifat\u201d, 1406, 1J29\/1.<\/p>\n<p>Hommage de noble Gaubert de Cabrol, 29 ao\u00fbt 1644, 3J39.<\/p>\n<p>&nbsp;<\/p>\n<p><b>Ouvrages g\u00e9n\u00e9raux :\u00a0<\/b><\/p>\n<p>&nbsp;<\/p>\n<p><em>Outils de travail :\u00a0<\/em><\/p>\n<p><span style=\"font-weight: 400\">BLOCH, M., <\/span><i><span style=\"font-weight: 400\">La soci\u00e9t\u00e9 f\u00e9odales, volume 1<\/span><\/i><span style=\"font-weight: 400\">, Albin Michel, Paris, 1994.<\/span><\/p>\n<p><span style=\"font-weight: 400\">DEBAX, H., <\/span><i><span style=\"font-weight: 400\">La seigneurie collective: pairs, pariers, paratge : les coseigneurs du XIe au XIIIe si\u00e8cle<\/span><\/i><span style=\"font-weight: 400\">, Presses universitaires de Rennes, 2012.<\/span><\/p>\n<p><span style=\"font-weight: 400\">ELLUL, J., <\/span><i><span style=\"font-weight: 400\">Histoire des institutions. Le Moyen \u00c2ge<\/span><\/i><span style=\"font-weight: 400\">,<\/span> <span style=\"font-weight: 400\">Presses Universitaires de France, Paris, 2013, pages 150 \u00e0 199.\u00a0<\/span><\/p>\n<p><span style=\"font-weight: 400\">MORSEL, J.,<\/span><i><span style=\"font-weight: 400\"> L&rsquo;aristocratie m\u00e9di\u00e9vale, Ve-XVe si\u00e8cle<\/span><\/i><span style=\"font-weight: 400\">,<\/span> <span style=\"font-weight: 400\">Armand Colin, Paris, 2004.<\/span><\/p>\n<p><span style=\"font-weight: 400\">TOUATI F.O., <\/span><i><span style=\"font-weight: 400\">Vocabulaire historique du Moyen \u00c2ge (Occident, Byzance, Islam)<\/span><\/i><span style=\"font-weight: 400\">,<\/span> <span style=\"font-weight: 400\">Indes Savantes, Paris, 2007.\u00a0<\/span><\/p>\n<p><span style=\"font-weight: 400\">VINCENT, C., <\/span><i><span style=\"font-weight: 400\">Introduction \u00e0 l\u2019histoire de l\u2019Occident m\u00e9di\u00e9val<\/span><\/i><span style=\"font-weight: 400\">, Librairie G\u00e9n\u00e9rale Fran\u00e7aise, Paris, 1995.<\/span><\/p>\n<p>&nbsp;<\/p>\n<p><em>Travaux sur la f\u00e9odalit\u00e9s :\u00a0<\/em><\/p>\n<p><span style=\"font-weight: 400\">BOUTRUCHE, R., <\/span><i><span style=\"font-weight: 400\">Seigneurie et f\u00e9odalit\u00e9. I : Le premier \u00e2ge des liens d\u2019homme \u00e0 homme<\/span><\/i><span style=\"font-weight: 400\">, Aubier, Paris, 1959.\u00a0<\/span><\/p>\n<p><span style=\"font-weight: 400\">GANSHOF, F.L., <\/span><i><span style=\"font-weight: 400\">Qu\u2019est-ce que la f\u00e9odalit\u00e9 ?<\/span><\/i><span style=\"font-weight: 400\">, Taillandier, Paris, 1982.<\/span><\/p>\n<p><span style=\"font-weight: 400\">MAZEL, F., <\/span><i><span style=\"font-weight: 400\">F\u00e9odalit\u00e9s<\/span><\/i> <i><span style=\"font-weight: 400\">(888-1180)<\/span><\/i><span style=\"font-weight: 400\">, Belin, Paris, 2010.\u00a0<\/span><\/p>\n<p><span style=\"font-weight: 400\">POLY, J.P., BOURNAZEL, E.,<\/span><i><span style=\"font-weight: 400\"> Les f\u00e9odalit\u00e9s, <\/span><\/i><span style=\"font-weight: 400\">Presses Universitaires de France, Paris, 1998.<\/span><\/p>\n<p>&nbsp;<\/p>\n<p><b>Travaux sur la r\u00e9gion :\u00a0<\/b><\/p>\n<p>&nbsp;<\/p>\n<p><em>Le sud-ouest au Moyen Age :<\/em><\/p>\n<p><span style=\"font-weight: 400\">JALBY, R., <\/span><i><span style=\"font-weight: 400\">Beaut\u00e9 de la terre tarnaise. La moyenne et haute vall\u00e9e du Dadou, <\/span><\/i><span style=\"font-weight: 400\">Graulhet, imprimerie Escourbiac, 1969.<\/span><\/p>\n<p><span style=\"font-weight: 400\">MALET, L., \u201cMottes, roques et castelas, Recherche des sites fortifi\u00e9s de l\u2019An Mil\u201d, <\/span><i><span style=\"font-weight: 400\">Arch\u00e9ologie tarnaise<\/span><\/i><span style=\"font-weight: 400\">, 2006.<\/span><\/p>\n<p><span style=\"font-weight: 400\">BIGET, J.L (dir)., <\/span><i><span style=\"font-weight: 400\">Les si\u00e8cles obscurs et le temps des Trencavel, <\/span><\/i><span style=\"font-weight: 400\">dans R\u00e9my Cazals, Histoire de Castres, Mazamet, la Montagne, Toulouse, Privat, 1992, pages 39 \u00e0 90.<\/span><\/p>\n<p>&nbsp;<\/p>\n<p><em>La f\u00e9odalit\u00e9 dans le Tarn :\u00a0<\/em><\/p>\n<p><span style=\"font-weight: 400\">DEBAX, H.,<\/span><i><span style=\"font-weight: 400\"> Les Trencavel, les comtes de Toulouse et la f\u00e9odalit\u00e9 en Albigeois (X-XII si\u00e8cle)<\/span><\/i><span style=\"font-weight: 400\">, Universit\u00e9 de Toulouse, Toulouse.<\/span><\/p>\n<p><span style=\"font-weight: 400\">DEBAX, H., \u201cLa f\u00e9odalit\u00e9 languedocienne, XI-XII si\u00e8cles. Serments, hommages et fiefs dans le Languedoc des Trencavel<\/span><i><span style=\"font-weight: 400\">\u201d<\/span><\/i><span style=\"font-weight: 400\">, <\/span><i><span style=\"font-weight: 400\">Presses Universitaires du Mirail<\/span><\/i><span style=\"font-weight: 400\">, Toulouse, 2003.<\/span><\/p>\n<p>&nbsp;<\/p>\n<p><b>Travaux sur le ch\u00e2teau de la Roque :\u00a0<\/b><\/p>\n<p><span style=\"font-weight: 400\">CASTELROC, <\/span><i><span style=\"font-weight: 400\">\u00c0 la d\u00e9couverte du Ch\u00e2teau de La Roque<\/span><\/i><span style=\"font-weight: 400\">, Tome 1, Essai historique, 2018.\u00a0<\/span><\/p>\n<p><span style=\"font-weight: 400\">MAYNADIER, A,. compilation d\u2019\u00e9crits sur le <\/span><i><span style=\"font-weight: 400\">Ch\u00e2teau de La Roque d\u2019Arifat<\/span><\/i><span style=\"font-weight: 400\">, 1989.<\/span><\/p>\n<p>&nbsp;<\/p>\n<p><b>Colloque :\u00a0<\/b><\/p>\n<p>DEBAX, H., \u201cLes principaut\u00e9s dans le midi de la France au XII si\u00e8cles : comtes de Toulouse vicomtes Trencavel et autres seigneurs\u201d, 2016.<\/p>\n<p>SAVY, Pierre., \u201cLa f\u00e9odalit\u00e9 au haut Moyen-\u00c2ge\u201d, 1999.<\/p>\n<p>&nbsp;<\/p>\n<p><b>Webographie:<\/b><\/p>\n<p><span style=\"font-weight: 400\">CASTELROC. Histoire : Ch\u00e2teau de la Roque sur le territoire de l\u2019Arifad\u00e8s en Occitanie [en ligne] (page consult\u00e9e le 10\/10\/2019) <\/span><a href=\"https:\/\/castelroc.net\/castelroc\/histoire\/\"><span style=\"font-weight: 400\">https:\/\/castelroc.net\/castelroc\/histoire\/<\/span><\/a><\/p>\n<p><span style=\"font-weight: 400\">LE TARN LIBRE. Castelroc en Arifad\u00e8s : le combat d\u2019une association pour sauver le ch\u00e2teau m\u00e9di\u00e9val de la Roque [en ligne] (page consult\u00e9e le 17\/10\/2019) <\/span><a href=\"http:\/\/www.letarnlibre.com\/2017\/06\/30\/6192-castelroc-arifades-combat-association-pour-sauver-chateau-medieval-roque.html\"><span style=\"font-weight: 400\">http:\/\/www.letarnlibre.com\/2017\/06\/30\/6192-castelroc-arifades-combat-association-pour-sauver-chateau-medieval-roque.html<\/span><\/a><span style=\"font-weight: 400\">\u00a0<\/span><\/p>\n","protected":false},"excerpt":{"rendered":"<p>Bibliographie &nbsp; Sources d\u2019archives :\u00a0 Arifat, seigneurie, \u201cReconnaissances en faveur du roi et de Jacques de Saint-Maurice, coseigneurs d\u2019Arifat\u201d, 1540, 3J5. De Vend\u00f4me Pierre et Marie, \u201cHommage au roi pour Villefranche et La Roque d&rsquo;Arifat\u201d, 1406, 1J29\/1. Hommage de noble Gaubert de Cabrol, 29 ao\u00fbt 1644, 3J39. &nbsp; Ouvrages g\u00e9n\u00e9raux :\u00a0 &nbsp; Outils de travail &hellip; <\/p>\n<p class=\"link-more\"><a href=\"https:\/\/blogs.univ-jfc.fr\/vphn\/patrimoine-et-sites-remarquables\/le-chateau-de-la-roque-2020\/bibliographie-exhaustive\/\" class=\"more-link\">Continuer la lecture<span class=\"screen-reader-text\"> de &laquo;&nbsp;Bibliographie exhaustive&nbsp;&raquo;<\/span><\/a><\/p>\n","protected":false},"author":705,"featured_media":0,"parent":5347,"menu_order":0,"comment_status":"closed","ping_status":"closed","template":"","meta":[],"_links":{"self":[{"href":"https:\/\/blogs.univ-jfc.fr\/vphn\/wp-json\/wp\/v2\/pages\/6759"}],"collection":[{"href":"https:\/\/blogs.univ-jfc.fr\/vphn\/wp-json\/wp\/v2\/pages"}],"about":[{"href":"https:\/\/blogs.univ-jfc.fr\/vphn\/wp-json\/wp\/v2\/types\/page"}],"author":[{"embeddable":true,"href":"https:\/\/blogs.univ-jfc.fr\/vphn\/wp-json\/wp\/v2\/users\/705"}],"replies":[{"embeddable":true,"href":"https:\/\/blogs.univ-jfc.fr\/vphn\/wp-json\/wp\/v2\/comments?post=6759"}],"version-history":[{"count":2,"href":"https:\/\/blogs.univ-jfc.fr\/vphn\/wp-json\/wp\/v2\/pages\/6759\/revisions"}],"predecessor-version":[{"id":6762,"href":"https:\/\/blogs.univ-jfc.fr\/vphn\/wp-json\/wp\/v2\/pages\/6759\/revisions\/6762"}],"up":[{"embeddable":true,"href":"https:\/\/blogs.univ-jfc.fr\/vphn\/wp-json\/wp\/v2\/pages\/5347"}],"wp:attachment":[{"href":"https:\/\/blogs.univ-jfc.fr\/vphn\/wp-json\/wp\/v2\/media?parent=6759"}],"curies":[{"name":"wp","href":"https:\/\/api.w.org\/{rel}","templated":true}]}}