{"id":6773,"date":"2020-02-06T17:14:06","date_gmt":"2020-02-06T16:14:06","guid":{"rendered":"http:\/\/blogs.univ-jfc.fr\/vphn\/?page_id=6773"},"modified":"2020-02-06T17:32:25","modified_gmt":"2020-02-06T16:32:25","slug":"pour-aller-plus-loin-4","status":"publish","type":"page","link":"https:\/\/blogs.univ-jfc.fr\/vphn\/figures-et-evenements\/henri-de-toulouse-lautrec\/pour-aller-plus-loin-4\/","title":{"rendered":"Pour aller plus loin&#8230;"},"content":{"rendered":"<ul>\n<li>\n<p align=\"justify\"><span style=\"font-family: Times New Roman, serif\"><span style=\"font-size: medium\"><b>FRECHES Claire et Jos\u00e9, <i>Toulouse-Lautrec: les lumi\u00e8res de la nuit<\/i>,<i> <\/i>Paris, D\u00e9couvertes Gallimard, 1991.<\/b><\/span><\/span><\/p>\n<\/li>\n<li>\n<p align=\"justify\"><span style=\"font-family: Times New Roman, serif\"><span style=\"font-size: medium\"><b>GIRARD-LAGORCE Sylvie, <i>Toulouse-Lautrec, au <\/i><i>c\u0153ur<\/i><i> des nuits parisiennes<\/i>,<i> <\/i>Paris, G\u00e9o Art, 2019.<\/b><\/span><\/span><\/p>\n<\/li>\n<li>\n<p align=\"justify\"><span style=\"font-family: Times New Roman, serif\"><span style=\"font-size: medium\"><b>SEMMER Laure-Caroline, <i>Henri de Toulouse-Lautrec<\/i>, Paris, Larousse, 2019.<\/b><\/span><\/span><\/p>\n<\/li>\n<\/ul>\n<p><span style=\"font-family: Times New Roman, serif\">\u00c9tudiant.e.s : BREIL Alyssia (L2), LACOMBE Nathan (L1) et ROBERT-FLOQUET Christopher (L1)<\/span><\/p>\n","protected":false},"excerpt":{"rendered":"<p>FRECHES Claire et Jos\u00e9, Toulouse-Lautrec: les lumi\u00e8res de la nuit, Paris, D\u00e9couvertes Gallimard, 1991. GIRARD-LAGORCE Sylvie, Toulouse-Lautrec, au c\u0153ur des nuits parisiennes, Paris, G\u00e9o Art, 2019. SEMMER Laure-Caroline, Henri de Toulouse-Lautrec, Paris, Larousse, 2019. \u00c9tudiant.e.s : BREIL Alyssia (L2), LACOMBE Nathan (L1) et ROBERT-FLOQUET Christopher (L1)<\/p>\n","protected":false},"author":622,"featured_media":0,"parent":5203,"menu_order":0,"comment_status":"closed","ping_status":"closed","template":"","meta":[],"_links":{"self":[{"href":"https:\/\/blogs.univ-jfc.fr\/vphn\/wp-json\/wp\/v2\/pages\/6773"}],"collection":[{"href":"https:\/\/blogs.univ-jfc.fr\/vphn\/wp-json\/wp\/v2\/pages"}],"about":[{"href":"https:\/\/blogs.univ-jfc.fr\/vphn\/wp-json\/wp\/v2\/types\/page"}],"author":[{"embeddable":true,"href":"https:\/\/blogs.univ-jfc.fr\/vphn\/wp-json\/wp\/v2\/users\/622"}],"replies":[{"embeddable":true,"href":"https:\/\/blogs.univ-jfc.fr\/vphn\/wp-json\/wp\/v2\/comments?post=6773"}],"version-history":[{"count":5,"href":"https:\/\/blogs.univ-jfc.fr\/vphn\/wp-json\/wp\/v2\/pages\/6773\/revisions"}],"predecessor-version":[{"id":6785,"href":"https:\/\/blogs.univ-jfc.fr\/vphn\/wp-json\/wp\/v2\/pages\/6773\/revisions\/6785"}],"up":[{"embeddable":true,"href":"https:\/\/blogs.univ-jfc.fr\/vphn\/wp-json\/wp\/v2\/pages\/5203"}],"wp:attachment":[{"href":"https:\/\/blogs.univ-jfc.fr\/vphn\/wp-json\/wp\/v2\/media?parent=6773"}],"curies":[{"name":"wp","href":"https:\/\/api.w.org\/{rel}","templated":true}]}}