{"id":69,"date":"2018-01-17T09:15:46","date_gmt":"2018-01-17T08:15:46","guid":{"rendered":"http:\/\/blogs.univ-jfc.fr\/vphn\/?page_id=69"},"modified":"2024-05-16T09:37:22","modified_gmt":"2024-05-16T07:37:22","slug":"figures-et-evenements","status":"publish","type":"page","link":"https:\/\/blogs.univ-jfc.fr\/vphn\/figures-et-evenements\/","title":{"rendered":"Figures"},"content":{"rendered":"<p>Vous trouverez dans cette section les pages suivantes (suivez les liens !)<strong id=\"yui_3_17_2_1_1641915639874_1848\"><strong id=\"yui_3_17_2_1_1641915639874_1847\"><\/strong><\/strong><strong id=\"yui_3_17_2_1_1641915639874_1848\"><strong id=\"yui_3_17_2_1_1641915639874_1847\"><\/strong><\/strong><\/p>\n<ul>\n<li><a href=\"http:\/\/blogs.univ-jfc.fr\/vphn\/victor-de-laveyron-2021\/\" target=\"_blank\" rel=\"noopener noreferrer\">Victor de l&rsquo;Aveyron [2021]<\/a><\/li>\n<li><a href=\"http:\/\/blogs.univ-jfc.fr\/vphn\/dartagnan-ou-lideal-du-mousquetaire-gascon-2018\/\">d&rsquo;Artagnan ou l&rsquo;id\u00e9al du mousquetaire gascon [2018]<\/a><\/li>\n<li><a href=\"https:\/\/blogs.univ-jfc.fr\/vphn\/2022\/02\/24\/benoit-xii-et-la-papaute-davignon\/\">Beno\u00eet XII et la papaut\u00e9 d&rsquo;Avignon [2022]<\/a><\/li>\n<li><a href=\"http:\/\/blogs.univ-jfc.fr\/vphn\/figures-et-evenements\/laffaire-calas-2017\/\">L&rsquo;Affaire Calas [2017]<\/a><\/li>\n<li><a href=\"http:\/\/blogs.univ-jfc.fr\/vphn\/figures-et-evenements\/le-general-de-castelnau-2018-2019\/\">Le G\u00e9n\u00e9ral de Castelnau [2018]<\/a><\/li>\n<li>Jean Fran\u00e7ois Champollion : un \u00e9gyptologue de g\u00e9nie [2018]<\/li>\n<li><a href=\"http:\/\/blogs.univ-jfc.fr\/vphn\/wp-admin\/post.php?post=5386&amp;action=edit\" target=\"_blank\" rel=\"noopener noreferrer\">Dieudonn\u00e9 Costes [2020]<\/a><\/li>\n<li><a href=\"https:\/\/blogs.univ-jfc.fr\/vphn\/2022\/02\/03\/edouard-de-castelnau-le-marechal-oublie-de-la-premiere-guerre-mondiale\/\">\u00c9douard de Castelnau, le mar\u00e9chal oubli\u00e9 de la Premi\u00e8re Guerre mondiale [2022]<\/a><\/li>\n<li><a href=\"https:\/\/blogs.univ-jfc.fr\/vphn\/2022\/03\/01\/eudes-daquitaine-son-declin-face-a-charles-martel-en-deux-affrontements-les-batailles-de-toulouse-en-721-et-de-poitiers-en-732-2022\/\">Eudes d&rsquo;Aquitaine, son d\u00e9clin face \u00e0 Charles Martel en deux affrontements : les batailles de Toulouse en 721 et de Poitiers en 732 [2022]<\/a><\/li>\n<li><a href=\"https:\/\/blogs.univ-jfc.fr\/vphn\/peut-on-parler-dun-heritage-leonardien-en-france\/\">L\u00e9onard de Vinci : peut-on parler d&rsquo;un h\u00e9ritage l\u00e9onardien en France ? [2022]<\/a><\/li>\n<li><a href=\"https:\/\/blogs.univ-jfc.fr\/vphn\/jean-de-bernuy\/\">Jean de Bernuy&nbsp; [2022]<\/a><\/li>\n<li><a href=\"http:\/\/blogs.univ-jfc.fr\/vphn\/figures-et-evenements\/pierre-fabre-et-le-departement-du-tarn\/\">Pierre Fabre et le d\u00e9partement du Tarn [2017]<\/a><\/li>\n<li><a href=\"http:\/\/blogs.univ-jfc.fr\/vphn\/histoire-locale\/gaston-febus-larchetype-du-prince-ideal-2019\/\">Gaston F\u00e9bus , l&rsquo;arch\u00e9type du Prince id\u00e9al [2018]<\/a><\/li>\n<li><a href=\"http:\/\/blogs.univ-jfc.fr\/vphn\/figures-et-evenements\/laffaire-fualdes-dans-la-presse-au-xixe-siecle-2017\/\">L&rsquo;Affaire Fuald\u00e8s dans la presse au XIXe si\u00e8cle [2017]<\/a><\/li>\n<li><a href=\"http:\/\/blogs.univ-jfc.fr\/vphn\/joseph-gallieni-2021\/\" target=\"_blank\" rel=\"noopener noreferrer\">Joseph Gallieni [2021]<\/a><\/li>\n<li><a href=\"http:\/\/blogs.univ-jfc.fr\/vphn\/figures-et-evenements\/olympe-de-gouges\/\">Olympe de Gouges [2017]<\/a><\/li>\n<li><a href=\"http:\/\/blogs.univ-jfc.fr\/vphn\/figures-et-evenements\/jean-dominique-ingres-de-montauban-a-paris-2021\/\">Jean-Dominique Ingres, de Montauban \u00e0 Paris [2021]<\/a><\/li>\n<li><a href=\"http:\/\/blogs.univ-jfc.fr\/vphn\/jean-jaures-et-les-medias-1859-2014-2022\/\">Jean Jaur\u00e8s et les m\u00e9dias [2022]<\/a><\/li>\n<li><a href=\"http:\/\/blogs.univ-jfc.fr\/vphn\/figures-et-evenements\/louis-i-et-louis-ii-damboise-eveques-et-seigneurs-dalbi-2020\/\">Louis I et Louis II d&rsquo;Amboise : \u00e9v\u00eaques et seigneurs d&rsquo;Albi [2020]<\/a><\/li>\n<li><a href=\"http:\/\/blogs.univ-jfc.fr\/vphn\/figures-et-evenements\/joachim-murat\/\">Joachim Murat [2017]<\/a><\/li>\n<li><a href=\"http:\/\/blogs.univ-jfc.fr\/vphn\/figures-et-evenements\/nostradamus-2018\/\">Nostradamus [2018]<\/a><\/li>\n<li><a href=\"http:\/\/blogs.univ-jfc.fr\/vphn\/figures-et-evenements\/philippe-pinel-et-la-naissance-de-la-psychiatrie-2018\/\">Philippe Pinel et la naissance de la psychiatrie [2018]<\/a><\/li>\n<li><a href=\"https:\/\/blogs.univ-jfc.fr\/vphn\/?page_id=7897&amp;preview=true\" target=\"_blank\" rel=\"noopener\">Raymond VI [2021]<\/a><\/li>\n<li><a href=\"http:\/\/blogs.univ-jfc.fr\/vphn\/saint-exupery-pilote-daeropostale-a-toulouse-2018\/\">Antoine de Saint-Exup\u00e9ry, pilote d\u2019A\u00e9ropostale \u00e0 Toulouse [2018]<\/a><\/li>\n<li><a href=\"http:\/\/blogs.univ-jfc.fr\/vphn\/figures-et-evenements\/simon-iv-de-montfort-2017\/\">Simon IV de Montfort [2017]<\/a><\/li>\n<li><a href=\"http:\/\/blogs.univ-jfc.fr\/vphn\/jean-de-dieu-soult-personnage-national-a-lheritage-mazametain\/\" target=\"_blank\" rel=\"noopener noreferrer\">Jean-de-Dieu Soult, personnage national de l&rsquo;h\u00e9ritage mazam\u00e9tain [2020]<\/a><\/li>\n<li><a href=\"http:\/\/blogs.univ-jfc.fr\/vphn\/figures-et-evenements\/renee-taillefer-2018-2019\/\">Ren\u00e9e Taillefer [2018]<\/a><\/li>\n<li><a href=\"http:\/\/blogs.univ-jfc.fr\/vphn\/figures-et-evenements\/henri-de-toulouse-lautrec\/\" target=\"_blank\" rel=\"noopener noreferrer\">Henri de Toulouse Lautrec [2020]<\/a><\/li>\n<li><a href=\"http:\/\/blogs.univ-jfc.fr\/vphn\/figures-et-evenements\/emile-combes-2018-2019\/\">\u00c9mile Combes [2018]<\/a><\/li>\n<li><a href=\"https:\/\/blogs.univ-jfc.fr\/vphn\/2023\/03\/30\/la-memoire-de-georges-pompidou-dans-le-tarn\/\">La m\u00e9moire de Georges Pompidou dans le Tarn [2023]<\/a><\/li>\n<li><a href=\"https:\/\/blogs.univ-jfc.fr\/vphn\/2024\/04\/15\/les-survivants-des-camps-de-la-seconde-guerre-mondiale\/\">Les survivants des camps de la Seconde Guerre mondiale [2024]<\/a><\/li>\n<\/ul>\n<ul>\n<li><a href=\"https:\/\/blogs.univ-jfc.fr\/vphn\/qui-suis-je-militaire-francais-2022\/\">Une figure militaire \u00e0 d\u00e9couvrir! [2022]<\/a><\/li>\n<li><a href=\"https:\/\/blogs.univ-jfc.fr\/vphn\/sainte-foy-de-conques\/\">Sainte Foy de Conques [2023]<\/a><\/li>\n<li><a href=\"https:\/\/blogs.univ-jfc.fr\/vphn\/2023\/04\/11\/la-memoire-demmanuel-de-las-cases-dans-le-tarn\/\">La m\u00e9moire d&rsquo;Emmanuel de Las Cases dans le Tarn [2023]<\/a><\/li>\n<li><a href=\"http:\/\/blogs.univ-jfc.fr\/vphn\/2023\/04\/11\/la-figure-du-marechal-joseph-joffre\/\">La figure du Mar\u00e9chal Joffre [2023]<\/a><\/li>\n<li><a href=\"https:\/\/blogs.univ-jfc.fr\/vphn\/2024\/04\/05\/sainte-sigolene-de-troclar\/\">Sainte Sigol\u00e8ne de Troclar [2024]<\/a><\/li>\n<\/ul>\n\n\n<ul><li><a href=\"https:\/\/blogs.univ-jfc.fr\/vphn\/2024\/04\/21\/raymond-vii-et-le-comte-de-toulouse\/\" data-type=\"URL\" data-id=\"https:\/\/blogs.univ-jfc.fr\/vphn\/2024\/04\/21\/raymond-vii-et-le-comte-de-toulouse\/\">Raymond VII et le Comt\u00e9 de Toulouse<\/a> [2024]<\/li><li><a href=\"https:\/\/blogs.univ-jfc.fr\/vphn\/2024\/04\/22\/bernard-gui-inquisiteur-et-ecrivain-du-xive-siecle\/\">Bernard Gui, inquisiteur et \u00e9crivain du XIVe si\u00e8cle<\/a> [2024]<\/li><\/ul>\n\n\n\n<p><\/p>\n","protected":false},"excerpt":{"rendered":"<p>Vous trouverez dans cette section les pages suivantes (suivez les liens !) Victor de l&rsquo;Aveyron [2021] d&rsquo;Artagnan ou l&rsquo;id\u00e9al du mousquetaire gascon [2018] Beno\u00eet XII et la papaut\u00e9 d&rsquo;Avignon [2022] L&rsquo;Affaire Calas [2017] Le G\u00e9n\u00e9ral de Castelnau [2018] Jean Fran\u00e7ois Champollion : un \u00e9gyptologue de g\u00e9nie [2018] Dieudonn\u00e9 Costes [2020] \u00c9douard de Castelnau, le mar\u00e9chal &hellip; <\/p>\n<p class=\"link-more\"><a href=\"https:\/\/blogs.univ-jfc.fr\/vphn\/figures-et-evenements\/\" class=\"more-link\">Continuer la lecture<span class=\"screen-reader-text\"> de &laquo;&nbsp;Figures&nbsp;&raquo;<\/span><\/a><\/p>\n","protected":false},"author":19,"featured_media":0,"parent":0,"menu_order":0,"comment_status":"closed","ping_status":"closed","template":"","meta":[],"_links":{"self":[{"href":"https:\/\/blogs.univ-jfc.fr\/vphn\/wp-json\/wp\/v2\/pages\/69"}],"collection":[{"href":"https:\/\/blogs.univ-jfc.fr\/vphn\/wp-json\/wp\/v2\/pages"}],"about":[{"href":"https:\/\/blogs.univ-jfc.fr\/vphn\/wp-json\/wp\/v2\/types\/page"}],"author":[{"embeddable":true,"href":"https:\/\/blogs.univ-jfc.fr\/vphn\/wp-json\/wp\/v2\/users\/19"}],"replies":[{"embeddable":true,"href":"https:\/\/blogs.univ-jfc.fr\/vphn\/wp-json\/wp\/v2\/comments?post=69"}],"version-history":[{"count":80,"href":"https:\/\/blogs.univ-jfc.fr\/vphn\/wp-json\/wp\/v2\/pages\/69\/revisions"}],"predecessor-version":[{"id":14184,"href":"https:\/\/blogs.univ-jfc.fr\/vphn\/wp-json\/wp\/v2\/pages\/69\/revisions\/14184"}],"wp:attachment":[{"href":"https:\/\/blogs.univ-jfc.fr\/vphn\/wp-json\/wp\/v2\/media?parent=69"}],"curies":[{"name":"wp","href":"https:\/\/api.w.org\/{rel}","templated":true}]}}