{"id":6922,"date":"2020-02-13T12:02:07","date_gmt":"2020-02-13T11:02:07","guid":{"rendered":"http:\/\/blogs.univ-jfc.fr\/vphn\/?page_id=6922"},"modified":"2020-02-13T14:21:25","modified_gmt":"2020-02-13T13:21:25","slug":"biographie-des-hommes-deglise","status":"publish","type":"page","link":"https:\/\/blogs.univ-jfc.fr\/vphn\/patrimoine-et-sites-remarquables\/cathedrale-notre-dame-de-lassomption-de-montauban-2020\/biographie-des-hommes-deglise\/","title":{"rendered":"Biographie des hommes d&rsquo;\u00c9glise"},"content":{"rendered":"<figure id=\"attachment_6925\" aria-describedby=\"caption-attachment-6925\" style=\"width: 265px\" class=\"wp-caption alignleft\"><img loading=\"lazy\" class=\"wp-image-6925 size-medium\" src=\"http:\/\/blogs.univ-jfc.fr\/vphn\/wp-content\/uploads\/sites\/65\/2020\/02\/01-265x300.jpg\" alt=\"wikip\u00e9dia.fr\" width=\"265\" height=\"300\" srcset=\"https:\/\/blogs.univ-jfc.fr\/vphn\/wp-content\/uploads\/sites\/65\/2020\/02\/01-265x300.jpg 265w, https:\/\/blogs.univ-jfc.fr\/vphn\/wp-content\/uploads\/sites\/65\/2020\/02\/01-768x870.jpg 768w, https:\/\/blogs.univ-jfc.fr\/vphn\/wp-content\/uploads\/sites\/65\/2020\/02\/01.jpg 794w\" sizes=\"(max-width: 265px) 100vw, 265px\" \/><figcaption id=\"caption-attachment-6925\" class=\"wp-caption-text\">Statue de saint Ambroise de Marc Arcis.<\/figcaption><\/figure>\n<p align=\"justify\"><span id=\"p14\"><span id=\"18\" class=\"s-rg\">Saint<\/span> Ambroise :<\/span><span id=\"p15\"> <span id=\"19\" class=\"s-rg\">Aurelius<\/span> <span id=\"20\" class=\"s-rg\">Ambrosius<\/span> v\u00e9cut durant la fin du IVe si\u00e8cle ap. J.-C. Il est connu en tant qu\u2019\u00e9crivain, po\u00e8te, mais surtout grand lecteur de Cic\u00e9ron et des P\u00e8res grecs.<\/span><span id=\"p16\"> Il est aussi docteur de l\u2019\u00e9glise, c\u2019est-\u00e0-dire <span id=\"22\" class=\"s-bl\">que l<\/span>\u2019\u00c9glise reconna\u00eet son autorit\u00e9 exceptionnelle dans le domaine de la th\u00e9ologie.<\/span><span id=\"p25\"> Il convertit notamment saint Augustin au christianisme.<\/span><\/p>\n<p>&nbsp;<\/p>\n<p>&nbsp;<\/p>\n<p>&nbsp;<\/p>\n<p>&nbsp;<\/p>\n<figure id=\"attachment_6926\" aria-describedby=\"caption-attachment-6926\" style=\"width: 210px\" class=\"wp-caption alignright\"><img loading=\"lazy\" class=\"wp-image-6926 size-full\" src=\"http:\/\/blogs.univ-jfc.fr\/vphn\/wp-content\/uploads\/sites\/65\/2020\/02\/02.jpg\" alt=\"wikip\u00e9dia.fr\" width=\"210\" height=\"240\" \/><figcaption id=\"caption-attachment-6926\" class=\"wp-caption-text\">saint Augustin par Marc Arcis<\/figcaption><\/figure>\n<p align=\"justify\"><span id=\"p49\"><span id=\"54\">Saint<\/span> Augustin :<\/span><span id=\"p50\"> <span id=\"55\" class=\"s-rg\">Aurelius<\/span> <span id=\"56\" class=\"s-rg\">Augustinus<\/span> v\u00e9cut durant la fin du IVe et d\u00e9but Ve si\u00e8cle ap. J.-C..<\/span><span id=\"p51\"> C\u2019est un philosophe et th\u00e9ologien romain.<\/span><span id=\"p52\"> Il est avec Ambroise de Milan, J\u00e9r\u00f4me de <span id=\"57\" class=\"s-rg\">Stridon<\/span> et Gr\u00e9goire le Grand, un des quatre P\u00e8res de l\u2019\u00c9glise.<\/span> Terme cr\u00e9\u00e9 durant le XVIe si\u00e8cle pour d\u00e9signer des auteurs eccl\u00e9siastiques d\u00e9fendant la doctrine chr\u00e9tienne.<\/p>\n<p>&nbsp;<\/p>\n<p>&nbsp;<\/p>\n<p>&nbsp;<\/p>\n<figure id=\"attachment_6935\" aria-describedby=\"caption-attachment-6935\" style=\"width: 550px\" class=\"wp-caption aligncenter\"><img loading=\"lazy\" class=\"wp-image-6935 size-full\" src=\"http:\/\/blogs.univ-jfc.fr\/vphn\/wp-content\/uploads\/sites\/65\/2020\/02\/001.jpg\" alt=\"petit-patrimoine.com\" width=\"550\" height=\"299\" srcset=\"https:\/\/blogs.univ-jfc.fr\/vphn\/wp-content\/uploads\/sites\/65\/2020\/02\/001.jpg 550w, https:\/\/blogs.univ-jfc.fr\/vphn\/wp-content\/uploads\/sites\/65\/2020\/02\/001-300x163.jpg 300w\" sizes=\"(max-width: 550px) 100vw, 550px\" \/><figcaption id=\"caption-attachment-6935\" class=\"wp-caption-text\">Les quatre \u00e9vang\u00e9listes de la Cath\u00e9drale Notre-dame de l&rsquo;Assomption.<\/figcaption><\/figure>\n<p align=\"justify\"><span id=\"p73\">Les quatre <\/span><span id=\"p73\">\u00e9vang\u00e9<\/span><span id=\"p73\">listes :<\/span><span id=\"p74\"> les \u00e9vang\u00e9listes sont les auteurs <\/span><span id=\"p74\">suppos\u00e9 des <\/span><span id=\"p74\">\u00e9vangiles, Matthieu, Marc, Luc et Jean.<\/span><span id=\"p75\"> <\/span><span id=\"p75\">Ils repr\u00e9sentent quatre des douze ap\u00f4tres du Christ et sont souvent <\/span><span id=\"p75\">repr\u00e9sent\u00e9s <\/span><span id=\"p75\">sous la forme all\u00e9goriqu<\/span><span id=\"p75\">e du t\u00e9tramorphe, l\u2019ange pour Matthieu, le lion pour Marc, le ta<\/span><span id=\"p75\">ur<\/span><span id=\"p75\">eau pour Luc e<\/span><span id=\"p53\"><\/span><span id=\"p75\">t l\u2019aigle pour <\/span><span id=\"p75\">Jean.<\/span><\/p>\n<p>&nbsp;<\/p>\n<p>&nbsp;<\/p>\n","protected":false},"excerpt":{"rendered":"<p>Saint Ambroise : Aurelius Ambrosius v\u00e9cut durant la fin du IVe si\u00e8cle ap. J.-C. Il est connu en tant qu\u2019\u00e9crivain, po\u00e8te, mais surtout grand lecteur de Cic\u00e9ron et des P\u00e8res grecs. Il est aussi docteur de l\u2019\u00e9glise, c\u2019est-\u00e0-dire que l\u2019\u00c9glise reconna\u00eet son autorit\u00e9 exceptionnelle dans le domaine de la th\u00e9ologie. Il convertit notamment saint Augustin &hellip; <\/p>\n<p class=\"link-more\"><a href=\"https:\/\/blogs.univ-jfc.fr\/vphn\/patrimoine-et-sites-remarquables\/cathedrale-notre-dame-de-lassomption-de-montauban-2020\/biographie-des-hommes-deglise\/\" class=\"more-link\">Continuer la lecture<span class=\"screen-reader-text\"> de &laquo;&nbsp;Biographie des hommes d&rsquo;\u00c9glise&nbsp;&raquo;<\/span><\/a><\/p>\n","protected":false},"author":706,"featured_media":0,"parent":5271,"menu_order":2,"comment_status":"closed","ping_status":"closed","template":"","meta":[],"_links":{"self":[{"href":"https:\/\/blogs.univ-jfc.fr\/vphn\/wp-json\/wp\/v2\/pages\/6922"}],"collection":[{"href":"https:\/\/blogs.univ-jfc.fr\/vphn\/wp-json\/wp\/v2\/pages"}],"about":[{"href":"https:\/\/blogs.univ-jfc.fr\/vphn\/wp-json\/wp\/v2\/types\/page"}],"author":[{"embeddable":true,"href":"https:\/\/blogs.univ-jfc.fr\/vphn\/wp-json\/wp\/v2\/users\/706"}],"replies":[{"embeddable":true,"href":"https:\/\/blogs.univ-jfc.fr\/vphn\/wp-json\/wp\/v2\/comments?post=6922"}],"version-history":[{"count":5,"href":"https:\/\/blogs.univ-jfc.fr\/vphn\/wp-json\/wp\/v2\/pages\/6922\/revisions"}],"predecessor-version":[{"id":6941,"href":"https:\/\/blogs.univ-jfc.fr\/vphn\/wp-json\/wp\/v2\/pages\/6922\/revisions\/6941"}],"up":[{"embeddable":true,"href":"https:\/\/blogs.univ-jfc.fr\/vphn\/wp-json\/wp\/v2\/pages\/5271"}],"wp:attachment":[{"href":"https:\/\/blogs.univ-jfc.fr\/vphn\/wp-json\/wp\/v2\/media?parent=6922"}],"curies":[{"name":"wp","href":"https:\/\/api.w.org\/{rel}","templated":true}]}}