{"id":6950,"date":"2020-02-13T15:19:10","date_gmt":"2020-02-13T14:19:10","guid":{"rendered":"http:\/\/blogs.univ-jfc.fr\/vphn\/?page_id=6950"},"modified":"2020-02-13T15:19:10","modified_gmt":"2020-02-13T14:19:10","slug":"annexe-huguenots-et-calvinisme","status":"publish","type":"page","link":"https:\/\/blogs.univ-jfc.fr\/vphn\/patrimoine-et-sites-remarquables\/cathedrale-notre-dame-de-lassomption-de-montauban-2020\/annexe-huguenots-et-calvinisme\/","title":{"rendered":"Annexe : huguenots et calvinisme"},"content":{"rendered":"<h2>Calvinisme<\/h2>\n<figure id=\"attachment_6953\" aria-describedby=\"caption-attachment-6953\" style=\"width: 223px\" class=\"wp-caption aligncenter\"><img loading=\"lazy\" class=\"wp-image-6953 size-medium\" src=\"http:\/\/blogs.univ-jfc.fr\/vphn\/wp-content\/uploads\/sites\/65\/2020\/02\/0.1-223x300.jpg\" alt=\"\" width=\"223\" height=\"300\" srcset=\"https:\/\/blogs.univ-jfc.fr\/vphn\/wp-content\/uploads\/sites\/65\/2020\/02\/0.1-223x300.jpg 223w, https:\/\/blogs.univ-jfc.fr\/vphn\/wp-content\/uploads\/sites\/65\/2020\/02\/0.1-768x1032.jpg 768w, https:\/\/blogs.univ-jfc.fr\/vphn\/wp-content\/uploads\/sites\/65\/2020\/02\/0.1-762x1024.jpg 762w, https:\/\/blogs.univ-jfc.fr\/vphn\/wp-content\/uploads\/sites\/65\/2020\/02\/0.1.jpg 800w\" sizes=\"(max-width: 223px) 100vw, 223px\" \/><figcaption id=\"caption-attachment-6953\" class=\"wp-caption-text\">Portrait de Calvin en 1562 par Ren\u00e9 Boyvin pr\u00e9sente dans la biblioth\u00e8que de Gen\u00e8ve.<\/figcaption><\/figure>\n<p align=\"justify\">Doctrine d\u00e9riv\u00e9e du protestantisme impuls\u00e9e par Jean Calvin (1509-1564). Le calvinisme se r\u00e9pand dans le Royaume de France et en Suisse. Jean Calvin, th\u00e9ologien et r\u00e9formateur, s\u2019installe \u00e0 Gen\u00e8ve et impose sa doctrine sur la ville durant un temps. Le calvinisme tient son particularisme dans le fait qu\u2019il remet plus en cause l\u2019\u00c9glise catholique que ne le fit Luther mais pas seulement. L\u2019une des caract\u00e9ristique sp\u00e9cifique est la doctrine du salut, dans le calvinisme l\u2019homme est dans l\u2019incapacit\u00e9 d\u2019obtenir le salut. Dieu est l\u2019initiateur de tout (formation de la foi, d\u00e9cision concernant le Christ\u2026).<\/p>\n<p>&nbsp;<\/p>\n<h2>Duc de Rohan<\/h2>\n<figure id=\"attachment_6946\" aria-describedby=\"caption-attachment-6946\" style=\"width: 254px\" class=\"wp-caption aligncenter\"><img loading=\"lazy\" class=\"wp-image-6946 size-medium\" src=\"http:\/\/blogs.univ-jfc.fr\/vphn\/wp-content\/uploads\/sites\/65\/2020\/02\/0031-254x300.jpg\" alt=\"\" width=\"254\" height=\"300\" srcset=\"https:\/\/blogs.univ-jfc.fr\/vphn\/wp-content\/uploads\/sites\/65\/2020\/02\/0031-254x300.jpg 254w, https:\/\/blogs.univ-jfc.fr\/vphn\/wp-content\/uploads\/sites\/65\/2020\/02\/0031.jpg 425w\" sizes=\"(max-width: 254px) 100vw, 254px\" \/><figcaption id=\"caption-attachment-6946\" class=\"wp-caption-text\">Henri II, duc de Rohan<br \/> webcollection.landesmuseen.ch<\/figcaption><\/figure>\n<p align=\"justify\">Henri II de Rohan-gi\u00e9 (1579-1638), poss\u00e8de de nombreux titres, Ier duc de Rohan, prince de Le\u00f3n, marquis de Blain mais surtout g\u00e9n\u00e9ralissime des arm\u00e9es protestantes. Durant les guerres de religions il prend le parti protestant des huguenots et m\u00e8ne les combats. Quand les combats prennent fin il retourne sous les ordres du roi de France et mourra durant la bataille de Rheinfelden en 1638 opposant la France \u00e0 l&rsquo;\u00e9lectorat de Bavi\u00e8re.<\/p>\n<h2>Huguenot<\/h2>\n<p align=\"justify\">Nom donn\u00e9 aux protestants du royaume de France et de Navarre durant les guerres de religion qui frappent le royaume de France durant la seconde moiti\u00e9 du XVIe si\u00e8cle. Les huguenots sont des protestants calvinistes, le mouvement calviniste ayant trouv\u00e9 un terrain favorable dans le Sud-Ouest du royaume de France. Ils vont par la suite cr\u00e9er les \u00e9tats protestants du midi avec comme capitale N\u00eemes, Montauban et La Rochelle. L\u2019ensemble forme un croissant appel\u00e9 le\u00a0 \u00ab croissant r\u00e9form\u00e9 \u00bb. Ces trois villes sont d\u2019importants bastions de d\u00e9fense durant la guerre mais aussi de grands centres de commerce.<\/p>\n","protected":false},"excerpt":{"rendered":"<p>Calvinisme Doctrine d\u00e9riv\u00e9e du protestantisme impuls\u00e9e par Jean Calvin (1509-1564). Le calvinisme se r\u00e9pand dans le Royaume de France et en Suisse. Jean Calvin, th\u00e9ologien et r\u00e9formateur, s\u2019installe \u00e0 Gen\u00e8ve et impose sa doctrine sur la ville durant un temps. Le calvinisme tient son particularisme dans le fait qu\u2019il remet plus en cause l\u2019\u00c9glise catholique &hellip; <\/p>\n<p class=\"link-more\"><a href=\"https:\/\/blogs.univ-jfc.fr\/vphn\/patrimoine-et-sites-remarquables\/cathedrale-notre-dame-de-lassomption-de-montauban-2020\/annexe-huguenots-et-calvinisme\/\" class=\"more-link\">Continuer la lecture<span class=\"screen-reader-text\"> de &laquo;&nbsp;Annexe : huguenots et calvinisme&nbsp;&raquo;<\/span><\/a><\/p>\n","protected":false},"author":706,"featured_media":0,"parent":5271,"menu_order":2,"comment_status":"closed","ping_status":"closed","template":"","meta":[],"_links":{"self":[{"href":"https:\/\/blogs.univ-jfc.fr\/vphn\/wp-json\/wp\/v2\/pages\/6950"}],"collection":[{"href":"https:\/\/blogs.univ-jfc.fr\/vphn\/wp-json\/wp\/v2\/pages"}],"about":[{"href":"https:\/\/blogs.univ-jfc.fr\/vphn\/wp-json\/wp\/v2\/types\/page"}],"author":[{"embeddable":true,"href":"https:\/\/blogs.univ-jfc.fr\/vphn\/wp-json\/wp\/v2\/users\/706"}],"replies":[{"embeddable":true,"href":"https:\/\/blogs.univ-jfc.fr\/vphn\/wp-json\/wp\/v2\/comments?post=6950"}],"version-history":[{"count":4,"href":"https:\/\/blogs.univ-jfc.fr\/vphn\/wp-json\/wp\/v2\/pages\/6950\/revisions"}],"predecessor-version":[{"id":6959,"href":"https:\/\/blogs.univ-jfc.fr\/vphn\/wp-json\/wp\/v2\/pages\/6950\/revisions\/6959"}],"up":[{"embeddable":true,"href":"https:\/\/blogs.univ-jfc.fr\/vphn\/wp-json\/wp\/v2\/pages\/5271"}],"wp:attachment":[{"href":"https:\/\/blogs.univ-jfc.fr\/vphn\/wp-json\/wp\/v2\/media?parent=6950"}],"curies":[{"name":"wp","href":"https:\/\/api.w.org\/{rel}","templated":true}]}}