{"id":7281,"date":"2020-03-02T15:29:17","date_gmt":"2020-03-02T14:29:17","guid":{"rendered":"http:\/\/blogs.univ-jfc.fr\/vphn\/?page_id=7281"},"modified":"2020-03-03T12:15:06","modified_gmt":"2020-03-03T11:15:06","slug":"la-mappa-mundi-dalbi-bibliographie","status":"publish","type":"page","link":"https:\/\/blogs.univ-jfc.fr\/vphn\/patrimoine-et-sites-remarquables\/la-mappa-mundi-dalbi-2020\/la-mappa-mundi-dalbi-bibliographie\/","title":{"rendered":"La mappa mundi d&rsquo;Albi &#8211; Bibliographie"},"content":{"rendered":"<h1 style=\"text-align: center\"><strong>Bibliographie<\/strong><\/h1>\n<p style=\"text-align: left\">Manuscrit Ms.29 d\u2019Albi<br \/>\nManuscrit Vat. Lat. 6018 du Vatican<\/p>\n<p style=\"text-align: left\"><strong>Histoire locale<\/strong><\/p>\n<p style=\"text-align: left\"><strong><em>Ouvrages g\u00e9n\u00e9raux<\/em><\/strong><\/p>\n<p style=\"text-align: left\">AMALVI C., LE POTTIER J., PECH R.,<em> Histoire du Tarn<\/em>, Albi, Privat 2018.<\/p>\n<p style=\"text-align: left\">BIGET J-L. (dir.), <em>Histoire d\u2019Albi<\/em>, Toulouse, Privat, 2000.<\/p>\n<p style=\"text-align: left\"><em><strong>Histoire du Haut Moyen-\u00c2ge<\/strong><\/em><\/p>\n<p style=\"text-align: left\">BONNERY A., RIPOLL G., <em>La Septimanie au regard de l\u2019histoire,<\/em>\u00a0Portet-sur-Garonne, Loubati\u00e8res, 2005.<\/p>\n<p style=\"text-align: left\">HEIJMANS M., GUYON J. (dir.), <em>Antiquite\u0301 tardive, haut Moyen A\u0302ge et premiers temps\u00a0<\/em><em>chre\u0301tiens en Gaule me\u0301ridionale<\/em>, Paris, CNRS \u00e9ditions, 2008.<\/p>\n<p style=\"text-align: left\">LATOUCHE R.,<em> Etudes me\u0301die\u0301vales. Le Haut Moyen Age. La France de l\u2019Ouest. des\u00a0<\/em><em>Pyre\u0301ne\u0301es aux Alpes\u2026<\/em>, Paris, France, Presses Universitaires de France, 1966.<\/p>\n<p style=\"text-align: left\"><strong>Histoire de la cartographie<\/strong><\/p>\n<p style=\"text-align: left\"><em><strong>Ouvrages G\u00e9n\u00e9raux<\/strong><\/em><\/p>\n<p style=\"text-align: left\">BLACK J., <em>Maps and history : constructing images of the past<\/em>, New Heaven, 1997<\/p>\n<p style=\"text-align: left\">BLACK J., <em>Regards sur le monde : une histoire des cartes<\/em>, Paris, Octopus-Hachette livre, 2004.<\/p>\n<p style=\"text-align: left\">GRATALOUP C., <em>Vision(s) du monde: histoire critique des repr\u00e9sentations de l&rsquo;humanit\u00e9<\/em>, Paris, Armand Colin, 2018.<\/p>\n<p style=\"text-align: left\"><em><strong>Sur la cartographie Antique<\/strong><\/em><\/p>\n<p style=\"text-align: left\">ALTOMARE B. M., \u00ab G\u00e9ographie et cosmographie dans l\u2019Antiquit\u00e9 tardive : la tradition grecque et les mod\u00e8les latins \u00bb. <em>Dialogues d\u2019histoire ancienne<\/em>. 2013.<\/p>\n<p style=\"text-align: left\">AUJAC G., <em>La g\u00e9ographie dans le monde antique<\/em>, Paris, PUF, 1975.<\/p>\n<p style=\"text-align: left\">GAUTIER-DALCH\u00c9 P., PRONTERA F., WESTREM M. S. D., \u00ab Repr\u00e9sentations de<br \/>\nl\u2019espace en Occident de l\u2019Antiquit\u00e9 tardive au XVIe s. \u00bb <em>\u00c9cole pratique des hautes \u00e9tudes. Section des sciences historiques et philologiques<\/em>. Livret-Annuaire. 2003.<\/p>\n<p style=\"text-align: left\"><em><strong>Sur la cartographie m\u00e9di\u00e9vale<\/strong><\/em><\/p>\n<p style=\"text-align: left\">AMAT J-B., <em>\u201cLa mappa mundi : objet de conception, repr\u00e9sentation et compr\u00e9hension du monde au haut Moyen \u00c2ge.\u201d<\/em>, m\u00e9moire de master en sciences sociales (mention histoire) sous la direction de Sandrine Victor, Toulouse, Universit\u00e9 Toulouse II Jean Jaur\u00e8s, 2017.<\/p>\n<p style=\"text-align: left\">DAINVILLE F. DE, LE BRAS G., <em>Cartes anciennes de l\u2019Eglise de France : historique, re\u0301pertoire, guide d\u2019usage<\/em>. Paris, 1956.<\/p>\n<p style=\"text-align: left\">GOFFART W. A., <em>Barbarians, maps, and historiography: studies on the early Medieval\u00a0<\/em><em>West<\/em>. Farnham, 2009.<\/p>\n<p style=\"text-align: left\">HARVEY P. D. A., <em>Medieval maps. London<\/em>, British Library, 1991.<\/p>\n<p style=\"text-align: left\">CRAECKER-DUSSART C., \u00ab Nouvelles contributions en g\u00e9ographie et cartographie m\u00e9di\u00e9vales \u00bb,<em> Le Moyen \u00c2ge, Tome CXXIII<\/em>, Paris, nov. 2017, p. 113-130.<\/p>\n<p style=\"text-align: left\"><strong>La notion d\u2019espace au Moyen \u00c2ge<\/strong><\/p>\n<p style=\"text-align: left\">GAUTIER DALCH\u00c9 P., Repr\u00e9sentations g\u00e9ographiques savantes, constructions et pratiques de l&rsquo;espace. In: <em>Actes des congr\u00e8s de la Soci\u00e9t\u00e9 des historiens m\u00e9di\u00e9vistes de l&rsquo;enseignement sup\u00e9rieur public, 37\u1d49 congr\u00e8s, Mulhouse, 2006. Construction de l&rsquo;espace au Moyen Age : pratiques et repr\u00e9sentations<\/em>. pp. 13-38.<\/p>\n<p style=\"text-align: left\">GUIZARD-DUCHAMP F., \u00ab Les espaces du sauvage dans le monde franc : r\u00e9alit\u00e9s et repr\u00e9sentations \u00bb,<em> Construction de l\u2019espace au Moyen-\u00c2ge : pratiques et repr\u00e9sentations<\/em>, Paris, 2006, p. 117-129.<\/p>\n<p style=\"text-align: left\">SCHMITT J-C., \u00ab De l&rsquo;espace aux lieux \u00bb : les images m\u00e9di\u00e9vales. In: <em>Actes des<\/em><br \/>\n<em>congr\u00e8s de la Soci\u00e9t\u00e9 des historiens m\u00e9di\u00e9vistes de l&rsquo;enseignement sup\u00e9rieur public, 37\u1d49 congr\u00e8s, Mulhouse, 2006. Construction de l&rsquo;espace au Moyen Age : pratiques et repr\u00e9sentations<\/em>. pp. 317-346.<\/p>\n<p style=\"text-align: left\"><strong>La mappa mundi d\u2019Albi et son manuscrit<\/strong><\/p>\n<p style=\"text-align: left\">CORBI\u00c8RE N., <em>\u00ab Le Ms. 29 d&rsquo;Albi : une encyclop\u00e9die du VIIIe si\u00e8cle ? \u00bb<\/em>, m\u00e9moire de master en sciences sociales (mention histoire) sous la direction de Sandrine Victor, Toulouse, Universit\u00e9 Toulouse II Jean Jaur\u00e8s, 2017.<\/p>\n<p style=\"text-align: left\">DESACHY M., dir. <em>Le Scriptorium d\u2019Albi. Les manuscrits de la cath\u00e9drale Sainte-C\u00e9cile (VIIe-XIIe si\u00e8cle)<\/em>, Rodez, Editions du Rouergue 2007.<br \/>\nLa mappa mundi du Vatican<\/p>\n<p style=\"text-align: left\">BALDACCI O., \u00ab Comunicazione e significato di un mappamondo isidoriano del secolo VIII (Vaticano Latino 6018), con une appendice su \u00ab il pilote sconosciuto \u00bb \u00bb, In : <em>Atti dell Accademia Nazionale dei Lincei. Rendiconti. Classe di scienze morali, storiche e filolofiche<\/em>, 1995.<\/p>\n<p style=\"text-align: left\">CHEKIN, L. S., \u00ab Easter Tables and the Pseudo-Isidorean Vatican Map \u00bb, In : <em>Imago mundi.The Journal of the Internationa Society for the History of Cartography<\/em>, 1999.<\/p>\n","protected":false},"excerpt":{"rendered":"<p>Bibliographie Manuscrit Ms.29 d\u2019Albi Manuscrit Vat. Lat. 6018 du Vatican Histoire locale Ouvrages g\u00e9n\u00e9raux AMALVI C., LE POTTIER J., PECH R., Histoire du Tarn, Albi, Privat 2018. BIGET J-L. (dir.), Histoire d\u2019Albi, Toulouse, Privat, 2000. Histoire du Haut Moyen-\u00c2ge BONNERY A., RIPOLL G., La Septimanie au regard de l\u2019histoire,\u00a0Portet-sur-Garonne, Loubati\u00e8res, 2005. HEIJMANS M., GUYON J. &hellip; <\/p>\n<p class=\"link-more\"><a href=\"https:\/\/blogs.univ-jfc.fr\/vphn\/patrimoine-et-sites-remarquables\/la-mappa-mundi-dalbi-2020\/la-mappa-mundi-dalbi-bibliographie\/\" class=\"more-link\">Continuer la lecture<span class=\"screen-reader-text\"> de &laquo;&nbsp;La mappa mundi d&rsquo;Albi &#8211; Bibliographie&nbsp;&raquo;<\/span><\/a><\/p>\n","protected":false},"author":601,"featured_media":0,"parent":5284,"menu_order":0,"comment_status":"closed","ping_status":"closed","template":"","meta":[],"_links":{"self":[{"href":"https:\/\/blogs.univ-jfc.fr\/vphn\/wp-json\/wp\/v2\/pages\/7281"}],"collection":[{"href":"https:\/\/blogs.univ-jfc.fr\/vphn\/wp-json\/wp\/v2\/pages"}],"about":[{"href":"https:\/\/blogs.univ-jfc.fr\/vphn\/wp-json\/wp\/v2\/types\/page"}],"author":[{"embeddable":true,"href":"https:\/\/blogs.univ-jfc.fr\/vphn\/wp-json\/wp\/v2\/users\/601"}],"replies":[{"embeddable":true,"href":"https:\/\/blogs.univ-jfc.fr\/vphn\/wp-json\/wp\/v2\/comments?post=7281"}],"version-history":[{"count":2,"href":"https:\/\/blogs.univ-jfc.fr\/vphn\/wp-json\/wp\/v2\/pages\/7281\/revisions"}],"predecessor-version":[{"id":7352,"href":"https:\/\/blogs.univ-jfc.fr\/vphn\/wp-json\/wp\/v2\/pages\/7281\/revisions\/7352"}],"up":[{"embeddable":true,"href":"https:\/\/blogs.univ-jfc.fr\/vphn\/wp-json\/wp\/v2\/pages\/5284"}],"wp:attachment":[{"href":"https:\/\/blogs.univ-jfc.fr\/vphn\/wp-json\/wp\/v2\/media?parent=7281"}],"curies":[{"name":"wp","href":"https:\/\/api.w.org\/{rel}","templated":true}]}}