{"id":7330,"date":"2020-03-03T11:07:46","date_gmt":"2020-03-03T10:07:46","guid":{"rendered":"http:\/\/blogs.univ-jfc.fr\/vphn\/?page_id=7330"},"modified":"2020-03-03T11:11:19","modified_gmt":"2020-03-03T10:11:19","slug":"bibliographie-4","status":"publish","type":"page","link":"https:\/\/blogs.univ-jfc.fr\/vphn\/bibliographie-4\/","title":{"rendered":"Bibliographie"},"content":{"rendered":"<p align=\"justify\"><span style=\"color: #dddddd\"><span style=\"font-family: Times New Roman, serif\"><span style=\"font-size: large\"><u><b>Outils de travail :<\/b><\/u><\/span><\/span><\/span><\/p>\n<p align=\"justify\"><span style=\"color: #dddddd\"><span style=\"font-family: Times New Roman, serif\"><span style=\"font-size: medium\">ALIBERT L., <i>Dictionnaire occitan-fran\u00e7ais selon les parlers languedociens<\/i>, Toulouse, Institut d&rsquo;Estudis Occitans (IEO), 1966, (r\u00e9\u00e9d 1997). <\/span><\/span><\/span><\/p>\n<p align=\"justify\"><span style=\"color: #dddddd\"><span style=\"font-family: Times New Roman, serif\"><span style=\"font-size: medium\">DUBY G., <i>Atlas historique<\/i>, Paris, Larousse, 1978. <\/span><\/span><\/span><\/p>\n<p align=\"justify\"><span style=\"color: #dddddd\"><span style=\"font-family: Times New Roman, serif\"><span style=\"font-size: medium\">ESQUIEU Y., <i>La ville au Moyen Age, L&rsquo;exemple fran\u00e7ais<\/i>, Jou\u00e8-les-Tours, \u00c9dition Alan Sutton, 2001.<\/span><\/span><\/span><\/p>\n<p align=\"justify\"><span style=\"color: #dddddd\"><span style=\"font-family: Times New Roman, serif\"><span style=\"font-size: medium\">FAVIER J., <i>Dictionnaire de la France m\u00e9di\u00e9vale<\/i>, Poitiers, Fayard, 1993.<\/span><\/span><\/span><\/p>\n<p align=\"justify\"><span style=\"color: #dddddd\"><span style=\"font-family: Times New Roman, serif\"><span style=\"font-size: medium\">GAUVARD C. (dir.), DE LIBERA A., ZINK M., <i>Dictionnaire du Moyen-Age<\/i>, Paris, Presses universitaires de France, 2002 (r\u00e9\u00e9d. 2004).<\/span><\/span><\/span><\/p>\n<p align=\"justify\"><span style=\"color: #dddddd\"><span style=\"font-family: Times New Roman, serif\"><span style=\"font-size: medium\">MOURRE M., <i>Dictionnaire Encyclop\u00e9dique d\u2019Histoire<\/i>, Paris, Bordas, 1978 (r\u00e9\u00e9d. 1986).<\/span><\/span><\/span><\/p>\n<p align=\"justify\"><span style=\"color: #dddddd\"><span style=\"font-family: Times New Roman, serif\"><span style=\"font-size: medium\">MOURRE M., <i>Le petit Mourre Dictionnaire de l\u2019Histoire<\/i>, Paris, Larousse, 1998 (r\u00e9\u00e9d. 2001).<\/span><\/span><\/span><\/p>\n<p align=\"justify\"><span style=\"color: #dddddd\"><span style=\"font-family: Times New Roman, serif\"><span style=\"font-size: medium\">VALLAUD D., <i>Dictionnaire historique<\/i>, Paris, Fayard, 1995.<\/span><\/span><\/span><\/p>\n<p align=\"justify\"><span style=\"color: #dddddd\"><span style=\"font-family: Times New Roman, serif\"><span style=\"font-size: large\"><u><b>Ouvrages g\u00e9n\u00e9raux :<\/b><\/u><\/span><\/span><\/span><\/p>\n<p align=\"justify\"><span style=\"color: #dddddd\">\u2192 <span style=\"font-family: Times New Roman, serif\"><span style=\"font-size: medium\">ARMENGAUD A. (dir.), LAFONT R., <i>Histoire d\u2019Occitanie, <\/i>Paris, Hachette, 1979.<\/span><\/span><\/span><\/p>\n<p align=\"justify\"><span style=\"color: #dddddd\">\u2192 <span style=\"font-family: Times New Roman, serif\"><span style=\"font-size: medium\">CHATELAIN A., <i>Ch\u00e2teaux fort : images de pierre des guerres m\u00e9di\u00e9vales<\/i>, Paris, \u00c9ditions Descl\u00e9e de Brouwer, 1992.<\/span><\/span><\/span><\/p>\n<p align=\"justify\"><span style=\"color: #dddddd\">\u2192 <span style=\"font-family: Times New Roman, serif\"><span style=\"font-size: medium\">CHEDEVILLE A. (dir.), LE GOFF J. ROSSIAUD J., <i>La ville de France au Moyen \u00c2ge<\/i>, Paris, Seuil, 1998.<\/span><\/span><\/span><\/p>\n<p align=\"justify\"><span style=\"color: #dddddd\">\u2192 <span style=\"font-family: Times New Roman, serif\"><span style=\"font-size: medium\">DEBAT A.,<i> Livre de raison de Raymond d&rsquo;Austry (Bourgeois &amp; marchand de Rodez 1576-1624), dans Archives Historiques du Rouergue,<\/i> Rodez, tome XXIII, Soci\u00e9t\u00e9 des Lettres Sciences et Arts de l&rsquo;Aveyron, 1991.<\/span><\/span><\/span><\/p>\n<p align=\"justify\"><span style=\"color: #dddddd\">\u2192 <span style=\"font-family: Times New Roman, serif\"><span style=\"font-size: medium\">DEBORD A., <i>Aristocratie et Pouvoir, Le r\u00f4le du ch\u00e2teau dans la France m\u00e9di\u00e9vale,<\/i> Paris, <i>coll. Espaces M\u00e9di\u00e9vaux<\/i>, Picard, 2000.<\/span><\/span><\/span><\/p>\n<p align=\"justify\"><span style=\"color: #dddddd\">\u2192 <span style=\"font-family: Times New Roman, serif\"><span style=\"font-size: medium\">R<\/span><\/span><span style=\"font-family: Times New Roman, serif\"><span style=\"font-size: medium\">OUQUETTE J., <i>Le Rouergue sous les Anglais<\/i>, Paris, Pyr\u00e9Monde, Tome 1 et 2, 2004.<\/span><\/span><\/span><\/p>\n<p align=\"justify\"><span style=\"color: #dddddd\">\u2192 <span style=\"font-family: Times New Roman, serif\"><span style=\"font-size: medium\">ROUX A., <i>Villes Neuves, Urbanisme classique<\/i>, Paris, Descl\u00e9e de Brouwer, coll. Patrimoine Vivant, 1997. <\/span><\/span><\/span><\/p>\n<p align=\"justify\"><span style=\"color: #dddddd\"><span style=\"font-family: Times New Roman, serif\"><span style=\"font-size: large\"><u><b>Ouvrages sur le comt\u00e9 de Toulouse :<\/b><\/u><\/span><\/span><\/span><\/p>\n<p align=\"justify\"><span style=\"color: #dddddd\"><span style=\"font-family: Times New Roman, serif\"><span style=\"font-size: medium\">CHENARD G., <i>L&rsquo;administration d&rsquo;Alphonse de Poitiers (1241-1271)<\/i>, Paris, Classiques Garnier, 2017.<\/span><\/span><\/span><\/p>\n<p align=\"justify\"><span style=\"color: #dddddd\"><span style=\"font-family: Times New Roman, serif\"><span style=\"font-size: medium\">MACE L.,<i> Les comtes de Toulouse et leur entourage, XIIe-XIIIe si\u00e8cles<\/i>, Toulouse, Privat, 2000. <\/span><\/span><\/span><\/p>\n<p align=\"justify\"><span style=\"color: #dddddd\"><span style=\"font-family: Times New Roman, serif\"><span style=\"font-size: large\"><u><b>Ouvrages sur les Bastides :<\/b><\/u><\/span><\/span><\/span><\/p>\n<p align=\"justify\"><span style=\"color: #dddddd\"><span style=\"font-family: Times New Roman, serif\"><span style=\"font-size: medium\">BERNARD G., <i>L&rsquo;Aventure des Bastides du Sud-Ouest<\/i>, Toulouse, Privat, 1993.<\/span><\/span><\/span><\/p>\n<p align=\"justify\"><span style=\"color: #dddddd\"><span style=\"font-family: Times New Roman, serif\"><span style=\"font-size: medium\">BERNARD G.,<i> L&rsquo;Aventure des Bastides, villes nouvelles du Moyen Age<\/i>, Toulouse, Privat, 1998.<\/span><\/span><\/span><\/p>\n<p align=\"justify\"><span style=\"color: #dddddd\"><span style=\"font-family: Times New Roman, serif\"><span style=\"font-size: medium\">BERTHE M., <i>La naissance de Beaumont-de-Lomagne et les fondations de bastides dans la Gascogne Toulousaine \u00e0 la fin du XIIIe si\u00e8cle et au d\u00e9but du XIVe,<\/i> Paris, Soci\u00e9t\u00e9 Fran\u00e7aise d&rsquo;Arch\u00e9ologie, Congr\u00e8s Toulousain et Comminges, 2002.<\/span><\/span><\/span><\/p>\n<p align=\"justify\"><span style=\"color: #dddddd\"><span style=\"font-family: Times New Roman, serif\"><span style=\"font-size: medium\">COSTES M. (dir.), et ROUX A., <i>Bastides, Villes neuves m\u00e9di\u00e9vales<\/i>, Paris, \u00c9ditions Descl\u00e9e de Brouwer, 2007.<\/span><\/span><\/span><\/p>\n<p align=\"justify\"><span style=\"color: #dddddd\"><span style=\"font-family: Times New Roman, serif\"><span style=\"font-size: medium\">LAURET A. (dir.), MALEBRANCHE R., SERAPHIN G., <i>Bastides, villes nouvelles du Moyen Age<\/i>, Toulouse, Milan, 1988.<\/span><\/span><\/span><\/p>\n<p align=\"justify\"><span style=\"color: #dddddd\"><span style=\"font-family: Times New Roman, serif\"><span style=\"font-size: medium\">ROLLAND C., <i>Bastides et autres villes neuves du Moyen \u00c2ge<\/i>, Toulouse, MSM \u00c9dition, 1999..<\/span><\/span><\/span><\/p>\n<p align=\"justify\"><span style=\"color: #dddddd\"><span style=\"font-family: Times New Roman, serif\"><span style=\"font-size: large\"><u><b>Ouvrages sur Villefranche-de-Rouergue :<\/b><\/u><\/span><\/span><\/span><\/p>\n<p align=\"justify\"><span style=\"color: #dddddd\"><span style=\"font-family: Times New Roman, serif\"><span style=\"font-size: medium\">ANCOURT A., <i>Chroniques villefranchoises, notes d&rsquo;histoire locale<\/i>, Villefranche-de-Rouergue, Lafitte Hebrard, 1952. <\/span><\/span><\/span><\/p>\n<p align=\"justify\"><span style=\"color: #dddddd\"><span style=\"font-family: Times New Roman, serif\"><span style=\"font-size: medium\">ANCOURT A., <i>Villefranche, ville fortifi\u00e9e,<\/i> Rodez, coll. Pour le Pays d&rsquo;Oc, Imprimerie Subervie, 1980. <\/span><\/span><\/span><\/p>\n<p align=\"justify\"><span style=\"color: #dddddd\"><span style=\"font-family: Times New Roman, serif\"><span style=\"font-size: medium\">BONAFIN D., <i>Essai critique sur l&rsquo;histoire de Villefranche-de-Rouergue au Moyen Age (1096-1491)<\/i>, Toulouse, m\u00e9moire annexe de DES, 1967. <\/span><\/span><\/span><\/p>\n<p align=\"justify\"><span style=\"color: #dddddd\"><span style=\"font-family: Times New Roman, serif\"><span style=\"font-size: medium\">MICBERTH M-G. (dir.), CABROL E., <i>Annales de Villefranche-de-Rouergue<\/i>, Paris, coll. Monographies des villes et villages de France, Le Livre d&rsquo;histoire Tome 1 et 2, 2003.<\/span><\/span><\/span><\/p>\n<p align=\"justify\"><span style=\"color: #dddddd\"><span style=\"font-family: Times New Roman, serif\"><span style=\"font-size: large\"><u><b>Ouvrages sur Najac :<\/b><\/u><\/span><\/span><\/span><\/p>\n<p align=\"justify\"><span style=\"color: #dddddd\">\u2192 <span style=\"font-family: Times New Roman, serif\"><span style=\"font-size: medium\">CASSAN E., <i>Le bourg castral de Najac au Moyen Age, formation et \u00e9volution d&rsquo;un paysage urbain en Rouergue occidental<\/i>, Villefranche de Rouergue, Soci\u00e9t\u00e9 des Amis de Villefranche et du Bas-Rouergue, 2006.<\/span><\/span><\/span><\/p>\n<p align=\"justify\"><span style=\"color: #dddddd\">\u2192 <span style=\"font-family: Times New Roman, serif\"><span style=\"font-size: medium\">GAUCHY M., <i>Najac en Rouergue, 1000 ans d&rsquo;histoire et de vie \u00e9conomique<\/i>, Villefranche-de-Rouergue, Broch\u00e9, 1982.<\/span><\/span><\/span><\/p>\n<p align=\"justify\"><span style=\"color: #dddddd\">\u2028\u2192 <span style=\"font-family: Times New Roman, serif\"><span style=\"font-size: medium\">MATHIEU G.,<i> Najac, son histoire, notice historique<\/i>, Paris, \u00e9dition Girouette, 1974.<\/span><\/span><\/span><\/p>\n<p align=\"justify\"><span style=\"color: #dddddd\">\u2192 <span style=\"font-family: Times New Roman, serif\"><span style=\"font-size: medium\">MAURAU F., <i>Forteresse de Najac et son histoire<\/i>, Najac, 2007. <\/span><\/span><\/span><\/p>\n<p align=\"justify\"><span style=\"color: #dddddd\">\u2192 <span style=\"font-family: Times New Roman, serif\"><span style=\"font-size: medium\">PAGES N., <i>Le ch\u00e2teau de Najac, Recherches sur la Tour Carr\u00e9e<\/i>, m\u00e9moire de Ma\u00eetrise d&rsquo;Histoire de l&rsquo;Art du Moyen Age, Universit\u00e9 de Toulouse II-Le Mirail, 2 vol., 1999.<\/span><\/span><\/span><\/p>\n<p align=\"justify\"><span style=\"color: #dddddd\">\u2192 <span style=\"font-family: Times New Roman, serif\"><span style=\"font-size: medium\">RIGAL-SAUREL G., <i>Au pays de Najac : de clocher en clocher<\/i>, Portet-sur-Garonne, \u00c9ditions Loubati\u00e8res, 1997. <\/span><\/span><\/span><\/p>\n<p align=\"justify\"><span style=\"color: #dddddd\">\u2192 <span style=\"font-family: Times New Roman, serif\"><span style=\"font-size: medium\">THIBOUT M., <i>Najac &#8211; \u00c9glise<\/i>, Paris, Soci\u00e9t\u00e9 fran\u00e7aise d&rsquo;arch\u00e9ologie, 1938. <\/span><\/span><\/span><\/p>\n<p align=\"justify\"><span style=\"color: #dddddd\"><span style=\"font-family: Times New Roman, serif\"><span style=\"font-size: large\"><u><b>Travaux<\/b><\/u><u><b> :<\/b><\/u><\/span><\/span><\/span><\/p>\n<p align=\"justify\"><span style=\"color: #dddddd\"><span style=\"font-family: Times New Roman, serif\"><span style=\"font-size: medium\">ANCOURT A., <i>\u00ab\u00a0La d\u00e9b\u00e2cle \u00e0 Villefranche\u00a0\u00bb<\/i>, Rodez, Revue du Rouergue, n\u00b068, 2001.<\/span><\/span><\/span><\/p>\n<p align=\"justify\"><span style=\"color: #dddddd\"><span style=\"font-family: Times New Roman, serif\"><span style=\"font-size: medium\">D<\/span><\/span><\/span><span style=\"color: #dddddd\"><span style=\"font-family: Times New Roman, serif\"><span style=\"font-size: medium\">EYRES<\/span><\/span><\/span><span style=\"color: #dddddd\"><span style=\"font-family: Times New Roman, serif\"><span style=\"font-size: medium\"> M. <\/span><\/span><\/span><span style=\"color: #dddddd\"><span style=\"font-family: Times New Roman, serif\"><span style=\"font-size: medium\">(dir.),<\/span><\/span><\/span><span style=\"color: #dddddd\"><span style=\"font-family: Times New Roman, serif\"><span style=\"font-size: medium\"> Raymond <\/span><\/span><\/span><span style=\"color: #dddddd\"><span style=\"font-family: Times New Roman, serif\"><span style=\"font-size: medium\">N<\/span><\/span><\/span><span style=\"color: #dddddd\"><span style=\"font-family: Times New Roman, serif\"><span style=\"font-size: medium\">., <\/span><\/span><\/span><em><span style=\"color: #dddddd\"><span style=\"font-family: Times New Roman, serif\"><span style=\"font-size: medium\">Dictionnaire des ch\u00e2teaux de l&rsquo;Aveyron,<\/span><\/span><\/span><\/em> <span style=\"color: #dddddd\"><span style=\"font-family: Times New Roman, serif\"><span style=\"font-size: medium\">Paris, Revue <\/span><\/span><\/span><\/p>\n<p align=\"justify\"><span style=\"color: #dddddd\"><span style=\"font-family: Times New Roman, serif\"><span style=\"font-size: medium\">Le<\/span><\/span><\/span> <em><span style=\"color: #dddddd\"><span style=\"font-family: Times New Roman, serif\"><span style=\"font-size: medium\">Bulletin Monumental<\/span><\/span><\/span><\/em><span style=\"color: #dddddd\"><span style=\"font-family: Times New Roman, serif\"><span style=\"font-size: medium\">, 1972, p. 376 <\/span><\/span><\/span><span style=\"color: #dddddd\"><span style=\"font-family: Times New Roman, serif\"><span style=\"font-size: medium\">\u00e0 <\/span><\/span><\/span><span style=\"color: #dddddd\"><span style=\"font-family: Times New Roman, serif\"><span style=\"font-size: medium\">377.<\/span><\/span><\/span><\/p>\n<p align=\"justify\"><span style=\"color: #000000\"><span style=\"font-family: Times New Roman, serif\"><span style=\"font-size: medium\"><span style=\"color: #dddddd\">D<\/span><span style=\"color: #dddddd\">OSSAT<\/span><span style=\"color: #dddddd\"> Y., <\/span><span style=\"color: #dddddd\"><i>L&rsquo;administration d&rsquo;Alphonse de Poitiers<\/i><\/span><span style=\"color: #dddddd\">, <\/span><span style=\"color: #dddddd\">Paris, <\/span><span style=\"color: #dddddd\">R<\/span><em><span style=\"color: #dddddd\">evue arch\u00e9ologique, historique et philologique de la France m\u00e9ridionale<\/span><\/em><span style=\"color: #dddddd\">, <\/span><span style=\"color: #dddddd\">1962, p. 88 \u00e0 93.<\/span><\/span><\/span><\/span><\/p>\n<p align=\"justify\"><span style=\"color: #000000\"><span style=\"font-family: Times New Roman, serif\"><span style=\"font-size: medium\"><span style=\"color: #dddddd\">G<\/span><span style=\"color: #dddddd\">ODARD<\/span><span style=\"color: #dddddd\"> J. <\/span><span style=\"color: #dddddd\">(dir.),<\/span><span style=\"color: #dddddd\"> Wolff P., U<\/span><span style=\"color: #dddddd\"><i>n courant commercial \u00e0 travers la France au d\u00e9but du XVe si\u00e8cle : de Toulouse aux Pays-Bas<\/i><\/span><span style=\"color: #dddddd\">. <\/span><span style=\"color: #dddddd\">Paris, <\/span><em><span style=\"color: #dddddd\">Revue du Nord<\/span><\/em><span style=\"color: #dddddd\">, 1950, p. 29 <\/span><span style=\"color: #dddddd\">\u00e0 <\/span><span style=\"color: #dddddd\">47.<\/span><\/span><\/span><\/span><\/p>\n<p align=\"justify\"><span style=\"color: #dddddd\"><span style=\"font-family: Times New Roman, serif\"><span style=\"font-size: medium\">MESQUI J., <i>Le ch\u00e2teau de Najac et les ch\u00e2teaux du Rouergue<\/i>, Paris, Revue Le Bulletin Monumental, 1981, p. 254.<\/span><\/span><\/span><\/p>\n<p align=\"justify\"><span style=\"color: #dddddd\"><span style=\"font-family: Times New Roman, serif\"><span style=\"font-size: medium\">MOLINI\u00c9. A (dir.), MOLINI\u00c9 \u00c9., \u00a0<i>Najac en Rouergue, notes historiques et arch\u00e9ologiques<\/i><i>,<\/i> Paris, Biblioth\u00e8que de l&rsquo;\u00e9cole des chartes<i>, <\/i>1881, p. 361 \u00e0 382.<\/span><\/span><\/span><\/p>\n<p align=\"justify\"><span style=\"color: #dddddd\"><span style=\"font-family: Times New Roman, serif\"><span style=\"font-size: medium\">NODET H., \u00ab\u00a0Le ch\u00e2teau de Najac, en Rouergue. \u00c9tude d&rsquo;architecture militaire au XIIIe si\u00e8cle<i>\u00a0\u00bb, <\/i>Paris, <i>Revue Le Bulletin Monumental,<\/i> 1886, p. 352 \u00e0 362.<\/span><\/span><\/span><\/p>\n<p align=\"justify\"><span style=\"color: #dddddd\"><span style=\"font-family: Times New Roman, serif\"><span style=\"font-size: medium\">T\u00c9BOULBI A (dir.), BOMPAIRE M., BARRANDON J-N., \u00a0\u00ab\u00a0Les monnayages d&rsquo;Alphonse de Poitiers\u00a0. \u00c9tude par analyses \u00e9l\u00e9mentaires\u00a0\u00bb, Paris, <i>Revue Numismatique<\/i>, 2008 p. 65 \u00e0 127.<\/span><\/span><\/span><\/p>\n<p align=\"justify\"><span style=\"color: #dddddd\"><span style=\"font-family: Times New Roman, serif\"><span style=\"font-size: medium\">TH\u00c9RY J., \u00ab\u00a0L&rsquo;\u00c9glise, les Cap\u00e9tiens et le Languedoc au temps d&rsquo;Alphonse de Poitiers : autour des enqu\u00eates pontificales sur les crimes imput\u00e9s \u00e0 V\u00e9zian (OFM), \u00e9v\u00eaque de Rodez (1261-1276)\u00a0\u00bb, Paris, <i>Revue arch\u00e9ologique, historique et philologique de la France m\u00e9ridionale<\/i>, 2013. <\/span><\/span><\/span><\/p>\n<p align=\"justify\"><span style=\"color: #dddddd\"><span style=\"font-family: Times New Roman, serif\"><span style=\"font-size: medium\">ROQUEBERT M. (dir.), BRENON A., ROCHE J., \u00ab\u00a0<i>Les <\/i><i>Cathares, <\/i><i>l<\/i><i>es derni\u00e8res recherches\u00a0\u00bb<\/i>, Revue Histoire M\u00e9di\u00e9vale, hors-s\u00e9rie, 2003.<\/span><\/span><\/span><\/p>\n","protected":false},"excerpt":{"rendered":"<p>Outils de travail : ALIBERT L., Dictionnaire occitan-fran\u00e7ais selon les parlers languedociens, Toulouse, Institut d&rsquo;Estudis Occitans (IEO), 1966, (r\u00e9\u00e9d 1997). DUBY G., Atlas historique, Paris, Larousse, 1978. ESQUIEU Y., La ville au Moyen Age, L&rsquo;exemple fran\u00e7ais, Jou\u00e8-les-Tours, \u00c9dition Alan Sutton, 2001. FAVIER J., Dictionnaire de la France m\u00e9di\u00e9vale, Poitiers, Fayard, 1993. GAUVARD C. (dir.), DE &hellip; <\/p>\n<p class=\"link-more\"><a href=\"https:\/\/blogs.univ-jfc.fr\/vphn\/bibliographie-4\/\" class=\"more-link\">Continuer la lecture<span class=\"screen-reader-text\"> de &laquo;&nbsp;Bibliographie&nbsp;&raquo;<\/span><\/a><\/p>\n","protected":false},"author":569,"featured_media":0,"parent":0,"menu_order":0,"comment_status":"closed","ping_status":"closed","template":"","meta":[],"_links":{"self":[{"href":"https:\/\/blogs.univ-jfc.fr\/vphn\/wp-json\/wp\/v2\/pages\/7330"}],"collection":[{"href":"https:\/\/blogs.univ-jfc.fr\/vphn\/wp-json\/wp\/v2\/pages"}],"about":[{"href":"https:\/\/blogs.univ-jfc.fr\/vphn\/wp-json\/wp\/v2\/types\/page"}],"author":[{"embeddable":true,"href":"https:\/\/blogs.univ-jfc.fr\/vphn\/wp-json\/wp\/v2\/users\/569"}],"replies":[{"embeddable":true,"href":"https:\/\/blogs.univ-jfc.fr\/vphn\/wp-json\/wp\/v2\/comments?post=7330"}],"version-history":[{"count":3,"href":"https:\/\/blogs.univ-jfc.fr\/vphn\/wp-json\/wp\/v2\/pages\/7330\/revisions"}],"predecessor-version":[{"id":8454,"href":"https:\/\/blogs.univ-jfc.fr\/vphn\/wp-json\/wp\/v2\/pages\/7330\/revisions\/8454"}],"wp:attachment":[{"href":"https:\/\/blogs.univ-jfc.fr\/vphn\/wp-json\/wp\/v2\/media?parent=7330"}],"curies":[{"name":"wp","href":"https:\/\/api.w.org\/{rel}","templated":true}]}}