{"id":7340,"date":"2020-03-03T11:13:52","date_gmt":"2020-03-03T10:13:52","guid":{"rendered":"http:\/\/blogs.univ-jfc.fr\/vphn\/?page_id=7340"},"modified":"2020-03-03T11:13:52","modified_gmt":"2020-03-03T10:13:52","slug":"bibliographie-vdr","status":"publish","type":"page","link":"https:\/\/blogs.univ-jfc.fr\/vphn\/bibliographie-vdr\/","title":{"rendered":"Bibliographie VDR"},"content":{"rendered":"<h1>Bibliographie Villefranche de Rouergue<\/h1>\n<p>Outils:<\/p>\n<p>Dupuy A.,<i> Encyclop\u00e9die occitane<\/i>. Gen\u00e8ve, Editions Slatkine, 1997.<\/p>\n<p>Favier J., <i>Dictionnaire De La France M\u00e9di\u00e9vale<\/i>. Paris, Fayard, 1993.<\/p>\n<p>Gauvard C. De Libera A, Zink M., <i>Dictionnaire Du Moyen \u00c2ge<\/i>. Paris, 2e \u00e9dition. Presses Universitaires De France, 2004.<\/p>\n<p>&nbsp;<\/p>\n<p>Contexte g\u00e9n\u00e9ral:<\/p>\n<p>Allmand C., La guerre de Cent Ans. Paris, Payait, 1989.<\/p>\n<p>Boucheron P, Delalande N, Mazel F, Potin Y, Singarave\u0301lou P., <i>Histoire Mondiale De La France<\/i>. Points, 2018.<\/p>\n<p>Bourquin L., <i>La France au XVIe si\u00e8cle (1483-1610<\/i>), Belin Paris, 2007.<\/p>\n<p>Bove B, Biget J-L. Cornette J., <i>Le Temps De La Guerre De Cent Ans 1328-1453<\/i>. Belin, Paris, 2014.<\/p>\n<p>Cassan M., La France au XVI, Paris, Armand Colin, 2005.<\/p>\n<p>Cassard J-C. Biget J-L., <i>L&rsquo;\u00e2ge D&rsquo;or Cap\u00e9tien 1180-1328<\/i>. Belin, Paris, 2014.<\/p>\n<p>Carpentier E. Le Mene E., <i>La France du XIe au XVe. Populations, soci\u00e9t\u00e9, \u00e9conomie<\/i>. Paris, PUF, 2000.<\/p>\n<p>Chedeville A. Le Goff J. Rossiaud J.,<i> La ville en France au Moyen Age<\/i>. Paris, Le Seuil, 1988.<\/p>\n<p>Chevalier B., <i>Les bonnes villes de France du XIVe au XVIe si\u00e8cle, Paris, Aubier, 1982<\/i><\/p>\n<p>Cuvillier J-P., <i>Histoire De L&rsquo;Europe Occidentale Au Moyen A\u0302ge IVe Sie\u0300cle-de\u0301but Du XVIe Sie\u0300cle<\/i>. Paris, Editions Ellipses, 1996.<\/p>\n<p>Fauquier M., <i>Une Histoire De L&rsquo;Europe Aux Sources De Notre Monde<\/i>. Monaco, \u00c9ditions Du Rocher, 2018.<\/p>\n<p>Gauvard C., <i>La France Au Moyen \u00c2ge Du Ve Au XVe Si\u00e8cle<\/i>. Paris, 4e \u00e9dition. Presses Universitaires De France \/ Humensis, 2019.<\/p>\n<p>Heers J., <i>La ville au Moyen \u00c2ge<\/i>. Paris, Fayard,1990.<\/p>\n<p>Lemas N., <i>La Guerre De Cent Ans<\/i>. Paris, Armand Colin, 2017.<\/p>\n<p>&nbsp;<\/p>\n<p>R\u00e9gion \/ comte de toulouse:<\/p>\n<p>Dossat Y, Lemasson A-M, Wolff P., <i>Le Languedoc et le Rouergue dans le tr\u00e9sor des Chartes<\/i>. Paris, Comit\u00e9 des travaux historiques et scientifiques,1983.<\/p>\n<p>Dupuy A., <i>Histoire Chronologique De La Civilisation Occitane, tome 1, Des origines \u00e0 1599 L\u2019Occitanie \u00e0 la recherche d\u2019elle-m\u00eame<\/i>. Gen\u00e8ve, \u00c9ditions Slatkine, 1980.<\/p>\n<p>Enjalbert H, Cholvy G., <i>Histoire du Rouergue, univers de la France et des pays francophones<\/i>. Toulouse, \u00c9ditions Privat, 1979.<\/p>\n<p>&nbsp;<\/p>\n<p>Guery A., \u201cLa population du Rouergue de la fin du Moyen \u00c2ge au XVIIIe si\u00e8cle.\u201d <i>Annales. \u00c9conomies, Soci\u00e9t\u00e9s, Civilisations<\/i>. 28\u1d49 ann\u00e9e, N. 6, 1973. pp. 1555-1576.<\/p>\n<p>Luquet-Juillet J., <i>Occitanie terre de fatalit\u00e9 (<\/i>tome II: H\u00e9r\u00e9tiques et Inquisiteurs). Paris, \u00c9dition Dervy, 2000.<\/p>\n<p>&nbsp;<\/p>\n<p>Molinier A., \u201cLa s\u00e9n\u00e9chauss\u00e9e de Rouergue en 1341\u201d. <i>Biblioth\u00e8que de l&rsquo;\u00e9cole des chartes<\/i>. 1883, tome 44. pp. 452-488.<\/p>\n<p>&nbsp;<\/p>\n<p>Les bastides:<\/p>\n<p><a href=\"http:\/\/vdr.opac3d.fr\/search.php?lookfor=%22Alary%2C+Bernard%22&amp;type=author\">Alary<\/a> B. <a href=\"http:\/\/vdr.opac3d.fr\/search.php?lookfor=%22Marlhiac%2C+Pierre-Marie%22&amp;type=author\">Marlhiac<\/a> P-M., <a href=\"http:\/\/vdr.opac3d.fr\/search.php?action=Record&amp;id=vdr_DOC00035856&amp;num=&amp;total=&amp;searchid=5db1696bf0e74\"><i>Sauveterre de Rouergue : Bastide Royale, Bonne ville, Bastion r\u00e9publicain<\/i><\/a>, Toulouse, \u00c9ditions A.S.S.A.S.<\/p>\n<p>Assassin S. Dumont B., <i>Bastide du Rouergue<\/i>, Toulouse, \u00c9ditions Diagrams, 1991.<\/p>\n<p>Bernard G., <i>Bastide du Sud-Ouest<\/i>, Toulouse, \u00c9ditions Privat, 1990<\/p>\n<p>Bernard G., \u201cG\u00e9ographie historique des bastides\u201d. <i>Revue g\u00e9ographique des Pyr\u00e9n\u00e9es et du Sud-Ouest<\/i>, tome 56, fascicule 3, 1985. pp. 353-362.<\/p>\n<p>Bernard G., <i>L\u2019aventure des Bastides<\/i>, Toulouse, \u00c9ditions privat, 1993.<\/p>\n<p>Marfaing J-L., <i>A la d\u00e9couverte des Bastides du Sud-ouest<\/i>, Toulouse, \u00c9ditions Loubati\u00e8res, 2008.<\/p>\n<p>Saint-Blanquat <i>Odon., \u201cComment se sont cr\u00e9\u00e9es les bastides du Sud-Ouest de la France\u201d<\/i>. Annales<i>. \u00c9conomies, Soci\u00e9t\u00e9s, Civilisations<\/i>. 4\u1d49 ann\u00e9e, N. 3, 1949. pp. 278-289.<\/p>\n<p>&nbsp;<\/p>\n<p>Villefranche de Rouergue:<\/p>\n<p>&nbsp;<\/p>\n<p>Ancourt A., <i>Villefranche, ville fortifi\u00e9e, Pour le pays d\u2019Oc<\/i>, Rodez, , 1980.<\/p>\n<p>Bernard G., \u201cH\u00e9riter d&rsquo;une bastide: le cas de Villefranche-de-Rouergue\u201d. <i>Revue g\u00e9ographique des Pyr\u00e9n\u00e9es et du Sud-Ouest<\/i>, tome 50, fascicule 4, 1979 pp. 563-575.<\/p>\n<p>Bernard G. Cavagnac G., <i>Villefranche de Rouergue: Histoire et g\u00e9nie du lieu.<\/i> Toulouse, \u00c9ditions Privat, 1991.<\/p>\n<p>Bernard G., <i>Organisation et am\u00e9nagement de l&rsquo;espace \u00e0 Villefranche-de-Rouergue<\/i>, Paris, Presse universitaire Paris IV, 1978.<\/p>\n<p>Evrard C., <i>Ville de Villefranche-de-Rouergue et Grapho 12 Imprimeur, <\/i>2002.<\/p>\n<p>Gutierrez F,\u00a0 Bonnet G., <i>Spicil\u00e8ge Villefranchois. Les chartes de 1256 et 1369<\/i>, <i>Pages\u00a0 d\u2019Histoire du Bas &#8211; Rouergue<\/i>, Soci\u00e9t\u00e9 des Amis de Villefranche et du Bas-Rouergue, Villefranche de Rouergue, 2012, p 8- 50.<\/p>\n<p>Lamotte M, Ancourt A., <i>Promenades Villefranchoises \u2013 Histoire cursive d\u2019une cit\u00e9<\/i>. Villefranche de Rouergue, Salingardes, 1956.<\/p>\n<p>Soci\u00e9t\u00e9 des Amis de Villefranche et du Bas-Rouergue, <i>Chemin de Saint Jacques et Bas-Rouergue<\/i>, Villefranche de Rouergue, Soci\u00e9t\u00e9 des Amis de Villefranche de Rouergue, 1993.<\/p>\n<p>Soci\u00e9t\u00e9 des Amis de Villefranche et du Bas-Rouergue. <i>Villefranche-de-Rouergue, Carrefour de la Haute-Guyenne et du Haut-Languedoc<\/i>, Soci\u00e9t\u00e9 des Amis de Villefranche et du Bas-Rouergue, 1995.<\/p>\n<p>&nbsp;<\/p>\n<p>Sitographie:<\/p>\n<p>Site officiel de la mairie de Villefranche de Rouergue, http:\/\/www.villefranchederouergue.fr\/spip.php?rubrique46<\/p>\n","protected":false},"excerpt":{"rendered":"<p>Bibliographie Villefranche de Rouergue Outils: Dupuy A., Encyclop\u00e9die occitane. Gen\u00e8ve, Editions Slatkine, 1997. Favier J., Dictionnaire De La France M\u00e9di\u00e9vale. Paris, Fayard, 1993. Gauvard C. De Libera A, Zink M., Dictionnaire Du Moyen \u00c2ge. Paris, 2e \u00e9dition. Presses Universitaires De France, 2004. &nbsp; Contexte g\u00e9n\u00e9ral: Allmand C., La guerre de Cent Ans. Paris, Payait, 1989. &hellip; <\/p>\n<p class=\"link-more\"><a href=\"https:\/\/blogs.univ-jfc.fr\/vphn\/bibliographie-vdr\/\" class=\"more-link\">Continuer la lecture<span class=\"screen-reader-text\"> de &laquo;&nbsp;Bibliographie VDR&nbsp;&raquo;<\/span><\/a><\/p>\n","protected":false},"author":575,"featured_media":0,"parent":0,"menu_order":0,"comment_status":"closed","ping_status":"closed","template":"","meta":[],"_links":{"self":[{"href":"https:\/\/blogs.univ-jfc.fr\/vphn\/wp-json\/wp\/v2\/pages\/7340"}],"collection":[{"href":"https:\/\/blogs.univ-jfc.fr\/vphn\/wp-json\/wp\/v2\/pages"}],"about":[{"href":"https:\/\/blogs.univ-jfc.fr\/vphn\/wp-json\/wp\/v2\/types\/page"}],"author":[{"embeddable":true,"href":"https:\/\/blogs.univ-jfc.fr\/vphn\/wp-json\/wp\/v2\/users\/575"}],"replies":[{"embeddable":true,"href":"https:\/\/blogs.univ-jfc.fr\/vphn\/wp-json\/wp\/v2\/comments?post=7340"}],"version-history":[{"count":1,"href":"https:\/\/blogs.univ-jfc.fr\/vphn\/wp-json\/wp\/v2\/pages\/7340\/revisions"}],"predecessor-version":[{"id":7341,"href":"https:\/\/blogs.univ-jfc.fr\/vphn\/wp-json\/wp\/v2\/pages\/7340\/revisions\/7341"}],"wp:attachment":[{"href":"https:\/\/blogs.univ-jfc.fr\/vphn\/wp-json\/wp\/v2\/media?parent=7340"}],"curies":[{"name":"wp","href":"https:\/\/api.w.org\/{rel}","templated":true}]}}