{"id":7376,"date":"2020-03-03T22:15:58","date_gmt":"2020-03-03T21:15:58","guid":{"rendered":"http:\/\/blogs.univ-jfc.fr\/vphn\/?page_id=7376"},"modified":"2020-03-06T16:23:54","modified_gmt":"2020-03-06T15:23:54","slug":"lecole-royale-militaire-de-soreze-1776-1793-2020","status":"publish","type":"page","link":"https:\/\/blogs.univ-jfc.fr\/vphn\/patrimoine-et-sites-remarquables\/lecole-royale-militaire-de-soreze-1776-1793-2020\/","title":{"rendered":"L\u2019\u00c9COLE ROYALE MILITAIRE DE SOR\u00c8ZE (1776-1793) [2020]"},"content":{"rendered":"<p style=\"text-align: left\"><a href=\"https:\/\/sites.google.com\/view\/definitions-au-blog-de-vphn-20\/accueil\/personnages\/louis-xv\">Louis XV<\/a> d\u00e9cide en 1751, de cr\u00e9er une \u00e9cole d\u2019officiers \u00e0 Paris car il est inquiet face au niveau de ses officiers. En effet, la France vient de se faire battre par la Prusse et l&rsquo;Angleterre lors de la <a href=\"https:\/\/sites.google.com\/view\/definitions-au-blog-de-vphn-20\/accueil\/lautriche\/guerre-de-succession-dautriche\">guerre de succession d&rsquo;Autriche<\/a>. Cette \u00e9cole va principalement accueillir des enfants de la noblesse pour assurer un enseignement de base aux officiers jug\u00e9 insuffisant pour l\u2019\u00e9poque. Vingt-trois ans plus tard, en 1776, l\u2019\u00e9cole est jug\u00e9e trop co\u00fbteuse et <a href=\"https:\/\/sites.google.com\/view\/definitions-au-blog-de-vphn-20\/accueil\/personnages\/louis-xvi\">Louis XVI<\/a> d\u00e9cide alors de la faire fermer. Pour compenser cette fermeture, le <a href=\"https:\/\/sites.google.com\/view\/definitions-au-blog-de-vphn-20\/accueil\/personnages\/comte-de-saint-germain\">comte de Saint-Germain<\/a>, secr\u00e9taire d\u2019Etat fran\u00e7ais \u00e0 la guerre, d\u00e9cide de transformer des \u00e9tablissements religieux en <a href=\"https:\/\/sites.google.com\/view\/definitions-au-blog-de-vphn-20\/accueil\/ecole-royale-militaire\">\u00e9coles royales militaires<\/a>. Il y cr\u00e9e donc douze \u00e9coles qui sont ouvertes en province dont l\u2019\u00e9cole des <a href=\"https:\/\/sites.google.com\/view\/definitions-au-blog-de-vphn-20\/accueil\/personnages\/b\u00e9n\u00e9dictins-et-mauristes\">B\u00e9n\u00e9dictins mauristes<\/a> de Sor\u00e8ze qui ouvre en mars 1776.<\/p>\n<figure id=\"attachment_7377\" aria-describedby=\"caption-attachment-7377\" style=\"width: 300px\" class=\"wp-caption alignright\"><img loading=\"lazy\" class=\"size-medium wp-image-7377\" src=\"http:\/\/blogs.univ-jfc.fr\/vphn\/wp-content\/uploads\/sites\/65\/2020\/03\/fa\u00e7ade-de-l\u00e9cole-royale-militaire-de-Sor\u00e8ze-300x251.jpg\" alt=\"\" width=\"300\" height=\"251\" srcset=\"https:\/\/blogs.univ-jfc.fr\/vphn\/wp-content\/uploads\/sites\/65\/2020\/03\/fa\u00e7ade-de-l\u00e9cole-royale-militaire-de-Sor\u00e8ze-300x251.jpg 300w, https:\/\/blogs.univ-jfc.fr\/vphn\/wp-content\/uploads\/sites\/65\/2020\/03\/fa\u00e7ade-de-l\u00e9cole-royale-militaire-de-Sor\u00e8ze-768x641.jpg 768w, https:\/\/blogs.univ-jfc.fr\/vphn\/wp-content\/uploads\/sites\/65\/2020\/03\/fa\u00e7ade-de-l\u00e9cole-royale-militaire-de-Sor\u00e8ze-1024x855.jpg 1024w\" sizes=\"(max-width: 300px) 100vw, 300px\" \/><figcaption id=\"caption-attachment-7377\" class=\"wp-caption-text\">Photographie de l&rsquo;entr\u00e9e des \u00e9l\u00e8ves de Sor\u00e8ze prise par Tom Giraux et Bruno Douls<\/figcaption><\/figure>\n<p style=\"text-align: left\">L\u2019abbaye <a href=\"https:\/\/sites.google.com\/view\/definitions-au-blog-de-vphn-20\/accueil\/personnages\/b\u00e9n\u00e9dictins-et-mauristes\">b\u00e9n\u00e9dictine<\/a> de Sor\u00e8ze fond\u00e9e dans le sud du Tarn actuelle, au VIII<sup>\u00e8me<\/sup> si\u00e8cle, devient l\u2019une des douze <a href=\"https:\/\/sites.google.com\/view\/definitions-au-blog-de-vphn-20\/accueil\/ecole-royale-militaire\">\u00e9coles royales militaires<\/a> du royaume en 1776.\u00a0L\u2019\u00e9cole de Sor\u00e8ze est certainement l&rsquo;\u00e9cole o\u00f9 la noblesse est la moins repr\u00e9sent\u00e9e, en comparaison avec les onze autres \u00e9coles. On constate que lors des premi\u00e8res ann\u00e9es de l\u2019\u00e9cole, presque tous les \u00e9l\u00e8ves sont issus du dioc\u00e8se de Lavaur et de certaines villes dans un rayon de cinquante \u00e0 soixante kilom\u00e8tres (Albi, Castres, Toulouse et Carcassonne).<\/p>\n<figure id=\"attachment_7383\" aria-describedby=\"caption-attachment-7383\" style=\"width: 300px\" class=\"wp-caption alignleft\"><img loading=\"lazy\" class=\"size-medium wp-image-7383\" src=\"http:\/\/blogs.univ-jfc.fr\/vphn\/wp-content\/uploads\/sites\/65\/2020\/03\/20191214_150643-300x225.jpg\" alt=\"\" width=\"300\" height=\"225\" srcset=\"https:\/\/blogs.univ-jfc.fr\/vphn\/wp-content\/uploads\/sites\/65\/2020\/03\/20191214_150643-300x225.jpg 300w, https:\/\/blogs.univ-jfc.fr\/vphn\/wp-content\/uploads\/sites\/65\/2020\/03\/20191214_150643-768x576.jpg 768w, https:\/\/blogs.univ-jfc.fr\/vphn\/wp-content\/uploads\/sites\/65\/2020\/03\/20191214_150643-1024x768.jpg 1024w\" sizes=\"(max-width: 300px) 100vw, 300px\" \/><figcaption id=\"caption-attachment-7383\" class=\"wp-caption-text\">Photographie d&rsquo;une maquette repr\u00e9sentant (en sombre) l&rsquo;\u00e9cole royale militaire du reste du village (en clair) par Tom Giraux et Bruno Douls<\/figcaption><\/figure>\n<p style=\"text-align: left\">Entre la fin des ann\u00e9es 1770 et les ann\u00e9es 1780, c\u2019est l&rsquo;ensemble du Languedoc qui arrive vers Sor\u00e8ze puis d\u2019Europe et du reste du monde. Ces \u00e9trangers ne sont pas nombreux, mais illustrent cependant bien le prestige et la renomm\u00e9e de l\u2019\u00e9cole de Sor\u00e8ze \u00e0 l&rsquo;international. Les \u00e9l\u00e8ves \u00e9taient principalement des internes, certains n\u2019avaient que six ans \u00e0 leur entr\u00e9e et d\u2019autres pouvaient obtenir des bourses du roi.<\/p>\n<p>&nbsp;<\/p>\n<figure id=\"attachment_7381\" aria-describedby=\"caption-attachment-7381\" style=\"width: 120px\" class=\"wp-caption alignright\"><img loading=\"lazy\" class=\" wp-image-7381\" src=\"http:\/\/blogs.univ-jfc.fr\/vphn\/wp-content\/uploads\/sites\/65\/2020\/03\/20191214_150759-2-126x300.jpg\" alt=\"\" width=\"120\" height=\"286\" srcset=\"https:\/\/blogs.univ-jfc.fr\/vphn\/wp-content\/uploads\/sites\/65\/2020\/03\/20191214_150759-2-126x300.jpg 126w, https:\/\/blogs.univ-jfc.fr\/vphn\/wp-content\/uploads\/sites\/65\/2020\/03\/20191214_150759-2-768x1823.jpg 768w, https:\/\/blogs.univ-jfc.fr\/vphn\/wp-content\/uploads\/sites\/65\/2020\/03\/20191214_150759-2-431x1024.jpg 431w, https:\/\/blogs.univ-jfc.fr\/vphn\/wp-content\/uploads\/sites\/65\/2020\/03\/20191214_150759-2.jpg 1350w\" sizes=\"(max-width: 120px) 100vw, 120px\" \/><figcaption id=\"caption-attachment-7381\" class=\"wp-caption-text\">Photographie d&rsquo;une repr\u00e9sentation de l&rsquo;uniforme du XVIII<sup>\u00e8me<\/sup> si\u00e8cle prise par Tom Giraux et Bruno Douls<\/figcaption><\/figure>\n<p style=\"text-align: left\">Tout d\u2019abord, afin d\u2019\u00eatre accept\u00e9s au sein de l\u2019\u00e9cole, les familles devaient fournir pour leurs enfants quelques \u00e9l\u00e9ments comme l\u2019uniforme complet, c\u2019est-\u00e0-dire : un habit de drap bleu aux parements rouge et bleu, avec boutons blancs. En contrepartie, les familles avaient la garantie que leurs enfants soient log\u00e9s dans une chambre individuelle, soient nourris et enfin qu\u2019ils aient des ma\u00eetres dans chacune des disciplines. Ces nouveaux \u00e9l\u00e8ves issus de tous horizons doivent d\u00e8s lors suivre un r\u00e8glement pr\u00e9cis. \u00c0 l\u2019ouverture de l\u2019abbaye, le r\u00e8glement datant du 28 mars 1776 a \u00e9t\u00e9 \u00e9crit par le <a href=\"https:\/\/sites.google.com\/view\/definitions-au-blog-de-vphn-20\/accueil\/personnages\/comte-de-saint-germain\">comte de Saint-Germain<\/a>, sur un plan d\u2019\u00e9ducation militaire bas\u00e9 sur le physique comme par exemple, l\u2019hygi\u00e8ne de vie qui est particuli\u00e8rement accrue, mais \u00e9galement la \u00ab\u00a0morale\u00a0\u00bb avec l\u2019instruction des lettres et des sciences.<\/p>\n<p>&nbsp;<\/p>\n<p>La journ\u00e9e type d\u2019un Sor\u00e9zien se d\u00e9roule en alternant cours, pri\u00e8re, \u00e9tude et repas depuis 5 h 30 le matin jusqu\u2019au coucher \u00e0 19 h 30 pendant six jours, alors que dans les onze autres \u00e9coles royales militaires le d\u00e9roulement des journ\u00e9es n\u2019est pas exactement le m\u00eame (journ\u00e9es plus courtes ou journ\u00e9es de repos suppl\u00e9mentaires). En effet le r\u00e8glement mis en place dans l\u2019\u00e9cole ainsi que le rythme des journ\u00e9es rel\u00e8vent d\u2019un corps professoral nouveau.<\/p>\n<p>Dans l\u2019\u00e9tablissement, on d\u00e9nombre vingt-cinq religieux, principalement les Mauristes lors de la cr\u00e9ation cependant ils n\u2019enseignent pas tous, certains ont pour charge la pri\u00e8re ou encore l\u2019entretien du site. Les responsables des classes sup\u00e9rieures et les professeurs de physique et d\u2019histoire naturelle sont tous des religieux (douze au total). Il y a \u00e9galement cinq ma\u00eetres externes qui sont des s\u00e9culiers et ont la responsabilit\u00e9 des classes de fran\u00e7ais, de latin, de lecture et de grammaire \u00e9l\u00e9mentaire, qui \u00e9tait alors tr\u00e8s en pointe pour l&rsquo;\u00e9poque. Cependant, les \u00e9l\u00e8ves apprenaient \u00e0 lire en fran\u00e7ais et non plus en latin. Les ma\u00eetres externes ont \u00e9galement la charge de responsable de classe de 7<sup>\u00e8me<\/sup>, 6<sup>\u00e8me<\/sup> et 5<sup>\u00e8me<\/sup>. Les math\u00e9matiques, la fortification et la topographie, sont enseign\u00e9es par trois ma\u00eetres la\u00efcs. De plus, sont pr\u00e9sents trois ma\u00eetres de langues vivantes, huit pour la musique, trois de dessein\/peinture, trois d\u2019escrime, trois de danse et un ma\u00eetre d\u2019\u00e9quitation.<\/p>\n<p>En somme, le corps professoral est compos\u00e9 de quarante-six enseignants provenant dans un premier temps de la r\u00e9gion de Sor\u00e8ze, puis de la France et enfin de l\u2019Europe enti\u00e8re suivant ainsi l\u2019\u00e9largissement du recrutement des \u00e9l\u00e8ves. De plus, l\u2019enseignement propos\u00e9 aux \u00e9l\u00e8ves est \u00ab\u00a0un enseignement \u00e0 la carte\u00a0\u00bb et si chaque \u00e9l\u00e8ve re\u00e7oit une base de connaissances g\u00e9n\u00e9rales, il peut, dans son emploi du temps personnel, \u00e9tudier les mati\u00e8res de son choix. Une base commune, des options et des \u00ab groupes de niveaux \u00bb, voil\u00e0 l\u2019originalit\u00e9 de Sor\u00e8ze.<\/p>\n<figure id=\"attachment_7382\" aria-describedby=\"caption-attachment-7382\" style=\"width: 300px\" class=\"wp-caption alignleft\"><img loading=\"lazy\" class=\"size-medium wp-image-7382\" src=\"http:\/\/blogs.univ-jfc.fr\/vphn\/wp-content\/uploads\/sites\/65\/2020\/03\/20191214_153032-300x225.jpg\" alt=\"\" width=\"300\" height=\"225\" srcset=\"https:\/\/blogs.univ-jfc.fr\/vphn\/wp-content\/uploads\/sites\/65\/2020\/03\/20191214_153032-300x225.jpg 300w, https:\/\/blogs.univ-jfc.fr\/vphn\/wp-content\/uploads\/sites\/65\/2020\/03\/20191214_153032-768x576.jpg 768w, https:\/\/blogs.univ-jfc.fr\/vphn\/wp-content\/uploads\/sites\/65\/2020\/03\/20191214_153032-1024x768.jpg 1024w\" sizes=\"(max-width: 300px) 100vw, 300px\" \/><figcaption id=\"caption-attachment-7382\" class=\"wp-caption-text\">Photographie d&rsquo;une salle de classe de 20 places maximum prise par Tom Giraux et Bruno Douls<\/figcaption><\/figure>\n<p>Les \u00e9l\u00e8ves ont presque des cours particuliers en ce qui concerne les enseignements suppl\u00e9mentaires : vingt \u00e9l\u00e8ves maximum. En ce qui concerne le tronc commun, les classes montent jusqu\u2019\u00e0 un effectif de soixante-dix. De plus, les \u00e9l\u00e8ves avaient acc\u00e8s \u00e0 un enseignement \u00ab professionnel \u00bb comprenant la navigation, l\u2019agriculture, l\u2019arpentage et la lev\u00e9e des plans ainsi que l\u2019architecture (construction, d\u00e9coration, distribution) et le dessin.<\/p>\n<p>L\u2019abbaye-\u00e9cole de Sor\u00e8ze reste n\u00e9anmoins la r\u00e9f\u00e9rence en tant qu\u2019\u00e9cole novatrice lorsque l\u2019on parle d\u2019<a href=\"https:\/\/sites.google.com\/view\/definitions-au-blog-de-vphn-20\/accueil\/ecole-royale-militaire\">\u00e9cole royale militaire<\/a> puisqu\u2019elle met en place un enseignement avant-gardiste tout en conservant les codes d\u2019une \u00e9cole royale militaire classique. Elle est novatrice de par son recrutement qui ne s\u2019arr\u00eate pas aux fronti\u00e8res de la France. L\u2019\u00e9cole royale militaire de Sor\u00e8ze met \u00e9galement en place un r\u00e8glement qui lui est propre gr\u00e2ce aux <a href=\"https:\/\/sites.google.com\/view\/definitions-au-blog-de-vphn-20\/accueil\/personnages\/b\u00e9n\u00e9dictins-et-mauristes\">b\u00e9n\u00e9dictins<\/a>. Le r\u00e8glement nous d\u00e9montre \u00e0 quel point la vie d\u2019un Sor\u00e9zien est bien diff\u00e9rente des onze autres \u00e9coles. Enfin, Sor\u00e8ze se r\u00e9v\u00e8le \u00eatre un pionnier de l\u2019enseignement car celle-ci met en \u0153uvre et dispose d\u2019un corps professoral nouveau. En outre ces nouveaux professeurs pratiquent et apprennent aux \u00e9l\u00e8ves un enseignement que l\u2019on pourrait qualifier de \u201cmoderniste\u201d.<\/p>\n<p>Cependant, l\u2019<a href=\"https:\/\/sites.google.com\/view\/definitions-au-blog-de-vphn-20\/accueil\/ecole-royale-militaire\">\u00e9cole royale militaire<\/a> de Sor\u00e8ze ne se situe pas dans un ph\u00e9nom\u00e8ne de continuit\u00e9, car celle-ci ferme ses portes en 1793 \u00e0 la suite de la suppression des <a href=\"https:\/\/sites.google.com\/view\/definitions-au-blog-de-vphn-20\/accueil\/ecole-royale-militaire\">\u00e9coles royales militaires<\/a>. N\u00e9anmoins l\u2019\u00e9cole a marqu\u00e9 les consciences et a fait preuve d\u2019une tr\u00e8s grande renomm\u00e9e de 1776 \u00e0 1793. Ce qui lui vaudra d\u2019\u00eatre parmi les meilleurs coll\u00e8ges de France durant le XIX<sup>\u00e8me<\/sup> si\u00e8cle.<\/p>\n<p>&nbsp;<\/p>\n<hr \/>\n<p>&nbsp;<\/p>\n<p><strong>Compl\u00e9ments d&rsquo;informations:\u00a0<\/strong><\/p>\n<p>Cabourdin G. Viard G., <em>Lexique historique de la France d\u2019Ancien R\u00e9gime<\/em>, 1998,Armand Colin, Domont;<\/p>\n<p>Bely L., <em>Dictionnaire de l\u2019Ancien R\u00e9gime<\/em>, 1996, PUF, Paris;<\/p>\n<p>Bluche F., <em>Dictionnaire du Grand Si\u00e8cle<\/em>, 1990, Fayard, Ligug\u00e9;<\/p>\n<p>H\u00e9lie J., <em>Petit Atlas historique des Temps modernes<\/em>, 2016 ( 3<sup>\u00e8me<\/sup> ed.),Armand Colin, Paris;<\/p>\n<p>Munier M-O., <em>Sor\u00e8ze\u00a0: une abbaye, une \u00e9cole, un joyau du patrimoine\u00a0 de Midi-Pyr\u00e9n\u00e9es<\/em>, 2011, Presse universitaire de Toulouse;<\/p>\n<p>Munier M-O., <em>L\u2019abbaye-\u00e9cole de Sor\u00e8ze<\/em>, 2002, Albi;<\/p>\n<p>Pousthomis-Dalle N., <em>L\u2019abbaye et le coll\u00e8ge de Sor\u00e8ze aux XVII\u00e8me et XVIII\u00e8me si\u00e8cle<\/em>, 1985, Paris, Soci\u00e9t\u00e9 fran\u00e7aise d\u2019Arch\u00e9ologie.<\/p>\n<hr \/>\n<p><strong>Site web annexe:<\/strong><\/p>\n<p><a href=\"https:\/\/sites.google.com\/view\/definitions-au-blog-de-vphn-20\">https:\/\/sites.google.com\/view\/definitions-au-blog-de-vphn-20<\/a><\/p>\n","protected":false},"excerpt":{"rendered":"<p>Louis XV d\u00e9cide en 1751, de cr\u00e9er une \u00e9cole d\u2019officiers \u00e0 Paris car il est inquiet face au niveau de ses officiers. En effet, la France vient de se faire battre par la Prusse et l&rsquo;Angleterre lors de la guerre de succession d&rsquo;Autriche. Cette \u00e9cole va principalement accueillir des enfants de la noblesse pour assurer &hellip; <\/p>\n<p class=\"link-more\"><a href=\"https:\/\/blogs.univ-jfc.fr\/vphn\/patrimoine-et-sites-remarquables\/lecole-royale-militaire-de-soreze-1776-1793-2020\/\" class=\"more-link\">Continuer la lecture<span class=\"screen-reader-text\"> de &laquo;&nbsp;L\u2019\u00c9COLE ROYALE MILITAIRE DE SOR\u00c8ZE (1776-1793) [2020]&nbsp;&raquo;<\/span><\/a><\/p>\n","protected":false},"author":613,"featured_media":7380,"parent":30,"menu_order":0,"comment_status":"closed","ping_status":"closed","template":"","meta":[],"_links":{"self":[{"href":"https:\/\/blogs.univ-jfc.fr\/vphn\/wp-json\/wp\/v2\/pages\/7376"}],"collection":[{"href":"https:\/\/blogs.univ-jfc.fr\/vphn\/wp-json\/wp\/v2\/pages"}],"about":[{"href":"https:\/\/blogs.univ-jfc.fr\/vphn\/wp-json\/wp\/v2\/types\/page"}],"author":[{"embeddable":true,"href":"https:\/\/blogs.univ-jfc.fr\/vphn\/wp-json\/wp\/v2\/users\/613"}],"replies":[{"embeddable":true,"href":"https:\/\/blogs.univ-jfc.fr\/vphn\/wp-json\/wp\/v2\/comments?post=7376"}],"version-history":[{"count":8,"href":"https:\/\/blogs.univ-jfc.fr\/vphn\/wp-json\/wp\/v2\/pages\/7376\/revisions"}],"predecessor-version":[{"id":8448,"href":"https:\/\/blogs.univ-jfc.fr\/vphn\/wp-json\/wp\/v2\/pages\/7376\/revisions\/8448"}],"up":[{"embeddable":true,"href":"https:\/\/blogs.univ-jfc.fr\/vphn\/wp-json\/wp\/v2\/pages\/30"}],"wp:featuredmedia":[{"embeddable":true,"href":"https:\/\/blogs.univ-jfc.fr\/vphn\/wp-json\/wp\/v2\/media\/7380"}],"wp:attachment":[{"href":"https:\/\/blogs.univ-jfc.fr\/vphn\/wp-json\/wp\/v2\/media?parent=7376"}],"curies":[{"name":"wp","href":"https:\/\/api.w.org\/{rel}","templated":true}]}}