{"id":7550,"date":"2020-03-05T11:07:49","date_gmt":"2020-03-05T10:07:49","guid":{"rendered":"http:\/\/blogs.univ-jfc.fr\/vphn\/?page_id=7550"},"modified":"2020-03-05T22:51:27","modified_gmt":"2020-03-05T21:51:27","slug":"larrete-municipal-de-1785","status":"publish","type":"page","link":"https:\/\/blogs.univ-jfc.fr\/vphn\/larrete-municipal-de-1785\/","title":{"rendered":"L&rsquo;arr\u00eat\u00e9 municipal de 1785"},"content":{"rendered":"<p align=\"justify\">En 1785, le conseil politique multipliait les r\u00e9formes dont les cons\u00e9quences s\u2019av\u00e9raient pesantes pour les villageois (r\u00e9glementation stricte au niveau de l\u2019utilisation des terres : interdiction de faire p\u00e2turer les brebis (car trop consommatrices d\u2019herbe) ; m\u00eame chose pour la for\u00eat : interdiction de ramasser le bois sans autorisation pr\u00e9alable vers un commissaire sp\u00e9cialement nomm\u00e9, s\u00e9v\u00e8res r\u00e9pressions pour le braconnage,\u2026).<\/p>\n<p align=\"justify\">Toutes ces r\u00e9glementations et pratiques prohib\u00e9es d\u00e8s 1785, pouvaient attribuer de lourdes sanctions telle qu\u2019une amende de plusieurs livres et\/ou d\u2019<b>une peine d\u2019emprisonnement <\/b><b>au ch\u00e2teau<\/b>.<\/p>\n","protected":false},"excerpt":{"rendered":"<p>En 1785, le conseil politique multipliait les r\u00e9formes dont les cons\u00e9quences s\u2019av\u00e9raient pesantes pour les villageois (r\u00e9glementation stricte au niveau de l\u2019utilisation des terres : interdiction de faire p\u00e2turer les brebis (car trop consommatrices d\u2019herbe) ; m\u00eame chose pour la for\u00eat : interdiction de ramasser le bois sans autorisation pr\u00e9alable vers un commissaire sp\u00e9cialement nomm\u00e9, &hellip; <\/p>\n<p class=\"link-more\"><a href=\"https:\/\/blogs.univ-jfc.fr\/vphn\/larrete-municipal-de-1785\/\" class=\"more-link\">Continuer la lecture<span class=\"screen-reader-text\"> de &laquo;&nbsp;L&rsquo;arr\u00eat\u00e9 municipal de 1785&nbsp;&raquo;<\/span><\/a><\/p>\n","protected":false},"author":711,"featured_media":0,"parent":0,"menu_order":0,"comment_status":"closed","ping_status":"closed","template":"","meta":[],"_links":{"self":[{"href":"https:\/\/blogs.univ-jfc.fr\/vphn\/wp-json\/wp\/v2\/pages\/7550"}],"collection":[{"href":"https:\/\/blogs.univ-jfc.fr\/vphn\/wp-json\/wp\/v2\/pages"}],"about":[{"href":"https:\/\/blogs.univ-jfc.fr\/vphn\/wp-json\/wp\/v2\/types\/page"}],"author":[{"embeddable":true,"href":"https:\/\/blogs.univ-jfc.fr\/vphn\/wp-json\/wp\/v2\/users\/711"}],"replies":[{"embeddable":true,"href":"https:\/\/blogs.univ-jfc.fr\/vphn\/wp-json\/wp\/v2\/comments?post=7550"}],"version-history":[{"count":2,"href":"https:\/\/blogs.univ-jfc.fr\/vphn\/wp-json\/wp\/v2\/pages\/7550\/revisions"}],"predecessor-version":[{"id":7667,"href":"https:\/\/blogs.univ-jfc.fr\/vphn\/wp-json\/wp\/v2\/pages\/7550\/revisions\/7667"}],"wp:attachment":[{"href":"https:\/\/blogs.univ-jfc.fr\/vphn\/wp-json\/wp\/v2\/media?parent=7550"}],"curies":[{"name":"wp","href":"https:\/\/api.w.org\/{rel}","templated":true}]}}