{"id":7595,"date":"2020-03-05T15:26:51","date_gmt":"2020-03-05T14:26:51","guid":{"rendered":"http:\/\/blogs.univ-jfc.fr\/vphn\/?page_id=7595"},"modified":"2020-03-05T22:54:39","modified_gmt":"2020-03-05T21:54:39","slug":"creneau","status":"publish","type":"page","link":"https:\/\/blogs.univ-jfc.fr\/vphn\/creneau\/","title":{"rendered":"Cr\u00e9neau"},"content":{"rendered":"<p align=\"justify\">Le cr\u00e9neau est une ouverture pratiqu\u00e9e en haut des remparts par laquelle les archers ou arbal\u00e9triers pouvaient tirer. Sur les murs \u00e0 cr\u00e9neaux, la partie pleine entre deux \u00e9chancrures s\u2019appelle un merlon. Les d\u00e9fenseurs s\u2019abritait donc derri\u00e8re les merlons et visaient leurs ennemis par les cr\u00e9neaux sans \u00eatre expos\u00e9.<\/p>\n<figure style=\"width: 440px\" class=\"wp-caption aligncenter\"><img loading=\"lazy\" src=\"https:\/\/upload.wikimedia.org\/wikipedia\/commons\/thumb\/2\/24\/Creneau.XVe.siecle.png\/440px-Creneau.XVe.siecle.png\" alt=\"R\u00e9sultat de recherche d'images pour &quot;cr\u00e9neau moyen age&quot;\" width=\"440\" height=\"264\" \/><figcaption class=\"wp-caption-text\">repr\u00e9sentation de cr\u00e9neaux et de melons<\/figcaption><\/figure>\n","protected":false},"excerpt":{"rendered":"<p>Le cr\u00e9neau est une ouverture pratiqu\u00e9e en haut des remparts par laquelle les archers ou arbal\u00e9triers pouvaient tirer. Sur les murs \u00e0 cr\u00e9neaux, la partie pleine entre deux \u00e9chancrures s\u2019appelle un merlon. Les d\u00e9fenseurs s\u2019abritait donc derri\u00e8re les merlons et visaient leurs ennemis par les cr\u00e9neaux sans \u00eatre expos\u00e9.<\/p>\n","protected":false},"author":711,"featured_media":0,"parent":0,"menu_order":0,"comment_status":"closed","ping_status":"closed","template":"","meta":[],"_links":{"self":[{"href":"https:\/\/blogs.univ-jfc.fr\/vphn\/wp-json\/wp\/v2\/pages\/7595"}],"collection":[{"href":"https:\/\/blogs.univ-jfc.fr\/vphn\/wp-json\/wp\/v2\/pages"}],"about":[{"href":"https:\/\/blogs.univ-jfc.fr\/vphn\/wp-json\/wp\/v2\/types\/page"}],"author":[{"embeddable":true,"href":"https:\/\/blogs.univ-jfc.fr\/vphn\/wp-json\/wp\/v2\/users\/711"}],"replies":[{"embeddable":true,"href":"https:\/\/blogs.univ-jfc.fr\/vphn\/wp-json\/wp\/v2\/comments?post=7595"}],"version-history":[{"count":5,"href":"https:\/\/blogs.univ-jfc.fr\/vphn\/wp-json\/wp\/v2\/pages\/7595\/revisions"}],"predecessor-version":[{"id":7604,"href":"https:\/\/blogs.univ-jfc.fr\/vphn\/wp-json\/wp\/v2\/pages\/7595\/revisions\/7604"}],"wp:attachment":[{"href":"https:\/\/blogs.univ-jfc.fr\/vphn\/wp-json\/wp\/v2\/media?parent=7595"}],"curies":[{"name":"wp","href":"https:\/\/api.w.org\/{rel}","templated":true}]}}