{"id":7607,"date":"2020-03-05T15:45:35","date_gmt":"2020-03-05T14:45:35","guid":{"rendered":"http:\/\/blogs.univ-jfc.fr\/vphn\/?page_id=7607"},"modified":"2020-03-05T23:05:07","modified_gmt":"2020-03-05T22:05:07","slug":"la-motte-castrale","status":"publish","type":"page","link":"https:\/\/blogs.univ-jfc.fr\/vphn\/la-motte-castrale\/","title":{"rendered":"La Motte Castrale"},"content":{"rendered":"<p align=\"justify\">Souvent appel\u00e9e \u00ab motte f\u00e9odale \u00bb, la motte castrale est un type particulier de fortification de terre qui a connu une large diffusion au Moyen-\u00c2ge. Elle est compos\u00e9e d&rsquo;un remblai de terre rapport\u00e9e volumineux et circulaire, le tertre. Il existe plusieurs formes d&rsquo;\u00e9dification de ces ouvrages dans toutes les r\u00e9gions d&rsquo;Europe.<\/p>\n<p align=\"justify\">Dans la plupart des cas, le tertre \u00e9tait entour\u00e9 d&rsquo;un foss\u00e9, le sommet \u00e9tant occup\u00e9 par une forte palissade. Un fortin de bois y \u00e9tait am\u00e9nag\u00e9 avec une tour de guet analogue \u00e0 un donjon. La motte est consid\u00e9r\u00e9e comme un ch\u00e2teau fort primitif.<\/p>\n<figure style=\"width: 450px\" class=\"wp-caption aligncenter\"><img loading=\"lazy\" src=\"https:\/\/i.pinimg.com\/originals\/63\/57\/70\/6357707d674f3a7d148d0f87e7c213b1.jpg\" alt=\"R\u00e9sultat de recherche d'images pour &quot;mote castrale&quot;\" width=\"450\" height=\"289\" \/><figcaption class=\"wp-caption-text\">Repr\u00e9sentation d&rsquo;un ch\u00e2teau sur une motte castrale<\/figcaption><\/figure>\n","protected":false},"excerpt":{"rendered":"<p>Souvent appel\u00e9e \u00ab motte f\u00e9odale \u00bb, la motte castrale est un type particulier de fortification de terre qui a connu une large diffusion au Moyen-\u00c2ge. Elle est compos\u00e9e d&rsquo;un remblai de terre rapport\u00e9e volumineux et circulaire, le tertre. Il existe plusieurs formes d&rsquo;\u00e9dification de ces ouvrages dans toutes les r\u00e9gions d&rsquo;Europe. Dans la plupart des &hellip; <\/p>\n<p class=\"link-more\"><a href=\"https:\/\/blogs.univ-jfc.fr\/vphn\/la-motte-castrale\/\" class=\"more-link\">Continuer la lecture<span class=\"screen-reader-text\"> de &laquo;&nbsp;La Motte Castrale&nbsp;&raquo;<\/span><\/a><\/p>\n","protected":false},"author":711,"featured_media":0,"parent":0,"menu_order":0,"comment_status":"closed","ping_status":"closed","template":"","meta":[],"_links":{"self":[{"href":"https:\/\/blogs.univ-jfc.fr\/vphn\/wp-json\/wp\/v2\/pages\/7607"}],"collection":[{"href":"https:\/\/blogs.univ-jfc.fr\/vphn\/wp-json\/wp\/v2\/pages"}],"about":[{"href":"https:\/\/blogs.univ-jfc.fr\/vphn\/wp-json\/wp\/v2\/types\/page"}],"author":[{"embeddable":true,"href":"https:\/\/blogs.univ-jfc.fr\/vphn\/wp-json\/wp\/v2\/users\/711"}],"replies":[{"embeddable":true,"href":"https:\/\/blogs.univ-jfc.fr\/vphn\/wp-json\/wp\/v2\/comments?post=7607"}],"version-history":[{"count":4,"href":"https:\/\/blogs.univ-jfc.fr\/vphn\/wp-json\/wp\/v2\/pages\/7607\/revisions"}],"predecessor-version":[{"id":7671,"href":"https:\/\/blogs.univ-jfc.fr\/vphn\/wp-json\/wp\/v2\/pages\/7607\/revisions\/7671"}],"wp:attachment":[{"href":"https:\/\/blogs.univ-jfc.fr\/vphn\/wp-json\/wp\/v2\/media?parent=7607"}],"curies":[{"name":"wp","href":"https:\/\/api.w.org\/{rel}","templated":true}]}}