{"id":7612,"date":"2020-03-05T15:54:45","date_gmt":"2020-03-05T14:54:45","guid":{"rendered":"http:\/\/blogs.univ-jfc.fr\/vphn\/?page_id=7612"},"modified":"2020-03-05T23:01:22","modified_gmt":"2020-03-05T22:01:22","slug":"la-basse-cour","status":"publish","type":"page","link":"https:\/\/blogs.univ-jfc.fr\/vphn\/la-basse-cour\/","title":{"rendered":"La Basse-Cour"},"content":{"rendered":"<p align=\"justify\">Dans le vocabulaire d&rsquo;arch\u00e9ologie militaire \u00e0 l&rsquo;\u00e9poque m\u00e9di\u00e9vale, la basse-cour repr\u00e9sente la cour ext\u00e9rieure au ch\u00e2teau, mais qui est prot\u00e9g\u00e9 par des remparts autour d&rsquo;elle.<\/p>\n<p><em>Synonyme : Bayle.<\/em><\/p>\n","protected":false},"excerpt":{"rendered":"<p>Dans le vocabulaire d&rsquo;arch\u00e9ologie militaire \u00e0 l&rsquo;\u00e9poque m\u00e9di\u00e9vale, la basse-cour repr\u00e9sente la cour ext\u00e9rieure au ch\u00e2teau, mais qui est prot\u00e9g\u00e9 par des remparts autour d&rsquo;elle. Synonyme : Bayle.<\/p>\n","protected":false},"author":711,"featured_media":0,"parent":0,"menu_order":0,"comment_status":"closed","ping_status":"closed","template":"","meta":[],"_links":{"self":[{"href":"https:\/\/blogs.univ-jfc.fr\/vphn\/wp-json\/wp\/v2\/pages\/7612"}],"collection":[{"href":"https:\/\/blogs.univ-jfc.fr\/vphn\/wp-json\/wp\/v2\/pages"}],"about":[{"href":"https:\/\/blogs.univ-jfc.fr\/vphn\/wp-json\/wp\/v2\/types\/page"}],"author":[{"embeddable":true,"href":"https:\/\/blogs.univ-jfc.fr\/vphn\/wp-json\/wp\/v2\/users\/711"}],"replies":[{"embeddable":true,"href":"https:\/\/blogs.univ-jfc.fr\/vphn\/wp-json\/wp\/v2\/comments?post=7612"}],"version-history":[{"count":3,"href":"https:\/\/blogs.univ-jfc.fr\/vphn\/wp-json\/wp\/v2\/pages\/7612\/revisions"}],"predecessor-version":[{"id":7670,"href":"https:\/\/blogs.univ-jfc.fr\/vphn\/wp-json\/wp\/v2\/pages\/7612\/revisions\/7670"}],"wp:attachment":[{"href":"https:\/\/blogs.univ-jfc.fr\/vphn\/wp-json\/wp\/v2\/media?parent=7612"}],"curies":[{"name":"wp","href":"https:\/\/api.w.org\/{rel}","templated":true}]}}