{"id":7616,"date":"2020-03-05T16:12:14","date_gmt":"2020-03-05T15:12:14","guid":{"rendered":"http:\/\/blogs.univ-jfc.fr\/vphn\/?page_id=7616"},"modified":"2020-03-05T23:10:55","modified_gmt":"2020-03-05T22:10:55","slug":"le-donjon","status":"publish","type":"page","link":"https:\/\/blogs.univ-jfc.fr\/vphn\/le-donjon\/","title":{"rendered":"Le Donjon"},"content":{"rendered":"<p align=\"justify\">Le donjon est la tour principale d&rsquo;une place, la plus forte et la plus haute (il arrive parfois qu&rsquo;elle soit isol\u00e9e par rapport au ch\u00e2teau). A l&rsquo;\u00e9poque romane, le donjon servait de logement au seigneur, \u00e0 sa famille et \u00e0 ses d\u00e9fenseurs.<\/p>\n<figure style=\"width: 1920px\" class=\"wp-caption alignnone\"><img loading=\"lazy\" src=\"https:\/\/www.cathares.org\/voyage-en-terres-cathares\/chateaux-cathares-forteresses-medievales\/assets\/images\/2014-21-01-800-6555-4a-chateau-miglos-ariege-vallee-vicdessos-nocturne-etoiles-pleine-lune-pose-longue-philippe-contal-1920x1000.jpg\" alt=\"R\u00e9sultat de recherche d'images pour &quot;donjon chateau de miglos&quot;\" width=\"1920\" height=\"1000\" \/><figcaption class=\"wp-caption-text\">photo du donjon du ch\u00e2teau de Miglos<\/figcaption><\/figure>\n","protected":false},"excerpt":{"rendered":"<p>Le donjon est la tour principale d&rsquo;une place, la plus forte et la plus haute (il arrive parfois qu&rsquo;elle soit isol\u00e9e par rapport au ch\u00e2teau). A l&rsquo;\u00e9poque romane, le donjon servait de logement au seigneur, \u00e0 sa famille et \u00e0 ses d\u00e9fenseurs.<\/p>\n","protected":false},"author":711,"featured_media":0,"parent":0,"menu_order":0,"comment_status":"closed","ping_status":"closed","template":"","meta":[],"_links":{"self":[{"href":"https:\/\/blogs.univ-jfc.fr\/vphn\/wp-json\/wp\/v2\/pages\/7616"}],"collection":[{"href":"https:\/\/blogs.univ-jfc.fr\/vphn\/wp-json\/wp\/v2\/pages"}],"about":[{"href":"https:\/\/blogs.univ-jfc.fr\/vphn\/wp-json\/wp\/v2\/types\/page"}],"author":[{"embeddable":true,"href":"https:\/\/blogs.univ-jfc.fr\/vphn\/wp-json\/wp\/v2\/users\/711"}],"replies":[{"embeddable":true,"href":"https:\/\/blogs.univ-jfc.fr\/vphn\/wp-json\/wp\/v2\/comments?post=7616"}],"version-history":[{"count":3,"href":"https:\/\/blogs.univ-jfc.fr\/vphn\/wp-json\/wp\/v2\/pages\/7616\/revisions"}],"predecessor-version":[{"id":7673,"href":"https:\/\/blogs.univ-jfc.fr\/vphn\/wp-json\/wp\/v2\/pages\/7616\/revisions\/7673"}],"wp:attachment":[{"href":"https:\/\/blogs.univ-jfc.fr\/vphn\/wp-json\/wp\/v2\/media?parent=7616"}],"curies":[{"name":"wp","href":"https:\/\/api.w.org\/{rel}","templated":true}]}}