{"id":77,"date":"2018-01-17T09:20:12","date_gmt":"2018-01-17T08:20:12","guid":{"rendered":"http:\/\/blogs.univ-jfc.fr\/vphn\/?page_id=77"},"modified":"2018-05-03T17:18:44","modified_gmt":"2018-05-03T15:18:44","slug":"pierre-fabre-et-le-departement-du-tarn","status":"publish","type":"page","link":"https:\/\/blogs.univ-jfc.fr\/vphn\/figures-et-evenements\/pierre-fabre-et-le-departement-du-tarn\/","title":{"rendered":"Pierre Fabre et le d\u00e9partement du Tarn [2017]"},"content":{"rendered":"<figure id=\"attachment_383\" aria-describedby=\"caption-attachment-383\" style=\"width: 225px\" class=\"wp-caption alignleft\"><img loading=\"lazy\" class=\"wp-image-383 size-medium\" src=\"http:\/\/blogs.univ-jfc.fr\/vphn\/wp-content\/uploads\/sites\/65\/2018\/01\/Herr-Pierre-Fabre-pfoc-1-225x300.jpg\" alt=\"\" width=\"225\" height=\"300\" srcset=\"https:\/\/blogs.univ-jfc.fr\/vphn\/wp-content\/uploads\/sites\/65\/2018\/01\/Herr-Pierre-Fabre-pfoc-1-225x300.jpg 225w, https:\/\/blogs.univ-jfc.fr\/vphn\/wp-content\/uploads\/sites\/65\/2018\/01\/Herr-Pierre-Fabre-pfoc-1.jpg 280w\" sizes=\"(max-width: 225px) 100vw, 225px\" \/><figcaption id=\"caption-attachment-383\" class=\"wp-caption-text\"><span style=\"color: #999999\">Pierre Fabre dans les ann\u00e9es 2010<\/span><\/figcaption><\/figure>\n<p align=\"justify\">\u00a0\u00a0\u00a0\u00a0 Pierre Fabre, n\u00e9 en 1926 \u00e0 Castres dans le Tarn et fondateur d\u2019un des plus gros groupes pharmaceutiques fran\u00e7ais est r\u00e9cemment mort en 2013 \u00e0 l\u2019\u00e2ge de 87 ans. Pierre Fabre M\u00e9dicament \u00e9tait alors la septi\u00e8me industrie pharmaceutique fran\u00e7aise. Quels ont \u00e9t\u00e9 les rapports entre l&rsquo;industriel et le d\u00e9partement ? C&rsquo;est une question int\u00e9ressante car malgr\u00e9 le rayonnement mondial de l&rsquo;entreprise, Pierre Fabre et son industrie ont exerc\u00e9\u00a0 et entretiennent encore aujourd\u2019hui une influence locale tr\u00e8s forte \u00e0 l\u2019\u00e9chelle du Tarn<span style=\"color: #ff0000\"><br \/>\n<\/span><\/p>\n<p align=\"justify\"><strong>Histoire des Laboratoires Pierre Fabre<\/strong><\/p>\n<p align=\"justify\">\u00a0\u00a0\u00a0\u00a0\u00a0 Apr\u00e8s avoir commercialis\u00e9 son premier m\u00e9dicament en 1959, le cyclo 3, Pierre Fabre d\u00e9cide de se lancer dans la recherche et la production de nouveaux m\u00e9dicaments avec l&rsquo;acquisition du domaine de P\u00e9raudel en 1962 \u00e0 Castres. Durant la seconde moiti\u00e9 de cette d\u00e9cennie, l&rsquo;entreprise se diversifie dans la dermo-cosm\u00e9tique et conna\u00eet \u00e0 la fois ses premiers succ\u00e8s m\u00e9dicamenteux et les premiers temps de leurs exportations.<\/p>\n<figure id=\"attachment_1377\" aria-describedby=\"caption-attachment-1377\" style=\"width: 314px\" class=\"wp-caption alignleft\"><img loading=\"lazy\" class=\" wp-image-1377\" src=\"http:\/\/blogs.univ-jfc.fr\/vphn\/wp-content\/uploads\/sites\/65\/2018\/02\/pierre-fabre-canceropo-toulouse-300x128.jpg\" alt=\"\" width=\"314\" height=\"134\" srcset=\"https:\/\/blogs.univ-jfc.fr\/vphn\/wp-content\/uploads\/sites\/65\/2018\/02\/pierre-fabre-canceropo-toulouse-300x128.jpg 300w, https:\/\/blogs.univ-jfc.fr\/vphn\/wp-content\/uploads\/sites\/65\/2018\/02\/pierre-fabre-canceropo-toulouse-768x328.jpg 768w, https:\/\/blogs.univ-jfc.fr\/vphn\/wp-content\/uploads\/sites\/65\/2018\/02\/pierre-fabre-canceropo-toulouse-1024x437.jpg 1024w\" sizes=\"(max-width: 314px) 100vw, 314px\" \/><figcaption id=\"caption-attachment-1377\" class=\"wp-caption-text\"><span style=\"color: #999999\">L&rsquo;Oncopole toulousain abritant le CRPF en\u00a0\u00a0\u00a02013<\/span><\/figcaption><\/figure>\n<p style=\"text-align: left\"><span style=\"color: #000000\"><span style=\"color: #ffffff\">\u00a0Au cours des ann\u00e9es 1970, l&rsquo;entreprise r\u00e9ussit \u00e0 acc\u00e9l\u00e9rer sa production gr\u00e2ce \u00e0 une politique de modernisation de la logistique et atteint ainsi un chiffre d&rsquo;affaires de 500 millions de francs. De plus, durant cette<\/span> <\/span>p\u00e9riode, les Laboratoires fondent le CRPF, le Centre de Recherche Pierre Fabre et se diversifient dans l&rsquo;oncologie au cours des ann\u00e9es 1980. Par la suite, la politique de l&rsquo;entreprise se concentre particuli\u00e8rement sur l&rsquo;international, en Europe mais aussi au Japon o\u00f9 elle conna\u00eet un franc succ\u00e8s. Dans le domaine de la recherche, les Laboratoires cr\u00e9ent la cosm\u00e9tique st\u00e9rile, qui r\u00e9volutionne le monde de la cosm\u00e9tique. En effet, celle-ci permet aux peaux les plus sensibles et intol\u00e9rantes d&rsquo;acc\u00e9der \u00e0 une nouvelle gamme de produits cosm\u00e9tiques sans conservateurs.<\/p>\n<p align=\"justify\">Ainsi, les Laboratoires Pierre Fabre se sont d\u00e9velopp\u00e9s \u00e0 l\u2019\u00e9chelle nationale et internationale, cependant, l\u2019entreprise a d\u00e9cid\u00e9 de concentrer certaines de ses activit\u00e9s \u00e0 l\u2019\u00e9chelle de la r\u00e9gion Midi-Pyr\u00e9n\u00e9es voir \u00e0 l\u2019\u00e9chelle du Tarn. Il est en effet plut\u00f4t rare de voir une entreprise conserver son si\u00e8ge social dans une sous-pr\u00e9fecture provinciale, cela induisant forcement de fortes cons\u00e9quences sur l\u2019\u00e9conomie locale.<\/p>\n<p align=\"justify\"><strong>Les influences des Laboratoires Pierre Fabre sur l&rsquo;\u00e9conomie locale<\/strong><\/p>\n<p align=\"justify\">\u00a0\u00a0\u00a0\u00a0\u00a0 En effet, les cons\u00e9quences de cette politique de proximit\u00e9 sont multiples. Tout d&rsquo;abord, les Laboratoires Pierre Fabre emploient plus de 10 000 personnes dont 2500 au sein du Tarn et 1500 \u00e0 Castres m\u00eame. De plus 46 des 136 sites de l&rsquo;entreprise se situent dans ce d\u00e9partement. Enfin il faut \u00e9galement ajouter les taxes, les imp\u00f4ts et les investissements qui contribuent \u00e9galement \u00e0 dynamiser l&rsquo;\u00e9conomie locale.<\/p>\n<figure id=\"attachment_1463\" aria-describedby=\"caption-attachment-1463\" style=\"width: 300px\" class=\"wp-caption alignleft\"><img loading=\"lazy\" class=\"size-medium wp-image-1463\" src=\"http:\/\/blogs.univ-jfc.fr\/vphn\/wp-content\/uploads\/sites\/65\/2018\/02\/aeroportcastres1-300x201.jpg\" alt=\"\" width=\"300\" height=\"201\" srcset=\"https:\/\/blogs.univ-jfc.fr\/vphn\/wp-content\/uploads\/sites\/65\/2018\/02\/aeroportcastres1-300x201.jpg 300w, https:\/\/blogs.univ-jfc.fr\/vphn\/wp-content\/uploads\/sites\/65\/2018\/02\/aeroportcastres1.jpg 692w\" sizes=\"(max-width: 300px) 100vw, 300px\" \/><figcaption id=\"caption-attachment-1463\" class=\"wp-caption-text\">A\u00e9roport Castres Mazamet<\/figcaption><\/figure>\n<p align=\"justify\">\u00a0\u00a0\u00a0\u00a0 D&rsquo;autre part, il existe aussi des cons\u00e9quences indirectes de cette politique. Par exemple, le grand nombre de visites professionnelles \u00e0 destination des sites de l&rsquo;entreprise (10 000 depuis sa fondation) dynamisent l&rsquo;\u00e9conomie de l\u2019h\u00f4tellerie tarnaise mais participent aussi au maintien de l\u2019a\u00e9roport de Castres-Mazamet et de sa ligne Castre-Paris. Enfin, l&rsquo;entreprise a aussi investi dans l\u2019\u00e9ducation, l&rsquo;insertion professionnelle des jeunes entrepreneurs mais \u00e9galement dans le milieu sportif puisque l&rsquo;homme d&rsquo;affaire a permis au club de rugby castrais, \u00ab\u00a0Le Castres Olympique\u00a0\u00bb de survivre en le rachetant en 1988.<\/p>\n<p align=\"justify\">\u00a0\u00a0\u00a0\u00a0\u00a0\u00a0 Ainsi, gr\u00e2ce \u00e0 leur capacit\u00e9 d&rsquo;innovation les Laboratoires Pierre Fabre ont r\u00e9ussi \u00e0 devenir un des plus importants groupes pharmaceutiques fran\u00e7ais, diversifi\u00e9 dans presque tous les domaines de la sant\u00e9 et ceci sur tous les continents. Toutefois, c\u2019est aussi l\u2019histoire d\u2019un homme et d\u2019une entreprise qui ont toujours entretenu un rapport fort avec le Tarn et qui ont directement et indirectement contribu\u00e9 \u00e0 dynamiser son \u00e9conomie. En effet, aujourd&rsquo;hui, peu de Tarnais et encore moins de Castrais peuvent affirmer ne pas conna\u00eetre dans leur entourage de personnes plus ou moins li\u00e9es aux Laboratoires Pierre Fabre. la compr\u00e9hension de la r\u00e9ussite des Laboratoires Pierre Fabre, ne peut donc pas se faire sans l\u2019analyse des diff\u00e9rentes \u00e9chelles de son fonctionnement, que sont les \u00e9chelles internationales, nationales, mais aussi d\u00e9partementales.<\/p>\n<h1 style=\"text-align: center\" align=\"justify\"><span style=\"color: #ff6600\"><a style=\"color: #ff6600\" href=\"https:\/\/izi.travel\/fr\/30d4-pierre-fabre-et-le-departement-du-tarn\/fr\" target=\"_blank\" rel=\"noopener noreferrer\"><strong>EXPOSITION EN LIGNE<\/strong><\/a><\/span><\/h1>\n<p>Etudiant : Alexandre Peller (L2).<\/p>\n","protected":false},"excerpt":{"rendered":"<p>\u00a0\u00a0\u00a0\u00a0 Pierre Fabre, n\u00e9 en 1926 \u00e0 Castres dans le Tarn et fondateur d\u2019un des plus gros groupes pharmaceutiques fran\u00e7ais est r\u00e9cemment mort en 2013 \u00e0 l\u2019\u00e2ge de 87 ans. Pierre Fabre M\u00e9dicament \u00e9tait alors la septi\u00e8me industrie pharmaceutique fran\u00e7aise. Quels ont \u00e9t\u00e9 les rapports entre l&rsquo;industriel et le d\u00e9partement ? C&rsquo;est une question int\u00e9ressante &hellip; <\/p>\n<p class=\"link-more\"><a href=\"https:\/\/blogs.univ-jfc.fr\/vphn\/figures-et-evenements\/pierre-fabre-et-le-departement-du-tarn\/\" class=\"more-link\">Continuer la lecture<span class=\"screen-reader-text\"> de &laquo;&nbsp;Pierre Fabre et le d\u00e9partement du Tarn [2017]&nbsp;&raquo;<\/span><\/a><\/p>\n","protected":false},"author":19,"featured_media":0,"parent":69,"menu_order":2,"comment_status":"closed","ping_status":"closed","template":"","meta":[],"_links":{"self":[{"href":"https:\/\/blogs.univ-jfc.fr\/vphn\/wp-json\/wp\/v2\/pages\/77"}],"collection":[{"href":"https:\/\/blogs.univ-jfc.fr\/vphn\/wp-json\/wp\/v2\/pages"}],"about":[{"href":"https:\/\/blogs.univ-jfc.fr\/vphn\/wp-json\/wp\/v2\/types\/page"}],"author":[{"embeddable":true,"href":"https:\/\/blogs.univ-jfc.fr\/vphn\/wp-json\/wp\/v2\/users\/19"}],"replies":[{"embeddable":true,"href":"https:\/\/blogs.univ-jfc.fr\/vphn\/wp-json\/wp\/v2\/comments?post=77"}],"version-history":[{"count":25,"href":"https:\/\/blogs.univ-jfc.fr\/vphn\/wp-json\/wp\/v2\/pages\/77\/revisions"}],"predecessor-version":[{"id":2129,"href":"https:\/\/blogs.univ-jfc.fr\/vphn\/wp-json\/wp\/v2\/pages\/77\/revisions\/2129"}],"up":[{"embeddable":true,"href":"https:\/\/blogs.univ-jfc.fr\/vphn\/wp-json\/wp\/v2\/pages\/69"}],"wp:attachment":[{"href":"https:\/\/blogs.univ-jfc.fr\/vphn\/wp-json\/wp\/v2\/media?parent=77"}],"curies":[{"name":"wp","href":"https:\/\/api.w.org\/{rel}","templated":true}]}}