{"id":7877,"date":"2021-02-17T17:00:54","date_gmt":"2021-02-17T16:00:54","guid":{"rendered":"http:\/\/blogs.univ-jfc.fr\/vphn\/?page_id=7877"},"modified":"2021-03-01T18:33:09","modified_gmt":"2021-03-01T17:33:09","slug":"lastronomie-dans-le-sud-ouest-de-la-france-au-xviie-siecle-2021","status":"publish","type":"page","link":"https:\/\/blogs.univ-jfc.fr\/vphn\/histoire-locale\/lastronomie-dans-le-sud-ouest-de-la-france-au-xviie-siecle-2021\/","title":{"rendered":"L&rsquo;Astronomie dans le Sud-Ouest de la France au XVIIe si\u00e8cle [2021]"},"content":{"rendered":"<p><span style=\"font-weight: 400\">C\u2019est au XVIIe si\u00e8cle que l\u2019\u00e9tude de l&rsquo;astronomie devient plus importante. Elle consiste \u00e0 \u00e9tudier la position des astres. \u00c0 cette \u00e9poque, les connaissances astronomiques s\u2019\u00e9tendent \u00e0 un syst\u00e8me solaire allant de Mercure \u00e0 Saturne. <\/span><\/p>\n<p><span style=\"font-weight: 400\">C&rsquo;est un si\u00e8cle o\u00f9 s&rsquo;opposent de grands courants astronomiques tels que le <\/span><a href=\"https:\/\/blogs.univ-jfc.fr\/vphn\/histoire-locale\/lastronomie-dans-le-sud-ouest-de-la-france-au-xviie-siecle-2021\/quelques-definitions\/\"><b>g\u00e9ocentrisme<\/b><\/a><span style=\"font-weight: 400\"> et l&rsquo;<\/span><a href=\"https:\/\/blogs.univ-jfc.fr\/vphn\/histoire-locale\/lastronomie-dans-le-sud-ouest-de-la-france-au-xviie-siecle-2021\/quelques-definitions\/\"><b>h\u00e9liocentrisme<\/b><\/a><span style=\"font-weight: 400\">. Par le prisme de mati\u00e8res scientifiques telles que les math\u00e9matiques, l&rsquo;astronomie est enseign\u00e9e par les j\u00e9suites, qui est un ordre d\u00e9pendant directement du Pape. Ils dispensent un enseignement scientifique se basant sur la <a href=\"https:\/\/blogs.univ-jfc.fr\/vphn\/histoire-locale\/lastronomie-dans-le-sud-ouest-de-la-france-au-xviie-siecle-2021\/quelques-definitions\/\"><strong>scolastique<\/strong><\/a>, en accord avec le dogme de l&rsquo;Eglise. L&rsquo;autre organe d&rsquo;enseignement \u00e0 cette \u00e9poque est l&rsquo;Universit\u00e9, qui ne cherche pas \u00e0 innover, et reste tr\u00e8s centr\u00e9e sur l\u2019\u00e9tude scolastique, \u00e0 l&rsquo;instar de l&rsquo;Eglise catholique. <\/span><span style=\"font-weight: 400\">\u00a0<\/span><\/p>\n<p><b>Le Sud-Ouest, territoire propice \u00e0 l&rsquo;\u00e9tude astronomique<\/b><\/p>\n<p><span style=\"font-weight: 400\">C&rsquo;est la <\/span><a href=\"https:\/\/blogs.univ-jfc.fr\/vphn\/histoire-locale\/lastronomie-dans-le-sud-ouest-de-la-france-au-xviie-siecle-2021\/quelques-definitions\/\"><b>R\u00e9publique des lettres<\/b><\/a><span style=\"font-weight: 400\"> qui a permis aux provinces du Sud-Ouest d&rsquo;\u00eatre un lieu actif d&rsquo;\u00e9changes entre les astronomes. Les \u00e9rudits toulousains tels que<a href=\"https:\/\/blogs.univ-jfc.fr\/vphn\/histoire-locale\/lastronomie-dans-le-sud-ouest-de-la-france-au-xviie-siecle-2021\/biographie-des-scientifiques-2021\/\"> <strong>Pierre de Fermat<\/strong><\/a> s&rsquo;en sont servi pour entretenir des liens avec <a href=\"https:\/\/blogs.univ-jfc.fr\/vphn\/histoire-locale\/lastronomie-dans-le-sud-ouest-de-la-france-au-xviie-siecle-2021\/biographie-des-scientifiques-2021\/\"><strong>Marin Mersenne<\/strong><\/a>, un scientifique tr\u00e8s actif dans la r\u00e9gion.\u00a0 Ces liens ont permis de d\u00e9velopper la<a href=\"https:\/\/blogs.univ-jfc.fr\/vphn\/histoire-locale\/lastronomie-dans-le-sud-ouest-de-la-france-au-xviie-siecle-2021\/quelques-definitions\/\"><strong> R\u00e9volution Scientifi<\/strong><strong>que<\/strong><\/a><\/span><span style=\"font-weight: 400\">\u00a0dans les provinces de France.<\/span><\/p>\n<p>C&rsquo;est dans ce contexte que l&rsquo;on voit se d\u00e9velopper des acad\u00e9mies . La premi\u00e8re est\u00a0 l<strong>&lsquo;<a href=\"https:\/\/www.academie-sciences.fr\/fr\/Histoire-de-l-Academie-des-sciences\/histoire-de-l-academie-des-sciences.html\">Acad\u00e9mie des Sciences de Paris<\/a><\/strong> en 1666. C&rsquo;est un grand changement pour le domaine des sciences, et donc de l&rsquo;astronomie. C&rsquo;est une r\u00e9elle institutionnalisation de celle-ci. <span style=\"font-weight: 400\">D\u2019autres acad\u00e9mies provinciales prennent place. C&rsquo;est la cas de<\/span> l<a href=\"https:\/\/halshs.archives-ouvertes.fr\/halshs-02069881\/document\"><strong>&lsquo;Acad\u00e9mie de Castres<\/strong><\/a> cr\u00e9\u00e9e en 1648. N\u00e9anmoins, ce n&rsquo;est qu&rsquo;\u00e0 partir de la cr\u00e9ation de l&rsquo;<a href=\"https:\/\/www.academie-sciences.fr\/fr\/Histoire-de-l-Academie-des-sciences\/histoire-de-l-academie-des-sciences.html\"><strong>Acad\u00e9mie des Sciences de Paris<\/strong><\/a> que l&rsquo;astronomie se place au c\u0153ur des d\u00e9bats.<\/p>\n<p><span style=\"font-weight: 400\">Le Languedoc est alors consid\u00e9r\u00e9 comme un lieu actif concernant les recherches astronomiques, ce qui a permis de changer les superstitions populaires. Par exemple, les com\u00e8tes \u00e9taient vues comme des punitions divines a<\/span><span style=\"font-weight: 400\">vant que la vulgarisation scientifique n&rsquo;atteigne les habitants du royaume.\u00a0<\/span><\/p>\n<figure id=\"attachment_8167\" aria-describedby=\"caption-attachment-8167\" style=\"width: 353px\" class=\"wp-caption aligncenter\"><img loading=\"lazy\" class=\" wp-image-8167\" src=\"http:\/\/blogs.univ-jfc.fr\/vphn\/wp-content\/uploads\/sites\/65\/2021\/01\/peinture-com\u00e8te-300x237.jpg\" alt=\"\" width=\"353\" height=\"279\" srcset=\"https:\/\/blogs.univ-jfc.fr\/vphn\/wp-content\/uploads\/sites\/65\/2021\/01\/peinture-com\u00e8te-300x237.jpg 300w, https:\/\/blogs.univ-jfc.fr\/vphn\/wp-content\/uploads\/sites\/65\/2021\/01\/peinture-com\u00e8te.jpg 700w\" sizes=\"(max-width: 353px) 100vw, 353px\" \/><figcaption id=\"caption-attachment-8167\" class=\"wp-caption-text\">Lieve Verschuier (1627-1681) peintre hollandais de l\u2019\u00e2ge d\u2019or, <span style=\"text-decoration: underline\">Etoile de queue sur Rotterdam<\/span>. R\u00e9alis\u00e9e en 1680. Expos\u00e9 au mus\u00e9e de Rotterdam, disponible sur Wikim\u00e9dia Commons.<\/figcaption><\/figure>\n<p><span style=\"font-weight: 400\"> Elles provoquaient ainsi des mouvements de panique. Par ailleurs, d&rsquo;apr\u00e8s les sources, la com\u00e8te vue en 1680 n&rsquo;en a pas provoqu\u00e9. <\/span><span style=\"font-weight: 400\">On peut donc en conclure que l&rsquo;approche de l&rsquo;astronomie commence a \u00eatre assimil\u00e9e par la population fran\u00e7aise.\u00a0<\/span><\/p>\n<p><b>La ville de Toulouse comme illustration d&rsquo;une vie intellectuelle dense<\/b><\/p>\n<p><span style=\"font-weight: 400\">Au XVIIe si\u00e8cle, Toulouse d\u00e9veloppe une vie intellectuelle qui s\u2019\u00e9loigne de l\u2019id\u00e9ologie de l\u2019Eglise. Dans la ville se trouve un rassemblement clandestin connu sous le nom des <\/span><a href=\"https:\/\/blogs.univ-jfc.fr\/vphn\/histoire-locale\/lastronomie-dans-le-sud-ouest-de-la-france-au-xviie-siecle-2021\/quelques-definitions\/\"><b>Lan<\/b><b>ternistes<\/b><\/a><span style=\"font-weight: 400\"> (officiellement l\u2019<a href=\"https:\/\/www.academie-sciences-lettres-toulouse.fr\/?page_id=4\"><strong>Acad\u00e9mie des Belles Lettres<\/strong><\/a>), o\u00f9 de nombreux scientifiques se rejoignent pour discuter des nouvelles sciences \u00e0 l\u2019abri de l\u2019Eglise.<\/span><\/p>\n<figure id=\"attachment_8171\" aria-describedby=\"caption-attachment-8171\" style=\"width: 212px\" class=\"wp-caption aligncenter\"><img loading=\"lazy\" class=\"size-medium wp-image-8171\" src=\"http:\/\/blogs.univ-jfc.fr\/vphn\/wp-content\/uploads\/sites\/65\/2021\/01\/acad\u00e9mie-des-belles-lettres-212x300.jpg\" alt=\"\" width=\"212\" height=\"300\" srcset=\"https:\/\/blogs.univ-jfc.fr\/vphn\/wp-content\/uploads\/sites\/65\/2021\/01\/acad\u00e9mie-des-belles-lettres-212x300.jpg 212w, https:\/\/blogs.univ-jfc.fr\/vphn\/wp-content\/uploads\/sites\/65\/2021\/01\/acad\u00e9mie-des-belles-lettres.jpg 452w\" sizes=\"(max-width: 212px) 100vw, 212px\" \/><figcaption id=\"caption-attachment-8171\" class=\"wp-caption-text\">Entr\u00e9e de l\u2019Acad\u00e9mie des Sciences, Inscription et Belles Lettres, fond\u00e9 au XVIIe si\u00e8cle, \u00e0 Toulouse, disponible sur Wikim\u00e9dia Commons<\/figcaption><\/figure>\n<p><span style=\"font-weight: 400\">Nous pouvons par exemple parler de <a href=\"https:\/\/blogs.univ-jfc.fr\/vphn\/histoire-locale\/lastronomie-dans-le-sud-ouest-de-la-france-au-xviie-siecle-2021\/biographie-des-scientifiques-2021\/\"><strong>Pierre de Fermat<\/strong><\/a> et de<a href=\"https:\/\/blogs.univ-jfc.fr\/vphn\/histoire-locale\/lastronomie-dans-le-sud-ouest-de-la-france-au-xviie-siecle-2021\/biographie-des-scientifiques-2021\/\"><strong> Pierre Borel<\/strong><\/a>, qui proviennent tous deux de milieux ais\u00e9s, ou bien de <a href=\"https:\/\/blogs.univ-jfc.fr\/vphn\/histoire-locale\/lastronomie-dans-le-sud-ouest-de-la-france-au-xviie-siecle-2021\/biographie-des-scientifiques-2021\/\"><strong>Marin Mersenne<\/strong><\/a> et d&rsquo;<a href=\"https:\/\/blogs.univ-jfc.fr\/vphn\/histoire-locale\/lastronomie-dans-le-sud-ouest-de-la-france-au-xviie-siecle-2021\/biographie-des-scientifiques-2021\/\"><strong>Emmanuel Maignan<\/strong><\/a> \u00e9tant des membres du clerg\u00e9. Ces scientifiques cherchaient \u00e0 se rencontrer pour \u00e9changer des id\u00e9es sur l\u2019astronomie. Ils cherchaient \u00e0 faire avancer la science, et cela, peu importe leur origine sociale.<\/span><\/p>\n<p><span style=\"font-weight: 400\">L&rsquo;Eglise a donc une incidence sur le Sud-ouest avec les j\u00e9suites et les universit\u00e9s. Elle peut alors censurer certaines id\u00e9es ou bien faire avancer la science comme l\u2019illustre le cas de <a href=\"https:\/\/blogs.univ-jfc.fr\/vphn\/histoire-locale\/lastronomie-dans-le-sud-ouest-de-la-france-au-xviie-siecle-2021\/biographie-des-scientifiques-2021\/\"><strong>Marin Mersenne<\/strong><\/a>. Par ailleurs, la ville de Toulouse est un lieu riche en d\u00e9bats autour de l\u2019astronomie comme le montre le nombre de scientifiques pr\u00e9sents dans la ville. Malgr\u00e9 leur place grandissante, Toulouse et le Sud-Ouest restent au second plan dans la recherche astronomique car Paris a une importance capitale dans celle-ci.<\/span><\/p>\n<p><a href=\"https:\/\/blogs.univ-jfc.fr\/vphn\/histoire-locale\/lastronomie-dans-le-sud-ouest-de-la-france-au-xviie-siecle-2021\/pour-en-savoir-plus-2021\/\"><strong>Pour en savoir plus&#8230;\u00a0<\/strong><\/a><\/p>\n<p>Etudiant.es<\/p>\n<ul>\n<li>Chlo\u00e9 Espagnet<\/li>\n<li>Marion Brandolin<\/li>\n<li>Erwan Grammatico<\/li>\n<li>Valentin Dubourg<\/li>\n<\/ul>\n","protected":false},"excerpt":{"rendered":"<p>C\u2019est au XVIIe si\u00e8cle que l\u2019\u00e9tude de l&rsquo;astronomie devient plus importante. Elle consiste \u00e0 \u00e9tudier la position des astres. \u00c0 cette \u00e9poque, les connaissances astronomiques s\u2019\u00e9tendent \u00e0 un syst\u00e8me solaire allant de Mercure \u00e0 Saturne. C&rsquo;est un si\u00e8cle o\u00f9 s&rsquo;opposent de grands courants astronomiques tels que le g\u00e9ocentrisme et l&rsquo;h\u00e9liocentrisme. Par le prisme de mati\u00e8res &hellip; <\/p>\n<p class=\"link-more\"><a href=\"https:\/\/blogs.univ-jfc.fr\/vphn\/histoire-locale\/lastronomie-dans-le-sud-ouest-de-la-france-au-xviie-siecle-2021\/\" class=\"more-link\">Continuer la lecture<span class=\"screen-reader-text\"> de &laquo;&nbsp;L&rsquo;Astronomie dans le Sud-Ouest de la France au XVIIe si\u00e8cle [2021]&nbsp;&raquo;<\/span><\/a><\/p>\n","protected":false},"author":741,"featured_media":0,"parent":1173,"menu_order":0,"comment_status":"closed","ping_status":"closed","template":"","meta":[],"_links":{"self":[{"href":"https:\/\/blogs.univ-jfc.fr\/vphn\/wp-json\/wp\/v2\/pages\/7877"}],"collection":[{"href":"https:\/\/blogs.univ-jfc.fr\/vphn\/wp-json\/wp\/v2\/pages"}],"about":[{"href":"https:\/\/blogs.univ-jfc.fr\/vphn\/wp-json\/wp\/v2\/types\/page"}],"author":[{"embeddable":true,"href":"https:\/\/blogs.univ-jfc.fr\/vphn\/wp-json\/wp\/v2\/users\/741"}],"replies":[{"embeddable":true,"href":"https:\/\/blogs.univ-jfc.fr\/vphn\/wp-json\/wp\/v2\/comments?post=7877"}],"version-history":[{"count":56,"href":"https:\/\/blogs.univ-jfc.fr\/vphn\/wp-json\/wp\/v2\/pages\/7877\/revisions"}],"predecessor-version":[{"id":9799,"href":"https:\/\/blogs.univ-jfc.fr\/vphn\/wp-json\/wp\/v2\/pages\/7877\/revisions\/9799"}],"up":[{"embeddable":true,"href":"https:\/\/blogs.univ-jfc.fr\/vphn\/wp-json\/wp\/v2\/pages\/1173"}],"wp:attachment":[{"href":"https:\/\/blogs.univ-jfc.fr\/vphn\/wp-json\/wp\/v2\/media?parent=7877"}],"curies":[{"name":"wp","href":"https:\/\/api.w.org\/{rel}","templated":true}]}}