{"id":7879,"date":"2021-02-27T19:56:25","date_gmt":"2021-02-27T18:56:25","guid":{"rendered":"http:\/\/blogs.univ-jfc.fr\/vphn\/?page_id=7879"},"modified":"2021-02-28T19:56:11","modified_gmt":"2021-02-28T18:56:11","slug":"les-rutenes-2021","status":"publish","type":"page","link":"https:\/\/blogs.univ-jfc.fr\/vphn\/histoire-locale\/les-rutenes-2021\/","title":{"rendered":"Les Rut\u00e8nes [2021]"},"content":{"rendered":"\n<div class=\"wp-block-group\"><div class=\"wp-block-group__inner-container\">\n<div class=\"wp-block-group\"><div class=\"wp-block-group__inner-container\">\n<div class=\"wp-block-group\"><div class=\"wp-block-group__inner-container\">\n<div class=\"wp-block-columns\">\n<div class=\"wp-block-column\" style=\"flex-basis:100%\">\n<div class=\"wp-block-group\"><div class=\"wp-block-group__inner-container\">\n<p class=\"has-drop-cap has-text-align-left\">Nous connaissons le peuple rut\u00e8ne au travers de sources \u00e9trang\u00e8res car les Gaulois avaient recours \u00e0 une tradition orale et non \u00e9crite. Ainsi, <strong><a href=\"https:\/\/blogs.univ-jfc.fr\/vphn\/histoire-locale\/les-rutenes-2021\/les-figures-de-poseidonios-dapamee-jules-cesar-ciceron-et-strabon\/\" data-type=\"URL\" data-id=\"https:\/\/blogs.univ-jfc.fr\/vphn\/histoire-locale\/les-rutenes-2021\/les-figures-de-poseidonios-dapamee-jules-cesar-ciceron-et-strabon\/\">Poseidonios d\u2019Apam\u00e9<\/a><\/strong>, en 100 av. J.-C, parle le premier du syst\u00e8me politique en Gaule. Bien que la conqu\u00eate d\u2019une partie du peuple rut\u00e8ne ait eu lieu en 121 av. J.-C., il faut attendre <strong><a href=\"https:\/\/blogs.univ-jfc.fr\/vphn\/histoire-locale\/les-rutenes-2021\/les-figures-de-poseidonios-dapamee-jules-cesar-ciceron-et-strabon\/\" data-type=\"URL\" data-id=\"https:\/\/blogs.univ-jfc.fr\/vphn\/histoire-locale\/les-rutenes-2021\/les-figures-de-poseidonios-dapamee-jules-cesar-ciceron-et-strabon\/\">C\u00e9sar<\/a><\/strong> et son \u0153uvre <em>De Bellum Gallicum<\/em> pour en apprendre plus sur cette conqu\u00eate. Le <em>Pro Fonteio<\/em> (discours de <a href=\"https:\/\/blogs.univ-jfc.fr\/vphn\/histoire-locale\/les-rutenes-2021\/les-figures-de-poseidonios-dapamee-jules-cesar-ciceron-et-strabon\/\" data-type=\"URL\" data-id=\"https:\/\/blogs.univ-jfc.fr\/vphn\/histoire-locale\/les-rutenes-2021\/les-figures-de-poseidonios-dapamee-jules-cesar-ciceron-et-strabon\/\"><strong>Cic\u00e9ron<\/strong><\/a>) en 70 av. J.-C. parle des Rut\u00e8nes pour la premi\u00e8re fois. Les mentions des Rut\u00e8nes se multiplient avec les \u00e9crits de Jules C\u00e9sar lors de la guerre des Gaules. Ce dernier passe sous silence les <strong><a href=\"https:\/\/blogs.univ-jfc.fr\/vphn\/histoire-locale\/les-rutenes-2021\/les-rutenes-provinciaux\/\" data-type=\"URL\" data-id=\"https:\/\/blogs.univ-jfc.fr\/vphn\/histoire-locale\/les-rutenes-2021\/les-rutenes-provinciaux\/\">Rut\u00e8nes dits \u201cprovinciaux\u201d<\/a><\/strong>, en raison de jeux politiques \u00e0 Rome. Il parle du rapport entre les Rut\u00e8nes et l\u2019alliance gauloise r\u00e9unie autour des Arvernes. <\/p>\n<\/div><\/div>\n\n\n\n<figure class=\"wp-block-gallery columns-1 is-cropped\"><ul class=\"blocks-gallery-grid\"><li class=\"blocks-gallery-item\"><figure><img loading=\"lazy\" width=\"767\" height=\"493\" src=\"https:\/\/blogs.univ-jfc.fr\/vphn\/wp-content\/uploads\/sites\/65\/2021\/02\/Carte-rutene-2.png\" alt=\"\" data-id=\"9184\" data-full-url=\"https:\/\/blogs.univ-jfc.fr\/vphn\/wp-content\/uploads\/sites\/65\/2021\/02\/Carte-rutene-2.png\" data-link=\"https:\/\/blogs.univ-jfc.fr\/vphn\/?attachment_id=9184\" class=\"wp-image-9184\" srcset=\"https:\/\/blogs.univ-jfc.fr\/vphn\/wp-content\/uploads\/sites\/65\/2021\/02\/Carte-rutene-2.png 767w, https:\/\/blogs.univ-jfc.fr\/vphn\/wp-content\/uploads\/sites\/65\/2021\/02\/Carte-rutene-2-300x193.png 300w\" sizes=\"(max-width: 706px) 89vw, (max-width: 767px) 82vw, 740px\" \/><\/figure><\/li><\/ul><figcaption class=\"blocks-gallery-caption\">Les rut\u00e8nes dans la Gaule romaine d&rsquo;Auguste. Source : M. Monteil et L. Tranoy, La France gallo-romaine, Coll. Arch\u00e9ologie de la France, Inrap-La D\u00e9couverte, 2008.<\/figcaption><\/figure>\n<\/div>\n<\/div>\n<\/div><\/div>\n<\/div><\/div>\n<\/div><\/div>\n\n\n\n<p class=\"has-text-align-left\">Le territoire des Rut\u00e8nes courait sur les plateaux du Larzac et s&rsquo;\u00e9tendait des massifs aveyronnais aux plaines du Tarn actuels. Ce dernier aurait fait office de fronti\u00e8re \u00e0 l&rsquo;\u00e9poque o\u00f9 la partie Sud du territoire rut\u00e8ne \u00e9tait associ\u00e9e \u00e0 la province romaine de la Narbonnaise.&nbsp; La Graufesenque, <a href=\"http:\/\/archeosite.ted.fr\/pour-aller-plus-loin\" data-type=\"URL\" data-id=\"http:\/\/archeosite.ted.fr\/pour-aller-plus-loin\">Montans<\/a> et Rodez figurent parmi les premi\u00e8res agglom\u00e9rations rut\u00e8nes de l&rsquo;\u00e2ge du Fer. Les populations se regroupent en <em>oppidum<\/em> comme sur le site de Rodez\/Segodunum et usent de carrefours commerciaux pr\u00e8s des sites de production artisanale comme \u00e0 <a href=\"http:\/\/www.graufesenque.com\/FR\/Graufesenque-Condatomagos-millau.awp\" data-type=\"URL\" data-id=\"http:\/\/www.graufesenque.com\/FR\/Graufesenque-Condatomagos-millau.awp\">La Graufesenque\/Condatomagos<\/a>. Ces march\u00e9s t\u00e9moignent ainsi d&rsquo;un ancrage certain des Rut\u00e8nes dans un r\u00e9seau d&rsquo;\u00e9change avec leurs voisins. Un g\u00e9ographe grec du Ier si\u00e8cle av. J.-C., <strong><a href=\"https:\/\/blogs.univ-jfc.fr\/vphn\/histoire-locale\/les-rutenes-2021\/les-figures-de-poseidonios-dapamee-jules-cesar-ciceron-et-strabon\/\" data-type=\"URL\" data-id=\"https:\/\/blogs.univ-jfc.fr\/vphn\/histoire-locale\/les-rutenes-2021\/les-figures-de-poseidonios-dapamee-jules-cesar-ciceron-et-strabon\/\">Strabon<\/a><\/strong>, situe leur territoire au Sud de celui des <strong><a href=\"https:\/\/blogs.univ-jfc.fr\/vphn\/histoire-locale\/les-rutenes-2021\/les-peuples-voisins-des-rutenes\/\" data-type=\"URL\" data-id=\"https:\/\/blogs.univ-jfc.fr\/vphn\/histoire-locale\/les-rutenes-2021\/les-peuples-voisins-des-rutenes\/\">Arvernes<\/a><\/strong>. Les <strong><a href=\"https:\/\/blogs.univ-jfc.fr\/vphn\/histoire-locale\/les-rutenes-2021\/les-peuples-voisins-des-rutenes\/\" data-type=\"URL\" data-id=\"https:\/\/blogs.univ-jfc.fr\/vphn\/histoire-locale\/les-rutenes-2021\/les-peuples-voisins-des-rutenes\/\">Cadurques<\/a><\/strong> le bordent \u00e0 l\u2019Ouest et les <strong><a href=\"https:\/\/blogs.univ-jfc.fr\/vphn\/histoire-locale\/les-rutenes-2021\/les-peuples-voisins-des-rutenes\/\" data-type=\"URL\" data-id=\"https:\/\/blogs.univ-jfc.fr\/vphn\/histoire-locale\/les-rutenes-2021\/les-peuples-voisins-des-rutenes\/\">Gabales<\/a><\/strong> \u00e0 l\u2019Est.<\/p>\n\n\n\n<p class=\"has-text-align-left\">Sous le Haut-Empire, les Rut\u00e8nes forment l&rsquo;une des cit\u00e9s de <a href=\"http:\/\/oc.land.free.fr\/pagehistoire43.php\" data-type=\"URL\" data-id=\"http:\/\/oc.land.free.fr\/pagehistoire43.php\">la province Aquitaine de l\u2019Empire<\/a> cr\u00e9\u00e9es dans les territoires de la Gaule dite \u201cchevelue\u201d en 15 av. J.-C. Le chef-lieu de la cit\u00e9 rut\u00e8ne est ant\u00e9rieur \u00e0 la cr\u00e9ation de la province d\u2019Aquitaine, Segodunum a d\u2019ailleurs une racine celtique qui signifie \u00ab la place de la Victoire \u00bb. Cependant c\u2019est seulement au Ier si\u00e8cle que Segodunum d\u00e9veloppe une <a href=\"https:\/\/patrimoine.rodezagglo.fr\/fr\/patrimoine-rodez-agglomeration\/thematiques\/patrimoine-archeologique\/antiquite.php\" data-type=\"URL\" data-id=\"https:\/\/patrimoine.rodezagglo.fr\/fr\/patrimoine-rodez-agglomeration\/thematiques\/patrimoine-archeologique\/antiquite.php\">forme de centralisation<\/a> autour de diff\u00e9rentes institutions romaines. L\u2019importance des \u00e9lites rut\u00e8nes visible tant au Ier si\u00e8cle av. J.-C. qu\u2019au IIe si\u00e8cle ap. J.-C. d\u00e9montre une certaine continuit\u00e9 dans l\u2019exercice du pouvoir malgr\u00e9 le passage \u00e0 un mode politique romain. Nous pouvons affirmer qu\u2019il y a bien continuit\u00e9 gr\u00e2ce aux d\u00e9couvertes d\u2019inscriptions sur lesquelles sont visibles des noms d\u2019origines gauloises investis de charges influentes. Une autre manifestation de l\u2019\u00e9lite rut\u00e8ne peut \u00eatre vue \u00e0 travers <strong><a href=\"https:\/\/blogs.univ-jfc.fr\/vphn\/histoire-locale\/les-rutenes-2021\/la-pratique-de-lobside-le-cas-de-tatinos-et-attalus\/\" data-type=\"URL\" data-id=\"https:\/\/blogs.univ-jfc.fr\/vphn\/histoire-locale\/les-rutenes-2021\/la-pratique-de-lobside-le-cas-de-tatinos-et-attalus\/\">la pratique de l\u2019<em>obside<\/em> concernant Tatinos et Attalus<\/a><\/strong>.&nbsp;Des infrastructures romaines se diss\u00e9minent autour du chef-lieu rut\u00e8ne. Nous pouvons donner l\u2019exemple de <a href=\"https:\/\/patrimoine.rodezagglo.fr\/fr\/patrimoine-rodez-agglomeration\/thematiques\/patrimoine-archeologique\/antiquite.php\" data-type=\"URL\" data-id=\"https:\/\/patrimoine.rodezagglo.fr\/fr\/patrimoine-rodez-agglomeration\/thematiques\/patrimoine-archeologique\/antiquite.php\">l\u2019aqueduc d\u00e9couvert \u00e0 Luc-La-Primaube<\/a> ou encore <a href=\"https:\/\/patrimoine.rodezagglo.fr\/fr\/patrimoine-rodez-agglomeration\/thematiques\/patrimoine-archeologique\/antiquite.php\" data-type=\"URL\" data-id=\"https:\/\/patrimoine.rodezagglo.fr\/fr\/patrimoine-rodez-agglomeration\/thematiques\/patrimoine-archeologique\/antiquite.php\">le site des Balqui\u00e8res<\/a>.<\/p>\n\n\n\n<div class=\"wp-block-image\"><figure class=\"aligncenter size-large\"><img loading=\"lazy\" width=\"460\" height=\"556\" src=\"https:\/\/blogs.univ-jfc.fr\/vphn\/wp-content\/uploads\/sites\/65\/2021\/02\/carte-agglomerations-rutenes-3.png\" alt=\"\" class=\"wp-image-9180\" srcset=\"https:\/\/blogs.univ-jfc.fr\/vphn\/wp-content\/uploads\/sites\/65\/2021\/02\/carte-agglomerations-rutenes-3.png 460w, https:\/\/blogs.univ-jfc.fr\/vphn\/wp-content\/uploads\/sites\/65\/2021\/02\/carte-agglomerations-rutenes-3-248x300.png 248w\" sizes=\"(max-width: 460px) 100vw, 460px\" \/><figcaption>Carte de r\u00e9partition des sites rut\u00e8nes consid\u00e9r\u00e9s comme agglom\u00e9rations secondaires. Source : Gruat P., Pailler J-M., Schaad D., Les Rut\u00e8nes ; du peuple \u00e0 la cit\u00e9, Bordeaux, Aquitania, 2007, p.642.<\/figcaption><\/figure><\/div>\n\n\n\n<p class=\"has-text-align-left\">Les Rut\u00e8nes ont su d\u00e9velopper de bonnes relations \u00e9conomiques avec leurs voisins. Ils utilisent les voies fluviales et terrestres cr\u00e9\u00e9s durant l\u2019\u00e2ge du fer, celles-ci ayant facilit\u00e9 la conqu\u00eate romaine et la construction de leurs voies reprenant les axes pr\u00e9existants. Les Romains s&rsquo;approprient ces<strong> <a href=\"https:\/\/blogs.univ-jfc.fr\/vphn\/histoire-locale\/les-rutenes-2021\/les-voies-de-communication-en-territoire-rutene\/\" data-type=\"URL\" data-id=\"https:\/\/blogs.univ-jfc.fr\/vphn\/histoire-locale\/les-rutenes-2021\/les-voies-de-communication-en-territoire-rutene\/\">voies de communications<\/a> <\/strong>pour favoriser le commerce li\u00e9 entre autre \u00e0 la c\u00e9ramique sigill\u00e9e.<\/p>\n\n\n\n<figure class=\"wp-block-image size-large\"><img loading=\"lazy\" width=\"799\" height=\"477\" src=\"http:\/\/blogs.univ-jfc.fr\/vphn\/wp-content\/uploads\/sites\/65\/2021\/02\/Screen-Shot-02-24-21-at-04.54-PM.png\" alt=\"\" class=\"wp-image-9193\" srcset=\"https:\/\/blogs.univ-jfc.fr\/vphn\/wp-content\/uploads\/sites\/65\/2021\/02\/Screen-Shot-02-24-21-at-04.54-PM.png 799w, https:\/\/blogs.univ-jfc.fr\/vphn\/wp-content\/uploads\/sites\/65\/2021\/02\/Screen-Shot-02-24-21-at-04.54-PM-300x179.png 300w, https:\/\/blogs.univ-jfc.fr\/vphn\/wp-content\/uploads\/sites\/65\/2021\/02\/Screen-Shot-02-24-21-at-04.54-PM-768x458.png 768w\" sizes=\"(max-width: 706px) 89vw, (max-width: 767px) 82vw, 740px\" \/><figcaption>Exposition des d\u00e9couvertes sur le site de La Graufesenque, Mus\u00e9e de Millau et des Grands Causses. Source : wikimedia.org.<\/figcaption><\/figure>\n\n\n\n<p class=\"has-text-align-left\"> Le site de <a href=\"https:\/\/www.museedemillau.fr\/tabid\/111\/Default.aspx\" data-type=\"URL\" data-id=\"https:\/\/www.museedemillau.fr\/tabid\/111\/Default.aspx\">Condatomagos<\/a>\/Millau, en est un bon exemple. Il fut le plus important atelier de poterie de l\u2019empire romain au Ier si\u00e8cle av. J.-C. et au milieu du IIIe si\u00e8cle apr\u00e8s J.-C.<a href=\"https:\/\/www.futura-sciences.com\/planete\/dossiers\/geographie-aveyron-causses-dolmens-templiers-978\/page\/4\/\" data-type=\"URL\" data-id=\"https:\/\/www.futura-sciences.com\/planete\/dossiers\/geographie-aveyron-causses-dolmens-templiers-978\/page\/4\/\"> La production de c\u00e9ramique sigill\u00e9e<\/a> se caract\u00e9rise par une c\u00e9ramique fine de couleur rouge. Les Rut\u00e8nes en produisaient plus de 80 000 entre l\u2019an 15 et 170. La diffusion de cette c\u00e9ramique, qui s\u2019\u00e9tendait de l\u2019Afrique du Nord \u00e0 la mer Noire, montre l\u2019intensit\u00e9 et la port\u00e9e de l\u2019activit\u00e9 sigillaire issue de <em><a href=\"http:\/\/www.graufesenque.com\/FR\/Graufesenque-Condatomagos-millau.awp\" data-type=\"URL\" data-id=\"http:\/\/www.graufesenque.com\/FR\/Graufesenque-Condatomagos-millau.awp\">Condatomagos<\/a><\/em> pleinement int\u00e9gr\u00e9e dans le vaste r\u00e9seau commercial romain. Sur le territoire rut\u00e8ne les romains ont su extraire un grand nombre de minerais. D\u00e8s le Ier si\u00e8cle av. J.-C. des <strong><a href=\"https:\/\/blogs.univ-jfc.fr\/vphn\/histoire-locale\/les-rutenes-2021\/les-societas-romaines\/\" data-type=\"URL\" data-id=\"https:\/\/blogs.univ-jfc.fr\/vphn\/histoire-locale\/les-rutenes-2021\/les-societas-romaines\/\"><em>societas<\/em> romaines<\/a><\/strong> se sont install\u00e9es pour exploiter les minerais des monts de l\u2019Orb \u00e0 grande \u00e9chelle. Les arch\u00e9ologues ont r\u00e9pertori\u00e9 un grand nombre de mines et ateliers antiques en Viad\u00e8ne, dans le Sud du Tarn et de l\u2019Aveyron puis dans la r\u00e9gion proche de Villefranche-de-Rouergue. <strong><a href=\"https:\/\/blogs.univ-jfc.fr\/vphn\/histoire-locale\/les-rutenes-2021\/le-district-minier-autour-de-carantomagos\/\" data-type=\"URL\" data-id=\"https:\/\/blogs.univ-jfc.fr\/vphn\/histoire-locale\/les-rutenes-2021\/le-district-minier-autour-de-carantomagos\/\">Une de ces mines \u00e9tait m\u00eame propri\u00e9t\u00e9 imp\u00e9riale<\/a><\/strong> sous <a href=\"https:\/\/www.universalis.fr\/encyclopedie\/tibere-lat-tiberius-claudius-nero-empereur-romain\/\" data-type=\"URL\" data-id=\"https:\/\/www.universalis.fr\/encyclopedie\/tibere-lat-tiberius-claudius-nero-empereur-romain\/\">Tib\u00e8re<\/a> comme l&rsquo;indique la d\u00e9couverte d\u2019une inscription sur une dalle \u00e0 La Bastide-l&rsquo;Ev\u00eaque. <\/p>\n\n\n\n<p class=\"has-text-align-left\">Bien des \u00e9tudes ouvrent une multitude de champs de r\u00e9flexion, arch\u00e9ologues et historiens multiplient les recherches sur ce peuple encore m\u00e9connu.<\/p>\n\n\n\n<p><strong><a href=\"https:\/\/blogs.univ-jfc.fr\/vphn\/histoire-locale\/les-rutenes-2021\/bibliographie-les-rutenes\/\" data-type=\"URL\" data-id=\"https:\/\/blogs.univ-jfc.fr\/vphn\/histoire-locale\/les-rutenes-2021\/bibliographie-les-rutenes\/\">Bibliographie<\/a><\/strong><\/p>\n\n\n\n<p class=\"has-text-align-left\">R\u00e9alis\u00e9 par Solen Cayeul-Veteau, Lo\u00efs Mordasini, Mathis Bonhomme et Nathan Clav\u00e8re.<\/p>\n","protected":false},"excerpt":{"rendered":"<p>Le territoire des Rut\u00e8nes courait sur les plateaux du Larzac et s&rsquo;\u00e9tendait des massifs aveyronnais aux plaines du Tarn actuels. Ce dernier aurait fait office de fronti\u00e8re \u00e0 l&rsquo;\u00e9poque o\u00f9 la partie Sud du territoire rut\u00e8ne \u00e9tait associ\u00e9e \u00e0 la province romaine de la Narbonnaise.&nbsp; La Graufesenque, Montans et Rodez figurent parmi les premi\u00e8res agglom\u00e9rations &hellip; <\/p>\n<p class=\"link-more\"><a href=\"https:\/\/blogs.univ-jfc.fr\/vphn\/histoire-locale\/les-rutenes-2021\/\" class=\"more-link\">Continuer la lecture<span class=\"screen-reader-text\"> de &laquo;&nbsp;Les Rut\u00e8nes [2021]&nbsp;&raquo;<\/span><\/a><\/p>\n","protected":false},"author":760,"featured_media":0,"parent":1173,"menu_order":0,"comment_status":"closed","ping_status":"closed","template":"","meta":[],"_links":{"self":[{"href":"https:\/\/blogs.univ-jfc.fr\/vphn\/wp-json\/wp\/v2\/pages\/7879"}],"collection":[{"href":"https:\/\/blogs.univ-jfc.fr\/vphn\/wp-json\/wp\/v2\/pages"}],"about":[{"href":"https:\/\/blogs.univ-jfc.fr\/vphn\/wp-json\/wp\/v2\/types\/page"}],"author":[{"embeddable":true,"href":"https:\/\/blogs.univ-jfc.fr\/vphn\/wp-json\/wp\/v2\/users\/760"}],"replies":[{"embeddable":true,"href":"https:\/\/blogs.univ-jfc.fr\/vphn\/wp-json\/wp\/v2\/comments?post=7879"}],"version-history":[{"count":34,"href":"https:\/\/blogs.univ-jfc.fr\/vphn\/wp-json\/wp\/v2\/pages\/7879\/revisions"}],"predecessor-version":[{"id":9796,"href":"https:\/\/blogs.univ-jfc.fr\/vphn\/wp-json\/wp\/v2\/pages\/7879\/revisions\/9796"}],"up":[{"embeddable":true,"href":"https:\/\/blogs.univ-jfc.fr\/vphn\/wp-json\/wp\/v2\/pages\/1173"}],"wp:attachment":[{"href":"https:\/\/blogs.univ-jfc.fr\/vphn\/wp-json\/wp\/v2\/media?parent=7879"}],"curies":[{"name":"wp","href":"https:\/\/api.w.org\/{rel}","templated":true}]}}