{"id":79,"date":"2018-01-17T09:21:30","date_gmt":"2018-01-17T08:21:30","guid":{"rendered":"http:\/\/blogs.univ-jfc.fr\/vphn\/?page_id=79"},"modified":"2018-05-03T17:13:21","modified_gmt":"2018-05-03T15:13:21","slug":"les-protestants-dans-le-quercy-pendant-les-guerres-de-religion","status":"publish","type":"page","link":"https:\/\/blogs.univ-jfc.fr\/vphn\/histoire-locale\/les-protestants-dans-le-quercy-pendant-les-guerres-de-religion\/","title":{"rendered":"Les protestants dans le Quercy pendant les Guerres de religion [2017]"},"content":{"rendered":"<h4 style=\"text-align: right\" align=\"justify\"><a href=\"https:\/\/www.youtube.com\/watch?v=_jPlMPrIndM\" target=\"_blank\" rel=\"noopener noreferrer\">REPORTAGE<\/a><\/h4>\n<p align=\"justify\">\n<p align=\"justify\">Les Guerres de religion se sont d\u00e9roul\u00e9es en France durant la seconde la moiti\u00e9 du XVI<sup>e<\/sup> si\u00e8cle. Elles opposent deux communaut\u00e9s religieuses, les protestants et les catholiques. La querelle est particuli\u00e8rement forte dans le Quercy car on y trouve la ville de <a href=\"https:\/\/www.museeprotestant.org\/notice\/montauban-tarn-et-garonne\/\">Montauban<\/a>, l&rsquo;une des principales villes protestantes du royaume. On peut distinguer le Haut-Quercy catholique et le Bas-Quercy protestant.\u00a0 A l&rsquo;arriv\u00e9e du protestantisme au d\u00e9but du XVI<sup>e<\/sup> si\u00e8cle jusqu&rsquo;\u00e0 la r\u00e9vocation de l&rsquo;\u00e9dit de Nantes en 1685 les deux religions ont \u00e9volu\u00e9.<\/p>\n<p>&nbsp;<\/p>\n<p align=\"justify\"><strong>Un protestantisme port\u00e9 par les \u00e9lites<\/strong><\/p>\n<figure id=\"attachment_1155\" aria-describedby=\"caption-attachment-1155\" style=\"width: 189px\" class=\"wp-caption alignleft\"><img loading=\"lazy\" class=\"wp-image-1155 size-full\" src=\"http:\/\/blogs.univ-jfc.fr\/vphn\/wp-content\/uploads\/sites\/65\/2018\/02\/index.jpeg\" alt=\"\" width=\"189\" height=\"266\" \/><figcaption id=\"caption-attachment-1155\" class=\"wp-caption-text\">Portrait au crayon de Jeanne d&rsquo;Albret du XVIe si\u00e8cle, conserv\u00e9 dans le d\u00e9partement des estamp.<\/figcaption><\/figure>\n<p align=\"justify\">Il faut attendre les ann\u00e9es 1530 pour que le protestantisme gagne le sud de la France. Les premiers corps sociaux touch\u00e9s sont\u00a0: la noblesse et la bourgeoisie.<\/p>\n<p align=\"justify\">En effet, les \u00e9lites se convertissent \u00e0 cette nouvelle confession par l&rsquo;interm\u00e9diaire des individus c\u00f4toyant les acad\u00e9mies et les universit\u00e9s. Les pasteurs form\u00e9s en Suisse, se d\u00e9placent \u00e0 l&rsquo;int\u00e9rieur du royaume notamment \u00e0 travers ces institutions pour permettre d&rsquo;\u00e9tendre le message protestant. Quant \u00e0 la noblesse quercynoise, elle est influenc\u00e9e par la cour de N\u00e9rac o\u00f9 r\u00e9side la reine protestante Jeanne D&rsquo;Albret. En mati\u00e8re de conversion au XVI<sup>e<\/sup> si\u00e8cle, trois sch\u00e9mas se dessinent dans la noblesse : les convertis revendiquant leur conversion religieuse, ceux qui restent dans la foi catholique et enfin les derniers qui voient d&rsquo;un bon \u0153il la nouvelle foi, mais ne passent pas le cap de la conversion religieuse. Si les \u00e9lites se convertissent \u00e0 cette nouvelle foi, les couches inf\u00e9rieures de la soci\u00e9t\u00e9 d&rsquo;Ancien r\u00e9gime ne sont pas en reste. En effet, par l\u2019interm\u00e9diaire des pasteurs, le peuple \u00e0 acc\u00e8s aux nouvelles id\u00e9es.<\/p>\n<p align=\"justify\"><b>Les Guerres de religion, un conflit\u00a0in\u00e9dit<\/b><\/p>\n<figure id=\"attachment_1185\" aria-describedby=\"caption-attachment-1185\" style=\"width: 300px\" class=\"wp-caption alignright\"><img loading=\"lazy\" class=\"wp-image-1185 size-medium\" src=\"http:\/\/blogs.univ-jfc.fr\/vphn\/wp-content\/uploads\/sites\/65\/2018\/02\/500.h5.7.rep_.gravure-massacre.-300x202.jpg\" alt=\"\" width=\"300\" height=\"202\" srcset=\"https:\/\/blogs.univ-jfc.fr\/vphn\/wp-content\/uploads\/sites\/65\/2018\/02\/500.h5.7.rep_.gravure-massacre.-300x202.jpg 300w, https:\/\/blogs.univ-jfc.fr\/vphn\/wp-content\/uploads\/sites\/65\/2018\/02\/500.h5.7.rep_.gravure-massacre..jpg 500w\" sizes=\"(max-width: 300px) 100vw, 300px\" \/><figcaption id=\"caption-attachment-1185\" class=\"wp-caption-text\">Illustration du massacre de Cahors de 1561, rue des Soubirous par Franz Hogenberg, conserv\u00e9e au Mus\u00e9e Calvin de Noyon<\/figcaption><\/figure>\n<p align=\"justify\">Si durant la premi\u00e8re moiti\u00e9 du XVI<sup>e<\/sup> si\u00e8cle, le protestantisme s&rsquo;\u00e9tend facilement et rapidement sur le territoire. La seconde partie de ce si\u00e8cle, correspond aux Guerres de religion qui opposent les catholiques aux protestants. Elles se distinguent des autres guerres car elles sont civiles. Dans le Quercy, le premier massacre notable est celui de Cahors en 1561 o\u00f9 les protestants sont ex\u00e9cut\u00e9s par les catholiques. D&rsquo;autres \u00e9v\u00e9nements ont lieu comme les troubles \u00e0 Montauban et ceux de Toulouse en 1562. Ces \u00e9v\u00e9nements prennent essentiellement place dans les cit\u00e9s o\u00f9 l&rsquo;on trouve la communaut\u00e9 protestante.<\/p>\n<p align=\"justify\">A la fin des troubles en 1598, les Guerres de religion laissent un royaume meurtri \u00e9conomiquement, en raison,\u00a0 notamment, des nombreux d\u00e9g\u00e2ts caus\u00e9s par les combats, mais aussi un bilan humain tr\u00e8s important avec environ un million de victimes.<\/p>\n<p align=\"justify\"><strong>Un d\u00e9clin progressif<\/strong><\/p>\n<figure id=\"attachment_1156\" aria-describedby=\"caption-attachment-1156\" style=\"width: 220px\" class=\"wp-caption alignleft\"><img loading=\"lazy\" class=\"wp-image-1156 size-full\" src=\"http:\/\/blogs.univ-jfc.fr\/vphn\/wp-content\/uploads\/sites\/65\/2018\/02\/King_Henry_IV_of_France.jpg\" alt=\"\" width=\"220\" height=\"278\" \/><figcaption id=\"caption-attachment-1156\" class=\"wp-caption-text\">Tableau du roi Henri IV, par Frans Pourbus le Jeune au d\u00e9but du XVIIe si\u00e8cle, expos\u00e9 au Mus\u00e9e du Louvre.<\/figcaption><\/figure>\n<p align=\"justify\">Apr\u00e8s la signature de <a href=\"https:\/\/www.museeprotestant.org\/notice\/ledit-de-nantes\/\">l&rsquo;\u00e9dit de Nantes<\/a> en 1598 par Henri IV, qui met fin aux guerres de religion, ce n&rsquo;est pas pour autant un si\u00e8cle de paix absolu qui s&rsquo;ouvre pour les protestants.\u00a0 Certes, les protestants peuvent d\u00e9sormais pratiquer leur religion sans craindre des repr\u00e9sailles de la part des catholiques. Mais ils doivent exercer leur culte dans les places de s\u00fbret\u00e9s qui ont \u00e9t\u00e9 cr\u00e9\u00e9es tout le long de la seconde moiti\u00e9 du\u00a0XVII<sup>e\u00a0<\/sup>si\u00e8cle. L&rsquo;\u00e9dit de Nantes \u00e0 l&rsquo;\u00e9poque est accueilli par ses contemporains de mani\u00e8re mitig\u00e9e. Les catholiques trouvent que les protestants ont trop de pouvoir alors que les protestants pensent le contraire, provoquant des r\u00e9voltes huguenotes vers 1620, se terminant par la signature de la Paix d&rsquo;Al\u00e8s o\u00f9 les protestants perdent les pouvoirs que l&rsquo;\u00e9dit de Nantes leurs avait donn\u00e9s.<\/p>\n<p align=\"justify\">Ainsi tout au long du\u00a0XVII<sup>e\u00a0<\/sup>si\u00e8cle, le protestantisme dispara\u00eet petit \u00e0 petit. En effet, la noblesse se reconvertit \u00e0 la foi catholique pour des raisons politiques. La bourgeoisie fait le choix de rester dans la nouvelle foi, pour d\u00e9velopper un signe particulier face \u00e0 la noblesse et trouve de nouvelles activit\u00e9s comme la finance.<\/p>\n<p>&nbsp;<\/p>\n<figure id=\"attachment_1743\" aria-describedby=\"caption-attachment-1743\" style=\"width: 211px\" class=\"wp-caption alignright\"><img loading=\"lazy\" class=\"wp-image-1743 size-medium\" src=\"http:\/\/blogs.univ-jfc.fr\/vphn\/wp-content\/uploads\/sites\/65\/2018\/02\/Louis_XIV_of_France-211x300.jpg\" alt=\"\" width=\"211\" height=\"300\" srcset=\"https:\/\/blogs.univ-jfc.fr\/vphn\/wp-content\/uploads\/sites\/65\/2018\/02\/Louis_XIV_of_France-211x300.jpg 211w, https:\/\/blogs.univ-jfc.fr\/vphn\/wp-content\/uploads\/sites\/65\/2018\/02\/Louis_XIV_of_France.jpg 260w\" sizes=\"(max-width: 211px) 100vw, 211px\" \/><figcaption id=\"caption-attachment-1743\" class=\"wp-caption-text\">Tableau du roi Louis XIV en costume de sacre par Hyacinthe Rigaud en 1701 conserv\u00e9 au Mus\u00e9e du Louvre.<\/figcaption><\/figure>\n<p>Entre le XVI<sup>e<\/sup> si\u00e8cle et le XVII<sup>e<\/sup> si\u00e8cle, le protestantisme n&rsquo;arrive pas \u00e0 s&rsquo;imposer durablement dans le Quercy comme dans le royaume en g\u00e9n\u00e9ral. En effet, le nombre d\u2019adh\u00e9rents \u00e0 cette nouvelle foi n&rsquo;a cess\u00e9 d\u2019augmenter au d\u00e9but du XVI<sup>e<\/sup> si\u00e8cle et pendant les Guerres de religion. <span style=\"font-family: 'Times New Roman', serif\">\u00c0<\/span> partir du XVII<sup>e<\/sup> si\u00e8cle, par une politique monarchique tourn\u00e9e vers le camps des catholiques, les protestants disparaissent dans le royaume jusqu&rsquo;\u00e0 la suppression de la reconnaissance de cette religion par <a href=\"https:\/\/www.museeprotestant.org\/notice\/ledit-de-fontainebleau-ou-la-revocation-1685\/\">la r\u00e9vocation de l&rsquo;\u00e9dit de Nantes<\/a> en 1685 par Louis XIV.<\/p>\n<p><a href=\"https:\/\/www.museeprotestant.org\/\">Pour aller plus loin<\/a><\/p>\n<p>Etudiants : Yohan Pomi\u00e8s, L\u00e9o Grosjean, Thomas Duval.<\/p>\n","protected":false},"excerpt":{"rendered":"<p>REPORTAGE Les Guerres de religion se sont d\u00e9roul\u00e9es en France durant la seconde la moiti\u00e9 du XVIe si\u00e8cle. Elles opposent deux communaut\u00e9s religieuses, les protestants et les catholiques. La querelle est particuli\u00e8rement forte dans le Quercy car on y trouve la ville de Montauban, l&rsquo;une des principales villes protestantes du royaume. On peut distinguer le &hellip; <\/p>\n<p class=\"link-more\"><a href=\"https:\/\/blogs.univ-jfc.fr\/vphn\/histoire-locale\/les-protestants-dans-le-quercy-pendant-les-guerres-de-religion\/\" class=\"more-link\">Continuer la lecture<span class=\"screen-reader-text\"> de &laquo;&nbsp;Les protestants dans le Quercy pendant les Guerres de religion [2017]&nbsp;&raquo;<\/span><\/a><\/p>\n","protected":false},"author":19,"featured_media":0,"parent":1173,"menu_order":3,"comment_status":"closed","ping_status":"closed","template":"","meta":[],"_links":{"self":[{"href":"https:\/\/blogs.univ-jfc.fr\/vphn\/wp-json\/wp\/v2\/pages\/79"}],"collection":[{"href":"https:\/\/blogs.univ-jfc.fr\/vphn\/wp-json\/wp\/v2\/pages"}],"about":[{"href":"https:\/\/blogs.univ-jfc.fr\/vphn\/wp-json\/wp\/v2\/types\/page"}],"author":[{"embeddable":true,"href":"https:\/\/blogs.univ-jfc.fr\/vphn\/wp-json\/wp\/v2\/users\/19"}],"replies":[{"embeddable":true,"href":"https:\/\/blogs.univ-jfc.fr\/vphn\/wp-json\/wp\/v2\/comments?post=79"}],"version-history":[{"count":35,"href":"https:\/\/blogs.univ-jfc.fr\/vphn\/wp-json\/wp\/v2\/pages\/79\/revisions"}],"predecessor-version":[{"id":2128,"href":"https:\/\/blogs.univ-jfc.fr\/vphn\/wp-json\/wp\/v2\/pages\/79\/revisions\/2128"}],"up":[{"embeddable":true,"href":"https:\/\/blogs.univ-jfc.fr\/vphn\/wp-json\/wp\/v2\/pages\/1173"}],"wp:attachment":[{"href":"https:\/\/blogs.univ-jfc.fr\/vphn\/wp-json\/wp\/v2\/media?parent=79"}],"curies":[{"name":"wp","href":"https:\/\/api.w.org\/{rel}","templated":true}]}}