{"id":7926,"date":"2021-01-19T16:50:08","date_gmt":"2021-01-19T15:50:08","guid":{"rendered":"http:\/\/blogs.univ-jfc.fr\/vphn\/?page_id=7926"},"modified":"2021-04-07T18:20:52","modified_gmt":"2021-04-07T16:20:52","slug":"limmigration-espagnole-en-aveyron-du-xixe-a-nos-jours-2021","status":"publish","type":"page","link":"https:\/\/blogs.univ-jfc.fr\/vphn\/limmigration-espagnole-en-aveyron-du-xixe-a-nos-jours-2021\/","title":{"rendered":"L\u2019immigration espagnole en Aveyron du XIXe \u00e0 nos jours [2021]"},"content":{"rendered":"\n<p class=\"has-text-align-right\"><strong><span class=\"has-inline-color has-luminous-vivid-amber-color\"><a href=\"https:\/\/www.artsteps.com\/embed\/60129ca1646e715b903041dd\/560\/315&quot;\" data-type=\"URL\" data-id=\"https:\/\/www.artsteps.com\/embed\/60129ca1646e715b903041dd\/560\/315&quot;\">EXPOSITION EN LIGNE (Clara TADIOTTO)<\/a><\/span><\/strong><\/p>\n\n\n<h3><span style=\"color: #ff0000\"><strong>&nbsp;<\/strong><\/span><\/h3>\n<p><span style=\"color: #ffffff\">\u00ab La colonie espagnole ne fait plus parler d&rsquo;elle, son int\u00e9gration est consid\u00e9r\u00e9e comme exemplaire. Tr\u00e8s h\u00e9t\u00e9rog\u00e8ne, elle est form\u00e9e d&rsquo;\u00e9migr\u00e9s \u00e9conomiques install\u00e9s durablement, d&rsquo;anciens r\u00e9fugi\u00e9s politiques qui font maintenant d&rsquo;incessants allers et retours entre les deux pays, et de la deuxi\u00e8me g\u00e9n\u00e9ration issue de l&rsquo;exil \u00bb, explique Genevi\u00e8ve Armand-Dreyfus<a style=\"color: #ffffff\" href=\"#_ftn1\" name=\"_ftnref1\">[1]<\/a>dans un &nbsp;article sur La constitution de la colonie espagnole en France.<\/span><\/p>\n<p><span style=\"color: #ffffff\">L\u2019immigration espagnole en France est, effectivement, un ph\u00e9nom\u00e8ne ancien. Les r\u00e9fugi\u00e9s politiques espagnols sont la premi\u00e8re nationalit\u00e9 \u00e9trang\u00e8re en France apr\u00e8s la Premi\u00e8re Guerre mondiale jusque dans les ann\u00e9es 1970.&nbsp; Ils se dirigent, entre autres, vers l\u2019Aveyron, un d\u00e9partement rural du sud-ouest. Comment ce d\u00e9partement a-t-il accueilli ces diff\u00e9rentes vagues d\u2019immigrations&nbsp;?<\/span><\/p>\n<figure id=\"attachment_8531\" aria-describedby=\"caption-attachment-8531\" style=\"width: 326px\" class=\"wp-caption aligncenter\"><img loading=\"lazy\" class=\"wp-image-8531\" src=\"http:\/\/blogs.univ-jfc.fr\/vphn\/wp-content\/uploads\/sites\/65\/2021\/02\/vphn-1.jpg\" alt=\"\" width=\"326\" height=\"184\"><figcaption id=\"caption-attachment-8531\" class=\"wp-caption-text\"><span style=\"color: #ffffff\"><strong>La longue marche des exil\u00e9s espagnoles, tir\u00e9 de l\u2019exposition Memoria andando, collection J.Villamosa<\/strong><\/span><\/figcaption><\/figure>\n<p><span style=\"color: #ffffff\"><strong><a style=\"color: #ffffff\" href=\"#_ftnref1\" name=\"_ftn1\">[1]<\/a> Historienne fran\u00e7aise, sp\u00e9cialiste sur l\u2019exil r\u00e9publicain espagnol<\/strong><\/span><\/p>\n<h3><span style=\"color: #ff0000\"><strong><u>Une immigration espagnole \u00e9conomique au d\u00e9but du XIXe <\/u><\/strong><\/span><span style=\"color: #ff0000\"><strong><u>si\u00e8cle<\/u><\/strong><\/span><\/h3>\n<p><span style=\"color: #ffffff\">Cette immigration espagnole du d\u00e9but du XIX<sup>e<\/sup> si\u00e8cle est de nature \u00e9conomique, essentiellement compos\u00e9e de paysans, de vagabonds, de femmes et d\u2019enfants. Ils se voient confier &nbsp;des emplois dans des entreprises qui proposent des salaires tr\u00e8s bas et avec peu de promotions professionnelles du \u00e0 la faiblesse de leurs qualifications professionnelles. En Aveyron, 50&nbsp;% des Espagnols travaillent soit dans les mines, soit dans l\u2019agriculture.<\/span><\/p>\n<p><span style=\"color: #ffffff\">La France conna\u00eet deux grandes vagues migratoires \u00e9conomiques, celle li\u00e9e \u00e0 la r\u00e9volution industrielle de 1850 \u00e0 1914 puis une deuxi\u00e8me vague migratoire \u00e9conomique de 1914 \u00e0 1939 , en effet&nbsp; m\u00eame si l\u2019Espagne n\u2019entre pas dans la premi\u00e8re guerre mondiale, elle en subit les cons\u00e9quences \u00e9conomiques et sur l\u2019inflation \u00e0 cause de l\u2019exportation de produits vers les pays en guerre. Cela va entra\u00eener la famine dans les campagnes espagnoles et pousser les populations \u00e0 venir en France. C\u2019est dans ce mauvais contexte \u00e9conomique que &nbsp;les espagnols sont employ\u00e9s en Aveyron notamment \u00e0 Decazeville dans l\u2019usine vieille montagne de Viviez sp\u00e9cialis\u00e9e dans la m\u00e9tallurgie du zinc.<\/span><\/p>\n<p><span style=\"color: #ffffff\">Le d\u00e9partement profite de la politique d\u2019accueil de main-d&rsquo;\u0153uvre \u00e9trang\u00e8re en France, tr\u00e8s ouverte durant l\u2019entre-deux-guerres pour pallier le manque de main d\u2019\u0153uvre. Ce manque est particuli\u00e8rement sensible en Aveyron qui conna\u00eet alors une faible natalit\u00e9 et souffre des pertes importantes de la Grande guerre.<\/span><\/p>\n<figure id=\"attachment_8543\" aria-describedby=\"caption-attachment-8543\" style=\"width: 300px\" class=\"wp-caption alignnone\"><img loading=\"lazy\" class=\"wp-image-8543 size-medium\" src=\"http:\/\/blogs.univ-jfc.fr\/vphn\/wp-content\/uploads\/sites\/65\/2021\/02\/Image-2-vphn-300x186.jpg\" alt=\"\" width=\"300\" height=\"186\" srcset=\"https:\/\/blogs.univ-jfc.fr\/vphn\/wp-content\/uploads\/sites\/65\/2021\/02\/Image-2-vphn-300x186.jpg 300w, https:\/\/blogs.univ-jfc.fr\/vphn\/wp-content\/uploads\/sites\/65\/2021\/02\/Image-2-vphn.jpg 480w\" sizes=\"(max-width: 300px) 100vw, 300px\" \/><figcaption id=\"caption-attachment-8543\" class=\"wp-caption-text\"><span style=\"color: #ffffff\"><strong>Carte postale de Viviez, Usine de la vieille montagne, four \u00e0 zinc, collection Industrie lu<\/strong><\/span><\/figcaption><\/figure>\n<h3><span style=\"color: #ff0000\"><strong><u>Une immigration politique au milieu du XI<\/u><u>X<\/u><u><span style=\"font-size: 15px\">e<\/span><\/u><u>&nbsp;si\u00e8cle<\/u><\/strong><\/span><\/h3>\n<p><span style=\"color: #ffffff\">\u00c0 partir de 1936, l\u2019immigration espagnole devient majoritairement politique. Cela s\u2019explique par la fragilit\u00e9 de la R\u00e9publique espagnole qui subit plusieurs r\u00e9voltes comme celle des Asturies en 1934. Le 17 juillet 1936, le g\u00e9n\u00e9ral Francisco Franco attaque la R\u00e9publique, ce qui d\u00e9clenche une guerre civile, qui oppose les R\u00e9publicains aux Nationalistes.<\/span><\/p>\n<figure id=\"attachment_8808\" aria-describedby=\"caption-attachment-8808\" style=\"width: 300px\" class=\"wp-caption alignnone\"><img loading=\"lazy\" class=\"wp-image-8808 size-medium\" src=\"http:\/\/blogs.univ-jfc.fr\/vphn\/wp-content\/uploads\/sites\/65\/2021\/02\/Bundesarchiv_Bild_183-H25224_Guernica_Ruinen-300x220.jpg\" alt=\"\" width=\"300\" height=\"220\" srcset=\"https:\/\/blogs.univ-jfc.fr\/vphn\/wp-content\/uploads\/sites\/65\/2021\/02\/Bundesarchiv_Bild_183-H25224_Guernica_Ruinen-300x220.jpg 300w, https:\/\/blogs.univ-jfc.fr\/vphn\/wp-content\/uploads\/sites\/65\/2021\/02\/Bundesarchiv_Bild_183-H25224_Guernica_Ruinen-768x562.jpg 768w, https:\/\/blogs.univ-jfc.fr\/vphn\/wp-content\/uploads\/sites\/65\/2021\/02\/Bundesarchiv_Bild_183-H25224_Guernica_Ruinen.jpg 798w\" sizes=\"(max-width: 300px) 100vw, 300px\" \/><figcaption id=\"caption-attachment-8808\" class=\"wp-caption-text\"><span style=\"color: #ffffff\"><strong>La ville de Guernica apr\u00e8s le bombardement de 1937, fonds des archives g\u00e9n\u00e9rales (Allemagne)<\/strong><\/span><\/figcaption><\/figure>\n<p><span style=\"color: #ffffff\">Cette guerre civile &nbsp;dure jusqu\u2019en 1939, date de la d\u00e9faite des R\u00e9publicains entra\u00eenant des vagues de migrations, dont la plus c\u00e9l\u00e8bre porte le nom de <em><a style=\"color: #ffffff\" href=\"https:\/\/www.museuexili.cat\/fr\/\">Retirada<\/a>. <\/em>Elle d\u00e9bute en f\u00e9vrier 1939 et compte pr\u00e8s d\u2019un demi-million de r\u00e9fugi\u00e9s qui passent la fronti\u00e8re fran\u00e7aise dans des conditions extr\u00eames \u00e0 cause des frappes a\u00e9riennes de Franco sur les Pyr\u00e9n\u00e9es et du froid et de la neige.<\/span><\/p>\n<h3><span style=\"color: #333333\"><strong><u>&nbsp;<span style=\"color: #ff0000\">L\u2019int\u00e9gration&nbsp;difficile des Espagnols<\/span><\/u><\/strong><\/span><\/h3>\n<p><span style=\"color: #ffffff\">En fait, les migrations commencent d\u00e8s le mois de janvier 1939, avec un afflux important de R\u00e9publicains espagnols par les Pyr\u00e9n\u00e9es. Des camps sont construits afin d\u2019accueillir cette forte migration, notamment dans le Sud-Est et le <a style=\"color: #ffffff\" href=\"https:\/\/www.tourisme-occitanie.com\/le-memorial-du-camp-de-judes\/septfonds\"><em>Sud-Ouest<\/em><\/a>, destin\u00e9s \u00e0 les h\u00e9berger \u00e0 leur arriv\u00e9e. On en d\u00e9nombre un en Aveyron, au camp militaire du Larzac o\u00f9 les Espagnols ont des obligations militaires. La vie dans les camps est tr\u00e8s difficile, les r\u00e9fugi\u00e9s sont expos\u00e9s \u00e0 la faim, au froid, aux maladies mais aussi \u00e0 la violence de certains gardiens des camps.<\/span><\/p>\n<figure id=\"attachment_1233\" aria-describedby=\"caption-attachment-1233\" style=\"width: 269px\" class=\"wp-caption alignnone\"><img loading=\"lazy\" class=\"wp-image-1233 size-full\" src=\"http:\/\/blogs.univ-jfc.fr\/vphn\/wp-content\/uploads\/sites\/65\/2018\/02\/EXIL-ESPAGNOLS.jpg\" alt=\"\" width=\"269\" height=\"188\"><figcaption id=\"caption-attachment-1233\" class=\"wp-caption-text\"><strong><span style=\"color: #ffffff\">R\u00e9fugi\u00e9s espagnols pendant leur transfert au camp de Barcar\u00e8s (66) en mars 1939, Robert Capa, Mus\u00e9e national de l&rsquo;histoire et des cultures de l&rsquo;immigration .<\/span><\/strong><\/figcaption><\/figure>\n<p><span style=\"color: #ffffff\">Les Espagnols font face \u00e0 de grandes difficult\u00e9s tant au niveau physique que psychologique. Ils subissent la x\u00e9nophobie. C\u2019est ce que l\u2019on a appel\u00e9 la grande peur, \u00e0 savoir la crainte des Fran\u00e7ais face \u00e0 l\u2019arriv\u00e9e massive \u00e0 la fronti\u00e8re fran\u00e7aise de pr\u00e8s d\u2019un demi-million de personnes, civils et militaires, fuyant la r\u00e9pression franquiste. L\u2019int\u00e9gration des Espagnols est finalement r\u00e9ussie \u00e0 partir des ann\u00e9es 1940. Ne pouvant retourner en Espagne en raison du maintien de Franco au pouvoir, gr\u00e2ce au d\u00e9clenchement de la Guerre froide, ils se s\u00e9dentarisent en France, et, gr\u00e2ce \u00e0 leur travail, b\u00e9n\u00e9ficient d\u2019une ascension sociale. Ils profitent du boom \u00e9conomique des trente Glorieuses, investissent dans des maisons, se marient et construisent leur vie en France.&nbsp;<\/span><\/p>\n<h3><span style=\"color: #ff0000\"><strong><u>L\u2019Aveyron, un d\u00e9partement qui attire toujours apr\u00e8s 1945 <\/u><\/strong><\/span><\/h3>\n<p><span style=\"color: #ffffff\">Apr\u00e8s la Seconde Guerre mondiale, la colonie espagnole est la seule colonie \u00e9trang\u00e8re dont le nombre augmente puisque le gouvernement accorde, par le d\u00e9cret du 15 mars 1945, le statut de r\u00e9fugi\u00e9 \u00e0 tous les Espagnols fuyant la r\u00e9pression franquiste. L\u2019immigration atteint son maximum dans les ann\u00e9es 1960 gr\u00e2ce \u00e0 la demande de main-d&rsquo;\u0153uvre due aux Trente Glorieuses et cela s\u2019accompagne de diff\u00e9rentes aides sociales mises en place par l\u2019\u00c9tat et la hausse des salaires pour les travailleurs \u00e9trangers.<\/span><\/p>\n<h3><span style=\"color: #ff0000\"><strong><u>Les offres d\u2019emploi de l\u2019Aveyron<\/u><\/strong><\/span><\/h3>\n<p><span style=\"color: #ffffff\">La France offre de nombreuses opportunit\u00e9s professionnelles, notamment en Aveyron avec l\u2019exploitation mini\u00e8re (Decazeville, Le Gua, Cransac), la sid\u00e9rurgie (Viviez) ou encore avec les ateliers textiles (Saint-Affrique).<\/span><\/p>\n<p><span style=\"color: #ffffff\">Cependant, les entreprises locales ont du mal \u00e0 recruter de la main-d&rsquo;\u0153uvre \u00e9trang\u00e8re. Pour faire face \u00e0 cela, les administrations favorisent l\u2019immigration en r\u00e9gularisant les travailleurs en situation ill\u00e9gale.<\/span><\/p>\n<h3><span style=\"color: #ff0000\"><strong><u>Une politique administrative restrictive<\/u><\/strong><\/span><\/h3>\n<p><span style=\"color: #ffffff\">Cette immigration est toutefois limit\u00e9e et contr\u00f4l\u00e9e \u00e0 partir du milieu du XX<sup>e<\/sup> si\u00e8cle par la politique administrative avec une surabondance de d\u00e9crets et de circulaires comme la cr\u00e9ation de l\u2019Office national d&rsquo;immigration charg\u00e9 de l&rsquo;introduction des travailleurs \u00e9tranger en 1946 lorsque le pays conna\u00eet un certain tassement \u00e9conomique de la production industrielle.<\/span><\/p>\n<p><span style=\"color: #ffffff\">Avec la mort de Franco en 1975, de nombreux Espagnols d\u00e9cident de rentrer en Espagne, environ 15 000 retours par an. Au m\u00eame moment en France, une politique migratoire restrictive se met en place \u00e0 travers la loi Barre-Bonnet de 1979-1980, qui tente de r\u00e9glementer l\u2019entr\u00e9e et le s\u00e9jour en France. La France favorise les retours et aide les Espagnols \u00e0 retourner en Espagne avec des subventions.<\/span><\/p>\n<figure id=\"attachment_8558\" aria-describedby=\"caption-attachment-8558\" style=\"width: 201px\" class=\"wp-caption alignnone\"><img loading=\"lazy\" class=\"wp-image-8558 size-medium\" src=\"http:\/\/blogs.univ-jfc.fr\/vphn\/wp-content\/uploads\/sites\/65\/2021\/02\/vphn-5-affiche-201x300.jpg\" alt=\"\" width=\"201\" height=\"300\" srcset=\"https:\/\/blogs.univ-jfc.fr\/vphn\/wp-content\/uploads\/sites\/65\/2021\/02\/vphn-5-affiche-201x300.jpg 201w, https:\/\/blogs.univ-jfc.fr\/vphn\/wp-content\/uploads\/sites\/65\/2021\/02\/vphn-5-affiche.jpg 218w\" sizes=\"(max-width: 201px) 100vw, 201px\" \/><figcaption id=\"caption-attachment-8558\" class=\"wp-caption-text\"><span style=\"color: #ffffff\"><strong>Affiche \u00e9dit\u00e9e par l\u2019Office national des migrations, 1980 Collection G\u00e9n\u00e9riques<\/strong><\/span><\/figcaption><\/figure>\n<h3><span style=\"color: #ff0000\"><strong><u>La sauvegarde de la m\u00e9moire de l\u2019immigration espagnole<\/u><\/strong><\/span><\/h3>\n<p><span style=\"color: #ffffff\">Aujourd\u2019hui, il y a une tentative de sauvegarde de la m\u00e9moire de l\u2019immigration espagnole en France, et plus particuli\u00e8rement en Aveyron. Au niveau national, la f\u00e9d\u00e9ration d\u2019associations et de centres d\u2019\u00e9migr\u00e9s espagnols en France (FACEEF) y \u0153uvre \u00e9galement.&nbsp; Elle regroupe deux f\u00e9d\u00e9rations tr\u00e8s importantes : la FAEEF et la APFEEF qui ont pour objectif de favoriser la reconnaissance et la valorisation de la communaut\u00e9 espagnole.&nbsp; En Aveyron, notamment dans le Bassin de Decazeville, on peut voir par exemple une association nomm\u00e9e<a style=\"color: #ffffff\" href=\"http:\/\/memoria.andando.free.fr\/\"> Memoria Andando<\/a>, gr\u00e2ce \u00e0 plusieurs manifestations et \u00e9v\u00e8nements. Elle permet de pr\u00e9server l\u2019histoire et la forte empreinte espagnole sur le Bassin de Decazeville. Des expositions temporaires ou permanentes sont organis\u00e9es pour sauvegarder la m\u00e9moire, ainsi \u00e0 Decazeville avec une exposition temporaire sur le 80e anniversaire de la Retirada r\u00e9alis\u00e9e du 5 au 23 f\u00e9vrier 2019 \u00e0 la MJC de Rodez.<\/span><\/p>\n<p><span style=\"color: #000000\"><strong>&nbsp;<\/strong><\/span><\/p>\n<p><span style=\"color: #ff0000\"><strong>Ces vagues d\u2019immigrations espagnoles ont r\u00e9ussi \u00e0 s\u2019int\u00e9grer progressivement en Aveyron et dans la soci\u00e9t\u00e9 fran\u00e7aise apr\u00e8s une arriv\u00e9e particuli\u00e8rement difficile sur le territoire fran\u00e7ais. Aujourd\u2019hui l\u2019immigration espagnole est consid\u00e9r\u00e9e &nbsp;comme int\u00e9gr\u00e9e dans la population fran\u00e7aise. L\u2019immigration espagnole n\u2019est pas la seule, on d\u00e9nombre des immigr\u00e9s Italiens, Portugais, Polonais \u2026<\/strong><\/span><\/p>\n<p><a href=\"https:\/\/blogs.univ-jfc.fr\/vphn\/bibliographie-sur-limmigration-espagnole-2021\/\"><span style=\"color: #000000\"><strong>&nbsp;<span style=\"color: #ffffff\">Pour en savoir plus :<\/span><\/strong><\/span><\/a><\/p>\n<p><strong>Etudiant.es<\/strong><\/p>\n<ul>\n<li>Clarisse Jacquet<\/li>\n<li>Fanny Sanchez<\/li>\n<li>Clara Tadiotto<\/li>\n<li>Milo Carri\u00e8re<\/li>\n<\/ul>","protected":false},"excerpt":{"rendered":"<p>EXPOSITION EN LIGNE (Clara TADIOTTO) &nbsp; \u00ab La colonie espagnole ne fait plus parler d&rsquo;elle, son int\u00e9gration est consid\u00e9r\u00e9e comme exemplaire. Tr\u00e8s h\u00e9t\u00e9rog\u00e8ne, elle est form\u00e9e d&rsquo;\u00e9migr\u00e9s \u00e9conomiques install\u00e9s durablement, d&rsquo;anciens r\u00e9fugi\u00e9s politiques qui font maintenant d&rsquo;incessants allers et retours entre les deux pays, et de la deuxi\u00e8me g\u00e9n\u00e9ration issue de l&rsquo;exil \u00bb, explique Genevi\u00e8ve &hellip; <\/p>\n<p class=\"link-more\"><a href=\"https:\/\/blogs.univ-jfc.fr\/vphn\/limmigration-espagnole-en-aveyron-du-xixe-a-nos-jours-2021\/\" class=\"more-link\">Continuer la lecture<span class=\"screen-reader-text\"> de &laquo;&nbsp;L\u2019immigration espagnole en Aveyron du XIXe \u00e0 nos jours [2021]&nbsp;&raquo;<\/span><\/a><\/p>\n","protected":false},"author":19,"featured_media":0,"parent":0,"menu_order":0,"comment_status":"closed","ping_status":"closed","template":"","meta":[],"_links":{"self":[{"href":"https:\/\/blogs.univ-jfc.fr\/vphn\/wp-json\/wp\/v2\/pages\/7926"}],"collection":[{"href":"https:\/\/blogs.univ-jfc.fr\/vphn\/wp-json\/wp\/v2\/pages"}],"about":[{"href":"https:\/\/blogs.univ-jfc.fr\/vphn\/wp-json\/wp\/v2\/types\/page"}],"author":[{"embeddable":true,"href":"https:\/\/blogs.univ-jfc.fr\/vphn\/wp-json\/wp\/v2\/users\/19"}],"replies":[{"embeddable":true,"href":"https:\/\/blogs.univ-jfc.fr\/vphn\/wp-json\/wp\/v2\/comments?post=7926"}],"version-history":[{"count":45,"href":"https:\/\/blogs.univ-jfc.fr\/vphn\/wp-json\/wp\/v2\/pages\/7926\/revisions"}],"predecessor-version":[{"id":10001,"href":"https:\/\/blogs.univ-jfc.fr\/vphn\/wp-json\/wp\/v2\/pages\/7926\/revisions\/10001"}],"wp:attachment":[{"href":"https:\/\/blogs.univ-jfc.fr\/vphn\/wp-json\/wp\/v2\/media?parent=7926"}],"curies":[{"name":"wp","href":"https:\/\/api.w.org\/{rel}","templated":true}]}}