{"id":7930,"date":"2021-01-19T16:53:07","date_gmt":"2021-01-19T15:53:07","guid":{"rendered":"http:\/\/blogs.univ-jfc.fr\/vphn\/?page_id=7930"},"modified":"2021-02-03T19:24:44","modified_gmt":"2021-02-03T18:24:44","slug":"les-pigeonniers-en-midi-pyrenees-2021","status":"publish","type":"page","link":"https:\/\/blogs.univ-jfc.fr\/vphn\/les-pigeonniers-en-midi-pyrenees-2021\/","title":{"rendered":"Les pigeonniers en Midi-Pyr\u00e9n\u00e9es AU XIXe et XXe si\u00e8cles [2021]"},"content":{"rendered":"<p align=\"JUSTIFY\">\u00ab\u00a0B\u00e2timent destin\u00e9 \u00e0 contenir des troupes de pigeons et \u00e0 leur permettre de pondre et de couver leurs \u0153ufs \u00e0 l\u2019abri des intemp\u00e9ries\u201d telle est la d\u00e9finition d\u2019un pigeonnier selon le dictionnaire de l\u2019architecture de Viollet le Duc.<\/p>\n<p align=\"JUSTIFY\">Le pigeonnier a \u00e9t\u00e9 un outil important au XIX<sup><span style=\"font-size: large\"><u>e<\/u><\/span><\/sup> et XX<sup><span style=\"font-size: large\"><u>e<\/u><\/span><\/sup> si\u00e8cles. En effet, les pigeonniers ont surtout un aspect nobilier, agricole et \u00e9conomique. La Premi\u00e8re Guerre mondiale va donner un regain \u00e0 ses pigeons qui vont devenir le symbole de la nation.<\/p>\n<p align=\"JUSTIFY\">Par ailleurs, ils sont tr\u00e8s pr\u00e9sents dans le Midi. Terre \u00e0 dominante agricole, la r\u00e9gion Midi-Pyr\u00e9n\u00e9es est l\u2019une des r\u00e9gions les plus prolixes en termes de pigeonniers. Ainsi, malgr\u00e9 leur architecture diff\u00e9rente, on observe de grandes zones riches en pigeonniers dans le Lot, le sud de l\u2019Aveyron, le Tarn et le Gers. Dans le Tarn m\u00eame, ces \u00e9difices sont tr\u00e8s pr\u00e9sents \u00e0 Castres, Lavaur, Gaillac et les vall\u00e9es de la Montagne noire.<\/p>\n<p align=\"JUSTIFY\"><b>Comment peut-on expliquer qu\u2019un m\u00eame b\u00e2timent, ici un pigeonnier, puisse avoir \u00e0 travers pr\u00e8s de deux si\u00e8cles des fonctions aussi diversifi\u00e9es ?<\/b><\/p>\n<ul>\n<li><b>Le XIX<\/b><sup><span style=\"font-size: large\"><u><b>e<\/b><\/u><\/span><\/sup><b> si\u00e8cle, le si\u00e8cle des pigeonniers<\/b><\/li>\n<\/ul>\n<p align=\"JUSTIFY\">Que ce soit dans le Tarn, le sud de l\u2019Aveyron, le Gers ou le Lot, les pigeonniers ont tous une forme et une architecture diff\u00e9rente. Le d\u00e9partement du Tarn est celui o\u00f9 se regroupe tous les types architecturaux de pigeonniers. On observe une forte densit\u00e9 de colombiers \u00e0 Lagrave, Marssac sur Tarn ou encore Gaillac.<\/p>\n<p align=\"JUSTIFY\">Le sud de l\u2019Aveyron est une r\u00e9gion charni\u00e8re entre le Lot et le Tarn-et-Garonne. On d\u00e9couvre donc un autre type de pigeonniers plut\u00f4t de forme cubique comme les \u00ab\u00a0pigeonniers tourelles\u00a0\u00bb. Ils se forment sur l\u2019image d\u2019un ch\u00e2teau. Similaires, pourtant aucun n\u2019est identique aux autres car chaque artisan laisse sa touche, s&rsquo;inspire des \u00e9difices locaux, donne forme aux souhaits du propri\u00e9taire et fait attention \u00e0 l\u2019environnement.<\/p>\n<p align=\"JUSTIFY\">La r\u00e9gion du Tarn est l\u2019une des plus riches en pigeonniers. Ils sont construits dans la Vall\u00e9e du Tarn et du Dadou. Malgr\u00e9 leur diversit\u00e9 certains types sont plus pr\u00e9sents que d\u2019autres.<\/p>\n<figure id=\"attachment_8081\" aria-describedby=\"caption-attachment-8081\" style=\"width: 276px\" class=\"wp-caption alignleft\"><img loading=\"lazy\" class=\"wp-image-8081 size-full\" src=\"http:\/\/blogs.univ-jfc.fr\/vphn\/wp-content\/uploads\/sites\/65\/2021\/01\/images.png\" alt=\"\" width=\"276\" height=\"183\" \/><figcaption id=\"caption-attachment-8081\" class=\"wp-caption-text\">Pigeonnier dit \u00ab\u00a0gaillacois\u00a0\u00bb de forme carr\u00e9e avec une toiture pyramidale \u00e0 quatre pentes tr\u00e8s pentue dite \u00ab\u00a0en queue de vache\u00a0\u00bb.<\/figcaption><\/figure>\n<figure id=\"attachment_8178\" aria-describedby=\"caption-attachment-8178\" style=\"width: 259px\" class=\"wp-caption alignright\"><img loading=\"lazy\" class=\"wp-image-8178 size-full\" src=\"http:\/\/blogs.univ-jfc.fr\/vphn\/wp-content\/uploads\/sites\/65\/2021\/01\/pigeonnier-1.png\" alt=\"\" width=\"259\" height=\"194\" \/><figcaption id=\"caption-attachment-8178\" class=\"wp-caption-text\">Pigeonnier pied de mulet dit \u00ab\u00a0toulousain\u00a0\u00bb. Il a une toiture en forme de gradins souvent en tuiles qui prot\u00e8ge l&rsquo;\u00e9difice du vent. Tr\u00e8s pr\u00e9sent dans la plaine toulousaine et montalbanaise.<\/figcaption><\/figure>\n<p>&nbsp;<\/p>\n<p>&nbsp;<\/p>\n<p>&nbsp;<\/p>\n<p>&nbsp;<\/p>\n<p>&nbsp;<\/p>\n<p>&nbsp;<\/p>\n<figure id=\"attachment_8179\" aria-describedby=\"caption-attachment-8179\" style=\"width: 191px\" class=\"wp-caption aligncenter\"><img loading=\"lazy\" class=\"wp-image-8179 size-full\" src=\"http:\/\/blogs.univ-jfc.fr\/vphn\/wp-content\/uploads\/sites\/65\/2021\/01\/pigeonnier-2.png\" alt=\"\" width=\"191\" height=\"264\" \/><figcaption id=\"caption-attachment-8179\" class=\"wp-caption-text\">Les pigeonniers de type castrais sont en gr\u00e8s, couverts de tuiles en ardoise avec de hauts clochetons et sont tr\u00e8s pr\u00e9sents autour de Castres, Puylaurens, Saint Paul Cap de Joux.<\/figcaption><\/figure>\n<p>Dans le Lot et le Gers, la brique est remplac\u00e9e par la pierre calcaire ou gr\u00e8s, pour solidifier les fondations.<\/p>\n<figure id=\"attachment_8181\" aria-describedby=\"caption-attachment-8181\" style=\"width: 194px\" class=\"wp-caption aligncenter\"><img loading=\"lazy\" class=\"wp-image-8181 size-full\" src=\"http:\/\/blogs.univ-jfc.fr\/vphn\/wp-content\/uploads\/sites\/65\/2021\/01\/pigeonnier-4.png\" alt=\"\" width=\"194\" height=\"259\" \/><figcaption id=\"caption-attachment-8181\" class=\"wp-caption-text\">Les pigeonniers \u00ab\u00a0gariotte\u00a0\u00bb tr\u00e8s pr\u00e9sents dans le Gers et le Lot et Garonne. Ils sont de forme simple avec des mat\u00e9riaux simples comme de la pierre calcaire et repr\u00e9sentent un habitat pauvre et familial.<\/figcaption><\/figure>\n<p>Ainsi, on voit que, m\u00eame s\u2019ils sont pr\u00e9sents dans n\u2019importe quelle r\u00e9gion, certains pigeonniers ont des sp\u00e9cificit\u00e9s locales.<\/p>\n<p align=\"JUSTIFY\">Bien \u00e9videmment, l\u2019int\u00e9rieur de ses \u00e9difices est am\u00e9nag\u00e9 pour les oiseaux. Ainsi on retrouve \u00e0 l\u2019int\u00e9rieur comme \u00e0 l\u2019ext\u00e9rieur : les boulins, les \u00e9pis de fa\u00eetage ou encore les fen\u00eatres et lucarnes<\/p>\n<figure id=\"attachment_8182\" aria-describedby=\"caption-attachment-8182\" style=\"width: 275px\" class=\"wp-caption alignleft\"><img loading=\"lazy\" class=\"wp-image-8182 size-full\" src=\"http:\/\/blogs.univ-jfc.fr\/vphn\/wp-content\/uploads\/sites\/65\/2021\/01\/pigeonnier-5.png\" alt=\"\" width=\"275\" height=\"183\" \/><figcaption id=\"caption-attachment-8182\" class=\"wp-caption-text\">Espaces am\u00e9nag\u00e9s pour les couples de pigeons, les boulins sont pr\u00e9sents dans l&rsquo;ensemble des pigeonniers pour permettre aux pigeons de pondre et couver leurs \u0153ufs<span style=\"color: #333333;font-size: 1rem\">\u00a0<\/span><\/figcaption><\/figure>\n<figure id=\"attachment_8183\" aria-describedby=\"caption-attachment-8183\" style=\"width: 275px\" class=\"wp-caption alignright\"><img loading=\"lazy\" class=\"wp-image-8183 size-full\" src=\"http:\/\/blogs.univ-jfc.fr\/vphn\/wp-content\/uploads\/sites\/65\/2021\/01\/pigeonnier-6.png\" alt=\"\" width=\"275\" height=\"183\" \/><figcaption id=\"caption-attachment-8183\" class=\"wp-caption-text\">Souvent en demi-sph\u00e8re, les boulins sont aussi en osier ou encore en poterie comme dans la r\u00e9gion albigeoise<\/figcaption><\/figure>\n<p>&nbsp;<\/p>\n<figure id=\"attachment_8184\" aria-describedby=\"caption-attachment-8184\" style=\"width: 215px\" class=\"wp-caption alignright\"><img loading=\"lazy\" class=\"wp-image-8184 \" src=\"http:\/\/blogs.univ-jfc.fr\/vphn\/wp-content\/uploads\/sites\/65\/2021\/01\/pigeonnier-7.png\" alt=\"\" width=\"215\" height=\"287\" \/><figcaption id=\"caption-attachment-8184\" class=\"wp-caption-text\">Les lucarnes ou fen\u00eatres sont plus ou moins \u00e9labor\u00e9es et permettent au pigeons d&rsquo;aller et venir mais aussi de faire passer la lueur du jour<\/figcaption><\/figure>\n<p>&nbsp;<\/p>\n<figure id=\"attachment_8186\" aria-describedby=\"caption-attachment-8186\" style=\"width: 194px\" class=\"wp-caption alignleft\"><img loading=\"lazy\" class=\"wp-image-8186 size-full\" src=\"http:\/\/blogs.univ-jfc.fr\/vphn\/wp-content\/uploads\/sites\/65\/2021\/01\/pigeonnier-8.png\" alt=\"\" width=\"194\" height=\"259\" \/><figcaption id=\"caption-attachment-8186\" class=\"wp-caption-text\">Accessoire esth\u00e9tique, cet \u00e9l\u00e9ment de d\u00e9coration permet de montrer sa richesse et permet aux pigeons de rep\u00e9rer leur lieux de vie.<\/figcaption><\/figure>\n<p>&nbsp;<\/p>\n<p>&nbsp;<\/p>\n<p>&nbsp;<\/p>\n<p>&nbsp;<\/p>\n<p>&nbsp;<\/p>\n<p>&nbsp;<\/p>\n<p>&nbsp;<\/p>\n<p>&nbsp;<\/p>\n<p>&nbsp;<\/p>\n<p>&nbsp;<\/p>\n<p>&nbsp;<\/p>\n<p>&nbsp;<\/p>\n<p>&nbsp;<\/p>\n<p>&nbsp;<\/p>\n<p style=\"text-align: left\">Ces pigeonniers, sont des \u00e9difices architecturaux parfois monumentaux compos\u00e9s de divers mat\u00e9riaux selon les r\u00e9gions tels que la pierre, la brique, la terre crue, la chaux, qu\u2019ils soient \u00e0 colombage ou avec des charpentes multiples et diff\u00e9rentes, ces pigeonniers sont certes des abris pour pigeons mais aussi des \u00e9l\u00e9ments qui entrent dans le cadre social d\u2019une soci\u00e9t\u00e9 et repr\u00e9sentent une famille.<\/p>\n<p>Le pigeonnier ou colombier est un \u00e9difice au XIX<sup><span style=\"font-size: large\"><u>e<\/u><\/span><\/sup> si\u00e8cle prestigieux. Au d\u00e9part, il n&rsquo;est r\u00e9serv\u00e9 qu&rsquo;\u00e0 la noblesse et la bourgeoisie ayant un droit de colombier. Attribut f\u00e9odal, le pigeonnier est donc tr\u00e8s pr\u00e9sent dans les ch\u00e2teaux ou les manoirs. Symbole de pouvoir, les ruraux convoitent cet \u00e9l\u00e9ment social de prestige. Ainsi, petit \u00e0 petit, le monde agricole s&rsquo;approprie les pigeonniers, au m\u00eame titre que les nobles, alors qu\u2019avant les paysans poss\u00e9daient majoritairement des voli\u00e8res.<\/p>\n<p align=\"JUSTIFY\">Les pigeonniers ne sont pas dispos\u00e9s au hasard. La majorit\u00e9 se situe dans des champs c\u00e9r\u00e9aliers ou proches des vignes, loin des cours d\u2019eau pour \u00e9viter la pollution et loin des arbres pour \u00e9viter les rapaces. Outre leur chair, les pigeons ont aussi un avantage pour l\u2019agriculture ; leur fiente. Appel\u00e9 colombine, les d\u00e9jections des pigeons sont reconnues au XIX<sup><span style=\"font-size: large\"><u>e<\/u><\/span><\/sup> si\u00e8cle comme engrais. Elle est notamment utilis\u00e9e comme engrais dans la production de pastel, de chanvre et pour fumer les terres viticoles. Elle \u00e9tait d\u00e9vers\u00e9e dans les champs par temps de pluie pour permettre une dissolution rapide et \u00e9viter que l\u2019engrais ne br\u00fble les terres. Le fait qu\u2019au fil des d\u00e9cennies les ruraux puissent poss\u00e9der un pigeonnier, permet d\u2019en faire un commerce, ce qui constitue un revenu suppl\u00e9mentaire. La colombine est tellement un engrais pr\u00e9cieux qu\u2019elle fait partie de la dot lors du mariage. Ainsi le pigeon fait partie d\u2019une \u00e9conomie agricole et active l\u2019\u00e9conomie rurale car la production devient pour le paysan une source de revenu.<\/p>\n<p align=\"JUSTIFY\">Ainsi, en raison du nombre exponentiel de pigeonniers, leur place dans la soci\u00e9t\u00e9 et leur importance \u00e9conomique, les pigeonniers sont au XIX<sup><span style=\"font-size: large\"><u>e<\/u><\/span><\/sup> si\u00e8cle des atouts dans le monde rural. Mais la crise du phylloxera et le d\u00e9veloppement d\u2019engrais chimiques marquent le d\u00e9clin des pigeonniers.<\/p>\n<ul>\n<li><b>Le XX<\/b><sup><span style=\"font-size: large\"><u><b>e<\/b><\/u><\/span><\/sup><b> si\u00e8cle entre d\u00e9clin et renouveau<\/b><\/li>\n<\/ul>\n<p align=\"JUSTIFY\">Le droit de colombier a tr\u00e8s peu \u00e9t\u00e9 respect\u00e9. Une quantit\u00e9 incontr\u00f4lable de pigeonniers a donc pouss\u00e9 sur les terres agricoles de France. Le nombre de pigeonniers a \u00e9t\u00e9 multipli\u00e9 de fa\u00e7on d\u00e9raisonnable et les pigeons sont pass\u00e9s d\u2019atouts \u00e9conomiques \u00e0 nuisible pour les paysans. Ces derniers subissent les ravages de nu\u00e9es de pigeons sur leurs terres et ne peuvent m\u00eame pas s\u2019en prot\u00e9ger puisqu\u2019il \u00e9tait interdit de tuer ou blesser un pigeon.<\/p>\n<p align=\"JUSTIFY\">Le manque de contr\u00f4le de la reproduction des pigeons a cr\u00e9\u00e9 une accumulation trop importante de ces derniers dans les villes mais aussi dans les campagnes. Leur colombine br\u00fble et d\u00e9truit totalement les r\u00e9coltes et les champs.<\/p>\n<p align=\"JUSTIFY\">Lors de la Premi\u00e8re Guerre mondiale, les pigeons sont donc des sortes \u00ab d\u2019estafettes \u00bb volantes qui sont capables de transmettre des messages qu\u2019on appelle des colombogrammes. Outre permettre la communication entre le terrain et l\u2019\u00e9tat-major ils permettent aussi de rester en contact avec les r\u00e9sistants ou les espions. On compte pr\u00e8s de 30 000 pigeons messagers dans les arm\u00e9es fran\u00e7aises durant la guerre de 14-18. Au vu de l\u2019explosion de ce moyen de communication, la France cr\u00e9e un centre d\u2019instruction de la colombophilie militaire entre 1914 et 1919.<\/p>\n<p align=\"JUSTIFY\">Aussi appel\u00e9 \u00ab petits auxiliaires de guerre \u00bb, ils sont les acteurs principaux de la colombophilie d\u2019abord utilis\u00e9s en tant que messagers, chaque nation commence \u00e0 d\u00e9velopper ce syst\u00e8me pour de l\u2019espionnage. Ils \u00e9taient surnomm\u00e9s \u201cpigeon-soldat\u201d ou \u201cpigeon-h\u00e9ros\u201d. Ils deviennent donc des ennemis pour les allemands qui utilisent tous les moyens pour les neutraliser comme des faucons.<\/p>\n<figure id=\"attachment_8187\" aria-describedby=\"caption-attachment-8187\" style=\"width: 313px\" class=\"wp-caption alignleft\"><img loading=\"lazy\" class=\"wp-image-8187 \" src=\"http:\/\/blogs.univ-jfc.fr\/vphn\/wp-content\/uploads\/sites\/65\/2021\/01\/pigeonnier-9.jpg\" alt=\"\" width=\"313\" height=\"226\" \/><figcaption id=\"caption-attachment-8187\" class=\"wp-caption-text\">Repr\u00e9sentation d&rsquo;un soldat lib\u00e9rant les pigeons voyageurs de leur cage pour qu&rsquo;ils puissent aller remplir leur mission et d\u00e9livrer le message accroch\u00e9 \u00e0 leur patte.<\/figcaption><\/figure>\n<figure id=\"attachment_8188\" aria-describedby=\"caption-attachment-8188\" style=\"width: 234px\" class=\"wp-caption alignright\"><img loading=\"lazy\" class=\"wp-image-8188 \" src=\"http:\/\/blogs.univ-jfc.fr\/vphn\/wp-content\/uploads\/sites\/65\/2021\/01\/pigeonnier-10.jpg\" alt=\"\" width=\"234\" height=\"234\" srcset=\"https:\/\/blogs.univ-jfc.fr\/vphn\/wp-content\/uploads\/sites\/65\/2021\/01\/pigeonnier-10.jpg 224w, https:\/\/blogs.univ-jfc.fr\/vphn\/wp-content\/uploads\/sites\/65\/2021\/01\/pigeonnier-10-150x150.jpg 150w, https:\/\/blogs.univ-jfc.fr\/vphn\/wp-content\/uploads\/sites\/65\/2021\/01\/pigeonnier-10-100x100.jpg 100w\" sizes=\"(max-width: 234px) 100vw, 234px\" \/><figcaption id=\"caption-attachment-8188\" class=\"wp-caption-text\">Image d&rsquo;un pigeon utilis\u00e9 pour la Premi\u00e8re Guerre mondiale \u00e0 des fins d&rsquo;observation pour rep\u00e9rer les fortifications adverses ou encore pour d\u00e9livrer un message.<\/figcaption><\/figure>\n<p>&nbsp;<\/p>\n<p>&nbsp;<\/p>\n<p>&nbsp;<\/p>\n<p>&nbsp;<\/p>\n<p>&nbsp;<\/p>\n<p>&nbsp;<\/p>\n<p>&nbsp;<\/p>\n<p>&nbsp;<\/p>\n<p style=\"text-align: left\" align=\"JUSTIFY\">En ces temps de guerre, certains pigeons se sont d\u00e9marqu\u00e9s par leurs loyaux services et ont \u00e9t\u00e9 essentiels pour sauver certains bataillons. En France, le pigeon le plus connu est le pigeon \u201cVaillant\u201d. Il incarne la r\u00e9sistance durant la bataille de Verdun, c\u2019est lui qui d\u00e9livre le dernier message de la victoire. Il est d\u00e9cor\u00e9 \u00e0 la fin de la guerre de la L\u00e9gion d\u2019Honneur et de la Croix de Guerre.<\/p>\n<p align=\"JUSTIFY\">Dans tous les camps, les pigeons ont \u00e9t\u00e9 utilis\u00e9s, m\u00eame les am\u00e9ricains font appel \u00e0 eux et ont eux aussi leur ic\u00f4nes nationales : Spike et Dear Friend qui ont fait pr\u00e8s de 70 missions et sauv\u00e9 le bataillon \u201cLost Bataillon\u201d \u00e0 Verdun en 1917. Eux aussi sont d\u00e9cor\u00e9s de la croix de guerre am\u00e9ricaine.<\/p>\n<ul>\n<li><strong>Mais qu&rsquo;en est-il des pigeonniers depuis la fin de la Premi\u00e8re Guerre Mondiale?<\/strong><\/li>\n<\/ul>\n<p align=\"JUSTIFY\">Abandonn\u00e9 \u00e0 la fin du XIX\u00e8me si\u00e8cle car la colombine n&rsquo;\u00e9tait plus un engrais assez rentable, la fin de la Premi\u00e8re Guerre Mondiale marque un coup d&rsquo;arr\u00eat \u00e0 l&rsquo;expansion de ces pigeonniers. Les pigeons n&rsquo;ont plus aucune valeur \u00e9conomique majeure et les pigeonniers ne sont plus signe de richesse nobilaire.\u00a0Par cons\u00e9quent, au fur et \u00e0 mesure, les pigeonniers sont abandonn\u00e9s, d\u00e9truits ou en ruine. Il faudra attendre le milieu du XX<sup><span style=\"font-size: large\"><u>e<\/u><\/span><\/sup>\u00a0si\u00e8cle pour qu&rsquo;ils soient de mani\u00e8re partielle r\u00e9habilit\u00e9s et deviennent des \u00e9difices architecturaux t\u00e9moins d\u2019une \u00e9poque. Ils prennent une fonction de m\u00e9moire. C\u2019est un h\u00e9ritage de l\u2019architecture rurale, un t\u00e9moignage du pass\u00e9. Ils ont \u00e9t\u00e9 restaur\u00e9s d\u00e8s le milieu du XX<sup><span style=\"font-size: large\"><u>e<\/u><\/span><\/sup>\u00a0si\u00e8cle, remis en \u00e9tat et deviennent des greniers, des lieux d\u2019habitations ou encore des espaces de mus\u00e9e. Toute cette remise en valeur des pigeonniers n&rsquo;aurait \u00e9t\u00e9 possible sans le soutien et les travaux des architectes des B\u00e2timents de France qui ont pu faire de magnifique restauration et ainsi porter leur projet pour qu&rsquo;ils soient class\u00e9s Monument de l&rsquo;Unesco. Ainsi ce titre a permis par exemple dans la r\u00e9gion albigeoise de d\u00e9velopper un tourisme autours des pigeonniers, des sentiers de randonn\u00e9e&#8230; Enfin, des auteurs aussi fiers de leur patrimoine local chercher \u00e0 les revaloriser c\u2019est le cas de Michel Lucien qui met en avant cet h\u00e9ritage oubli\u00e9 et en fait des lieux de m\u00e9moire d\u2019une France rurale du XIX<sup><span style=\"font-size: large\"><u>e<\/u><\/span><\/sup>\u00a0et XX<sup><span style=\"font-size: large\"><u>e<\/u><\/span><\/sup>\u00a0si\u00e8cle quelque peu oubli\u00e9e.<\/p>\n<p align=\"JUSTIFY\">L\u2019histoire des pigeonniers est donc bien plus importante que l\u2019on ne le pense. En effet, outre leur pouvoir nobilier au d\u00e9but du XIX<sup><span style=\"font-size: large\"><u>e<\/u><\/span><\/sup> si\u00e8cle, le pigeonnier est un atout soci\u00e9tal, \u00e9conomique, culturel et agricole. Les \u00e9volutions techniques du XXe si\u00e8cle en agriculture et les \u00e9volutions politiques ont sign\u00e9 la fin de l\u2019importance des pigeonniers qui sont devenus marginaux. Toutefois, les pigeons reprennent un essor important aux cot\u00e9s des chevaux, chiens et bien d\u2019autres animaux durant la Premi\u00e8re Guerre mondiale. Aujourd\u2019hui, les pigeonniers font la fiert\u00e9 de la r\u00e9gion Midi-Pyr\u00e9n\u00e9es (d\u00e9sormais Occitanie) qui en compte un grand nombre. Les domaines viticoles tels que le Ch\u00e2teau de Saurs ou encore le Ch\u00e2teaux Lastours \u00e0 Gaillac sont fiers de leur h\u00e9ritage.<\/p>\n<ul>\n<li><b>Etudiant.es<\/b><\/li>\n<li>Sarah Piquet<\/li>\n<li>Aur\u00e9lie P\u00e9ri\u00e9<\/li>\n<li>Carlos Esteves<\/li>\n<li>Arthur De Sena<\/li>\n<\/ul>\n<p>&nbsp;<\/p>\n","protected":false},"excerpt":{"rendered":"<p>\u00ab\u00a0B\u00e2timent destin\u00e9 \u00e0 contenir des troupes de pigeons et \u00e0 leur permettre de pondre et de couver leurs \u0153ufs \u00e0 l\u2019abri des intemp\u00e9ries\u201d telle est la d\u00e9finition d\u2019un pigeonnier selon le dictionnaire de l\u2019architecture de Viollet le Duc. Le pigeonnier a \u00e9t\u00e9 un outil important au XIXe et XXe si\u00e8cles. En effet, les pigeonniers ont &hellip; <\/p>\n<p class=\"link-more\"><a href=\"https:\/\/blogs.univ-jfc.fr\/vphn\/les-pigeonniers-en-midi-pyrenees-2021\/\" class=\"more-link\">Continuer la lecture<span class=\"screen-reader-text\"> de &laquo;&nbsp;Les pigeonniers en Midi-Pyr\u00e9n\u00e9es AU XIXe et XXe si\u00e8cles [2021]&nbsp;&raquo;<\/span><\/a><\/p>\n","protected":false},"author":19,"featured_media":0,"parent":0,"menu_order":0,"comment_status":"closed","ping_status":"closed","template":"","meta":[],"_links":{"self":[{"href":"https:\/\/blogs.univ-jfc.fr\/vphn\/wp-json\/wp\/v2\/pages\/7930"}],"collection":[{"href":"https:\/\/blogs.univ-jfc.fr\/vphn\/wp-json\/wp\/v2\/pages"}],"about":[{"href":"https:\/\/blogs.univ-jfc.fr\/vphn\/wp-json\/wp\/v2\/types\/page"}],"author":[{"embeddable":true,"href":"https:\/\/blogs.univ-jfc.fr\/vphn\/wp-json\/wp\/v2\/users\/19"}],"replies":[{"embeddable":true,"href":"https:\/\/blogs.univ-jfc.fr\/vphn\/wp-json\/wp\/v2\/comments?post=7930"}],"version-history":[{"count":31,"href":"https:\/\/blogs.univ-jfc.fr\/vphn\/wp-json\/wp\/v2\/pages\/7930\/revisions"}],"predecessor-version":[{"id":8882,"href":"https:\/\/blogs.univ-jfc.fr\/vphn\/wp-json\/wp\/v2\/pages\/7930\/revisions\/8882"}],"wp:attachment":[{"href":"https:\/\/blogs.univ-jfc.fr\/vphn\/wp-json\/wp\/v2\/media?parent=7930"}],"curies":[{"name":"wp","href":"https:\/\/api.w.org\/{rel}","templated":true}]}}