{"id":7934,"date":"2021-01-19T16:55:41","date_gmt":"2021-01-19T15:55:41","guid":{"rendered":"http:\/\/blogs.univ-jfc.fr\/vphn\/?page_id=7934"},"modified":"2021-02-17T09:20:15","modified_gmt":"2021-02-17T08:20:15","slug":"lusine-de-brusson-jeune-a-villemur-sur-tarn-xixe-xxe-2021","status":"publish","type":"page","link":"https:\/\/blogs.univ-jfc.fr\/vphn\/villemur-sur-tarn\/lusine-de-brusson-jeune-a-villemur-sur-tarn-xixe-xxe-2021\/","title":{"rendered":"L\u2019usine de Brusson-jeune \u00e0 Villemur-sur-Tarn, XIXe-XXe [2021]"},"content":{"rendered":"\n<p>&nbsp;&nbsp;&nbsp;&nbsp;&nbsp;&nbsp;&nbsp;&nbsp;&nbsp;&nbsp;&nbsp;Les usines Brusson Jeunes de&nbsp;<a href=\"https:\/\/blogs.univ-jfc.fr\/vphn\/wp-admin\/post.php?post=8669&amp;action=edit\" data-type=\"URL\" data-id=\"https:\/\/blogs.univ-jfc.fr\/vphn\/wp-admin\/post.php?post=8669&amp;action=edit\">Villemur-Sur-Tarn<\/a>&nbsp;ont, au cours du XX<sup>e<\/sup>&nbsp;si\u00e8cle, connu un \u00e2ge d\u2019or. Seule usine de p\u00e2tes du d\u00e9partement du Tarn et la seule de cette&nbsp;ampleur si on inclut la&nbsp;Haute-Garonne. Elle a su s\u2019imposer dans le monde industriel de son \u00e9poque, fournissant&nbsp;les arm\u00e9es&nbsp;fran\u00e7aises&nbsp;au cours des deux guerres mondiales, et&nbsp;finissant&nbsp;par exporter ses produits \u00e0 l\u2019international,&nbsp;en&nbsp;basant principalement son succ\u00e8s sur sa communication et sa maitrise de la publicit\u00e9. Elle&nbsp;a export\u00e9&nbsp;ses produits aux Etats-Unis et dans tous les pays du Commonwealth. A la fin du XX<sup>e<\/sup>&nbsp;si\u00e8cle, les usines Brusson Jeunes&nbsp;sont&nbsp;rachet\u00e9es par la marque Panzani \u00e0 la suite&nbsp;de&nbsp;probl\u00e8mes de gestion financi\u00e8re et de&nbsp;la concurrence \u00e9trang\u00e8re.&nbsp;<br><\/p>\n\n\n\n<p><strong>Les d\u00e9buts de l\u2019usine et les premiers liens avec la commune.<\/strong><\/p>\n\n\n\n<p>&nbsp;&nbsp;&nbsp;&nbsp;&nbsp;&nbsp;&nbsp;&nbsp;&nbsp;&nbsp;&nbsp;L\u2019un des atouts majeurs de la r\u00e9ussite de la famille Brusson et de leur entreprise est&nbsp;le lien \u00e9troit entretenu avec la commune de Villemur-Sur-Tarn. La famille Brusson utilise les atouts de la commune comme base de son d\u00e9veloppement. La ville est un ancien&nbsp;\u00ab&nbsp;grenier \u00e0 bl\u00e9&nbsp;\u00bb&nbsp;comme en t\u00e9moigne le&nbsp;<a href=\"https:\/\/blogs.univ-jfc.fr\/vphn\/le-grenier-du-roi\/\">Grenier du Roi<\/a>&nbsp;situ\u00e9 dans le centre-ville de la commune. Lors des premi\u00e8res d\u00e9cennies du XX<sup>e<\/sup>&nbsp;si\u00e8cle cette production de bl\u00e9 se vend moins bien, ce qui permet&nbsp;aux Brusson de racheter le bl\u00e9 afin d\u2019en faire de la farine \u00e0 moindre co\u00fbt. En installant leurs usines au c\u0153ur m\u00eame du village, ils limitent \u00e9galement les frais de transport.<\/p>\n\n\n\n<p>Un autre atout&nbsp;est le Tarn qui la traverse. Notons que les Brusson ont contribu\u00e9, bien avant&nbsp;de b\u00e2tir leur entreprise \u00e0&nbsp;<a href=\"https:\/\/blogs.univ-jfc.fr\/vphn\/moderniser-le-tarn\/\">moderniser le Tarn<\/a>&nbsp;afin de permettre l\u2019\u00e9mergence des premi\u00e8res industries et favoriser le transport fluvial. Cela permet d\u2019exploiter la force hydraulique du fleuve&nbsp;pour produire les p\u00e2tes gr\u00e2ce au rachat du&nbsp;<a href=\"https:\/\/blogs.univ-jfc.fr\/vphn\/le-moulin-de-la-tour-de-la-defense\/\">moulin de la tour de la d\u00e9fense<\/a>, situ\u00e9 au bord du Tarn, au sein m\u00eame de la commune de Villemur-Sur-Tarn.&nbsp;<br><\/p>\n\n\n\n<p><strong>La contribution de la famille Brusson \u00e0 la ville.<\/strong><\/p>\n\n\n\n<p>\u00a0\u00a0\u00a0\u00a0\u00a0\u00a0\u00a0\u00a0\u00a0\u00a0\u00a0Seulement une dizaine ann\u00e9es apr\u00e8s les d\u00e9buts de l\u2019entreprise les Brusson font b\u00e2tir\u00a0une <a href=\"https:\/\/blogs.univ-jfc.fr\/vphn\/la-nouvelle-usine\/\" data-type=\"URL\" data-id=\"https:\/\/blogs.univ-jfc.fr\/vphn\/la-nouvelle-usine\/\">nouvelle usine<\/a>\u00a0de l\u2019autre c\u00f4t\u00e9 du Tarn, situ\u00e9e en face de la ville. Cette usine, d\u2019une ampleur bien plus importante, entraine le besoin de b\u00e2tir de nouvelles infrastructures. Ce sont ces besoins qui justifient la cr\u00e9ation en 1834 d\u2019un\u00a0pont \u00e0 piliers, d\u00e9sormais remplac\u00e9 par un pont Eiffel d\u2019une ligne de chemin de fer et d\u2019une gare en 1986, mais aussi d\u2019un r\u00e9seau \u00e9lectrique et de conduites d\u2019\u00e9vacuation des eaux us\u00e9es.<br>Toutes ces infrastructures ne desservent pas uniquement les usines Brusson, elles sont aussi un atout important pour la commune, qui gr\u00e2ce \u00e0 l\u2019expansion de l\u2019usine et aux nouvelles infrastructures connait un essor d\u00e9mographique et \u00e9conomique.<\/p>\n\n\n\n<p><strong>Le paternalisme.<\/strong><\/p>\n\n\n\n<p>&nbsp;&nbsp;&nbsp;&nbsp;&nbsp;&nbsp;&nbsp;&nbsp;&nbsp;&nbsp;&nbsp;Ces infrastructures ne sont pas les seules contributions de la famille Brusson \u00e0 la commune. Les Brusson ont \u00e9galement \u00e0 c\u0153ur le sort de leurs employ\u00e9s. Convaincus que le bien \u00eatre des employ\u00e9s favorise le travail mais leur permet aussi un contr\u00f4le de la vie au sein de l\u2019entreprise et par extension sur la commune.<br>Pour am\u00e9liorer ces conditions de vie, les Brusson, font construire une garderie pour les enfants de leurs employ\u00e9s, ainsi qu\u2019une \u00e9cole. Les anciens employ\u00e9s bless\u00e9s lors des deux guerres mondiales re\u00e7oivent aussi une aide financi\u00e8re ou des pr\u00eats pour payer leurs soins m\u00e9dicaux<\/p>\n\n\n\n<p><br><strong>Les Brusson et la politique.<\/strong><\/p>\n\n\n\n<p>\u00a0\u00a0\u00a0\u00a0\u00a0\u00a0\u00a0\u00a0\u00a0\u00a0\u00a0L\u2019influence des Brusson dans la commune permet \u00e0\u00a0<a href=\"https:\/\/blogs.univ-jfc.fr\/vphn\/antonin-et-jean-marie-brusson\/\" data-type=\"URL\" data-id=\"https:\/\/blogs.univ-jfc.fr\/vphn\/antonin-et-jean-marie-brusson\/\">Jean-Marie Brusson<\/a>, qui laisse la gestion de l\u2019entreprise \u00e0 son fr\u00e8re, afin de se lancer dans une carri\u00e8re politique en 1985. Prenant la place du candidat du parti conservateur suite \u00e0 sa mort la m\u00eame ann\u00e9e. Jean-Marie Brusson se pr\u00e9sente aux \u00e9lections cantonales.\u00a0Gr\u00e2ce au soutien de la commune et de ses employ\u00e9s Jean-Marie Brusson est presque \u00e9lu aux \u00e9lections cantonales, mais perd cependant, m\u00eame si c\u2019est \u00e0 peu de voix.<br>Par la suite, avec le soutien du journal\u00a0<em><a href=\"https:\/\/blogs.univ-jfc.fr\/vphn\/le-paysan-journal\/\" data-type=\"URL\" data-id=\"https:\/\/blogs.univ-jfc.fr\/vphn\/le-paysan-journal\/\">Le Paysan<\/a><\/em>\u00a0transmettant sa parole et ses id\u00e9es, Jean-Marie Brusson finit par \u00eatre \u00e9lu en\u00a01996 \u00e0 la mairie de Villemur-Sur-Tarn puis au conseil g\u00e9n\u00e9ral en 1901.<\/p>\n\n\n\n<p>Mais en 1905 \u00e0 la suite de sa prise de&nbsp;position contre la La\u00efcit\u00e9&nbsp;Jean-Marie Brusson perd le soutien de sa commune et se retire de la politique.<\/p>\n\n\n\n<p><strong>La chute de l\u2019entreprise<\/strong><\/p>\n\n\n\n<p>&nbsp;&nbsp;&nbsp;&nbsp;&nbsp;&nbsp;&nbsp;&nbsp;&nbsp;&nbsp;&nbsp;La g\u00e9n\u00e9ration d\u2019Antonin Brusson&nbsp;et Jean-Marie Brusson laisse la place \u00e0 une nouvelle. Mais peu \u00e0 peu, l\u2019entreprise conna\u00eet des probl\u00e8mes de gestion et ne peut faire face \u00e0 la nouvelle concurrence \u00e9trang\u00e8re. Les usines sont donc rachet\u00e9es par Panzani en 1970. Des 1980, le chiffre d\u2019affaires des usines continue \u00e0 chuter et le nombre d\u2019employ\u00e9s diminue. Panzani d\u00e9cide de d\u00e9localiser la plupart des services dans d\u2019autres communes et en 1989 seuls 80 employ\u00e9s demeurent dans les usines de Villemur-Sur-Tarn. Les usines pr\u00e9sentes \u00e0 Villemur ferment leurs portes d\u00e9finitivement en 2006 L\u2019ann\u00e9e suivante ce sont celles de Molex install\u00e9es hors de la commune qui ferment leurs portes.<br>La commune de Villemur-Sur-Tarn perd presque l\u2019enti\u00e8ret\u00e9 de ses activit\u00e9s industrielles, seules quelques entreprises, plus modestes, restent en place. La commune est tr\u00e8s n\u00e9gativement impact\u00e9e par la perte des usines Brusson, ce sont plusieurs centaines d\u2019emplois qui disparaissent, amenant \u00e0 une baisse d\u00e9mographique.<\/p>\n\n\n\n<p><strong>L\u2019h\u00e9ritage culturel de l\u2019entreprise.<\/strong><\/p>\n\n\n\n<p>&nbsp;&nbsp;&nbsp;&nbsp;&nbsp;&nbsp;&nbsp;&nbsp;&nbsp;&nbsp;&nbsp;L\u2019entreprise est aujourd\u2019hui ferm\u00e9e mais ses b\u00e2timents restent un lieu de production culturelle, d\u2019exposition, de conf\u00e9rences, de projection de film, d\u2019accueil touristique. Si la vie culturelle de la commune tourne encore aujourd\u2019hui autour des usines Brusson c\u2019est par h\u00e9ritage. D\u00e9j\u00e0 \u00e0 l\u2019\u00e9poque o\u00f9 les usines \u00e9taient encore actives plusieurs films furent r\u00e9alis\u00e9s dans ses locaux tels que \u00ab&nbsp;le t\u00e9l\u00e9phone Rose&nbsp;\u00bb par Molinaro en 1975 et apr\u00e8s sa fermeture fut r\u00e9alis\u00e9 \u00ab&nbsp;ils ont tu\u00e9 Jaures&nbsp;\u00bb en 2013. Elles furent aussi dessin\u00e9es et prises en photos par de nombreux peintres et photographes. Cette volont\u00e9 de la commune de faire des usines un lieu de culture vient de l\u2019unit\u00e9 apport\u00e9e par les usines Brusson. Elles sont un facteur commun et un acteur de l\u2019histoire et du patrimoine de nombreux habitants de la commune. Les signes de ce lien sont les deux associations de d\u00e9fense des usines Brusson pr\u00e9sentes sur Villemur. Encore aujourd\u2019hui la vie de la commune tourne en partie autour de ces usines qui repr\u00e9sentent la moiti\u00e9 de la commune en superficie et prennent \u00e0 elles seules une rive du Tarn.<\/p>\n\n\n<p><\/p>\n<p>Test<\/p>\n<ul>\n<li><strong>Etudiants<\/strong><\/li>\n<li>Nicolas Pierchon<\/li>\n<li>Benjamin Algans<\/li>\n<li>Boutry Simon<\/li>\n<\/ul>","protected":false},"excerpt":{"rendered":"<p>&nbsp;&nbsp;&nbsp;&nbsp;&nbsp;&nbsp;&nbsp;&nbsp;&nbsp;&nbsp;&nbsp;Les usines Brusson Jeunes de&nbsp;Villemur-Sur-Tarn&nbsp;ont, au cours du XXe&nbsp;si\u00e8cle, connu un \u00e2ge d\u2019or. Seule usine de p\u00e2tes du d\u00e9partement du Tarn et la seule de cette&nbsp;ampleur si on inclut la&nbsp;Haute-Garonne. Elle a su s\u2019imposer dans le monde industriel de son \u00e9poque, fournissant&nbsp;les arm\u00e9es&nbsp;fran\u00e7aises&nbsp;au cours des deux guerres mondiales, et&nbsp;finissant&nbsp;par exporter ses produits \u00e0 l\u2019international,&nbsp;en&nbsp;basant principalement &hellip; <\/p>\n<p class=\"link-more\"><a href=\"https:\/\/blogs.univ-jfc.fr\/vphn\/villemur-sur-tarn\/lusine-de-brusson-jeune-a-villemur-sur-tarn-xixe-xxe-2021\/\" class=\"more-link\">Continuer la lecture<span class=\"screen-reader-text\"> de &laquo;&nbsp;L\u2019usine de Brusson-jeune \u00e0 Villemur-sur-Tarn, XIXe-XXe [2021]&nbsp;&raquo;<\/span><\/a><\/p>\n","protected":false},"author":19,"featured_media":0,"parent":8669,"menu_order":1,"comment_status":"closed","ping_status":"closed","template":"","meta":[],"_links":{"self":[{"href":"https:\/\/blogs.univ-jfc.fr\/vphn\/wp-json\/wp\/v2\/pages\/7934"}],"collection":[{"href":"https:\/\/blogs.univ-jfc.fr\/vphn\/wp-json\/wp\/v2\/pages"}],"about":[{"href":"https:\/\/blogs.univ-jfc.fr\/vphn\/wp-json\/wp\/v2\/types\/page"}],"author":[{"embeddable":true,"href":"https:\/\/blogs.univ-jfc.fr\/vphn\/wp-json\/wp\/v2\/users\/19"}],"replies":[{"embeddable":true,"href":"https:\/\/blogs.univ-jfc.fr\/vphn\/wp-json\/wp\/v2\/comments?post=7934"}],"version-history":[{"count":19,"href":"https:\/\/blogs.univ-jfc.fr\/vphn\/wp-json\/wp\/v2\/pages\/7934\/revisions"}],"predecessor-version":[{"id":9568,"href":"https:\/\/blogs.univ-jfc.fr\/vphn\/wp-json\/wp\/v2\/pages\/7934\/revisions\/9568"}],"up":[{"embeddable":true,"href":"https:\/\/blogs.univ-jfc.fr\/vphn\/wp-json\/wp\/v2\/pages\/8669"}],"wp:attachment":[{"href":"https:\/\/blogs.univ-jfc.fr\/vphn\/wp-json\/wp\/v2\/media?parent=7934"}],"curies":[{"name":"wp","href":"https:\/\/api.w.org\/{rel}","templated":true}]}}