{"id":8151,"date":"2021-03-18T10:12:15","date_gmt":"2021-03-18T09:12:15","guid":{"rendered":"http:\/\/blogs.univ-jfc.fr\/vphn\/?page_id=8151"},"modified":"2021-03-18T10:12:15","modified_gmt":"2021-03-18T09:12:15","slug":"vendredi-13-octobre-1307","status":"publish","type":"page","link":"https:\/\/blogs.univ-jfc.fr\/vphn\/vendredi-13-octobre-1307\/","title":{"rendered":"Vendredi 13 octobre 1307"},"content":{"rendered":"<p style=\"text-align: justify\">Le vendredi 13 octobre 1307, tous les Templiers du Royaume de France sont arr\u00eat\u00e9s sur ordre du roi Philippe le Bel. Ceux du Larzac sont alors amen\u00e9s au ch\u00e2teau royal de Najac pour y \u00eatre emprisonn\u00e9s, tortur\u00e9s puis tu\u00e9s.<\/p>\n<p style=\"text-align: justify\">En 1312, l&rsquo;Ordre du Temple est d\u00e9finitivement dissous par le pape Cl\u00e9ment V au concile de Vienne.<\/p>\n<p style=\"text-align: justify\">Tous les biens du Temple sont alors attribu\u00e9s aux Hospitaliers.<\/p>\n<figure id=\"attachment_8162\" aria-describedby=\"caption-attachment-8162\" style=\"width: 200px\" class=\"wp-caption aligncenter\"><img loading=\"lazy\" class=\"wp-image-8162 size-medium\" src=\"http:\/\/blogs.univ-jfc.fr\/vphn\/wp-content\/uploads\/sites\/65\/2021\/01\/Abolition-200x300.jpg\" alt=\"\" width=\"200\" height=\"300\" srcset=\"https:\/\/blogs.univ-jfc.fr\/vphn\/wp-content\/uploads\/sites\/65\/2021\/01\/Abolition-200x300.jpg 200w, https:\/\/blogs.univ-jfc.fr\/vphn\/wp-content\/uploads\/sites\/65\/2021\/01\/Abolition.jpg 366w\" sizes=\"(max-width: 200px) 100vw, 200px\" \/><figcaption id=\"caption-attachment-8162\" class=\"wp-caption-text\">Acte d\u2019abolition de l\u2019Ordre du Temple r\u00e9dig\u00e9 en 1312 par le pape Cl\u00e9ment V tir\u00e9 du livre de Dubourg J. \u00ab\u00a0Les Templiers dans le Sud-Ouest\u00a0\u00bb<\/figcaption><\/figure>\n","protected":false},"excerpt":{"rendered":"<p>Le vendredi 13 octobre 1307, tous les Templiers du Royaume de France sont arr\u00eat\u00e9s sur ordre du roi Philippe le Bel. Ceux du Larzac sont alors amen\u00e9s au ch\u00e2teau royal de Najac pour y \u00eatre emprisonn\u00e9s, tortur\u00e9s puis tu\u00e9s. En 1312, l&rsquo;Ordre du Temple est d\u00e9finitivement dissous par le pape Cl\u00e9ment V au concile de &hellip; <\/p>\n<p class=\"link-more\"><a href=\"https:\/\/blogs.univ-jfc.fr\/vphn\/vendredi-13-octobre-1307\/\" class=\"more-link\">Continuer la lecture<span class=\"screen-reader-text\"> de &laquo;&nbsp;Vendredi 13 octobre 1307&nbsp;&raquo;<\/span><\/a><\/p>\n","protected":false},"author":701,"featured_media":0,"parent":0,"menu_order":0,"comment_status":"closed","ping_status":"closed","template":"","meta":[],"_links":{"self":[{"href":"https:\/\/blogs.univ-jfc.fr\/vphn\/wp-json\/wp\/v2\/pages\/8151"}],"collection":[{"href":"https:\/\/blogs.univ-jfc.fr\/vphn\/wp-json\/wp\/v2\/pages"}],"about":[{"href":"https:\/\/blogs.univ-jfc.fr\/vphn\/wp-json\/wp\/v2\/types\/page"}],"author":[{"embeddable":true,"href":"https:\/\/blogs.univ-jfc.fr\/vphn\/wp-json\/wp\/v2\/users\/701"}],"replies":[{"embeddable":true,"href":"https:\/\/blogs.univ-jfc.fr\/vphn\/wp-json\/wp\/v2\/comments?post=8151"}],"version-history":[{"count":3,"href":"https:\/\/blogs.univ-jfc.fr\/vphn\/wp-json\/wp\/v2\/pages\/8151\/revisions"}],"predecessor-version":[{"id":9841,"href":"https:\/\/blogs.univ-jfc.fr\/vphn\/wp-json\/wp\/v2\/pages\/8151\/revisions\/9841"}],"wp:attachment":[{"href":"https:\/\/blogs.univ-jfc.fr\/vphn\/wp-json\/wp\/v2\/media?parent=8151"}],"curies":[{"name":"wp","href":"https:\/\/api.w.org\/{rel}","templated":true}]}}