{"id":8275,"date":"2021-02-18T14:37:48","date_gmt":"2021-02-18T13:37:48","guid":{"rendered":"http:\/\/blogs.univ-jfc.fr\/vphn\/?page_id=8275"},"modified":"2021-03-01T18:28:28","modified_gmt":"2021-03-01T17:28:28","slug":"biographie-des-scientifiques-2021","status":"publish","type":"page","link":"https:\/\/blogs.univ-jfc.fr\/vphn\/histoire-locale\/lastronomie-dans-le-sud-ouest-de-la-france-au-xviie-siecle-2021\/biographie-des-scientifiques-2021\/","title":{"rendered":"Biographie des scientifiques [2021]"},"content":{"rendered":"\n<p><span style=\"text-decoration: underline\">Pierre Borel :<\/span><\/p>\n\n\n\n<div class=\"wp-block-image is-style-rounded\"><figure class=\"aligncenter size-large is-resized\"><img loading=\"lazy\" src=\"http:\/\/blogs.univ-jfc.fr\/vphn\/wp-content\/uploads\/sites\/65\/2021\/02\/Pierre_Borel_Portrait_par_jPauthe.jpg\" alt=\"\" class=\"wp-image-8992\" width=\"284\" height=\"284\" srcset=\"https:\/\/blogs.univ-jfc.fr\/vphn\/wp-content\/uploads\/sites\/65\/2021\/02\/Pierre_Borel_Portrait_par_jPauthe.jpg 190w, https:\/\/blogs.univ-jfc.fr\/vphn\/wp-content\/uploads\/sites\/65\/2021\/02\/Pierre_Borel_Portrait_par_jPauthe-150x150.jpg 150w, https:\/\/blogs.univ-jfc.fr\/vphn\/wp-content\/uploads\/sites\/65\/2021\/02\/Pierre_Borel_Portrait_par_jPauthe-100x100.jpg 100w\" sizes=\"(max-width: 284px) 100vw, 284px\" \/><figcaption>Portrait de Pierre Borel (1620-1671) r\u00e9alis\u00e9 par Jacques Pauthe, au cours du XVIIe si\u00e8cle, expos\u00e9 \u00e0 la m\u00e9diath\u00e8que de Castres, disponible sur Wikimedia Commons\n<\/figcaption><\/figure><\/div>\n\n\n\n<p class=\"has-text-align-left\">C\u2019est un scientifique qui na\u00eet au d\u00e9but du XVIIe si\u00e8cle \u00e0 Castres. Il commence tout d\u2019abord des \u00e9tudes de m\u00e9decine \u00e0 l\u2019instar de son p\u00e8re, Jacques Borel. Il appartient \u00e0 la petite bourgeoisie mais il d\u00e9sire s&rsquo;\u00e9lever au sein de la soci\u00e9t\u00e9. N\u00e9anmoins, le fait qu\u2019il soit de confession protestante l\u2019emp\u00eache d\u2019\u00eatre re\u00e7u comme docteur en m\u00e9decine \u00e0 l\u2019Universit\u00e9 de Montpellier ou de Toulouse. Il r\u00e9ussit par ailleurs \u00e0 \u00eatre accept\u00e9 le 14 mai 1643 par l\u2019Universit\u00e9 de Cahors, plus tol\u00e9rante, et retourne par la suite \u00e0 Castres pour exercer son m\u00e9tier. Gr\u00e2ce \u00e0 son r\u00e9seau, il int\u00e8gre l&rsquo;Acad\u00e9mie de Castres et participe aux d\u00e9bats. Il quitte cette ville pour la capitale parisienne, et devient m\u00e9decin du roi en 1655. Finalement, il retourne dans sa ville natale, o\u00f9 il finit ses jours le 14 septembre 1671. Les historiens pr\u00e9sentent ce scientifique comme un esprit curieux dont les travaux en sont le reflet. Il anticipe la conception des premiers microscopes et des d\u00e9couvertes astronomiques, qui sont des innovations fondamentales.&nbsp;<\/p>\n\n\n\n<p><span style=\"text-decoration: underline\">Pierre de Fermat :<\/span><\/p>\n\n\n\n<div class=\"wp-block-image is-style-rounded\"><figure class=\"aligncenter size-large is-resized\"><img loading=\"lazy\" src=\"http:\/\/blogs.univ-jfc.fr\/vphn\/wp-content\/uploads\/sites\/65\/2021\/02\/Pierre_de_Fermat_F._Poilly.jpg\" alt=\"\" class=\"wp-image-8284\" width=\"315\" height=\"368\" srcset=\"https:\/\/blogs.univ-jfc.fr\/vphn\/wp-content\/uploads\/sites\/65\/2021\/02\/Pierre_de_Fermat_F._Poilly.jpg 514w, https:\/\/blogs.univ-jfc.fr\/vphn\/wp-content\/uploads\/sites\/65\/2021\/02\/Pierre_de_Fermat_F._Poilly-257x300.jpg 257w\" sizes=\"(max-width: 315px) 100vw, 315px\" \/><figcaption>Gravure de Pierre de Fermat (1601 &#8211; 1665) r\u00e9alis\u00e9e par Fran\u00e7ois de Poilly, au cours du XVIIe si\u00e8cle, disponible sur Wikim\u00e9dia Commons <\/figcaption><\/figure><\/div>\n\n\n\n<p>C&rsquo;est un scientifique, math\u00e9maticien fran\u00e7ais n\u00e9 en 1598 dans le Tarn et Garonne (Beaumont-de-Lomagne). Apr\u00e8s avoir obtenu son dipl\u00f4me, il entreprend une carri\u00e8re juridique pendant environ 25 ans. Durant cette p\u00e9riode, Fermat ne publiait que tr\u00e8s peu de travaux. Il ne souhaitait les partager qu\u2019aux personnes int\u00e9ress\u00e9es car il n\u2019avait aucune volont\u00e9 d\u2019\u00eatre connu. Fermat a entretenu des liens \u00e9pistolaires avec de grands scientifiques fran\u00e7ais comme Blaise Pascal, Emmanuel Maignan ou Ren\u00e9 Descartes. Fermat a tout de m\u00eame demand\u00e9 \u00e0 Blaise Pascal de publier ses travaux et recherches sans que son nom ne soit jamais mentionn\u00e9. D\u2019abord tent\u00e9, celui-ci d\u00e9cline la proposition. Il meurt de vieillesse le 12 janvier 1665 \u00e0 Castres et est enterr\u00e9 \u00e0 Toulouse.<\/p>\n\n\n\n<p><span style=\"text-decoration: underline\">Emmanuel Maignan :<\/span><\/p>\n\n\n\n<div class=\"wp-block-image is-style-rounded\"><figure class=\"aligncenter size-large\"><img loading=\"lazy\" width=\"320\" height=\"527\" src=\"http:\/\/blogs.univ-jfc.fr\/vphn\/wp-content\/uploads\/sites\/65\/2021\/02\/320px-Capitole_Toulouse_-_Grand_escalier_-_Buste_dEmmanuel_Maignan.jpg\" alt=\"\" class=\"wp-image-8990\" srcset=\"https:\/\/blogs.univ-jfc.fr\/vphn\/wp-content\/uploads\/sites\/65\/2021\/02\/320px-Capitole_Toulouse_-_Grand_escalier_-_Buste_dEmmanuel_Maignan.jpg 320w, https:\/\/blogs.univ-jfc.fr\/vphn\/wp-content\/uploads\/sites\/65\/2021\/02\/320px-Capitole_Toulouse_-_Grand_escalier_-_Buste_dEmmanuel_Maignan-182x300.jpg 182w\" sizes=\"(max-width: 320px) 100vw, 320px\" \/><figcaption>Buste d\u2019Emmanuel Maignan (1601-1676) r\u00e9alis\u00e9 par Marc Arcis, en 1674, expos\u00e9 au Capitole de Toulouse, disponible sur Wikip\u00e9dia <\/figcaption><\/figure><\/div>\n\n\n\n<p>C&rsquo;est un th\u00e9ologien catholique de l\u2019ordre des minimes, et un physicien fran\u00e7ais du XVIIe si\u00e8cle n\u00e9 \u00e0 Toulouse le 17 juillet 1601 et mort le 29 octobre 1676. A dix-huit ans, il rejoint l\u2019ordre des minimes o\u00f9 on lui enseigne la philosophie d\u2019Aristote, mais il est favorable au principe de l\u2019exp\u00e9rimentation appliqu\u00e9e aux sciences. En 1636, il est appel\u00e9 \u00e0 Rome pour y enseigner les math\u00e9matiques au couvent de la Trinit\u00e9-des-Monts ; il y reste quatorze ans. En 1650, il est nomm\u00e9 sup\u00e9rieur provincial, mais au terme de cette fonction, le roi Louis XIV l\u2019invite \u00e0 Paris apr\u00e8s avoir vu ses machines et ses curiosit\u00e9s. Cependant, apr\u00e8s cette exp\u00e9rience, il demande l\u2019autorisation de passer le reste de sa vie isol\u00e9 dans un couvent. Il est reconnu comme l\u2019un des meilleurs math\u00e9maticiens, \u00e0 l\u2019instar de Pierre de Fermat.<\/p>\n\n\n\n<p><span style=\"text-decoration: underline\">Marin Mersenne : <\/span><\/p>\n\n\n\n<div class=\"wp-block-image is-style-default\"><figure class=\"aligncenter size-large\"><img loading=\"lazy\" width=\"431\" height=\"600\" src=\"http:\/\/blogs.univ-jfc.fr\/vphn\/wp-content\/uploads\/sites\/65\/2021\/02\/marin-mersenne.jpg\" alt=\"\" class=\"wp-image-8959\" srcset=\"https:\/\/blogs.univ-jfc.fr\/vphn\/wp-content\/uploads\/sites\/65\/2021\/02\/marin-mersenne.jpg 431w, https:\/\/blogs.univ-jfc.fr\/vphn\/wp-content\/uploads\/sites\/65\/2021\/02\/marin-mersenne-216x300.jpg 216w\" sizes=\"(max-width: 431px) 100vw, 431px\" \/><figcaption>Gravure de Marin Mersenne (1588-1648) r\u00e9alis\u00e9 par P. Dupin, en 1765, disponible sur Wikimedia Commons. \n<\/figcaption><\/figure><\/div>\n\n\n\n<p>C&rsquo;est un philosophe et religieux fran\u00e7ais du XVII<sup>e<\/sup> si\u00e8cle. Il fait ses \u00e9tudes dans un coll\u00e8ge j\u00e9suite du Nord du Royaume de France, et int\u00e8gre l\u2019ordre des Minimes en 1611. Il a instaur\u00e9 un contexte propice \u00e0 la fondation de l\u2019Acad\u00e9mie des Sciences en 1666 par J.-B. Colbert depuis son couvent parisien. Marin Mersenne a jou\u00e9 un r\u00f4le important dans la r\u00e9volution scientifique (il a d\u2019ailleurs \u00e9t\u00e9 nomm\u00e9 \u00ab secr\u00e9taire de l\u2019Europe savante \u00bb puisqu\u2019il a entretenu des relations \u00e9pistolaires avec de grands scientifiques comme Descartes, Galil\u00e9e, ou encore Fermat. Il a \u0153uvr\u00e9 pour la vulgarisation scientifique, notamment en imprimant <em>Les M\u00e9ditations<\/em> de Descartes \u00e0 Paris. Il meurt finalement en 1648.\u00a0<\/p>\n","protected":false},"excerpt":{"rendered":"<p>Pierre Borel : C\u2019est un scientifique qui na\u00eet au d\u00e9but du XVIIe si\u00e8cle \u00e0 Castres. Il commence tout d\u2019abord des \u00e9tudes de m\u00e9decine \u00e0 l\u2019instar de son p\u00e8re, Jacques Borel. Il appartient \u00e0 la petite bourgeoisie mais il d\u00e9sire s&rsquo;\u00e9lever au sein de la soci\u00e9t\u00e9. N\u00e9anmoins, le fait qu\u2019il soit de confession protestante l\u2019emp\u00eache d\u2019\u00eatre &hellip; <\/p>\n<p class=\"link-more\"><a href=\"https:\/\/blogs.univ-jfc.fr\/vphn\/histoire-locale\/lastronomie-dans-le-sud-ouest-de-la-france-au-xviie-siecle-2021\/biographie-des-scientifiques-2021\/\" class=\"more-link\">Continuer la lecture<span class=\"screen-reader-text\"> de &laquo;&nbsp;Biographie des scientifiques [2021]&nbsp;&raquo;<\/span><\/a><\/p>\n","protected":false},"author":741,"featured_media":0,"parent":7877,"menu_order":0,"comment_status":"closed","ping_status":"closed","template":"","meta":[],"_links":{"self":[{"href":"https:\/\/blogs.univ-jfc.fr\/vphn\/wp-json\/wp\/v2\/pages\/8275"}],"collection":[{"href":"https:\/\/blogs.univ-jfc.fr\/vphn\/wp-json\/wp\/v2\/pages"}],"about":[{"href":"https:\/\/blogs.univ-jfc.fr\/vphn\/wp-json\/wp\/v2\/types\/page"}],"author":[{"embeddable":true,"href":"https:\/\/blogs.univ-jfc.fr\/vphn\/wp-json\/wp\/v2\/users\/741"}],"replies":[{"embeddable":true,"href":"https:\/\/blogs.univ-jfc.fr\/vphn\/wp-json\/wp\/v2\/comments?post=8275"}],"version-history":[{"count":18,"href":"https:\/\/blogs.univ-jfc.fr\/vphn\/wp-json\/wp\/v2\/pages\/8275\/revisions"}],"predecessor-version":[{"id":9531,"href":"https:\/\/blogs.univ-jfc.fr\/vphn\/wp-json\/wp\/v2\/pages\/8275\/revisions\/9531"}],"up":[{"embeddable":true,"href":"https:\/\/blogs.univ-jfc.fr\/vphn\/wp-json\/wp\/v2\/pages\/7877"}],"wp:attachment":[{"href":"https:\/\/blogs.univ-jfc.fr\/vphn\/wp-json\/wp\/v2\/media?parent=8275"}],"curies":[{"name":"wp","href":"https:\/\/api.w.org\/{rel}","templated":true}]}}