{"id":83,"date":"2018-01-17T09:24:32","date_gmt":"2018-01-17T08:24:32","guid":{"rendered":"http:\/\/blogs.univ-jfc.fr\/vphn\/?page_id=83"},"modified":"2018-02-03T06:03:59","modified_gmt":"2018-02-03T05:03:59","slug":"laccueil-des-enfants-espagnols-dans-le-sud-de-la-france-1937-1945-2017","status":"publish","type":"page","link":"https:\/\/blogs.univ-jfc.fr\/vphn\/laccueil-des-enfants-espagnols-dans-le-sud-de-la-france-1937-1945-2017\/","title":{"rendered":"[L&rsquo;ACCUEIL DES ENFANTS ESPAGNOLS DANS LE SUD DE LA FRANCE (1937-1945)] 2017"},"content":{"rendered":"<p><span style=\"font-size: small;color: #ffffff\"><span style=\"font-family: Arial,sans-serif\">1936, une guerre civile \u00e9clate en Espagne. Face \u00e0 une r\u00e9publique fragile, le g\u00e9n\u00e9ral Franco tente de prendre le pouvoir. Durant 3 ans, le pays est d\u00e9chir\u00e9 entre deux camps, la mise en s\u00e9curit\u00e9 des enfants r\u00e9publicains devient un enjeu pour le gouvernement r\u00e9publicain espagnol.<\/span><\/span><br \/>\n<span style=\"font-size: small;color: #ffffff\"> <span style=\"font-family: Arial,sans-serif\">La France accueille alors une grande partie de ces enfants. C\u2019est le syndicat de la CGT (Conf\u00e9d\u00e9ration G\u00e9n\u00e9rale du Travail) qui s\u2019occupe de la majeure partie de cet accueil. Les enfants sont majoritairement plac\u00e9s en familles d\u2019accueil en premier temps puis on privil\u00e9gie l\u2019h\u00e9bergement en colonies dans un second temps. <a style=\"color: #ffffff\" href=\"http:\/\/blogs.univ-jfc.fr\/vphn\/figures-et-evenements\/laccueil-des-enfants-espagnols-dans-le-sud-de-la-france-1937-1945-2017\/creation-du-comite-daccueil-des-enfants-espangols-caee\/\">Un CAEE (Comit\u00e9 d\u2019Accueil des Enfants Espagnols) est cr\u00e9\u00e9 sous l&rsquo;impulsion de la CGT en novembre 1936 afin de g\u00e9rer l\u2019accueil de ces enfants. <\/a><br \/>\n<\/span><\/span><\/p>\n<p>&nbsp;<\/p>\n<p><span style=\"color: #ffffff\"><a style=\"color: #ffffff\" name=\"docs-internal-guid-ae0247e9-4d0e-8417-50\"><\/a><span style=\"font-family: Arial,sans-serif\"><span style=\"font-size: small\">Or d\u00e8s 1937, cette politique d\u2019accueil jusqu\u2019alors provisoire prend un tournant. Face \u00e0 une situation qui semble se perp\u00e9tuer c\u00f4t\u00e9 espagnol, des mesures doivent \u00eatre prise<\/span><\/span><span style=\"font-family: Arial,sans-serif\"><span style=\"font-size: small\">s<\/span><\/span><span style=\"font-family: Arial,sans-serif\"><span style=\"font-size: small\">. <\/span><\/span><span style=\"font-size: small\"><a style=\"color: #ffffff\" href=\"http:\/\/blogs.univ-jfc.fr\/vphn\/figures-et-evenements\/laccueil-des-enfants-espagnols-dans-le-sud-de-la-france-1937-1945-2017\/les-accords-passes-entre-gouvernements-francais-et-republicain-espagnol\/\"><span style=\"font-family: Arial,sans-serif\">Gouvernements fran\u00e7ais et r\u00e9publicain espagnol passent de nouveaux accords.<\/span><\/a><\/span><\/span><\/p>\n<p><span style=\"font-size: small;color: #ffffff\"><span style=\"font-family: Arial,sans-serif\">Pour le gouvernement r\u00e9publicain espagnol, l\u2019\u00e9ducation que doivent recevoir ces enfants doit s\u2019inscrire dans la la continuit\u00e9 des politiques r\u00e9publicaines.<\/span><\/span><\/p>\n<p><span style=\"color: #ffffff\"><a style=\"color: #ffffff\" href=\"http:\/\/blogs.univ-jfc.fr\/vphn\/figures-et-evenements\/laccueil-des-enfants-espagnols-dans-le-sud-de-la-france-1937-1945-2017\/exemple-de-lecole-de-montauban\/\"><span style=\"font-family: Arial,sans-serif\"><span style=\"font-size: small\">Leur accueil et leur \u00e9ducation sont alors contr\u00f4l\u00e9<\/span><\/span><span style=\"text-decoration: line-through\"><span style=\"font-family: Arial,sans-serif\"><span style=\"font-size: small\">e<\/span><\/span><\/span><\/a><span style=\"font-family: Arial,sans-serif\"><span style=\"font-size: small\">s par le pouvoir r\u00e9publicain espagnol qui cr\u00e9e la DEEE (d\u00e9l\u00e9gation de l\u2019enfance espagnole \u00e9vacu\u00e9e) et g\u00e8re directement l\u2019\u00e9ducation de ces petits r\u00e9publicains \u00e0 distance. Les enfants sont accueillis et plac\u00e9s en colonies et re\u00e7oivent une \u00e9ducation espagnole, privil\u00e9giant \u201cl\u2019entre soi\u201d. Les enfants espagnols sont \u00e9cart\u00e9s du syst\u00e8me fran\u00e7ais par peur d\u2019une \u201cd\u00e9nationalisation\u201d. Des institutrices et infirmi\u00e8res espagnoles accompagnent les enfants lors des convois et assurent leur<\/span><\/span><span style=\"text-decoration: line-through\"><span style=\"font-family: Arial,sans-serif\"><span style=\"font-size: small\">s<\/span><\/span><\/span><span style=\"font-family: Arial,sans-serif\"><span style=\"font-size: small\"> \u00e9ducation.<br \/>\n<\/span><\/span><\/span><\/p>\n<p><span style=\"color: #ffffff\"><a style=\"color: #ffffff\" name=\"docs-internal-guid-ae0247e9-4d0f-4e0f-d3\"><\/a> <span style=\"font-family: Arial,sans-serif\"><span style=\"font-size: small\">Cependant, 1939 marque un tournant. <a style=\"color: #ffffff\" href=\"http:\/\/blogs.univ-jfc.fr\/vphn\/figures-et-evenements\/laccueil-des-enfants-espagnols-dans-le-sud-de-la-france-1937-1945-2017\/echecs-de-la-cgt\/\">D\u00e9j\u00e0 d\u00e8s 1938, l\u2019\u00e9lan de solidarit\u00e9 s\u2019\u00e9tant form\u00e9 autour de la cause r\u00e9publicaine espagnole s&rsquo;estompe<\/a>. Les fonds se font rares et le CAEE fait faillite, les colonies ferment.<br \/>\nD\u2019autre part, la d\u00e9faite r\u00e9publicaine c\u00f4t\u00e9 espagnol engendre un exil d\u2019ampleur majeur en France, <a style=\"color: #ffffff\" href=\"http:\/\/blogs.univ-jfc.fr\/vphn\/la-retirade\/\">la <\/a><\/span><\/span><span style=\"font-size: small\"><span style=\"font-family: Arial,sans-serif\">retirade<\/span><\/span><span style=\"font-family: Arial,sans-serif\"><span style=\"font-size: small\">. L\u2019accueil jusqu\u2019alors provisoire des enfants r\u00e9publicains espagnols, en accord avec le gouvernement r\u00e9publicain espagnol perd tout son sens.<\/span><\/span><\/span><\/p>\n<p><span style=\"font-size: small;color: #ffffff\"><span style=\"font-family: Arial,sans-serif\">L\u2019insertion de ces enfants est n\u00e9cessaire. Ces petits Espagnols, tout comme leurs parents en exil, finissent par \u00eatre assimil\u00e9s au syst\u00e8me fran\u00e7ais.<\/span><\/span><\/p>\n<p>&nbsp;<\/p>\n<p><span style=\"color: #ffffff\">Etudiantes : L2 : Camille Aupy. L1 : Marie Lemaire.<\/span><\/p>\n","protected":false},"excerpt":{"rendered":"<p>1936, une guerre civile \u00e9clate en Espagne. Face \u00e0 une r\u00e9publique fragile, le g\u00e9n\u00e9ral Franco tente de prendre le pouvoir. Durant 3 ans, le pays est d\u00e9chir\u00e9 entre deux camps, la mise en s\u00e9curit\u00e9 des enfants r\u00e9publicains devient un enjeu pour le gouvernement r\u00e9publicain espagnol. La France accueille alors une grande partie de ces enfants. &hellip; <\/p>\n<p class=\"link-more\"><a href=\"https:\/\/blogs.univ-jfc.fr\/vphn\/laccueil-des-enfants-espagnols-dans-le-sud-de-la-france-1937-1945-2017\/\" class=\"more-link\">Continuer la lecture<span class=\"screen-reader-text\"> de &laquo;&nbsp;[L&rsquo;ACCUEIL DES ENFANTS ESPAGNOLS DANS LE SUD DE LA FRANCE (1937-1945)] 2017&nbsp;&raquo;<\/span><\/a><\/p>\n","protected":false},"author":19,"featured_media":0,"parent":0,"menu_order":5,"comment_status":"closed","ping_status":"closed","template":"","meta":[],"_links":{"self":[{"href":"https:\/\/blogs.univ-jfc.fr\/vphn\/wp-json\/wp\/v2\/pages\/83"}],"collection":[{"href":"https:\/\/blogs.univ-jfc.fr\/vphn\/wp-json\/wp\/v2\/pages"}],"about":[{"href":"https:\/\/blogs.univ-jfc.fr\/vphn\/wp-json\/wp\/v2\/types\/page"}],"author":[{"embeddable":true,"href":"https:\/\/blogs.univ-jfc.fr\/vphn\/wp-json\/wp\/v2\/users\/19"}],"replies":[{"embeddable":true,"href":"https:\/\/blogs.univ-jfc.fr\/vphn\/wp-json\/wp\/v2\/comments?post=83"}],"version-history":[{"count":19,"href":"https:\/\/blogs.univ-jfc.fr\/vphn\/wp-json\/wp\/v2\/pages\/83\/revisions"}],"predecessor-version":[{"id":1698,"href":"https:\/\/blogs.univ-jfc.fr\/vphn\/wp-json\/wp\/v2\/pages\/83\/revisions\/1698"}],"wp:attachment":[{"href":"https:\/\/blogs.univ-jfc.fr\/vphn\/wp-json\/wp\/v2\/media?parent=83"}],"curies":[{"name":"wp","href":"https:\/\/api.w.org\/{rel}","templated":true}]}}