{"id":843,"date":"2018-01-31T07:48:33","date_gmt":"2018-01-31T06:48:33","guid":{"rendered":"http:\/\/blogs.univ-jfc.fr\/vphn\/?page_id=843"},"modified":"2018-02-01T11:26:23","modified_gmt":"2018-02-01T10:26:23","slug":"pour-aller-plus-loin","status":"publish","type":"page","link":"https:\/\/blogs.univ-jfc.fr\/vphn\/histoire-locale\/la-peste-dans-le-rouergue-du-xve-au-xviie-siecle-2017\/pour-aller-plus-loin\/","title":{"rendered":"Pour aller plus loin &#8230;"},"content":{"rendered":"<h1>R\u00e9f\u00e9rences bibliographiques\u00a0:<\/h1>\n<p>\u00b7\u00a0\u00a0\u00a0\u00a0\u00a0\u00a0 ENJALBERT Henri, CHOLVY G\u00e9rard, Histoire du Rouergue, Privat, 2001<\/p>\n<p>\u00b7\u00a0\u00a0\u00a0\u00a0\u00a0\u00a0 ENJALBERT Henri (dir.), Histoire de Rodez, Privat, 1981<\/p>\n<p>\u00b7\u00a0\u00a0\u00a0\u00a0\u00a0\u00a0 MOUYSSET Sylvie, La peste en Rouergue au XVIIe si\u00e8cle, Toulouse, 1992<\/p>\n<p>\u00b7\u00a0\u00a0\u00a0\u00a0\u00a0\u00a0 VITAUX Jean, Histoire de la Peste, Paris, 2010<\/p>\n<h1>Sources archivistiques\u00a0:<\/h1>\n<p>\u00b7\u00a0\u00a0\u00a0\u00a0 DE MONLAUSEUR Durand, Manifeste de ce qui s\u2019est pass\u00e9 en la maladie de la peste \u00e0 Villefranche de Rouergue, avec quelques questions curieuses de cette m\u00eame maladie, Archives d\u00e9partementales de l\u2019Aveyron, in-16 424, Toulouse, 1629<\/p>\n<p>\u00b7\u00a0\u00a0\u00a0\u00a0 PICAROUGNE Vincent et DOUSSET Christine (dir.), M\u00e9moire de maitrise UFR Histoire, La soci\u00e9t\u00e9 ruth\u00e9noise au XVIIe si\u00e8cle. D\u00e9mographie et mentalit\u00e9s entre 1625 et 1699, Toulouse, 1999<\/p>\n<p>&nbsp;<\/p>\n<p>Site internet des <a href=\"http:\/\/archives.aveyron.fr\/\" target=\"_blank\" rel=\"noopener noreferrer\">Archives d\u00e9partementales de l\u2019Aveyron<\/a><\/p>\n<p>&nbsp;<\/p>\n","protected":false},"excerpt":{"rendered":"<p>R\u00e9f\u00e9rences bibliographiques\u00a0: \u00b7\u00a0\u00a0\u00a0\u00a0\u00a0\u00a0 ENJALBERT Henri, CHOLVY G\u00e9rard, Histoire du Rouergue, Privat, 2001 \u00b7\u00a0\u00a0\u00a0\u00a0\u00a0\u00a0 ENJALBERT Henri (dir.), Histoire de Rodez, Privat, 1981 \u00b7\u00a0\u00a0\u00a0\u00a0\u00a0\u00a0 MOUYSSET Sylvie, La peste en Rouergue au XVIIe si\u00e8cle, Toulouse, 1992 \u00b7\u00a0\u00a0\u00a0\u00a0\u00a0\u00a0 VITAUX Jean, Histoire de la Peste, Paris, 2010 Sources archivistiques\u00a0: \u00b7\u00a0\u00a0\u00a0\u00a0 DE MONLAUSEUR Durand, Manifeste de ce qui s\u2019est pass\u00e9 en &hellip; <\/p>\n<p class=\"link-more\"><a href=\"https:\/\/blogs.univ-jfc.fr\/vphn\/histoire-locale\/la-peste-dans-le-rouergue-du-xve-au-xviie-siecle-2017\/pour-aller-plus-loin\/\" class=\"more-link\">Continuer la lecture<span class=\"screen-reader-text\"> de &laquo;&nbsp;Pour aller plus loin &#8230;&nbsp;&raquo;<\/span><\/a><\/p>\n","protected":false},"author":254,"featured_media":0,"parent":166,"menu_order":1,"comment_status":"closed","ping_status":"closed","template":"","meta":[],"_links":{"self":[{"href":"https:\/\/blogs.univ-jfc.fr\/vphn\/wp-json\/wp\/v2\/pages\/843"}],"collection":[{"href":"https:\/\/blogs.univ-jfc.fr\/vphn\/wp-json\/wp\/v2\/pages"}],"about":[{"href":"https:\/\/blogs.univ-jfc.fr\/vphn\/wp-json\/wp\/v2\/types\/page"}],"author":[{"embeddable":true,"href":"https:\/\/blogs.univ-jfc.fr\/vphn\/wp-json\/wp\/v2\/users\/254"}],"replies":[{"embeddable":true,"href":"https:\/\/blogs.univ-jfc.fr\/vphn\/wp-json\/wp\/v2\/comments?post=843"}],"version-history":[{"count":3,"href":"https:\/\/blogs.univ-jfc.fr\/vphn\/wp-json\/wp\/v2\/pages\/843\/revisions"}],"predecessor-version":[{"id":1252,"href":"https:\/\/blogs.univ-jfc.fr\/vphn\/wp-json\/wp\/v2\/pages\/843\/revisions\/1252"}],"up":[{"embeddable":true,"href":"https:\/\/blogs.univ-jfc.fr\/vphn\/wp-json\/wp\/v2\/pages\/166"}],"wp:attachment":[{"href":"https:\/\/blogs.univ-jfc.fr\/vphn\/wp-json\/wp\/v2\/media?parent=843"}],"curies":[{"name":"wp","href":"https:\/\/api.w.org\/{rel}","templated":true}]}}