{"id":8540,"date":"2021-02-09T18:51:31","date_gmt":"2021-02-09T17:51:31","guid":{"rendered":"http:\/\/blogs.univ-jfc.fr\/vphn\/?page_id=8540"},"modified":"2021-02-09T19:08:17","modified_gmt":"2021-02-09T18:08:17","slug":"le-docteur-jean-marc-gaspard-itard-2021","status":"publish","type":"page","link":"https:\/\/blogs.univ-jfc.fr\/vphn\/victor-de-laveyron-2021\/le-docteur-jean-marc-gaspard-itard-2021\/","title":{"rendered":"Le docteur Jean-Marc Gaspard Itard [2021]"},"content":{"rendered":"\n<div class=\"wp-block-image\"><figure class=\"alignright size-large is-resized\"><img loading=\"lazy\" src=\"http:\/\/blogs.univ-jfc.fr\/vphn\/wp-content\/uploads\/sites\/65\/2021\/02\/itard.jpg\" alt=\"\" class=\"wp-image-8273\" width=\"112\" height=\"183\" \/><figcaption>Itard , Jean E. M. Gaspard, gravure, auteur inconnu. Collection BIU Sant\u00e9 M\u00e9decine<\/figcaption><\/figure><\/div>\n\n\n\n<p>Le docteur Jean-Marc Gaspard Itard, \u00e9tait un m\u00e9decin fran\u00e7ais qui travaillait \u00e0 l\u2019institut imp\u00e9rial des sourds et muets. N\u00e9 en 1774, ce dernier est l\u2019un des pionniers de la recherche sur l&rsquo;<a href=\"https:\/\/www.larousse.fr\/dictionnaires\/francais\/oto-rhino-laryngologie\/56827\"><span class=\"has-inline-color has-luminous-vivid-orange-color\">oto-rhino-laryngologie<\/span><\/a>. Il a appris son m\u00e9tier de m\u00e9decin, puis de chirurgien avec le professeur Larrey et Philippe Pinel. Il est devenu m\u00e9decin \u00e0 l\u2019institut imp\u00e9rial des sourds et muets en 1800 et ce jusqu\u2019en 1838, date de sa mort. Il s\u2019int\u00e9resse essentiellement aux sourds. C\u2019est d\u2019ailleurs \u00e0 lui que l\u2019on doit l\u2019acoum\u00e8tre, instrument permettant d\u2019\u00e9tablir le niveau de surdit\u00e9 d\u2019un individu.<\/p>\n\n\n\n<p>Il a rencontr\u00e9 Victor en 1801, \u00e0 l\u2019institut imp\u00e9rial des sourds et muets. Le docteur a compris qu\u2019il \u00e9tait en pr\u00e9sence d\u2019un \u00eatre primitif. En effet, il n\u2019y a sur Victor aucune marque d\u2019appartenance \u00e0 la soci\u00e9t\u00e9 contemporaine. Il consid\u00e8re qu\u2019au lieu d\u2019attendre de Victor un certain conformisme qu\u2019il ne peut et n\u2019aura pas, la science doit et peut s\u2019adapter \u00e0 son cas. Selon lui, aucun enfant sauvage ne peut tendre \u00e0 devenir parfait. En effet, une \u00e9ducation sp\u00e9cialis\u00e9e est n\u00e9cessaire. A posteriori, il \u00e9crira que Victor est un objet d\u2019\u00e9tude sur lequel tous les m\u00e9decins doivent se pencher.<\/p>\n\n\n\n<p class=\"has-text-align-left\">Le docteur Itard est un m\u00e9decin novateur, dans le monde de l\u2019\u00e9ducation et de la m\u00e9decine au XVIII<sup>e<\/sup> si\u00e8cle, puisqu\u2019il pense que le bien-\u00eatre de son patient passe par l\u2019adaptation au monde. Ce docteur est attach\u00e9 \u00e0 une nouvelle m\u00e9decine,&nbsp; la m\u00e9dico-p\u00e9dagogie. Il s\u2019agit de trouver un consensus entre le traitement m\u00e9dical et le soutien p\u00e9dagogique. C\u2019est en ce sens qu\u2019il se rapproche de la d\u00e9marche de Etienne Bonnot de Condillac, philosophe fran\u00e7ais contemporain. C\u2019est-\u00e0-dire que l\u2019enfant doit apprendre par la d\u00e9couverte. Se d\u00e9couvrir lui-m\u00eame et d\u00e9couvrir les \u00e9l\u00e9ments qui composent son entourage. Enfin, les m\u00e9thodes du docteur Itard sont aussi novatrices pour lui-m\u00eame. Le professeur \u00e9volue avec l\u2019\u00e9l\u00e8ve, le docteur Itard sort grandit de cette exp\u00e9rience \u00e9ducative.<\/p>\n","protected":false},"excerpt":{"rendered":"<p>Le docteur Jean-Marc Gaspard Itard, \u00e9tait un m\u00e9decin fran\u00e7ais qui travaillait \u00e0 l\u2019institut imp\u00e9rial des sourds et muets. N\u00e9 en 1774, ce dernier est l\u2019un des pionniers de la recherche sur l&rsquo;oto-rhino-laryngologie. Il a appris son m\u00e9tier de m\u00e9decin, puis de chirurgien avec le professeur Larrey et Philippe Pinel. Il est devenu m\u00e9decin \u00e0 l\u2019institut &hellip; <\/p>\n<p class=\"link-more\"><a href=\"https:\/\/blogs.univ-jfc.fr\/vphn\/victor-de-laveyron-2021\/le-docteur-jean-marc-gaspard-itard-2021\/\" class=\"more-link\">Continuer la lecture<span class=\"screen-reader-text\"> de &laquo;&nbsp;Le docteur Jean-Marc Gaspard Itard [2021]&nbsp;&raquo;<\/span><\/a><\/p>\n","protected":false},"author":753,"featured_media":0,"parent":7922,"menu_order":0,"comment_status":"closed","ping_status":"closed","template":"","meta":[],"_links":{"self":[{"href":"https:\/\/blogs.univ-jfc.fr\/vphn\/wp-json\/wp\/v2\/pages\/8540"}],"collection":[{"href":"https:\/\/blogs.univ-jfc.fr\/vphn\/wp-json\/wp\/v2\/pages"}],"about":[{"href":"https:\/\/blogs.univ-jfc.fr\/vphn\/wp-json\/wp\/v2\/types\/page"}],"author":[{"embeddable":true,"href":"https:\/\/blogs.univ-jfc.fr\/vphn\/wp-json\/wp\/v2\/users\/753"}],"replies":[{"embeddable":true,"href":"https:\/\/blogs.univ-jfc.fr\/vphn\/wp-json\/wp\/v2\/comments?post=8540"}],"version-history":[{"count":3,"href":"https:\/\/blogs.univ-jfc.fr\/vphn\/wp-json\/wp\/v2\/pages\/8540\/revisions"}],"predecessor-version":[{"id":8555,"href":"https:\/\/blogs.univ-jfc.fr\/vphn\/wp-json\/wp\/v2\/pages\/8540\/revisions\/8555"}],"up":[{"embeddable":true,"href":"https:\/\/blogs.univ-jfc.fr\/vphn\/wp-json\/wp\/v2\/pages\/7922"}],"wp:attachment":[{"href":"https:\/\/blogs.univ-jfc.fr\/vphn\/wp-json\/wp\/v2\/media?parent=8540"}],"curies":[{"name":"wp","href":"https:\/\/api.w.org\/{rel}","templated":true}]}}