{"id":8564,"date":"2021-02-10T11:03:36","date_gmt":"2021-02-10T10:03:36","guid":{"rendered":"http:\/\/blogs.univ-jfc.fr\/vphn\/?page_id=8564"},"modified":"2021-02-15T10:37:59","modified_gmt":"2021-02-15T09:37:59","slug":"bibliographie-sur-limmigration-espagnole-2021","status":"publish","type":"page","link":"https:\/\/blogs.univ-jfc.fr\/vphn\/bibliographie-sur-limmigration-espagnole-2021\/","title":{"rendered":"Bibliographie sur l&rsquo;immigration espagnole [ 2021]"},"content":{"rendered":"\n<p class=\"has-text-align-left\"><span class=\"has-inline-color has-vivid-red-color\"><strong>L&rsquo;immigration espagnole en France :<\/strong><\/span><\/p>\n\n\n\n<p>-Debord Didier, Vargas Bruno, <em>Les Espagnols en France, Une vie au-del\u00e0 des Pyr\u00e9n\u00e9es<\/em>, Toulouse, Edition de l\u2019Attribut, 2010, 120 pages.<\/p>\n\n\n\n<p>-Dreyfus-Armand Genevi\u00e8ve, \u201cLa constitution de la colonie espagnole en France\u201d, <em>Hommes et Migrations<\/em>, 1995, n\u00b01184, pp. 6-12.<\/p>\n\n\n\n<p>-Faidutti-Rudolph Anne-Marie, \u201cL&rsquo;\u00e9volution de l&rsquo;immigration en France de 1946 \u00e0 1960\u201d<em>, L&rsquo;information g\u00e9ographique<\/em>, 1962, n\u00b04, pp. 152-160.&nbsp;&nbsp;<\/p>\n\n\n\n<p>-Jornet Jos\u00e9, <em>Republicanos espa\u00f1oles en Midi-Pyr\u00e9n\u00e9es, Exilio, Historia y Memoria<\/em>, Toulouse, Presse Universitaires du Mirail, 2006, 362 pages.<\/p>\n\n\n\n<p>-Teuli\u00e8res Laure, Souchet Fabienne, \u201dHistoire des immigrations en r\u00e9gion Midi-Pyr\u00e9n\u00e9es\u201d, <em>Hommes et Migrations<\/em>, 2008, n\u00b01273, pp. 152-166.<\/p>\n\n\n\n<p><span class=\"has-inline-color has-vivid-red-color\"><strong>L&rsquo;immigration espagnole en Aveyron :<\/strong><\/span><\/p>\n\n\n\n<p>-Montbroussous Marie Line, <em>Histoire d\u2019une int\u00e9gration r\u00e9ussie, les Espagnols dans le Bassin de Decazeville<\/em>, Rodez, Le Rouergue, 1995, 199 pages.&nbsp;<\/p>\n\n\n\n<p>-Poinard Michel, \u00ab L\u2019immigration \u00e9trang\u00e8re dans un d\u00e9partement rural : l\u2019Aveyron \u00bb, <em>Revue g\u00e9ographique des Pyr\u00e9n\u00e9es et du Sud-Ouest, Sud-Ouest Europ\u00e9en<\/em>, 1975, n\u00b046, pp. 181-199.<\/p>\n\n\n\n<p>-Poinard Michel \u00ab Recherches sur la main-d\u2019\u0153uvre \u00e9trang\u00e8re en Aveyron \u00bb, <em>Revue g\u00e9ographique des Pyr\u00e9n\u00e9es et du Sud-Ouest, Sud-Ouest Europ\u00e9en<\/em>, 1976, pp. 365-380.&nbsp;<\/p>\n\n\n\n<p><strong><span class=\"has-inline-color has-vivid-red-color\">Sitographie :<\/span><\/strong><\/p>\n\n\n\n<p class=\"has-text-align-left\">&#8211;<a href=\"http:\/\/www.histoire-immigration.fr\/dossiers-thematiques\/caracteristiques-migratoires-selon-les-pays-d-origine\/l-immigration-espagnole#:~:text=L'immigration%20des%20Espagnols%20vers,surtout%20dans%20les%20r%C3%A9gions%20frontali%C3%A8res.&amp;text=%C3%80%20partir%20de%201921%2C%20ils,'une%20ligne%20Bordeaux%2DMarseille.\">Immigration espagnole en France au XXE si\u00e8cle<\/a><\/p>\n\n\n\n<p class=\"has-text-align-left\">&#8211;<a rel=\"noreferrer noopener\" href=\"https:\/\/blogs.univ-jfc.fr\/vphn\/laccueil-des-enfants-espagnols-dans-le-sud-de-la-france-1937-1945-2017\/\" data-type=\"URL\" data-id=\"https:\/\/blogs.univ-jfc.fr\/vphn\/laccueil-des-enfants-espagnols-dans-le-sud-de-la-france-1937-1945-2017\/\" target=\"_blank\">L\u2019accueil des enfants espagnols dans le sud ouest de la France (1937-1945)<\/a><\/p>\n\n\n\n<p>&#8211;<a href=\"http:\/\/www.histoire-immigration.fr\/dossiers-thematiques\/caracteristiques-migratoires-selon-les-pays-d-origine\/la-retirada-ou-l-exil\">La Retirada ou l&rsquo;exil r\u00e9publicain espagnol d&rsquo;apr\u00e8s guerre<\/a><\/p>\n\n\n\n<p class=\"has-text-align-left\">&#8211;<a rel=\"noreferrer noopener\" href=\"https:\/\/blogs.univ-jfc.fr\/vphn\/histoire-locale\/les-exiles-republicains-espagnols-dans-le-sud-ouest-1936-1975-2017\/\" data-type=\"URL\" data-id=\"https:\/\/blogs.univ-jfc.fr\/vphn\/histoire-locale\/les-exiles-republicains-espagnols-dans-le-sud-ouest-1936-1975-2017\/\" target=\"_blank\">Les exil\u00e9s r\u00e9publicains espagnols dans le sud-ouest (1936-1975)<\/a><\/p>\n\n\n\n<p class=\"has-text-align-left\">&#8211;<a href=\"https:\/\/blogs.univ-jfc.fr\/vphn\/limmigration-italienne-en-occitanie-au-xxe-siecle\/\">L&rsquo;immigration italienne en Occitanie aux XIXE et XXE si\u00e8cles<\/a><\/p>\n\n\n\n<p><\/p>\n","protected":false},"excerpt":{"rendered":"<p>L&rsquo;immigration espagnole en France : -Debord Didier, Vargas Bruno, Les Espagnols en France, Une vie au-del\u00e0 des Pyr\u00e9n\u00e9es, Toulouse, Edition de l\u2019Attribut, 2010, 120 pages. -Dreyfus-Armand Genevi\u00e8ve, \u201cLa constitution de la colonie espagnole en France\u201d, Hommes et Migrations, 1995, n\u00b01184, pp. 6-12. -Faidutti-Rudolph Anne-Marie, \u201cL&rsquo;\u00e9volution de l&rsquo;immigration en France de 1946 \u00e0 1960\u201d, L&rsquo;information g\u00e9ographique, &hellip; <\/p>\n<p class=\"link-more\"><a href=\"https:\/\/blogs.univ-jfc.fr\/vphn\/bibliographie-sur-limmigration-espagnole-2021\/\" class=\"more-link\">Continuer la lecture<span class=\"screen-reader-text\"> de &laquo;&nbsp;Bibliographie sur l&rsquo;immigration espagnole [ 2021]&nbsp;&raquo;<\/span><\/a><\/p>\n","protected":false},"author":774,"featured_media":0,"parent":0,"menu_order":0,"comment_status":"closed","ping_status":"closed","template":"","meta":[],"_links":{"self":[{"href":"https:\/\/blogs.univ-jfc.fr\/vphn\/wp-json\/wp\/v2\/pages\/8564"}],"collection":[{"href":"https:\/\/blogs.univ-jfc.fr\/vphn\/wp-json\/wp\/v2\/pages"}],"about":[{"href":"https:\/\/blogs.univ-jfc.fr\/vphn\/wp-json\/wp\/v2\/types\/page"}],"author":[{"embeddable":true,"href":"https:\/\/blogs.univ-jfc.fr\/vphn\/wp-json\/wp\/v2\/users\/774"}],"replies":[{"embeddable":true,"href":"https:\/\/blogs.univ-jfc.fr\/vphn\/wp-json\/wp\/v2\/comments?post=8564"}],"version-history":[{"count":16,"href":"https:\/\/blogs.univ-jfc.fr\/vphn\/wp-json\/wp\/v2\/pages\/8564\/revisions"}],"predecessor-version":[{"id":8869,"href":"https:\/\/blogs.univ-jfc.fr\/vphn\/wp-json\/wp\/v2\/pages\/8564\/revisions\/8869"}],"wp:attachment":[{"href":"https:\/\/blogs.univ-jfc.fr\/vphn\/wp-json\/wp\/v2\/media?parent=8564"}],"curies":[{"name":"wp","href":"https:\/\/api.w.org\/{rel}","templated":true}]}}