{"id":8634,"date":"2021-02-27T14:05:07","date_gmt":"2021-02-27T13:05:07","guid":{"rendered":"http:\/\/blogs.univ-jfc.fr\/vphn\/?page_id=8634"},"modified":"2021-03-18T10:35:22","modified_gmt":"2021-03-18T09:35:22","slug":"la-basilique-saint-sernin-de-toulouse-xi-xiiie-siecle-2021","status":"publish","type":"page","link":"https:\/\/blogs.univ-jfc.fr\/vphn\/patrimoine-et-sites-remarquables\/la-basilique-saint-sernin-de-toulouse-xi-xiiie-siecle-2021\/","title":{"rendered":"La basilique Saint-Sernin de Toulouse (XI-XIIIe si\u00e8cle) [2021]"},"content":{"rendered":"\n<div class=\"wp-block-columns are-vertically-aligned-top\">\n<div class=\"wp-block-column is-vertically-aligned-top\" style=\"flex-basis:100%\">\n<p class=\"has-drop-cap has-text-align-left\">La basilique Saint-Sernin de Toulouse est l&rsquo;un des plus importants \u00e9difices romans d&rsquo;Europe et contribue au rayonnement de la ville. L\u2019\u00e9difice porte le nom de Saturnin, devenu Sernin avec l\u2019\u00e9volution du latin, et qui fut le premier \u00e9v\u00eaque de Toulouse au III\u00e8me si\u00e8cle. Elle abrite \u00e9galement des reliques (la d\u00e9pouille et les ossements) de l\u2019\u00e9v\u00eaque. Ce monument est de style <a href=\"https:\/\/blogs.univ-jfc.fr\/vphn\/lart-roman\/\" data-type=\"URL\" data-id=\"https:\/\/blogs.univ-jfc.fr\/vphn\/lart-roman\/\">roman<\/a>, et fait partie des plus grands \u00e9difices de ce courant en Occident. La basilique poss\u00e8de des mensurations cons\u00e9quentes (100x64m). Pour ce qui est de son architecture, elle est con\u00e7ue sous la forme d\u2019un plan en croix latine. L&rsquo;\u00e9difice se caract\u00e9rise \u00e9galement par une vo\u00fbte en berceau, partag\u00e9e par des arcs doubleaux, et \u00e9paul\u00e9e par des tribunes lumineuses qui s\u2019\u00e9l\u00e8vent \u00e0 plus de 21 m\u00e8tres. Par ailleurs, ce monument est class\u00e9 historique depuis 1838, ainsi qu\u2019au patrimoine mondial de l\u2019UNESCO depuis 1998.<\/p>\n<\/div>\n<\/div>\n\n\n\n<p>La basilique Saint-Sernin se situe au centre-ville de Toulouse, au nord du capitole, sur la place Saint-Sernin. Elle occupe une place tr\u00e8s importante en tant que plus grande \u00e9glise chr\u00e9tienne romane d\u2019Europe. De plus, elle se situe dans l\u2019une des plus grandes villes du royaume de France \u00e0 l\u2019\u00e9poque. Les travaux commencent vers 1080, englobant l\u2019abside de l\u2019ancienne basilique o\u00f9 \u00e9taient conserv\u00e9es <a href=\"https:\/\/blogs.univ-jfc.fr\/vphn\/les-reliques-de-la-basilique\/\" data-type=\"URL\" data-id=\"https:\/\/blogs.univ-jfc.fr\/vphn\/les-reliques-de-la-basilique\/\">les reliques<\/a>. La premi\u00e8re partie des travaux s\u2019ach\u00e8ve avec la construction de la coupole de la crois\u00e9e et le vo\u00fbtement des parties hautes de l\u2019\u00e9difice.<\/p>\n\n\n\n<div class=\"wp-block-image is-style-default\"><figure class=\"aligncenter size-medium is-resized\"><img loading=\"lazy\" src=\"https:\/\/blogs.univ-jfc.fr\/vphn\/wp-content\/uploads\/sites\/65\/2021\/02\/1B8EBEC6-3F6D-4CD5-89F4-4415F58784CB1-225x300.jpg\" alt=\"\" class=\"wp-image-8658\" width=\"321\" height=\"428\" srcset=\"https:\/\/blogs.univ-jfc.fr\/vphn\/wp-content\/uploads\/sites\/65\/2021\/02\/1B8EBEC6-3F6D-4CD5-89F4-4415F58784CB1-225x300.jpg 225w, https:\/\/blogs.univ-jfc.fr\/vphn\/wp-content\/uploads\/sites\/65\/2021\/02\/1B8EBEC6-3F6D-4CD5-89F4-4415F58784CB1-768x1024.jpg 768w, https:\/\/blogs.univ-jfc.fr\/vphn\/wp-content\/uploads\/sites\/65\/2021\/02\/1B8EBEC6-3F6D-4CD5-89F4-4415F58784CB1-1152x1536.jpg 1152w, https:\/\/blogs.univ-jfc.fr\/vphn\/wp-content\/uploads\/sites\/65\/2021\/02\/1B8EBEC6-3F6D-4CD5-89F4-4415F58784CB1-1536x2048.jpg 1536w, https:\/\/blogs.univ-jfc.fr\/vphn\/wp-content\/uploads\/sites\/65\/2021\/02\/1B8EBEC6-3F6D-4CD5-89F4-4415F58784CB1-scaled.jpg 1920w\" sizes=\"(max-width: 321px) 100vw, 321px\" \/><figcaption>Nef de la basilique Saint-Sernin, photo personnelle.<\/figcaption><\/figure><\/div>\n\n\n\n<p>Ainsi en 1096, le ch\u0153ur, le d\u00e9ambulatoire et bon nombre d\u2019\u00e9l\u00e9ments sont achev\u00e9s, et la basilique peut \u00eatre op\u00e9rationnelle. C\u2019est d\u2019ailleurs sans doute ce qui permet \u00e0 la basilique d\u2019\u00eatre consacr\u00e9e le 24 mai 1096 par le pape Urbain II. Mais, c\u2019est seulement en 1258 que l\u2019on peut affirmer que les travaux principaux sont termin\u00e9s, apr\u00e8s le r\u00e9am\u00e9nagement de la crypte.<\/p>\n\n\n\n<p class=\"has-text-align-left\">Saint-Sernin se distingue des autres au niveau architectural, car elle poss\u00e8de un atout fondamental : son inspiration de l&rsquo;art roman. En effet la cath\u00e9drale parvient \u00e0 harmoniser tous les \u00e9l\u00e9ments qui la composent, ce qui fait d\u2019elle un des \u00e9difices les plus complets et les plus \u201cfinis\u201d de l\u2019art roman.<\/p>\n\n\n\n<p>La basilique Saint-Sernin \u00e0 l\u2019\u00e9poque de sa construction se situe dans la capitale du comt\u00e9 de Toulouse qui comprend une grande partie de l\u2019Occitanie actuelle. Ce comt\u00e9 est dirig\u00e9 par Guillaume IV de la dynastie des Raimondains. La basilique apporte un rayonnement \u00e0 la ville de Toulouse en proposant un lieu de culte important. <\/p>\n\n\n\n<div class=\"wp-block-columns\">\n<div class=\"wp-block-column\" style=\"flex-basis:100%\">\n<div class=\"wp-block-media-text alignwide is-stacked-on-mobile is-vertically-aligned-center is-image-fill\"><figure class=\"wp-block-media-text__media\" style=\"background-image:url(http:\/\/blogs.univ-jfc.fr\/vphn\/wp-content\/uploads\/sites\/65\/2021\/02\/96A892A1-8D99-4BFC-B476-EBAAEF3FA3E1-768x1024.jpg);background-position:50% 50%\"><img loading=\"lazy\" width=\"768\" height=\"1024\" src=\"http:\/\/blogs.univ-jfc.fr\/vphn\/wp-content\/uploads\/sites\/65\/2021\/02\/96A892A1-8D99-4BFC-B476-EBAAEF3FA3E1-768x1024.jpg\" alt=\"Photo face sud de la basilique Saint-Sernin, photo personnelle.\" class=\"wp-image-8645 size-full\" srcset=\"https:\/\/blogs.univ-jfc.fr\/vphn\/wp-content\/uploads\/sites\/65\/2021\/02\/96A892A1-8D99-4BFC-B476-EBAAEF3FA3E1-768x1024.jpg 768w, https:\/\/blogs.univ-jfc.fr\/vphn\/wp-content\/uploads\/sites\/65\/2021\/02\/96A892A1-8D99-4BFC-B476-EBAAEF3FA3E1-225x300.jpg 225w, https:\/\/blogs.univ-jfc.fr\/vphn\/wp-content\/uploads\/sites\/65\/2021\/02\/96A892A1-8D99-4BFC-B476-EBAAEF3FA3E1-1152x1536.jpg 1152w, https:\/\/blogs.univ-jfc.fr\/vphn\/wp-content\/uploads\/sites\/65\/2021\/02\/96A892A1-8D99-4BFC-B476-EBAAEF3FA3E1-1536x2048.jpg 1536w, https:\/\/blogs.univ-jfc.fr\/vphn\/wp-content\/uploads\/sites\/65\/2021\/02\/96A892A1-8D99-4BFC-B476-EBAAEF3FA3E1-scaled.jpg 1920w\" sizes=\"(max-width: 706px) 89vw, (max-width: 767px) 82vw, 740px\" \/><\/figure><div class=\"wp-block-media-text__content\">\n<p>Toulouse comprend plusieurs lieux de cultes comme la paroisse<a href=\"https:\/\/blogs.univ-jfc.fr\/vphn\/saint-etienne-de-toulouse\/\"> Saint-\u00c9tienne<\/a>, mais qui occupe un rang religieux moins important. Le rang religieux d\u2019un lieu de culte \u00e9quivaut \u00e0 une certaine noblesse. En effet, ces deux monuments se disputent les s\u00e9pultures ainsi que les reliques. A Saint-Sernin \u00e9taient enterr\u00e9es les personnes dites importantes, c&rsquo;est-\u00e0 dire l&rsquo;\u00e9v\u00eaque, le comte, les chevaliers et leurs familles. Le reste de la population \u00e9tait enterr\u00e9 au cimeti\u00e8re de la paroisse de Saint-\u00c9tienne. De plus \u00e0 Saint-Sernin il y a 200 corps saints dont 6 des 12 ap\u00f4tres.<\/p>\n\n\n\n<p class=\"has-text-color\" style=\"color:#494949;font-size:12px\">Ci-contre, Photo de la face sud de la basilique Saint-Sernin, photo personnelle.<\/p>\n<\/div><\/div>\n<\/div>\n<\/div>\n\n\n\n<p class=\"has-text-align-left\">De plus, la basilique est une v\u00e9ritable \u00e9tape du p\u00e8lerin sur le chemin de Compostelle. Les p\u00e8lerins venaient se recueillir aupr\u00e8s des reliques du premier \u00e9v\u00eaque de Toulouse, Saint Sernin. <a href=\"https:\/\/blogs.univ-jfc.fr\/vphn\/le-pelerinage\/\" data-type=\"URL\" data-id=\"https:\/\/blogs.univ-jfc.fr\/vphn\/le-pelerinage\/\">Le p\u00e8lerinage<\/a> de <a href=\"https:\/\/blogs.univ-jfc.fr\/vphn\/saint-jacques-de-compostelle\/\" data-type=\"URL\" data-id=\"https:\/\/blogs.univ-jfc.fr\/vphn\/saint-jacques-de-compostelle\/\">Saint-Jacques-de-Compostelle<\/a> est n\u00e9 de la d\u00e9couverte miraculeuse d\u2019un tombeau en Galice vers l\u2019an 800 par l\u2019ermite \u201cPelayo\u201d. L\u2019\u00c9glise d\u00e9clara qu\u2019il s\u2019agissait du tombeau de l\u2019ap\u00f4tre Jacques, fr\u00e8re de Jean l&rsquo;\u00e9vang\u00e9liste et premier ap\u00f4tre martyr de la chr\u00e9tient\u00e9.\u00a0<\/p>\n\n\n\n<p>Ainsi, \u00e9difier ce monument peut permettre aux habitants de d\u00e9velopper une culture religieuse. Elle rythme la vie des Toulousains: elle permet aux fid\u00e8les de prier et d\u2019assurer leur salut (c\u2019est-\u00e0-dire de gagner la vie \u00e9ternelle au paradis). En effet, pour acc\u00e9der au salut, les habitants doivent croire en tous les dogmes de l\u2019\u00c9glise, recevoir tous les sacrements (bapt\u00eame, communion, mariage, confession, extr\u00eame onction), prier les Saints (qui \u00e9taient consid\u00e9r\u00e9s comme l\u2019interm\u00e9diaire entre les Hommes et Dieu), et faire des p\u00e8lerinages pour se recueillir sur les reliques, ce qui permettrait le pardon des p\u00e9ch\u00e9s.<\/p>\n\n\n\n<div class=\"wp-block-image\"><figure class=\"aligncenter size-medium is-resized\"><img loading=\"lazy\" src=\"https:\/\/blogs.univ-jfc.fr\/vphn\/wp-content\/uploads\/sites\/65\/2021\/02\/lll-225x300.jpg\" alt=\"\" class=\"wp-image-8656\" width=\"223\" height=\"297\" srcset=\"https:\/\/blogs.univ-jfc.fr\/vphn\/wp-content\/uploads\/sites\/65\/2021\/02\/lll-225x300.jpg 225w, https:\/\/blogs.univ-jfc.fr\/vphn\/wp-content\/uploads\/sites\/65\/2021\/02\/lll-768x1024.jpg 768w, https:\/\/blogs.univ-jfc.fr\/vphn\/wp-content\/uploads\/sites\/65\/2021\/02\/lll-1152x1536.jpg 1152w, https:\/\/blogs.univ-jfc.fr\/vphn\/wp-content\/uploads\/sites\/65\/2021\/02\/lll-1536x2048.jpg 1536w, https:\/\/blogs.univ-jfc.fr\/vphn\/wp-content\/uploads\/sites\/65\/2021\/02\/lll-scaled.jpg 1920w\" sizes=\"(max-width: 223px) 100vw, 223px\" \/><figcaption>Plan de la basilique Saint-Sernin, photo personnelle.<\/figcaption><\/figure><\/div>\n\n\n\n<p class=\"has-text-align-left\" id=\"block-4f6b6be9-7b2c-4aac-bc61-b7fde1dcd077\">De plus, le plan en croix rappelle le sacrifice du Christ; l\u2019orientation au soleil levant, la r\u00e9surrection, le clocher octogonal, la loi nouvelle des huit b\u00e9atitudes, la porte <a href=\"https:\/\/blogs.univ-jfc.fr\/vphn\/la-porte-miegeville\/\" data-type=\"URL\" data-id=\"https:\/\/blogs.univ-jfc.fr\/vphn\/la-porte-miegeville\/\">Mi\u00e8geville<\/a> d\u00e9cor\u00e9e d\u2019une Ascension, se fait porte d\u2019un Ciel que d\u00e9voile la basilique. Les 12 trav\u00e9es expriment l\u2019universalit\u00e9 de l\u2019\u00c9glise ouverte \u00e0 toute l\u2019Humanit\u00e9. L\u2019\u00e9glise b\u00e2tie par les hommes r\u00e9v\u00e8le l\u2019\u00c9glise fond\u00e9e par le Christ.<\/p>\n\n\n\n<p>Pour aller plus loin : <a href=\"https:\/\/blogs.univ-jfc.fr\/vphn\/?page_id=8965&amp;preview=true\" data-type=\"URL\" data-id=\"https:\/\/blogs.univ-jfc.fr\/vphn\/?page_id=8965&amp;preview=true\">bibliographie<\/a><\/p>\n\n\n\n<p>Ou encore : Le <a href=\"http:\/\/www.basilique-saint-sernin.fr\/\" data-type=\"URL\" data-id=\"http:\/\/www.basilique-saint-sernin.fr\/\">site<\/a> de la basilique Saint-Sernin de Toulouse<\/p>\n\n\n\n<p>\u00c9tudiant.es : Espitalier Cl\u00e9ment, Julia Th\u00e9o, Mourgues Damien, Taurand Sol\u00e8ne<\/p>\n","protected":false},"excerpt":{"rendered":"<p>La basilique Saint-Sernin de Toulouse est l&rsquo;un des plus importants \u00e9difices romans d&rsquo;Europe et contribue au rayonnement de la ville. L\u2019\u00e9difice porte le nom de Saturnin, devenu Sernin avec l\u2019\u00e9volution du latin, et qui fut le premier \u00e9v\u00eaque de Toulouse au III\u00e8me si\u00e8cle. Elle abrite \u00e9galement des reliques (la d\u00e9pouille et les ossements) de l\u2019\u00e9v\u00eaque. &hellip; <\/p>\n<p class=\"link-more\"><a href=\"https:\/\/blogs.univ-jfc.fr\/vphn\/patrimoine-et-sites-remarquables\/la-basilique-saint-sernin-de-toulouse-xi-xiiie-siecle-2021\/\" class=\"more-link\">Continuer la lecture<span class=\"screen-reader-text\"> de &laquo;&nbsp;La basilique Saint-Sernin de Toulouse (XI-XIIIe si\u00e8cle) [2021]&nbsp;&raquo;<\/span><\/a><\/p>\n","protected":false},"author":685,"featured_media":0,"parent":30,"menu_order":0,"comment_status":"closed","ping_status":"closed","template":"","meta":[],"_links":{"self":[{"href":"https:\/\/blogs.univ-jfc.fr\/vphn\/wp-json\/wp\/v2\/pages\/8634"}],"collection":[{"href":"https:\/\/blogs.univ-jfc.fr\/vphn\/wp-json\/wp\/v2\/pages"}],"about":[{"href":"https:\/\/blogs.univ-jfc.fr\/vphn\/wp-json\/wp\/v2\/types\/page"}],"author":[{"embeddable":true,"href":"https:\/\/blogs.univ-jfc.fr\/vphn\/wp-json\/wp\/v2\/users\/685"}],"replies":[{"embeddable":true,"href":"https:\/\/blogs.univ-jfc.fr\/vphn\/wp-json\/wp\/v2\/comments?post=8634"}],"version-history":[{"count":52,"href":"https:\/\/blogs.univ-jfc.fr\/vphn\/wp-json\/wp\/v2\/pages\/8634\/revisions"}],"predecessor-version":[{"id":9851,"href":"https:\/\/blogs.univ-jfc.fr\/vphn\/wp-json\/wp\/v2\/pages\/8634\/revisions\/9851"}],"up":[{"embeddable":true,"href":"https:\/\/blogs.univ-jfc.fr\/vphn\/wp-json\/wp\/v2\/pages\/30"}],"wp:attachment":[{"href":"https:\/\/blogs.univ-jfc.fr\/vphn\/wp-json\/wp\/v2\/media?parent=8634"}],"curies":[{"name":"wp","href":"https:\/\/api.w.org\/{rel}","templated":true}]}}