{"id":8675,"date":"2021-02-11T13:47:31","date_gmt":"2021-02-11T12:47:31","guid":{"rendered":"http:\/\/blogs.univ-jfc.fr\/vphn\/?page_id=8675"},"modified":"2021-02-11T13:47:31","modified_gmt":"2021-02-11T12:47:31","slug":"le-grenier-du-roi","status":"publish","type":"page","link":"https:\/\/blogs.univ-jfc.fr\/vphn\/le-grenier-du-roi\/","title":{"rendered":"Le Grenier du roi."},"content":{"rendered":"\n<p>\u00a0\u00a0\u00a0\u00a0\u00a0\u00a0\u00a0\u00a0\u00a0\u00a0\u00a0Le grenier du roi est un \u00e9difice construit, au d\u00e9but du XVII<sup>e<\/sup> si\u00e8cle, en plein c\u0153ur de la commune sous l\u2019emplacement de l\u2019ancien ch\u00e2teau, qui fut d\u00e9truit et n\u2019est aujourd\u2019hui plus visible, \u00e0 l\u2019int\u00e9rieur des remparts, eux aussi d\u00e9truits.<br>Comme son nom l\u2019indique, c\u2019\u00e9tait un grenier, construit pour y stocker le bl\u00e9 de la commune.<\/p>\n\n\n\n<figure class=\"wp-block-gallery columns-2 is-cropped\"><ul class=\"blocks-gallery-grid\"><li class=\"blocks-gallery-item\"><figure><img loading=\"lazy\" width=\"1024\" height=\"679\" src=\"http:\/\/blogs.univ-jfc.fr\/vphn\/wp-content\/uploads\/sites\/65\/2021\/02\/villemur-greniers-du-roy-1-1024x679.jpg\" alt=\"Grenier du roi (01)\" data-id=\"8679\" data-full-url=\"http:\/\/blogs.univ-jfc.fr\/vphn\/wp-content\/uploads\/sites\/65\/2021\/02\/villemur-greniers-du-roy-1.jpg\" data-link=\"http:\/\/blogs.univ-jfc.fr\/vphn\/?attachment_id=8679\" class=\"wp-image-8679\" srcset=\"https:\/\/blogs.univ-jfc.fr\/vphn\/wp-content\/uploads\/sites\/65\/2021\/02\/villemur-greniers-du-roy-1-1024x679.jpg 1024w, https:\/\/blogs.univ-jfc.fr\/vphn\/wp-content\/uploads\/sites\/65\/2021\/02\/villemur-greniers-du-roy-1-300x199.jpg 300w, https:\/\/blogs.univ-jfc.fr\/vphn\/wp-content\/uploads\/sites\/65\/2021\/02\/villemur-greniers-du-roy-1-768x509.jpg 768w, https:\/\/blogs.univ-jfc.fr\/vphn\/wp-content\/uploads\/sites\/65\/2021\/02\/villemur-greniers-du-roy-1.jpg 1036w\" sizes=\"(max-width: 706px) 89vw, (max-width: 767px) 82vw, 740px\" \/><figcaption class=\"blocks-gallery-item__caption\">Grenier du roi<\/figcaption><\/figure><\/li><li class=\"blocks-gallery-item\"><figure><img loading=\"lazy\" width=\"885\" height=\"500\" src=\"http:\/\/blogs.univ-jfc.fr\/vphn\/wp-content\/uploads\/sites\/65\/2021\/02\/image.jpg\" alt=\"\" data-id=\"8678\" data-full-url=\"http:\/\/blogs.univ-jfc.fr\/vphn\/wp-content\/uploads\/sites\/65\/2021\/02\/image.jpg\" data-link=\"http:\/\/blogs.univ-jfc.fr\/vphn\/?attachment_id=8678\" class=\"wp-image-8678\" srcset=\"https:\/\/blogs.univ-jfc.fr\/vphn\/wp-content\/uploads\/sites\/65\/2021\/02\/image.jpg 885w, https:\/\/blogs.univ-jfc.fr\/vphn\/wp-content\/uploads\/sites\/65\/2021\/02\/image-300x169.jpg 300w, https:\/\/blogs.univ-jfc.fr\/vphn\/wp-content\/uploads\/sites\/65\/2021\/02\/image-768x434.jpg 768w\" sizes=\"(max-width: 706px) 89vw, (max-width: 767px) 82vw, 740px\" \/><figcaption class=\"blocks-gallery-item__caption\">Grenier du roi<\/figcaption><\/figure><\/li><\/ul><\/figure>\n","protected":false},"excerpt":{"rendered":"<p>\u00a0\u00a0\u00a0\u00a0\u00a0\u00a0\u00a0\u00a0\u00a0\u00a0\u00a0Le grenier du roi est un \u00e9difice construit, au d\u00e9but du XVIIe si\u00e8cle, en plein c\u0153ur de la commune sous l\u2019emplacement de l\u2019ancien ch\u00e2teau, qui fut d\u00e9truit et n\u2019est aujourd\u2019hui plus visible, \u00e0 l\u2019int\u00e9rieur des remparts, eux aussi d\u00e9truits.Comme son nom l\u2019indique, c\u2019\u00e9tait un grenier, construit pour y stocker le bl\u00e9 de la commune.<\/p>\n","protected":false},"author":716,"featured_media":0,"parent":0,"menu_order":0,"comment_status":"closed","ping_status":"closed","template":"","meta":[],"_links":{"self":[{"href":"https:\/\/blogs.univ-jfc.fr\/vphn\/wp-json\/wp\/v2\/pages\/8675"}],"collection":[{"href":"https:\/\/blogs.univ-jfc.fr\/vphn\/wp-json\/wp\/v2\/pages"}],"about":[{"href":"https:\/\/blogs.univ-jfc.fr\/vphn\/wp-json\/wp\/v2\/types\/page"}],"author":[{"embeddable":true,"href":"https:\/\/blogs.univ-jfc.fr\/vphn\/wp-json\/wp\/v2\/users\/716"}],"replies":[{"embeddable":true,"href":"https:\/\/blogs.univ-jfc.fr\/vphn\/wp-json\/wp\/v2\/comments?post=8675"}],"version-history":[{"count":1,"href":"https:\/\/blogs.univ-jfc.fr\/vphn\/wp-json\/wp\/v2\/pages\/8675\/revisions"}],"predecessor-version":[{"id":8680,"href":"https:\/\/blogs.univ-jfc.fr\/vphn\/wp-json\/wp\/v2\/pages\/8675\/revisions\/8680"}],"wp:attachment":[{"href":"https:\/\/blogs.univ-jfc.fr\/vphn\/wp-json\/wp\/v2\/media?parent=8675"}],"curies":[{"name":"wp","href":"https:\/\/api.w.org\/{rel}","templated":true}]}}