{"id":8685,"date":"2021-02-11T13:54:50","date_gmt":"2021-02-11T12:54:50","guid":{"rendered":"http:\/\/blogs.univ-jfc.fr\/vphn\/?page_id=8685"},"modified":"2021-02-11T13:56:02","modified_gmt":"2021-02-11T12:56:02","slug":"moderniser-le-tarn","status":"publish","type":"page","link":"https:\/\/blogs.univ-jfc.fr\/vphn\/moderniser-le-tarn\/","title":{"rendered":"Moderniser le Tarn."},"content":{"rendered":"\n<p>\u00a0\u00a0\u00a0\u00a0\u00a0\u00a0\u00a0\u00a0\u00a0\u00a0\u00a0 De 1789 \u00e0 1793 l\u2019Etat a pour objectif de moderniser le Tarn, c\u2019est-\u00e0-dire de construire plusieurs digues et canaux afin de permettre ou de faciliter la navigation et donc le transport fluvial. Cette d\u00e9cision est prise car le transport du charbon est alors de plus en plus important sur le Tarn et l\u2019Etat y voit un moyen d\u2019industrialiser des r\u00e9gions qui ne le sont pas encore.<br>C\u2019est le cas de la commune de Villemur-Sur-Tarn o\u00f9 sont construites une digue et une \u00e9cluse par les premiers Brusson Antoine et Arnaud Brusson. Cette digue et cette \u00e9cluse permirent \u00e0 la commune de construire sa premi\u00e8re industrie dans l\u2019ancien moulin de la tour de la d\u00e9fense. Moulin qui sera ensuite rachet\u00e9 par Antoine et Arnaud Brusson.<\/p>\n\n\n\n<div class=\"wp-block-columns\">\n<div class=\"wp-block-column\" style=\"flex-basis:100%\">\n<div class=\"wp-block-group\"><div class=\"wp-block-group__inner-container\">\n<div class=\"wp-block-columns\">\n<div class=\"wp-block-column is-vertically-aligned-top\" style=\"flex-basis:100%\">\n<div class=\"wp-block-group\"><div class=\"wp-block-group__inner-container\">\n<figure class=\"wp-block-gallery columns-3 is-cropped\"><ul class=\"blocks-gallery-grid\"><li class=\"blocks-gallery-item\"><figure><img loading=\"lazy\" width=\"1024\" height=\"545\" src=\"http:\/\/blogs.univ-jfc.fr\/vphn\/wp-content\/uploads\/sites\/65\/2021\/02\/ecluse-1-1024x545.jpg\" alt=\"\" data-id=\"8686\" data-full-url=\"http:\/\/blogs.univ-jfc.fr\/vphn\/wp-content\/uploads\/sites\/65\/2021\/02\/ecluse-1.jpg\" data-link=\"http:\/\/blogs.univ-jfc.fr\/vphn\/?attachment_id=8686\" class=\"wp-image-8686\" srcset=\"https:\/\/blogs.univ-jfc.fr\/vphn\/wp-content\/uploads\/sites\/65\/2021\/02\/ecluse-1-1024x545.jpg 1024w, https:\/\/blogs.univ-jfc.fr\/vphn\/wp-content\/uploads\/sites\/65\/2021\/02\/ecluse-1-300x160.jpg 300w, https:\/\/blogs.univ-jfc.fr\/vphn\/wp-content\/uploads\/sites\/65\/2021\/02\/ecluse-1-768x409.jpg 768w, https:\/\/blogs.univ-jfc.fr\/vphn\/wp-content\/uploads\/sites\/65\/2021\/02\/ecluse-1-1536x818.jpg 1536w, https:\/\/blogs.univ-jfc.fr\/vphn\/wp-content\/uploads\/sites\/65\/2021\/02\/ecluse-1.jpg 1563w\" sizes=\"(max-width: 706px) 89vw, (max-width: 767px) 82vw, 740px\" \/><figcaption class=\"blocks-gallery-item__caption\">Ecluse de Villemur-Sur-Tarn<\/figcaption><\/figure><\/li><li class=\"blocks-gallery-item\"><figure><img loading=\"lazy\" width=\"405\" height=\"270\" src=\"http:\/\/blogs.univ-jfc.fr\/vphn\/wp-content\/uploads\/sites\/65\/2021\/02\/Villemur-sur-Tarn_Ancienne_usine_Brusson.jpg\" alt=\"Digue (01)\" data-id=\"8688\" data-full-url=\"http:\/\/blogs.univ-jfc.fr\/vphn\/wp-content\/uploads\/sites\/65\/2021\/02\/Villemur-sur-Tarn_Ancienne_usine_Brusson.jpg\" data-link=\"http:\/\/blogs.univ-jfc.fr\/vphn\/?attachment_id=8688\" class=\"wp-image-8688\" srcset=\"https:\/\/blogs.univ-jfc.fr\/vphn\/wp-content\/uploads\/sites\/65\/2021\/02\/Villemur-sur-Tarn_Ancienne_usine_Brusson.jpg 405w, https:\/\/blogs.univ-jfc.fr\/vphn\/wp-content\/uploads\/sites\/65\/2021\/02\/Villemur-sur-Tarn_Ancienne_usine_Brusson-300x200.jpg 300w\" sizes=\"(max-width: 405px) 100vw, 405px\" \/><figcaption class=\"blocks-gallery-item__caption\">La digue de Villemur-Sur-Tarn<\/figcaption><\/figure><\/li><li class=\"blocks-gallery-item\"><figure><img loading=\"lazy\" width=\"1024\" height=\"646\" src=\"http:\/\/blogs.univ-jfc.fr\/vphn\/wp-content\/uploads\/sites\/65\/2021\/02\/img530-1024x646.jpg\" alt=\"\" data-id=\"8687\" data-full-url=\"http:\/\/blogs.univ-jfc.fr\/vphn\/wp-content\/uploads\/sites\/65\/2021\/02\/img530.jpg\" data-link=\"http:\/\/blogs.univ-jfc.fr\/vphn\/?attachment_id=8687\" class=\"wp-image-8687\" srcset=\"https:\/\/blogs.univ-jfc.fr\/vphn\/wp-content\/uploads\/sites\/65\/2021\/02\/img530-1024x646.jpg 1024w, https:\/\/blogs.univ-jfc.fr\/vphn\/wp-content\/uploads\/sites\/65\/2021\/02\/img530-300x189.jpg 300w, https:\/\/blogs.univ-jfc.fr\/vphn\/wp-content\/uploads\/sites\/65\/2021\/02\/img530-768x484.jpg 768w, https:\/\/blogs.univ-jfc.fr\/vphn\/wp-content\/uploads\/sites\/65\/2021\/02\/img530-1536x969.jpg 1536w, https:\/\/blogs.univ-jfc.fr\/vphn\/wp-content\/uploads\/sites\/65\/2021\/02\/img530.jpg 1616w\" sizes=\"(max-width: 706px) 89vw, (max-width: 767px) 82vw, 740px\" \/><figcaption class=\"blocks-gallery-item__caption\">Les d\u00e9buts du transport fluvial \u00e0 Villemur-Sur-Tarn<\/figcaption><\/figure><\/li><\/ul><\/figure>\n<\/div><\/div>\n<\/div>\n<\/div>\n<\/div><\/div>\n<\/div>\n<\/div>\n","protected":false},"excerpt":{"rendered":"<p>\u00a0\u00a0\u00a0\u00a0\u00a0\u00a0\u00a0\u00a0\u00a0\u00a0\u00a0 De 1789 \u00e0 1793 l\u2019Etat a pour objectif de moderniser le Tarn, c\u2019est-\u00e0-dire de construire plusieurs digues et canaux afin de permettre ou de faciliter la navigation et donc le transport fluvial. Cette d\u00e9cision est prise car le transport du charbon est alors de plus en plus important sur le Tarn et l\u2019Etat y &hellip; <\/p>\n<p class=\"link-more\"><a href=\"https:\/\/blogs.univ-jfc.fr\/vphn\/moderniser-le-tarn\/\" class=\"more-link\">Continuer la lecture<span class=\"screen-reader-text\"> de &laquo;&nbsp;Moderniser le Tarn.&nbsp;&raquo;<\/span><\/a><\/p>\n","protected":false},"author":716,"featured_media":0,"parent":0,"menu_order":0,"comment_status":"closed","ping_status":"closed","template":"","meta":[],"_links":{"self":[{"href":"https:\/\/blogs.univ-jfc.fr\/vphn\/wp-json\/wp\/v2\/pages\/8685"}],"collection":[{"href":"https:\/\/blogs.univ-jfc.fr\/vphn\/wp-json\/wp\/v2\/pages"}],"about":[{"href":"https:\/\/blogs.univ-jfc.fr\/vphn\/wp-json\/wp\/v2\/types\/page"}],"author":[{"embeddable":true,"href":"https:\/\/blogs.univ-jfc.fr\/vphn\/wp-json\/wp\/v2\/users\/716"}],"replies":[{"embeddable":true,"href":"https:\/\/blogs.univ-jfc.fr\/vphn\/wp-json\/wp\/v2\/comments?post=8685"}],"version-history":[{"count":3,"href":"https:\/\/blogs.univ-jfc.fr\/vphn\/wp-json\/wp\/v2\/pages\/8685\/revisions"}],"predecessor-version":[{"id":8691,"href":"https:\/\/blogs.univ-jfc.fr\/vphn\/wp-json\/wp\/v2\/pages\/8685\/revisions\/8691"}],"wp:attachment":[{"href":"https:\/\/blogs.univ-jfc.fr\/vphn\/wp-json\/wp\/v2\/media?parent=8685"}],"curies":[{"name":"wp","href":"https:\/\/api.w.org\/{rel}","templated":true}]}}