{"id":8721,"date":"2021-02-11T17:42:40","date_gmt":"2021-02-11T16:42:40","guid":{"rendered":"http:\/\/blogs.univ-jfc.fr\/vphn\/?page_id=8721"},"modified":"2021-02-11T17:42:40","modified_gmt":"2021-02-11T16:42:40","slug":"le-cas-berenger","status":"publish","type":"page","link":"https:\/\/blogs.univ-jfc.fr\/vphn\/le-cas-berenger\/","title":{"rendered":"Le cas B\u00e9renger"},"content":{"rendered":"\n<p>Le cas B\u00e9renger est l&rsquo;affaire la plus r\u00e9v\u00e9latrice des relations entre les \u00e9tudiants et la ville, mais \u00e9galement entre la royaut\u00e9 et l&rsquo;universit\u00e9.<\/p>\n\n\n\n<p>L&rsquo;affaire Aymery B\u00e9renger, d\u00e9butant en 1339, survient \u00e0 cause d\u2019une rixe entre les \u00e9cuyers d&rsquo;\u00e9tudiants de l&rsquo;universit\u00e9 de Toulouse et un capitoul entour\u00e9 de ses gardes. Les \u00e9cuyers, ayant s\u00fbrement bu, d\u00e9rangeaient toute la ville en faisant \u00e9norm\u00e9ment de bruit. C&rsquo;est \u00e0 ce moment-l\u00e0 que le capitoul intervint pour tenter de les calmer et restaurer l&rsquo;ordre dans la ville. N\u00e9anmoins, c&rsquo;est l&rsquo;inverse qui se produit puisque l&rsquo;intervention du capitoul d\u00e9g\u00e9n\u00e9ra rapidement en bagarre entre les deux parties qui \u00e9taient arm\u00e9es. Pendant le combat, Fran\u00e7ois de Gaure, le capitoul, fut bless\u00e9 au visage par un \u00e9cuyer, sans doute Aymery B\u00e9renger.<\/p>\n\n\n\n<p>Suite \u00e0 cela, les \u00e9cuyers s&rsquo;enfuirent et furent traqu\u00e9s jusqu&rsquo;\u00e0 leur h\u00f4tel o\u00f9 ils furent arr\u00eat\u00e9s. Bien qu&rsquo;ils ne fussent pas \u00e9tudiants, les \u00e9cuyers b\u00e9n\u00e9fici\u00e8rent des m\u00eames privil\u00e8ges. Ainsi, gr\u00e2ce \u00e0 leurs privil\u00e8ges, ils furent presque tous rel\u00e2ch\u00e9s et laiss\u00e9s aux mains de la justice eccl\u00e9siastique. Seul Aymery B\u00e9renger ne b\u00e9n\u00e9ficia pas de la justice eccl\u00e9siastique car son statut cl\u00e9rical avait \u00e9t\u00e9 mis en doute. Ce dernier fut tortur\u00e9, condamn\u00e9 et ex\u00e9cut\u00e9 en \u00e9tant tra\u00een\u00e9 derri\u00e8re un cheval dans toute la ville, le poing coup\u00e9 et pour finir, d\u00e9capit\u00e9.<\/p>\n\n\n\n<p>La violence de cette condamnation met en avant la tension entre la ville et les \u00e9tudiants de l&rsquo;universit\u00e9 qui ont \u00e9t\u00e9 priv\u00e9s de leurs droits et de leurs privil\u00e8ges. Apr\u00e8s cette attaque envers ses occupants, l&rsquo;universit\u00e9 se b\u00e2tit pour obtenir gain de cause en \u00e9crivant au pape Jean XXII, en portant plainte aupr\u00e8s du procureur g\u00e9n\u00e9ral du roi \u00e0 Toulouse et en ralliant la famille de l&rsquo;\u00e9cuyer qui porta plainte \u00e0 son tour. Finalement, c&rsquo;est l&rsquo;universit\u00e9 qui obtint gain de cause en contraignant la ville \u00e0 payer une amende de 50 000 livres tournois. Par ailleurs, la ville dut \u00e9galement dissoudre le capitoulat ainsi que construire un coll\u00e8ge pour les \u00e9tudiants.<\/p>\n","protected":false},"excerpt":{"rendered":"<p>Le cas B\u00e9renger est l&rsquo;affaire la plus r\u00e9v\u00e9latrice des relations entre les \u00e9tudiants et la ville, mais \u00e9galement entre la royaut\u00e9 et l&rsquo;universit\u00e9. L&rsquo;affaire Aymery B\u00e9renger, d\u00e9butant en 1339, survient \u00e0 cause d\u2019une rixe entre les \u00e9cuyers d&rsquo;\u00e9tudiants de l&rsquo;universit\u00e9 de Toulouse et un capitoul entour\u00e9 de ses gardes. Les \u00e9cuyers, ayant s\u00fbrement bu, d\u00e9rangeaient &hellip; <\/p>\n<p class=\"link-more\"><a href=\"https:\/\/blogs.univ-jfc.fr\/vphn\/le-cas-berenger\/\" class=\"more-link\">Continuer la lecture<span class=\"screen-reader-text\"> de &laquo;&nbsp;Le cas B\u00e9renger&nbsp;&raquo;<\/span><\/a><\/p>\n","protected":false},"author":765,"featured_media":0,"parent":0,"menu_order":0,"comment_status":"closed","ping_status":"closed","template":"","meta":[],"_links":{"self":[{"href":"https:\/\/blogs.univ-jfc.fr\/vphn\/wp-json\/wp\/v2\/pages\/8721"}],"collection":[{"href":"https:\/\/blogs.univ-jfc.fr\/vphn\/wp-json\/wp\/v2\/pages"}],"about":[{"href":"https:\/\/blogs.univ-jfc.fr\/vphn\/wp-json\/wp\/v2\/types\/page"}],"author":[{"embeddable":true,"href":"https:\/\/blogs.univ-jfc.fr\/vphn\/wp-json\/wp\/v2\/users\/765"}],"replies":[{"embeddable":true,"href":"https:\/\/blogs.univ-jfc.fr\/vphn\/wp-json\/wp\/v2\/comments?post=8721"}],"version-history":[{"count":1,"href":"https:\/\/blogs.univ-jfc.fr\/vphn\/wp-json\/wp\/v2\/pages\/8721\/revisions"}],"predecessor-version":[{"id":8722,"href":"https:\/\/blogs.univ-jfc.fr\/vphn\/wp-json\/wp\/v2\/pages\/8721\/revisions\/8722"}],"wp:attachment":[{"href":"https:\/\/blogs.univ-jfc.fr\/vphn\/wp-json\/wp\/v2\/media?parent=8721"}],"curies":[{"name":"wp","href":"https:\/\/api.w.org\/{rel}","templated":true}]}}