{"id":8775,"date":"2021-02-11T23:14:03","date_gmt":"2021-02-11T22:14:03","guid":{"rendered":"http:\/\/blogs.univ-jfc.fr\/vphn\/?page_id=8775"},"modified":"2021-02-11T23:15:12","modified_gmt":"2021-02-11T22:15:12","slug":"laffaire-du-prieur-du-saint-circq","status":"publish","type":"page","link":"https:\/\/blogs.univ-jfc.fr\/vphn\/laffaire-du-prieur-du-saint-circq\/","title":{"rendered":"L&rsquo;affaire du prieur du Saint-Circq"},"content":{"rendered":"\n<p>Cette affaire de 1427, bien plus que les autres, intervient dans un contexte particulier. Elle s&rsquo;inscrit, en effet, dans un contexte de tension d\u00fb \u00e0 la guerre de Cent Ans (1337-1453). Cette tension exacerbe alors la violence et les perturbations d\u00e9j\u00e0 pr\u00e9sente. Ce fameux prieur, dont le nom est inconnu, \u00e9tait entour\u00e9 d&rsquo;une bande d&rsquo;agitateurs anglophiles. Ils auraient \u00e9t\u00e9 connus pour troubler la vie de la ville et prendre part \u00e0 des sc\u00e8nes de violences et de prox\u00e9n\u00e9tisme. C&rsquo;est en 1427 o\u00f9 les choses d\u00e9rapent lorsque, deux \u00e9tudiants faisant partie du groupe du prieur, tentent de s\u00e9duire les femmes de deux sergents. Les \u00e9tudiants ont alors \u00e9t\u00e9 poursuivis par les sergents et pass\u00e9s \u00e0 tabac. Ainsi, en raison d\u2019un agacement g\u00e9n\u00e9ral des Toulousains, le prieur fut traqu\u00e9 dans toute la ville donnant lieu \u00e0 d&rsquo;autre sc\u00e8nes de violences. Cette chasse \u00e0 l&rsquo;homme se r\u00e9v\u00e9la infructueuse puisque le prieur ne fut pas retrouv\u00e9.<\/p>\n","protected":false},"excerpt":{"rendered":"<p>Cette affaire de 1427, bien plus que les autres, intervient dans un contexte particulier. Elle s&rsquo;inscrit, en effet, dans un contexte de tension d\u00fb \u00e0 la guerre de Cent Ans (1337-1453). Cette tension exacerbe alors la violence et les perturbations d\u00e9j\u00e0 pr\u00e9sente. Ce fameux prieur, dont le nom est inconnu, \u00e9tait entour\u00e9 d&rsquo;une bande d&rsquo;agitateurs &hellip; <\/p>\n<p class=\"link-more\"><a href=\"https:\/\/blogs.univ-jfc.fr\/vphn\/laffaire-du-prieur-du-saint-circq\/\" class=\"more-link\">Continuer la lecture<span class=\"screen-reader-text\"> de &laquo;&nbsp;L&rsquo;affaire du prieur du Saint-Circq&nbsp;&raquo;<\/span><\/a><\/p>\n","protected":false},"author":768,"featured_media":0,"parent":0,"menu_order":0,"comment_status":"closed","ping_status":"closed","template":"","meta":[],"_links":{"self":[{"href":"https:\/\/blogs.univ-jfc.fr\/vphn\/wp-json\/wp\/v2\/pages\/8775"}],"collection":[{"href":"https:\/\/blogs.univ-jfc.fr\/vphn\/wp-json\/wp\/v2\/pages"}],"about":[{"href":"https:\/\/blogs.univ-jfc.fr\/vphn\/wp-json\/wp\/v2\/types\/page"}],"author":[{"embeddable":true,"href":"https:\/\/blogs.univ-jfc.fr\/vphn\/wp-json\/wp\/v2\/users\/768"}],"replies":[{"embeddable":true,"href":"https:\/\/blogs.univ-jfc.fr\/vphn\/wp-json\/wp\/v2\/comments?post=8775"}],"version-history":[{"count":2,"href":"https:\/\/blogs.univ-jfc.fr\/vphn\/wp-json\/wp\/v2\/pages\/8775\/revisions"}],"predecessor-version":[{"id":8777,"href":"https:\/\/blogs.univ-jfc.fr\/vphn\/wp-json\/wp\/v2\/pages\/8775\/revisions\/8777"}],"wp:attachment":[{"href":"https:\/\/blogs.univ-jfc.fr\/vphn\/wp-json\/wp\/v2\/media?parent=8775"}],"curies":[{"name":"wp","href":"https:\/\/api.w.org\/{rel}","templated":true}]}}