{"id":8888,"date":"2021-02-15T14:31:45","date_gmt":"2021-02-15T13:31:45","guid":{"rendered":"http:\/\/blogs.univ-jfc.fr\/vphn\/?page_id=8888"},"modified":"2021-04-13T16:39:26","modified_gmt":"2021-04-13T14:39:26","slug":"le-syndicalisme-dans-le-sud-ouest-au-20e-siecle-2021","status":"publish","type":"page","link":"https:\/\/blogs.univ-jfc.fr\/vphn\/patrimoine-immateriel\/le-syndicalisme-dans-le-sud-ouest-au-20e-siecle-2021\/","title":{"rendered":"Le syndicalisme dans le Sud-Ouest au 20e si\u00e8cle [2021]"},"content":{"rendered":"\n<p><\/p>\n\n\n\n<p class=\"has-text-align-center\"><strong><span class=\"has-inline-color has-vivid-red-color\">QU&rsquo;EST-CE QUE LE SYNDICALISME ? <\/span><\/strong><\/p>\n\n\n\n<p>Le <a rel=\"noreferrer noopener\" href=\"https:\/\/leseditionsdeschavonnes.com\/2018\/12\/20\/lhistoire-du-syndicalisme-en-france-un-resume\/\" data-type=\"URL\" data-id=\"https:\/\/leseditionsdeschavonnes.com\/2018\/12\/20\/lhistoire-du-syndicalisme-en-france-un-resume\/\" target=\"_blank\">syndicalisme<\/a> est une organisation sociale qui a pour but de d\u00e9fendre des <strong>int\u00e9r\u00eats communs <\/strong>en particulier dans le milieu <strong>professionnel<\/strong>.<\/p>\n\n\n\n<p>Avant le XIXe si\u00e8cle, les rassemblements, les r\u00e9unions d\u2019ouvriers et par cons\u00e9quent les syndicats sont interdits en France par la loi <em><strong>Le Chapelier de 1791<\/strong><\/em> qui prohibe tous rassemblements ouvriers. Cette derni\u00e8re est abolie par la loi <strong><em>Waldeck-Rousseau<\/em> en 1884 <\/strong>\u00a0qui autorise la cr\u00e9ation de syndicats : ces modes de repr\u00e9sentation collective d\u00e9fendant les droits des ouvriers deviennent officielles et ne sont plus des rassemblements clandestins qui pouvaient exister au XIXe si\u00e8cle, et ce, malgr\u00e9 l\u2019interdiction par la loi <em>Le Chapelier<\/em> de 1791.<\/p>\n\n\n\n<p><\/p>\n\n\n\n<p><\/p>\n\n\n\n<blockquote class=\"wp-block-quote has-text-align-center\"><p><strong><span class=\"has-inline-color has-luminous-vivid-orange-color\">\u201cLe syndicalisme en tant que domaine d&rsquo;activit\u00e9s sp\u00e9cialis\u00e9, inscrit dans des contextes historiques donn\u00e9s, constitue un objet sociologique qu&rsquo;il est possible d&rsquo;appr\u00e9hender sous de multiples dimensions \u00bb<\/span><\/strong><\/p><cite><em>Sociologie politique du syndicalisme, B. Giraud, K. Yon, S. Berpoud, 2018.<\/em><\/cite><\/blockquote>\n\n\n\n<p><\/p>\n\n\n\n<p><\/p>\n\n\n\n<p>Avec la loi Waldeck-Rousseau de 1884, les ouvriers et ouvri\u00e8res s\u2019organisent afin de r\u00e9clamer une <strong>am\u00e9lioration de leur condition de vie<\/strong>. Les actions concr\u00e8tes se traduisent par  des r\u00e9unions qui peuvent conduire \u00e0 des appels \u00e0 la gr\u00e8ve dans les usines. <a href=\"https:\/\/www.journaldunet.fr\/management\/guide-du-management\/1201171-les-syndicats-quel-est-leur-role-en-france\/\" data-type=\"URL\" data-id=\"https:\/\/www.journaldunet.fr\/management\/guide-du-management\/1201171-les-syndicats-quel-est-leur-role-en-france\/\">L<\/a><a rel=\"noreferrer noopener\" href=\"https:\/\/www.journaldunet.fr\/management\/guide-du-management\/1201171-les-syndicats-quel-est-leur-role-en-france\/\" data-type=\"URL\" data-id=\"https:\/\/www.journaldunet.fr\/management\/guide-du-management\/1201171-les-syndicats-quel-est-leur-role-en-france\/\" target=\"_blank\">e r\u00f4le du syn<\/a><a href=\"https:\/\/www.journaldunet.fr\/management\/guide-du-management\/1201171-les-syndicats-quel-est-leur-role-en-france\/\" data-type=\"URL\" data-id=\"https:\/\/www.journaldunet.fr\/management\/guide-du-management\/1201171-les-syndicats-quel-est-leur-role-en-france\/\">dicat <\/a>est de porter aux patrons les r\u00e9clamations, les <strong>revendications <\/strong>du corps ouvrier afin que ces derniers soient entendus et que des <strong>n\u00e9gociations <\/strong>voient le jour.  <\/p>\n\n\n\n<div class=\"wp-block-image\"><figure class=\"alignright size-large is-resized\"><img loading=\"lazy\" src=\"https:\/\/blogs.univ-jfc.fr\/vphn\/wp-content\/uploads\/sites\/65\/2021\/03\/CGT_sous-sol_carte_1946-1024x788.jpg\" alt=\"\" class=\"wp-image-9929\" width=\"442\" height=\"339\" srcset=\"https:\/\/blogs.univ-jfc.fr\/vphn\/wp-content\/uploads\/sites\/65\/2021\/03\/CGT_sous-sol_carte_1946-1024x788.jpg 1024w, https:\/\/blogs.univ-jfc.fr\/vphn\/wp-content\/uploads\/sites\/65\/2021\/03\/CGT_sous-sol_carte_1946-300x231.jpg 300w, https:\/\/blogs.univ-jfc.fr\/vphn\/wp-content\/uploads\/sites\/65\/2021\/03\/CGT_sous-sol_carte_1946-768x591.jpg 768w, https:\/\/blogs.univ-jfc.fr\/vphn\/wp-content\/uploads\/sites\/65\/2021\/03\/CGT_sous-sol_carte_1946-1536x1182.jpg 1536w, https:\/\/blogs.univ-jfc.fr\/vphn\/wp-content\/uploads\/sites\/65\/2021\/03\/CGT_sous-sol_carte_1946-2048x1577.jpg 2048w\" sizes=\"(max-width: 442px) 100vw, 442px\" \/><figcaption>Carte conf\u00e9d\u00e9rale de la CGT  de 1946. cr\u00e9dit: Wikim\u00e9diacommons <\/figcaption><\/figure><\/div>\n\n\n\n<p>Certaines de ces <strong>gr\u00e8ves<\/strong> durent des jours voire des <strong>mois<\/strong> afin que les ouvriers n&rsquo;aient gain de cause, ce qui se traduit par des augmentations de salaires,  comme ce f\u00fbt le cas avec la <a rel=\"noreferrer noopener\" href=\"https:\/\/www-cairn-info.gorgone.univ-toulouse.fr\/revue-cahiers-jaures-2011-1.htm\" data-type=\"URL\" data-id=\"https:\/\/www-cairn-info.gorgone.univ-toulouse.fr\/revue-cahiers-jaures-2011-1.htm\" target=\"_blank\"><strong>gr\u00e8ve de Graulhet en 1909<\/strong> <\/a>qui dura 147 jours. Cette gr\u00e8ve avait pour but de demander une augmentation de salaire pour tous mais particuli\u00e8rement pour les femmes, et un all\u00e8gement de la dur\u00e9e hebdomadaire de travail. <\/p>\n\n\n\n<p>Ces revendications sont port\u00e9es par les syndicats qui \u00e9lisent des ouvriers et ouvri\u00e8res les repr\u00e9sentant. <\/p>\n\n\n\n<p><\/p>\n\n\n\n<p class=\"has-text-align-center\"><strong><span class=\"has-inline-color has-vivid-red-color\">LE SYNDICALISME DANS LE TARN <\/span><\/strong><\/p>\n\n\n\n<div class=\"wp-block-image\"><figure class=\"alignright size-large is-resized\"><img loading=\"lazy\" src=\"https:\/\/blogs.univ-jfc.fr\/vphn\/wp-content\/uploads\/sites\/65\/2021\/03\/vphn-6.jpg\" alt=\"\" class=\"wp-image-9924\" width=\"231\" height=\"345\" \/><figcaption>Statut de Jean Jaur\u00e8s \u00e0 Castres (Tarn) Cr\u00e9dit : Wikim\u00e9diacommons <\/figcaption><\/figure><\/div>\n\n\n\n<p>Les mouvements ouvriers sont nombreux dans le Tarn \u00e0 la fin du XIXe si\u00e8cle.  La <strong>gr\u00e8ve<\/strong> de 1883 des <strong>mineurs de Carmaux<\/strong> fait de la r\u00e9gion une zone active dans la lutte des droits des ouvriers et des ouvri\u00e8res fran\u00e7ais.  D\u2019autres villes de la r\u00e9gion connaissent des gr\u00e8ves comme ce fut le cas pour Graulhet en 1909, mais \u00e9galement Mazamet la m\u00eame ann\u00e9e. En plein p\u00e9riode d&rsquo;Industrialisation, les mouvements ouvriers du Tarn peuvent compter sur une voix embl\u00e9matique dans la lutte pour les droits et am\u00e9liorations des conditions de vie et de travail des ouvriers et ouvri\u00e8res : celle de <strong><a rel=\"noreferrer noopener\" href=\"https:\/\/www.linternaute.fr\/actualite\/biographie\/1776084-jean-jaures-biographie-courte-dates-citations\/\" data-type=\"URL\" data-id=\"https:\/\/www.linternaute.fr\/actualite\/biographie\/1776084-jean-jaures-biographie-courte-dates-citations\/\" target=\"_blank\">Jean Jaur\u00e8s<\/a><\/strong>. <\/p>\n\n\n\n<p>Cet homme politique est un <strong>socialiste<\/strong>, d\u00e9put\u00e9 du Tarn, conseiller municipal de Toulouse, et conseiller g\u00e9n\u00e9ral de Carmaux qui prend la d\u00e9fense des ouvriers aux c\u00f4t\u00e9s des syndicats, de mani\u00e8re souvent spectaculaire. <\/p>\n\n\n\n<p>Assur\u00e9ment la France conna\u00eet des mouvements ouvriers, des syndicats partout sur son territoire mais \u00e0 des \u00e9chelles diff\u00e9rentes. Ils sont nombreux dans le Nord de la France o\u00f9 sont situ\u00e9es les grandes<strong> villes industrielles <\/strong>dont les activit\u00e9s principales sont l\u2019extraction mini\u00e8re et la sid\u00e9rurgie. <\/p>\n\n\n\n<p>La r\u00e9gion du Tarn est \u00e9galement une zone o\u00f9 ces organisations ouvri\u00e8res sont nombreuses, puisque les activit\u00e9s industrielles  sont nombreuses, comme celle du textile \u00e0 <a rel=\"noreferrer noopener\" href=\"https:\/\/www-cairn-info.gorgone.univ-toulouse.fr\/avec-les-ouvriers-de-mazamet--9782707110350.htm\" data-type=\"URL\" data-id=\"https:\/\/www-cairn-info.gorgone.univ-toulouse.fr\/avec-les-ouvriers-de-mazamet--9782707110350.htm\" target=\"_blank\">Mazamet<\/a>, Graulhet ou \u00e0 Castres, ou encore celle de l\u2019extraction mini\u00e8re et de la verrerie \u00e0 Carmaux. <\/p>\n\n\n\n<p>La forte concentration d\u2019usines dans cette r\u00e9gion explique la pr\u00e9sence importante d\u2019ouvriers et ouvri\u00e8res ce qui entra\u00eene une<strong> activit\u00e9 syndicale dense<\/strong> dans le <strong>Tarn<\/strong> \u00e0 cette p\u00e9riode, ce qui est toujours le cas. <\/p>\n\n\n\n<div class=\"wp-block-image\"><figure class=\"alignright size-large is-resized\"><img loading=\"lazy\" src=\"https:\/\/blogs.univ-jfc.fr\/vphn\/wp-content\/uploads\/sites\/65\/2021\/03\/vphn-7.jpg\" alt=\"\" class=\"wp-image-9926\" width=\"241\" height=\"313\" \/><figcaption>Portrait de Jean Jaur\u00e8s. Cr\u00e9dit : Wikim\u00e9diacommons <\/figcaption><\/figure><\/div>\n\n\n\n<div class=\"wp-block-columns\">\n<div class=\"wp-block-column\" style=\"flex-basis:100%\">\n<div class=\"wp-block-group\"><div class=\"wp-block-group__inner-container\">\n<p class=\"has-text-align-left\">Deux raisons expliquent l&rsquo;importance du Tarn dans le secteur syndicaliste. D&rsquo;une part, c&rsquo;est un lieu <strong>pr\u00e9curseur<\/strong> du d\u00e9veloppement de ce mouvement. D&rsquo;autre part, ce mouvement pr\u00e9coce s&rsquo;accompagne aussi d&rsquo;une multiplication des syndicats, notamment dans les professions des chemins de fer ou encore de l&rsquo;extraction mini\u00e8re. <\/p>\n\n\n\n<p>A l&rsquo;\u00e9chelle nationale, la<a rel=\"noreferrer noopener\" href=\"https:\/\/www.cgt.fr\/dossiers\/qui-sommes-nous\" data-type=\"URL\" data-id=\"https:\/\/www.cgt.fr\/dossiers\/qui-sommes-nous\" target=\"_blank\"> <strong>CGT<\/strong> <\/a>( Conf\u00e9d\u00e9ration g\u00e9n\u00e9rale du travail) fond\u00e9e en 1895 \u00e0 Limoges, est la premi\u00e8re organisation syndicale au sein de la SNCF ( soci\u00e9t\u00e9 nationale des chemins de fer fran\u00e7ais) et d\u00e9fend donc aujourd\u2019hui les droits du monde ouvrier. On retrouve des <a rel=\"noreferrer noopener\" href=\"https:\/\/www.cgtservicespublics.fr\/les-luttes\/actualites-des-luttes-2020\/par-thematiques\/pandemie-coronavirus\/article\/81-syndicat-cgt-des-territoriaux-du-tarn-ouest-la-cgt-reclame-un-chsct\" data-type=\"URL\" data-id=\"https:\/\/www.cgtservicespublics.fr\/les-luttes\/actualites-des-luttes-2020\/par-thematiques\/pandemie-coronavirus\/article\/81-syndicat-cgt-des-territoriaux-du-tarn-ouest-la-cgt-reclame-un-chsct\" target=\"_blank\">filiales de ce groupe syndical dans le Tarn<\/a> tels que la <strong>UD<\/strong> <strong>CGT<\/strong> Tarn, la CGT des cheminots du Tarn ou encore la <strong>CFDT<\/strong> Occitanie. <\/p>\n\n\n\n<p>La <a rel=\"noreferrer noopener\" href=\"http:\/\/ud81.reference-syndicale.fr\/\" data-type=\"URL\" data-id=\"http:\/\/ud81.reference-syndicale.fr\/\" target=\"_blank\">r\u00e9gion du Tarn h\u00e9rite aujourd\u2019hui de ce pass\u00e9 industriel puisque les syndicats y sont toujours bien repr\u00e9sent\u00e9s.<\/a> On remarque que ces syndicats ont une v\u00e9ritable influence dans la r\u00e9gion, ce qui peut \u00eatre illustr\u00e9 par le suivi important des gr\u00e8ves par les cheminots, compar\u00e9 \u00e0 d&rsquo;autres r\u00e9gions de France qui sont moins concern\u00e9es par les gr\u00e8ves. <\/p>\n\n\n\n<p>Le Tarn est encore  une r\u00e9gion o\u00f9 le combat ouvrier est particuli\u00e8rement pr\u00e9sent dans les esprits et les m\u0153urs de ses habitants.<\/p>\n<\/div><\/div>\n<\/div>\n<\/div>\n\n\n\n<figure class=\"wp-block-image size-large is-resized\"><img loading=\"lazy\" src=\"https:\/\/blogs.univ-jfc.fr\/vphn\/wp-content\/uploads\/sites\/65\/2021\/03\/telechargement.jpg\" alt=\"\" class=\"wp-image-9928\" width=\"380\" height=\"255\" \/><figcaption>Rue Edouard Barbey Mazamet au XXe si\u00e8cle. cr\u00e9dit : Wikim\u00e9diacommons<\/figcaption><\/figure>\n\n\n\n<p><strong>Pour aller plus loin : <\/strong><\/p>\n\n\n\n<ul><li>Landier. H. et Labb\u00e9. H., Les organisations syndicales en France: des origines aux \u00e9volutions actuelles, Paris, Editions Liaisons, 2004, 240 pages<\/li><\/ul>\n\n\n\n<ul><li>Lefranc. G., Le syndicalisme en France, Editions PUF, 1981<\/li><\/ul>\n\n\n\n<ul><li>Vigna.X., Histoire des ouvriers en France au XX\u00e8me si\u00e8cle, Paris, \u00c9ditions Perrin, collection<br>Pour l\u2019histoire, 2012, 408 pages<\/li><\/ul>\n\n\n\n<ul><li>Cazals. R., , Avec les ouvriers de Mazamet, Dans la gr\u00e8ve et l\u2019action quotidienne (1909-1914), Edition La d\u00e9couverte, 1979, 354 pages.<\/li><\/ul>\n\n\n\n<ul><li>Wallach Scott. J., Les verriers de Carmaux, histoire de la naissance d\u2019un syndicalisme, Editions Flammarion, Paris, 1982, 185 pages<\/li><\/ul>\n","protected":false},"excerpt":{"rendered":"<p>QU&rsquo;EST-CE QUE LE SYNDICALISME ? Le syndicalisme est une organisation sociale qui a pour but de d\u00e9fendre des int\u00e9r\u00eats communs en particulier dans le milieu professionnel. Avant le XIXe si\u00e8cle, les rassemblements, les r\u00e9unions d\u2019ouvriers et par cons\u00e9quent les syndicats sont interdits en France par la loi Le Chapelier de 1791 qui prohibe tous rassemblements &hellip; <\/p>\n<p class=\"link-more\"><a href=\"https:\/\/blogs.univ-jfc.fr\/vphn\/patrimoine-immateriel\/le-syndicalisme-dans-le-sud-ouest-au-20e-siecle-2021\/\" class=\"more-link\">Continuer la lecture<span class=\"screen-reader-text\"> de &laquo;&nbsp;Le syndicalisme dans le Sud-Ouest au 20e si\u00e8cle [2021]&nbsp;&raquo;<\/span><\/a><\/p>\n","protected":false},"author":755,"featured_media":0,"parent":33,"menu_order":0,"comment_status":"closed","ping_status":"closed","template":"","meta":[],"_links":{"self":[{"href":"https:\/\/blogs.univ-jfc.fr\/vphn\/wp-json\/wp\/v2\/pages\/8888"}],"collection":[{"href":"https:\/\/blogs.univ-jfc.fr\/vphn\/wp-json\/wp\/v2\/pages"}],"about":[{"href":"https:\/\/blogs.univ-jfc.fr\/vphn\/wp-json\/wp\/v2\/types\/page"}],"author":[{"embeddable":true,"href":"https:\/\/blogs.univ-jfc.fr\/vphn\/wp-json\/wp\/v2\/users\/755"}],"replies":[{"embeddable":true,"href":"https:\/\/blogs.univ-jfc.fr\/vphn\/wp-json\/wp\/v2\/comments?post=8888"}],"version-history":[{"count":24,"href":"https:\/\/blogs.univ-jfc.fr\/vphn\/wp-json\/wp\/v2\/pages\/8888\/revisions"}],"predecessor-version":[{"id":10017,"href":"https:\/\/blogs.univ-jfc.fr\/vphn\/wp-json\/wp\/v2\/pages\/8888\/revisions\/10017"}],"up":[{"embeddable":true,"href":"https:\/\/blogs.univ-jfc.fr\/vphn\/wp-json\/wp\/v2\/pages\/33"}],"wp:attachment":[{"href":"https:\/\/blogs.univ-jfc.fr\/vphn\/wp-json\/wp\/v2\/media?parent=8888"}],"curies":[{"name":"wp","href":"https:\/\/api.w.org\/{rel}","templated":true}]}}