{"id":8891,"date":"2021-02-15T14:32:10","date_gmt":"2021-02-15T13:32:10","guid":{"rendered":"http:\/\/blogs.univ-jfc.fr\/vphn\/?page_id=8891"},"modified":"2021-03-29T19:07:45","modified_gmt":"2021-03-29T17:07:45","slug":"la-cathedrale-saint-alain-de-lavaur-2021","status":"publish","type":"page","link":"https:\/\/blogs.univ-jfc.fr\/vphn\/patrimoine-et-sites-remarquables\/la-cathedrale-saint-alain-de-lavaur-2021\/","title":{"rendered":"La Cath\u00e9drale Saint-Alain de Lavaur [2021]"},"content":{"rendered":"\n<div class=\"wp-block-media-text alignwide is-stacked-on-mobile\" style=\"grid-template-columns:37% auto\"><figure class=\"wp-block-media-text__media\"><img loading=\"lazy\" width=\"447\" height=\"567\" src=\"http:\/\/blogs.univ-jfc.fr\/vphn\/wp-content\/uploads\/sites\/65\/2021\/02\/Blason-Lavaur.png\" alt=\"Se situant au coeur de la r\u00e9gion Occitanie, la commune Lavaur est une ville historiquement riche, dot\u00e9e d\u2019un patrimoine exceptionnel et qui est \u00e9galement la capitale du pays de Cocagne (territoire qui concerne la partie Sud-Ouest du d\u00e9partement du Tarn). Plac\u00e9e dans la basse vall\u00e9e de l\u2019Agout, Lavaur est une ville quasi-mill\u00e9naire qui fut mentionn\u00e9e pour la premi\u00e8re fois en 1035 avec le castro de vauro (ch\u00e2teau du ravin). A cette \u00e9poque, la ville \u00e9tait d\u00e9j\u00e0 fortifi\u00e9e qui d\u00e9veloppa durant toute la seconde moiti\u00e9 du XIe si\u00e8cle une structure \u00e9ccl\u00e9siastique (avec la construction de l\u2019\u00e9glise Saint-Alain notamment). Un riche patrimoine historique dont la cath\u00e9drale Saint-Alain en est justement l\u2019embl\u00e8me principal.\" class=\"wp-image-9417 size-full\" srcset=\"https:\/\/blogs.univ-jfc.fr\/vphn\/wp-content\/uploads\/sites\/65\/2021\/02\/Blason-Lavaur.png 447w, https:\/\/blogs.univ-jfc.fr\/vphn\/wp-content\/uploads\/sites\/65\/2021\/02\/Blason-Lavaur-237x300.png 237w\" sizes=\"(max-width: 447px) 100vw, 447px\" \/><\/figure><div class=\"wp-block-media-text__content\">\n<p>La commune de Lavaur, aujourd\u2019hui situ\u00e9e dans la r\u00e9gion Occitanie et dans le d\u00e9partement du Tarn , domine la basse vall\u00e9e de l\u2019Agout. C\u2019est une ville quasi-mill\u00e9naire qui fut mentionn\u00e9e pour la premi\u00e8re fois en 1035 avec le <em>castro de vauro<\/em> (ch\u00e2teau du ravin).<\/p>\n\n\n\n<p>Au XIIIe si\u00e8cle, la ville \u00e9tait d\u00e9j\u00e0 fortifi\u00e9e et devenait de plus en plus importante dans la r\u00e9gion notamment dans la lutte contre le catharisme. Elle devint enfin si\u00e8ge \u00e9piscopal au d\u00e9but du XIVe si\u00e8cle.<\/p>\n\n\n\n<p><strong>Blason de la ville et du canton de Lavaur<\/strong><\/p>\n\n\n\n<p>Source de l\u2019image : <a href=\"https:\/\/armorialdefrance.fr\/page_blason.php?ville=12344\">https:\/\/armorialdefrance.fr\/page_blason.php?ville=12344<\/a><\/p>\n<\/div><\/div>\n\n\n\n<p><a href=\"https:\/\/www.google.com\/maps\/@43.6990688,1.8214546,3a,75y,7.91h,80.11t\/data=!3m6!1e1!3m4!1sAF1QipMp8YWKMgb-_8YIdlxzQROE5Y18WiObVWprUFZf!2e10!7i5376!8i2688\">La Cath\u00e9drale Saint-Alain<\/a>, du nom d\u2019un saint catholique qui aurait \u0153uvr\u00e9 pour la diffusion des monast\u00e8res et abbayes dans la seconde moiti\u00e9 du VIIe si\u00e8cle dans le Rouergue, est b\u00e2tie au milieu du XIII\u00e8me si\u00e8cle et devait contenir l\u2019enti\u00e8re population de Lavaur : ce choix est expliqu\u00e9 par une forte politique de rechristianisation, suite \u00e0 la croisade des albigeois au d\u00e9but . En effet, la ville de Lavaur fut assi\u00e9g\u00e9e par les chevaliers crois\u00e9s de Simon de Montfort en 1211.<\/p>\n\n\n\n<p><img loading=\"lazy\" width=\"149\" height=\"206\" src=\"https:\/\/lh3.googleusercontent.com\/zdrzAYgcd6UlgzPYl35gWEQ-G1JYu4cB8liFRvJq8FvAAOkA-2Zz7fOhEq72aM8lF_OI6cf-RFXjSZA3Q_J5Ex47kSmVAaMDHvSPp_5jv4hMSVNZqYoMJZS-2ktkCCEcbMsixoXB\"><\/p>\n\n\n\n<p><em>Photographie : Camille Latcher<\/em><\/p>\n\n\n\n<p><\/p>\n\n\n\n<div class=\"wp-block-group\"><div class=\"wp-block-group__inner-container\">\n<p>Construite principalement gr\u00e2ce aux fonds de l\u2019Inquisition, l\u2019institution chr\u00e9tienne qui se d\u00e9veloppe \u00e0 partir du XIIIe si\u00e8cle pour sanctionner les \u201ch\u00e9r\u00e9sies\u201d et notamment les cathares, la cath\u00e9drale Saint-Alain a \u00e9t\u00e9 fa\u00e7onn\u00e9e dans un style gothique m\u00e9ridional reconnaissable par sa construction en briques, l\u2019utilisation de contreforts \u00e0 la place d\u2019arcs boutants ainsi que la pr\u00e9sence de cinq trav\u00e9es.<\/p>\n<\/div><\/div>\n\n\n\n<div class=\"wp-block-group\"><div class=\"wp-block-group__inner-container\">\n<p>La cath\u00e9drale est ainsi \u00e0 la fois le principal symbole religieux de Lavaur mais elle participe aussi \u00e0 la repr\u00e9sentation de la puissance des \u00e9v\u00eaques, marquant le paysage urbain d\u2019une ville capitale de son dioc\u00e8se.<\/p>\n<\/div><\/div>\n\n\n\n<div class=\"wp-block-media-text alignwide is-stacked-on-mobile\"><figure class=\"wp-block-media-text__media\"><img loading=\"lazy\" width=\"944\" height=\"744\" src=\"https:\/\/blogs.univ-jfc.fr\/vphn\/wp-content\/uploads\/sites\/65\/2021\/03\/Diocese-de-Lavaur-.png\" alt=\"\" class=\"wp-image-9949 size-full\" srcset=\"https:\/\/blogs.univ-jfc.fr\/vphn\/wp-content\/uploads\/sites\/65\/2021\/03\/Diocese-de-Lavaur-.png 944w, https:\/\/blogs.univ-jfc.fr\/vphn\/wp-content\/uploads\/sites\/65\/2021\/03\/Diocese-de-Lavaur--300x236.png 300w, https:\/\/blogs.univ-jfc.fr\/vphn\/wp-content\/uploads\/sites\/65\/2021\/03\/Diocese-de-Lavaur--768x605.png 768w\" sizes=\"(max-width: 706px) 89vw, (max-width: 767px) 82vw, 740px\" \/><\/figure><div class=\"wp-block-media-text__content\">\n<p class=\"has-normal-font-size\">Le 26 septembre 1317, le pape Jean XXII officialise par bulle papale la cr\u00e9ation du dioc\u00e8se de Lavaur, afin de d\u00e9manteler celui de Toulouse. Par la cr\u00e9ation de l\u2019\u00e9v\u00each\u00e9, l\u2019\u00e9glise nouvelle de Saint-Alain devient officiellement une cath\u00e9drale.<\/p>\n\n\n\n<p><em>Source de l\u2019image : Archives d\u00e9partementales du Tarn<\/em><\/p>\n<\/div><\/div>\n\n\n\n<p>Le 22 f\u00e9vrier 1318, une seconde bulle papale de Jean XXII, fixe les nouvelles fronti\u00e8res de l\u2019\u00e9v\u00each\u00e9 : il s\u2019agit d\u2019un vaste territoire qui concentre au total 88 paroisses, et qui est entour\u00e9 par les dioc\u00e8ses de Toulouse, Castres, Narbonne, Carcassonne et Saint-Papoul. Le dioc\u00e8se de Lavaur devient ainsi le troisi\u00e8me plus grand, et plus important, dioc\u00e8se du pays Albigeois, apr\u00e8s celui de Castres et bien s\u00fbr d\u2019Albi, \u00e0 la t\u00eate duquel r\u00e8gne un \u00e9v\u00eaque.<\/p>\n\n\n\n<p>La cath\u00e9drale Saint-Alain est repr\u00e9sentative de la puissance des \u00e9v\u00eaques locaux. Ceux-ci sont majoritairement issus du chapitre cath\u00e9dral, c\u2019est-\u00e0-dire des chanoines qui organisent la vie mat\u00e9rielle et spirituelle de l\u2019\u00e9glise. Les \u00e9v\u00eaques sont souvent des lettr\u00e9s et des juristes. Seigneurs de la ville, ils g\u00e8rent \u00e9galement les revenus du dioc\u00e8se, dont une partie des fonds sert \u00e0 l\u2019embellissement constant de la cath\u00e9drale, s\u2019occupent des infrastructures routi\u00e8res et fluviales, qui repr\u00e9sentent une part importante du budget et des emprunts de l&rsquo;\u00e9v\u00each\u00e9 et jouent parfois un r\u00f4le de diplomate dans la r\u00e9gion.<\/p>\n\n\n\n<p>Plusieurs \u00e9v\u00eaques ont contribu\u00e9 au rayonnement de la cath\u00e9drale Saint-Alain. Leurs travaux leur donne le m\u00e9rite d\u2019\u00eatre appel\u00e9s \u201c\u00e9v\u00eaques b\u00e2tisseurs\u201d dont voici les plus illustres :<\/p>\n\n\n\n<div class=\"wp-block-group alignwide\"><div class=\"wp-block-group__inner-container\">\n<ul><li>Roger d\u2019Armagnac (premier \u00e9v\u00eaque de Lavaur, de 1317 \u00e0 1338), a fait faire de nombreux travaux d\u2019agrandissements c\u00f4t\u00e9 est de la cath\u00e9drale : il y construit une abside (image ci-contre) dans laquelle se trouve une cl\u00e9 de vo\u00fbte (pierre plac\u00e9e dans l\u2019axe de sym\u00e9trie d\u2019une porte) avec un agneau qui repr\u00e9sente le Christ sacrifi\u00e9, ainsi que la t\u00eate d\u2019un \u00e9v\u00eaque avec une mitre qui symbolise leur importance.&nbsp;<img src=\"https:\/\/lh6.googleusercontent.com\/nySDNWHoi_9pZgSjgd00ynTqrfX3MAw5clMgIzYBTFBp2SaTL5JhJn7zlng0L-FVooKP-_UdKXQsEsdikKSDcSUO9bLpEY-I9PoCaTZWkpykuEP1N79aDVSlD6o-0wrfQxQvdvDd\" style=\"width: 250px\"><\/li><\/ul>\n\n\n\n<p class=\"has-text-align-left\"><em>Photographie : Camille Latcher<\/em><\/p>\n<\/div><\/div>\n\n\n\n<p>&#8211;  Jean Vigier (\u00e9v\u00eaque de Lavaur de 1469 \u00e0 1497), fait construire le deuxi\u00e8me palais \u00e9piscopal (demeure de l\u2019\u00e9v\u00eaque), dont l\u2019ensemble est d\u00e9truit \u00e0 la R\u00e9volution. Il a fait abattre le mur occidental de la cath\u00e9drale du c\u00f4t\u00e9 ouest, il cr\u00e9\u00e9 ainsi une cinqui\u00e8me trav\u00e9e, ce qui simplifie le plan de la cath\u00e9drale.<\/p>\n\n\n\n<div class=\"wp-block-media-text alignwide is-stacked-on-mobile\" style=\"grid-template-columns:42% auto\"><figure class=\"wp-block-media-text__media\"><img loading=\"lazy\" width=\"253\" height=\"182\" src=\"https:\/\/blogs.univ-jfc.fr\/vphn\/wp-content\/uploads\/sites\/65\/2021\/03\/Rosace.png\" alt=\"\" class=\"wp-image-9954 size-full\" \/><\/figure><div class=\"wp-block-media-text__content\">\n<ul><li>Pierre de Rousergue (\u00e9v\u00eaque de Lavaur de 1500 \u00e0 1514), fait fermer le porche c\u00f4t\u00e9 ouest et y fait installer une rosace (image \u00e0 gauche). Il y construit \u00e9galement un mur s\u00e9parant la nef (couloir menant \u00e0 l\u2019autel) au vestibule.<\/li><\/ul>\n\n\n\n<p><em>Photographie : Camille Latcher<\/em><\/p>\n<\/div><\/div>\n\n\n\n<div class=\"wp-block-media-text alignwide has-media-on-the-right is-stacked-on-mobile\" style=\"grid-template-columns:auto 21%\"><figure class=\"wp-block-media-text__media\"><img loading=\"lazy\" width=\"355\" height=\"542\" src=\"https:\/\/blogs.univ-jfc.fr\/vphn\/wp-content\/uploads\/sites\/65\/2021\/03\/Chapelle-St-Christophe.png\" alt=\"\" class=\"wp-image-9955 size-full\" srcset=\"https:\/\/blogs.univ-jfc.fr\/vphn\/wp-content\/uploads\/sites\/65\/2021\/03\/Chapelle-St-Christophe.png 355w, https:\/\/blogs.univ-jfc.fr\/vphn\/wp-content\/uploads\/sites\/65\/2021\/03\/Chapelle-St-Christophe-196x300.png 196w\" sizes=\"(max-width: 355px) 100vw, 355px\" \/><\/figure><div class=\"wp-block-media-text__content\">\n<p class=\"has-normal-font-size\">C\u2019est au-dessus de la porte qui s\u00e9pare ces deux parties que se trouve le coll\u00e8ge apostolique (o\u00f9 se trouvent tous les ap\u00f4tres) et la repr\u00e9sentation de Saint-Michel, protecteur des \u00e9glises. Il fait aussi fermer le porche c\u00f4t\u00e9 nord par la chapelle Saint-Christophe (image \u00e0 droite)&nbsp; o\u00f9 il est inhum\u00e9 en 1514.<\/p>\n<\/div><\/div>\n\n\n\n<p class=\"has-text-align-right\"><em>Photographie : Camille Latcher<\/em><\/p>\n\n\n\n<div class=\"wp-block-media-text alignwide is-stacked-on-mobile\" style=\"grid-template-columns:45% auto\"><figure class=\"wp-block-media-text__media\"><img loading=\"lazy\" width=\"766\" height=\"772\" src=\"https:\/\/blogs.univ-jfc.fr\/vphn\/wp-content\/uploads\/sites\/65\/2021\/03\/Gisant-Jerome-de-Beausoleil.png\" alt=\"\" class=\"wp-image-9956 size-full\" srcset=\"https:\/\/blogs.univ-jfc.fr\/vphn\/wp-content\/uploads\/sites\/65\/2021\/03\/Gisant-Jerome-de-Beausoleil.png 766w, https:\/\/blogs.univ-jfc.fr\/vphn\/wp-content\/uploads\/sites\/65\/2021\/03\/Gisant-Jerome-de-Beausoleil-298x300.png 298w, https:\/\/blogs.univ-jfc.fr\/vphn\/wp-content\/uploads\/sites\/65\/2021\/03\/Gisant-Jerome-de-Beausoleil-150x150.png 150w, https:\/\/blogs.univ-jfc.fr\/vphn\/wp-content\/uploads\/sites\/65\/2021\/03\/Gisant-Jerome-de-Beausoleil-100x100.png 100w\" sizes=\"(max-width: 706px) 89vw, (max-width: 767px) 82vw, 740px\" \/><\/figure><div class=\"wp-block-media-text__content\">\n<ul><li>Simon de Beausoleil (\u00e9v\u00eaque de Lavaur de 1514 \u00e0 1521), place des vitraux dans l\u2019abside, d\u00e9place le ma\u00eetre-autel et d\u00e9core le ch\u0153ur de tapisserie qui repr\u00e9sente la vie de Saint-Alain. De plus, il commande un orgue en bois polychrome, signe de l\u2019\u00e9panouissement des courants artistiques de la Renaissance dans le Midi. En 1521, il creuse dans l\u2019abside son futur-tombeau et le d\u00e9core de son gisant (image ci-contre).<\/li><\/ul>\n\n\n\n<p><\/p>\n<\/div><\/div>\n\n\n\n<p><em>Photographie : Camille Latcher<\/em><\/p>\n\n\n\n<p>-Jean-Antoine de Castellane (\u00e9v\u00eaque de Lavaur de 1770 \u00e0 1802), fait d\u00e9truire les stalles (si\u00e8ges en bois r\u00e9serv\u00e9s au clerg\u00e9), et fait construire une table de communion en fer forg\u00e9. Il termine la construction du Pont Saint-Roch (reliant le dioc\u00e8se de Lavaur \u00e0 celui de Castres sur la rivi\u00e8re de l\u2019Agout, qui devient en 1791 le plus long pont \u00e0 arche unique au monde).&nbsp;<\/p>\n\n\n\n<p>En plus de sept cent ans d\u2019existence, la cath\u00e9drale Saint-Alain connut de multiples transformations au fil des si\u00e8cles, passant d\u2019une simple \u00e9glise au d\u00e9but du XIVe si\u00e8cle \u00e0 une cath\u00e9drale de plus en plus majestueuse et embellie gr\u00e2ce notamment aux \u00e9v\u00eaques-b\u00e2tisseurs.<\/p>\n\n\n\n<p><\/p>\n\n\n\n<p>.<\/p>\n","protected":false},"excerpt":{"rendered":"<p>La commune de Lavaur, aujourd\u2019hui situ\u00e9e dans la r\u00e9gion Occitanie et dans le d\u00e9partement du Tarn , domine la basse vall\u00e9e de l\u2019Agout. C\u2019est une ville quasi-mill\u00e9naire qui fut mentionn\u00e9e pour la premi\u00e8re fois en 1035 avec le castro de vauro (ch\u00e2teau du ravin). Au XIIIe si\u00e8cle, la ville \u00e9tait d\u00e9j\u00e0 fortifi\u00e9e et devenait de &hellip; <\/p>\n<p class=\"link-more\"><a href=\"https:\/\/blogs.univ-jfc.fr\/vphn\/patrimoine-et-sites-remarquables\/la-cathedrale-saint-alain-de-lavaur-2021\/\" class=\"more-link\">Continuer la lecture<span class=\"screen-reader-text\"> de &laquo;&nbsp;La Cath\u00e9drale Saint-Alain de Lavaur [2021]&nbsp;&raquo;<\/span><\/a><\/p>\n","protected":false},"author":755,"featured_media":0,"parent":30,"menu_order":0,"comment_status":"closed","ping_status":"closed","template":"","meta":[],"_links":{"self":[{"href":"https:\/\/blogs.univ-jfc.fr\/vphn\/wp-json\/wp\/v2\/pages\/8891"}],"collection":[{"href":"https:\/\/blogs.univ-jfc.fr\/vphn\/wp-json\/wp\/v2\/pages"}],"about":[{"href":"https:\/\/blogs.univ-jfc.fr\/vphn\/wp-json\/wp\/v2\/types\/page"}],"author":[{"embeddable":true,"href":"https:\/\/blogs.univ-jfc.fr\/vphn\/wp-json\/wp\/v2\/users\/755"}],"replies":[{"embeddable":true,"href":"https:\/\/blogs.univ-jfc.fr\/vphn\/wp-json\/wp\/v2\/comments?post=8891"}],"version-history":[{"count":7,"href":"https:\/\/blogs.univ-jfc.fr\/vphn\/wp-json\/wp\/v2\/pages\/8891\/revisions"}],"predecessor-version":[{"id":9962,"href":"https:\/\/blogs.univ-jfc.fr\/vphn\/wp-json\/wp\/v2\/pages\/8891\/revisions\/9962"}],"up":[{"embeddable":true,"href":"https:\/\/blogs.univ-jfc.fr\/vphn\/wp-json\/wp\/v2\/pages\/30"}],"wp:attachment":[{"href":"https:\/\/blogs.univ-jfc.fr\/vphn\/wp-json\/wp\/v2\/media?parent=8891"}],"curies":[{"name":"wp","href":"https:\/\/api.w.org\/{rel}","templated":true}]}}