{"id":8895,"date":"2021-02-15T14:33:24","date_gmt":"2021-02-15T13:33:24","guid":{"rendered":"http:\/\/blogs.univ-jfc.fr\/vphn\/?page_id=8895"},"modified":"2021-04-13T15:06:02","modified_gmt":"2021-04-13T13:06:02","slug":"linsurrection-royaliste-de-1799-dans-le-sud-ouest-2021","status":"publish","type":"page","link":"https:\/\/blogs.univ-jfc.fr\/vphn\/histoire-locale\/linsurrection-royaliste-de-1799-dans-le-sud-ouest-2021\/","title":{"rendered":"L&rsquo;insurrection royaliste de 1799 dans le Sud-Ouest [2021]"},"content":{"rendered":"\n<figure class=\"wp-block-image size-large\"><img loading=\"lazy\" width=\"768\" height=\"498\" src=\"https:\/\/blogs.univ-jfc.fr\/vphn\/wp-content\/uploads\/sites\/65\/2021\/02\/PorteMontouillere-1.jpg\" alt=\"\" class=\"wp-image-9039\" srcset=\"https:\/\/blogs.univ-jfc.fr\/vphn\/wp-content\/uploads\/sites\/65\/2021\/02\/PorteMontouillere-1.jpg 768w, https:\/\/blogs.univ-jfc.fr\/vphn\/wp-content\/uploads\/sites\/65\/2021\/02\/PorteMontouillere-1-300x195.jpg 300w\" sizes=\"(max-width: 706px) 89vw, (max-width: 767px) 82vw, 740px\" \/><figcaption>Porte Montoulieu, par laquelle les insurg\u00e9s tent\u00e8rent de rentrer dans Toulouse dans la nuit du 7 au 8 ao\u00fbt 1799, Philippe Poitou, reproduction, Mus\u00e9e Paul-Dupuy<\/figcaption><\/figure>\n\n\n\n<p>En 1774, au d\u00e9but du r\u00e8gne de Louis XVI, le royaume de France est toujours une puissance militaire et diplomatique poss\u00e9dant un fort rayonnement culturel. N\u00e9anmoins, les d\u00e9penses li\u00e9es \u00e0 l&rsquo;arm\u00e9e qui sont entreprises par la monarchie pour concurrencer ses rivaux, notamment  l\u2019intervention lors de la guerre d\u2019Ind\u00e9pendance des \u00c9tats-Unis  en 1775, ont creus\u00e9 le d\u00e9ficit public. De ce fait, l&rsquo;appareil politique est en crise, incapable de r\u00e9soudre les probl\u00e8me financiers du royaume face \u00e0 l\u2019opposition des classes privil\u00e9gi\u00e9es. La noblesse et le clerg\u00e9 refusant cat\u00e9goriquement l\u2019effort fiscal.  La convocation, par Louis XVI, des \u00c9tats G\u00e9n\u00e9raux ne parvient pas \u00e0 apaiser les tensions entre les diff\u00e9rents ordres. Cette incapacit\u00e9 du roi \u00e0 surmonter ce blocage sonne le d\u00e9but de la R\u00e9volution. Ainsi, \u00e0 partir de 1792, la chute de la monarchie et l\u2019ex\u00e9cution de Louis XVI entra\u00eenent une p\u00e9riode d\u2019insurrections contre-r\u00e9volutionnaires. Celles-ci se d\u00e9marquent par une grande violence, comme en Vend\u00e9e ou \u00e0 Toulon, et l\u2019aide de puissances \u00e9trang\u00e8res.<\/p>\n\n\n\n<div class=\"wp-block-image\"><figure class=\"alignright size-large is-resized\"><img loading=\"lazy\" src=\"https:\/\/blogs.univ-jfc.fr\/vphn\/wp-content\/uploads\/sites\/65\/2021\/02\/CarteRevo.gif\" alt=\"\" class=\"wp-image-9038\" width=\"462\" height=\"347\" \/><figcaption>La R\u00e9volution menac\u00e9e (1792-1794), Alain Houot, source Herodote.com<\/figcaption><\/figure><\/div>\n\n\n\n<p>Ainsi, la R\u00e9volution fran\u00e7aise a pu \u00eatre v\u00e9cue comme une brutalit\u00e9 y compris par les couches populaires. La France rurale demeurant une terre o\u00f9 le clerg\u00e9 a une emprise consid\u00e9rable. D\u00e8s 1791, des premi\u00e8res formes de contestations apparaissent ainsi dans de nombreuses r\u00e9gions, dont les alentours de Toulouse et en Vend\u00e9e. Les autorit\u00e9s r\u00e9publicaines adoptent donc un mod\u00e8le politique autoritaire : la Convention. Contrastant ainsi avec les principes initiaux de la R\u00e9volution, en mettant en place une r\u00e9pression des opposants politiques, beaucoup \u00e9tant exil\u00e9s de force ou guillotin\u00e9s. Les institutions r\u00e9volutionnaires mettent ainsi en place une s\u00e9rie de mesures anticl\u00e9ricale,  afin de limiter le pouvoir de l\u2019\u00c9glise. Apr\u00e8s la chute de Robespierre et l&rsquo;affaiblissement du Club des jacobins en 1794 et 1795, le Directoire maintient une politique antireligieuse, ce qui revitalise les contestations populaires, notamment dans le Sud-Ouest toulousain, car les autorit\u00e9s r\u00e9gionales \u00e9taient acquise aux jacobins qui approuvaient totalement la radicalit\u00e9 de cette politique, exacerbant les foyers de r\u00e9sistance. Le clerg\u00e9,  jug\u00e9 comme dangereux et fanatique s&rsquo;attire la d\u00e9fiance des autorit\u00e9s locales. Mais l&rsquo;\u00e9l\u00e9ment d\u00e9clencheur fut la destruction de la Vierge Noire de la Daurade, statue de bois v\u00e9n\u00e9r\u00e9e dans la r\u00e9gion depuis des d\u00e9cennies par la population locale, attestant de l\u2019importance du culte catholique \u00e0 cette \u00e9poque.<\/p>\n\n\n\n<figure class=\"wp-block-image size-large is-resized\"><img loading=\"lazy\" src=\"https:\/\/blogs.univ-jfc.fr\/vphn\/wp-content\/uploads\/sites\/65\/2021\/02\/RevoTorche.jpg\" alt=\"\" class=\"wp-image-9040\" width=\"668\" height=\"420\" srcset=\"https:\/\/blogs.univ-jfc.fr\/vphn\/wp-content\/uploads\/sites\/65\/2021\/02\/RevoTorche.jpg 926w, https:\/\/blogs.univ-jfc.fr\/vphn\/wp-content\/uploads\/sites\/65\/2021\/02\/RevoTorche-300x189.jpg 300w, https:\/\/blogs.univ-jfc.fr\/vphn\/wp-content\/uploads\/sites\/65\/2021\/02\/RevoTorche-768x484.jpg 768w\" sizes=\"(max-width: 668px) 100vw, 668px\" \/><figcaption>Bref du pape en 1791, auteur anonyme, 1791<\/figcaption><\/figure>\n\n\n\n<p>C\u2019est dans ce contexte que commencent \u00e0 se former \u00e0 partir de mai 1799, dans certaines localit\u00e9s aux alentours de Toulouse, des bataillons d\u00e9favorables \u00e0 la R\u00e9publique, compos\u00e9s des fameux r\u00e9fractaires abord\u00e9s plus t\u00f4t, mais aussi de d\u00e9serteurs ayant refus\u00e9 la \u201cconscription universelle et obligatoire\u201d de la loi Jourdan. Ces rassemblements ont pour objectif de s\u2019attaquer \u00e0 des R\u00e9publicains, autant \u00e0 de simples soutiens de la R\u00e9volution qu\u2019\u00e0 des responsables administratifs \u00e0 l\u2019instar d\u2019agents municipaux ou de commissaires d\u00e9partementaux. Ces actions, d\u2019envergures relativement faibles, ne sont du fait que de regroupements de r\u00e9volt\u00e9s agissant de leur c\u00f4t\u00e9 et n\u2019\u00e9tant pas coordonn\u00e9s entre eux. C\u2019est sous l\u2019influence d\u2019Antoine Roug\u00e9, un bourgeois de Saint-Domingue ayant une certaine exp\u00e9rience du commandement militaire, que commencent \u00e0 se f\u00e9d\u00e9rer ces diff\u00e9rents mouvements et qu\u2019une collaboration avec les puissances \u00e9trang\u00e8res souhaitant le retour de la Monarchie fran\u00e7aise se met en place. Roug\u00e9 s\u2019entoure alors de Jules de Paolo, jeune homme issu d\u2019une ancienne famille noble et n\u2019ayant jamais combattu, se charge donc d\u2019aller de villages en villages afin de mobiliser un grand nombre d\u2019insurg\u00e9s issus des mouvements anti-r\u00e9publicains \u00e9voqu\u00e9s pr\u00e9c\u00e9demment,rassemblant au total entre 10 000 et 20 000 volontaires, avec comme objectif final s\u2019emparer de la ville de Toulouse.L\u2019int\u00e9r\u00eat que repr\u00e9sentait Toulouse pour les insurg\u00e9s est qu\u2019elle abritait une grande quantit\u00e9 d\u2019armes mais relativement peu de troupes pour les prot\u00e9ger, permettant ainsi, si elle tombait, de pallier l\u2019armement rudimentaire que poss\u00e9daient les insurg\u00e9s. <\/p>\n\n\n\n<figure class=\"wp-block-image size-large is-resized\"><img loading=\"lazy\" src=\"http:\/\/blogs.univ-jfc.fr\/vphn\/wp-content\/uploads\/sites\/65\/2021\/02\/Screenshot_1efrrqgqztqerqer-1024x562.png\" alt=\"\" class=\"wp-image-9034\" width=\"683\" height=\"374\" srcset=\"https:\/\/blogs.univ-jfc.fr\/vphn\/wp-content\/uploads\/sites\/65\/2021\/02\/Screenshot_1efrrqgqztqerqer-1024x562.png 1024w, https:\/\/blogs.univ-jfc.fr\/vphn\/wp-content\/uploads\/sites\/65\/2021\/02\/Screenshot_1efrrqgqztqerqer-300x165.png 300w, https:\/\/blogs.univ-jfc.fr\/vphn\/wp-content\/uploads\/sites\/65\/2021\/02\/Screenshot_1efrrqgqztqerqer-768x422.png 768w, https:\/\/blogs.univ-jfc.fr\/vphn\/wp-content\/uploads\/sites\/65\/2021\/02\/Screenshot_1efrrqgqztqerqer.png 1275w\" sizes=\"(max-width: 683px) 100vw, 683px\" \/><figcaption>Foyers de r\u00e9volte et batailles lors de la premi\u00e8re phase de l&rsquo;insurrection<\/figcaption><\/figure>\n\n\n\n<p>Les premiers affrontements ont lieu le 6 ao\u00fbt dans des localit\u00e9s proches de Toulouse, et concernent \u00e0 la fois des petits bourgs, comme Deyme, Seysses ou Montgiscard que des places commerciales \u00e0 l\u2019instar de Muret ou encore de Caraman. Les autorit\u00e9s toulousaines comprennent assez vite l\u2019ampleur que peut potentiellement prendre la r\u00e9volte et r\u00e9pliquent d\u2019un c\u00f4t\u00e9 en envoyant plusieurs contingents dans les campagnes environnantes afin de les pacifier et de l\u2019autre en organisant une r\u00e9sistance \u00e0 l\u2019int\u00e9rieur de la cit\u00e9, faisant appel \u00e0 de nombreux volontaires afin de garder les murailles et les portes, qui \u00e9taient les seuls acc\u00e8s permettant de p\u00e9n\u00e9trer dans la ville. Les troupes command\u00e9es par Roug\u00e9 se placent dans la nuit du 7 au 8 ao\u00fbt au pied des murailles, mettant la ville en \u00e9tat d\u2019alerte maximale. D\u2019apr\u00e8s Roug\u00e9, il \u00e9tait pr\u00e9vu que des insurg\u00e9s infiltr\u00e9s se chargent d\u2019occuper certaines places strat\u00e9giques et ouvrent les portes aux 6 000 hommes stationn\u00e9s sous les remparts. Ce moment n\u2019arrive finalement jamais, s\u00fbrement du fait de l\u2019efficacit\u00e9 du couvre-feu mis en place par les autorit\u00e9s de la ville. Roug\u00e9 d\u00e9cide alors au milieu de la nuit de se replier sur les hauteurs de Pech David. Le g\u00e9n\u00e9ral Aubugeois, \u00e0 la t\u00eate des troupes r\u00e9publicaines, essaie d\u00e8s le lendemain de les d\u00e9loger, mais son arm\u00e9e se fait encercler et prend la fuite en essuyant de l\u00e9g\u00e8res pertes. Encore le lendemain, le 9 ao\u00fbt, il r\u00e9it\u00e8re la m\u00eame op\u00e9ration en utilisant cette fois-ci des pi\u00e8ces d\u2019artillerie afin de le seconder, cr\u00e9ant la panique dans les rangs royalistes qui se divisent en deux, une partie entreprend de traverser la Garonne mais est mise en d\u00e9route de l\u2019autre c\u00f4t\u00e9 par des troupes r\u00e9publicaines tandis que l\u2019autre s\u2019empare du Ch\u00e2teau du Niquet, qui tombe \u00e0 son tour en quelques heures. Roug\u00e9 comprend assez vite qu\u2019il ne peut pas prendre Toulouse en l\u2019\u00e9tat et dirige une partie de ses troupes vers l\u2019Ari\u00e8ge, o\u00f9 il rallie \u00e0 lui un grand nombre de villages. <\/p>\n\n\n\n<p>Parall\u00e8lement \u00e0 \u00e7a et de mani\u00e8re assez spontan\u00e9e, l\u2019insurrection gagne l\u2019ouest de Toulouse qui se retrouve \u00e0 nouveau menac\u00e9. L\u2019aire d\u2019influence de l\u2019insurrection occupe alors une grande partie du Gers et s\u2019\u00e9tend jusqu\u2019au sud de Montauban. Ce nouveau foyer de r\u00e9volte commence toutefois \u00e0 s\u2019affaiblir \u00e0 cause de l\u2019intervention de troupes r\u00e9publicaines venues des d\u00e9partements alentours. Roug\u00e9 se retrouve alors incapable de prot\u00e9ger ses derni\u00e8res places fortes autour de Toulouse, \u00e0 l\u2019instar de Muret, qui est reprise par les r\u00e9publicains le 15 ao\u00fbt. <\/p>\n\n\n\n<div class=\"wp-block-image\"><figure class=\"alignleft size-large is-resized\"><img loading=\"lazy\" src=\"https:\/\/blogs.univ-jfc.fr\/vphn\/wp-content\/uploads\/sites\/65\/2021\/02\/qregergqregqtgttsf-1-738x1024.jpg\" alt=\"\" class=\"wp-image-9036\" width=\"272\" height=\"377\" srcset=\"https:\/\/blogs.univ-jfc.fr\/vphn\/wp-content\/uploads\/sites\/65\/2021\/02\/qregergqregqtgttsf-1-738x1024.jpg 738w, https:\/\/blogs.univ-jfc.fr\/vphn\/wp-content\/uploads\/sites\/65\/2021\/02\/qregergqregqtgttsf-1-216x300.jpg 216w, https:\/\/blogs.univ-jfc.fr\/vphn\/wp-content\/uploads\/sites\/65\/2021\/02\/qregergqregqtgttsf-1-768x1066.jpg 768w, https:\/\/blogs.univ-jfc.fr\/vphn\/wp-content\/uploads\/sites\/65\/2021\/02\/qregergqregqtgttsf-1.jpg 817w\" sizes=\"(max-width: 272px) 100vw, 272px\" \/><figcaption>Rebellion and response : 6-22 august 1799, Howard Brown<\/figcaption><\/figure><\/div>\n\n\n\n<p>Il d\u00e9cide de tout miser sur les territoires plac\u00e9s sous son contr\u00f4le au Sud, o\u00f9 son arm\u00e9e est finalement d\u00e9faite  \u00e0 Montr\u00e9jeau le 20 ao\u00fbt par une arm\u00e9e r\u00e9publicaine qui \u00e9tait, bien qu\u2019en large inf\u00e9riorit\u00e9 num\u00e9rique, dot\u00e9e d\u2019un armement de meilleure qualit\u00e9 et d\u2019une cavalerie, pouvant ainsi facilement mettre en d\u00e9route une arm\u00e9e ne poss\u00e9dant ni artillerie ni exp\u00e9rience en bataille rang\u00e9e. L\u2019arm\u00e9e royaliste est totalement \u00e9cras\u00e9e et perd, entre les d\u00e9c\u00e8s et les prisonniers, plus de la moiti\u00e9 de ses effectifs, la fuite des g\u00e9n\u00e9raux vers l\u2019Espagne sonnant la fin de l\u2019insurrection.<\/p>\n\n\n\n<p><\/p>\n\n\n\n<p>Le mouvement contre-r\u00e9volutionnaire n\u2019a donc pas, dans le Toulousain, atteint ses objectifs malgr\u00e9 un appui \u00e9tranger anti-r\u00e9publicain. Ayant \u00e9t\u00e9 d\u00e9clench\u00e9e trop t\u00f4t, l&rsquo;insurrection n\u2019a pas \u00e9t\u00e9 coordonn\u00e9e avec les puissances de la Deuxi\u00e8me Coalition. Quand bien m\u00eame le mouvement b\u00e9n\u00e9ficie d\u2019un nombre consid\u00e9rable de paysans pr\u00eat \u00e0 se battre aux c\u00f4t\u00e9s de royalistes convaincus, le manque d\u2019armement et d\u2019exp\u00e9rience militaire leur ont cruellement fait d\u00e9faut face aux troupes r\u00e9publicaines. Les r\u00e9publicains, en plus de leur organisation militaire, ont r\u00e9ussi \u00e0 mettre en place une propagande antiroyaliste dans les campagnes. Cependant, leurs efforts n&rsquo;ont pas r\u00e9ussi \u00e0 les r\u00e9concilier avec les ruraux qui leur reprochent leur politique hostile \u00e0 la religion catholique, \u00e0 laquelle ils sont encore fortement attach\u00e9s. C\u2019est l\u2019\u00e9chec de la prise de Toulouse qui a condamn\u00e9 le soul\u00e8vement. \u00c0 la suite de cet \u00e9v\u00e9nement, Roug\u00e9 et Paolo se sont enfuis vers l\u2019\u00e9tranger tandis que le reste des insurg\u00e9s ont, pour la plupart, \u00e9t\u00e9 emprisonn\u00e9s avant d\u2019\u00eatre lib\u00e9r\u00e9s, pour la majeure partie d\u2019entre eux. En tout, ces trois semaines d\u2019insurrection ont \u00e9t\u00e9 les plus meurtri\u00e8res qu&rsquo;aient connu Toulouse et sa r\u00e9gion pendant la p\u00e9riode r\u00e9volutionnaire, d\u00e9nombrant au total plusieurs milliers de morts. Une p\u00e9riode d\u2019apaisement a succ\u00e9d\u00e9 \u00e0 l\u2019insurrection, puis l&rsquo;arriv\u00e9e de Bonaparte au pouvoir en novembre 1799 enterra d\u00e9finitivement la possibilit\u00e9 de voir na\u00eetre d\u2019autres insurrections.<\/p>\n\n\n\n<div class=\"wp-block-image\"><figure class=\"aligncenter size-large is-resized\"><img loading=\"lazy\" src=\"https:\/\/blogs.univ-jfc.fr\/vphn\/wp-content\/uploads\/sites\/65\/2021\/02\/NapoBrumaire.jpg\" alt=\"\" class=\"wp-image-9037\" width=\"303\" height=\"324\" srcset=\"https:\/\/blogs.univ-jfc.fr\/vphn\/wp-content\/uploads\/sites\/65\/2021\/02\/NapoBrumaire.jpg 800w, https:\/\/blogs.univ-jfc.fr\/vphn\/wp-content\/uploads\/sites\/65\/2021\/02\/NapoBrumaire-280x300.jpg 280w, https:\/\/blogs.univ-jfc.fr\/vphn\/wp-content\/uploads\/sites\/65\/2021\/02\/NapoBrumaire-768x824.jpg 768w\" sizes=\"(max-width: 303px) 100vw, 303px\" \/><figcaption><em>Le g\u00e9n\u00e9ral Bonaparte au Conseil des Cinq-Cents \u00e0 Saint-Cloud, 10 novembre 1799<\/em>, Bouchot, Fran\u00e7ois, mus\u00e9e national du ch\u00e2teau de Versailles.<\/figcaption><\/figure><\/div>\n\n\n\n<p>Pour aller plus loin: <\/p>\n\n\n\n<p>&#8211; Vovelle, Michel. <em>La R\u00e9volution fran\u00e7aise<\/em>. Paris, Armand Colin, 2015.<\/p>\n\n\n\n<p>&#8211; Meyer, Jean-Claude. <em>La vie religieuse en Haute-Garonne sous la R\u00e9volution (1789-1801)<\/em>. th\u00e8se de doctorat, Toulouse-Le Mirail, 1982.<\/p>\n\n\n\n<p>&#8211; Moulin, Annie. <em>Les paysans dans la soci\u00e9t\u00e9 fran\u00e7aise : de la R\u00e9volution \u00e0 nos jours.<\/em> Paris, \u00c9ditions du Seuil, 1988.<\/p>\n\n\n\n<p>&#8211; Dousset-Seiden, Christine. <em>1799, les royalistes en \u00e9chec.<\/em> Portet-sur-Garonne, \u00c9ditions Midi-Pyr\u00e9n\u00e9ennes, 2019.<\/p>\n\n\n\n<p><\/p>\n\n\n\n<p>Auteurs :<br>&#8211; Fanny Claudon<\/p>\n\n\n\n<p>&#8211; Yanis Gautrand<\/p>\n\n\n\n<p>&#8211; Lo\u00efc Muria<\/p>\n\n\n\n<p>&#8211; J\u00e9r\u00e9mie Xerri<\/p>\n","protected":false},"excerpt":{"rendered":"<p>En 1774, au d\u00e9but du r\u00e8gne de Louis XVI, le royaume de France est toujours une puissance militaire et diplomatique poss\u00e9dant un fort rayonnement culturel. N\u00e9anmoins, les d\u00e9penses li\u00e9es \u00e0 l&rsquo;arm\u00e9e qui sont entreprises par la monarchie pour concurrencer ses rivaux, notamment l\u2019intervention lors de la guerre d\u2019Ind\u00e9pendance des \u00c9tats-Unis en 1775, ont creus\u00e9 le &hellip; <\/p>\n<p class=\"link-more\"><a href=\"https:\/\/blogs.univ-jfc.fr\/vphn\/histoire-locale\/linsurrection-royaliste-de-1799-dans-le-sud-ouest-2021\/\" class=\"more-link\">Continuer la lecture<span class=\"screen-reader-text\"> de &laquo;&nbsp;L&rsquo;insurrection royaliste de 1799 dans le Sud-Ouest [2021]&nbsp;&raquo;<\/span><\/a><\/p>\n","protected":false},"author":755,"featured_media":0,"parent":1173,"menu_order":0,"comment_status":"closed","ping_status":"closed","template":"","meta":[],"_links":{"self":[{"href":"https:\/\/blogs.univ-jfc.fr\/vphn\/wp-json\/wp\/v2\/pages\/8895"}],"collection":[{"href":"https:\/\/blogs.univ-jfc.fr\/vphn\/wp-json\/wp\/v2\/pages"}],"about":[{"href":"https:\/\/blogs.univ-jfc.fr\/vphn\/wp-json\/wp\/v2\/types\/page"}],"author":[{"embeddable":true,"href":"https:\/\/blogs.univ-jfc.fr\/vphn\/wp-json\/wp\/v2\/users\/755"}],"replies":[{"embeddable":true,"href":"https:\/\/blogs.univ-jfc.fr\/vphn\/wp-json\/wp\/v2\/comments?post=8895"}],"version-history":[{"count":6,"href":"https:\/\/blogs.univ-jfc.fr\/vphn\/wp-json\/wp\/v2\/pages\/8895\/revisions"}],"predecessor-version":[{"id":9920,"href":"https:\/\/blogs.univ-jfc.fr\/vphn\/wp-json\/wp\/v2\/pages\/8895\/revisions\/9920"}],"up":[{"embeddable":true,"href":"https:\/\/blogs.univ-jfc.fr\/vphn\/wp-json\/wp\/v2\/pages\/1173"}],"wp:attachment":[{"href":"https:\/\/blogs.univ-jfc.fr\/vphn\/wp-json\/wp\/v2\/media?parent=8895"}],"curies":[{"name":"wp","href":"https:\/\/api.w.org\/{rel}","templated":true}]}}