{"id":8901,"date":"2021-02-15T14:35:27","date_gmt":"2021-02-15T13:35:27","guid":{"rendered":"http:\/\/blogs.univ-jfc.fr\/vphn\/?page_id=8901"},"modified":"2021-03-28T22:07:53","modified_gmt":"2021-03-28T20:07:53","slug":"labbaye-notre-dame-de-bonneval-2021","status":"publish","type":"page","link":"https:\/\/blogs.univ-jfc.fr\/vphn\/patrimoine-et-sites-remarquables\/labbaye-notre-dame-de-bonneval-2021\/","title":{"rendered":"L&rsquo;abbaye Notre-Dame-de-Bonneval [2021]"},"content":{"rendered":"\n<p>          En 1147 l\u2019abbaye de Bonneval est fond\u00e9e par les <a href=\"http:\/\/www.abbaye-bonneval.com\/frame_new\/communaute\/spiritualite_cistercienne.php\">Cisterciens<\/a>, \u00e0 la demande de Guillaume de Calmont d\u2019Olt, \u00e9v\u00eaque de Cahors. Cet ordre est initi\u00e9 par Robert de Molesme, qui a propos\u00e9 de r\u00e9former l\u2019ordre b\u00e9n\u00e9dictin dans son abbaye \u00e0 C\u00eeteaux en 1098. L\u2019ordre des cisterciens devient puissant les ann\u00e9es suivantes et les fondations, comme celle de Bonneval, se succ\u00e8dent. Ainsi 7 moines cisterciens viennent s\u2019installer dans la nouvelle abbaye au c\u0153ur de la vall\u00e9e de Bonneval dans le nord de l\u2019Aveyron, anciennement nomm\u00e9 le Rouergue, sur la commune actuelle du Cayrol.<\/p>\n\n\n\n<figure class=\"wp-block-image size-large is-resized\"><img loading=\"lazy\" src=\"https:\/\/blogs.univ-jfc.fr\/vphn\/wp-content\/uploads\/sites\/65\/2021\/03\/Abbaye-Notre-Dame-de-Bonneval.jpg\" alt=\"\" class=\"wp-image-9865\" width=\"774\" height=\"395\" srcset=\"https:\/\/blogs.univ-jfc.fr\/vphn\/wp-content\/uploads\/sites\/65\/2021\/03\/Abbaye-Notre-Dame-de-Bonneval.jpg 1000w, https:\/\/blogs.univ-jfc.fr\/vphn\/wp-content\/uploads\/sites\/65\/2021\/03\/Abbaye-Notre-Dame-de-Bonneval-300x153.jpg 300w, https:\/\/blogs.univ-jfc.fr\/vphn\/wp-content\/uploads\/sites\/65\/2021\/03\/Abbaye-Notre-Dame-de-Bonneval-768x392.jpg 768w\" sizes=\"(max-width: 706px) 89vw, (max-width: 767px) 82vw, 740px\" \/><figcaption>Vue d&rsquo;ensemble de l&rsquo;abbaye Notre-Dame-de-Bonneval (Mars 2010)<br>Source : <a href=\"https:\/\/commons.wikimedia.org\/wiki\/File:Abbaye_de_Bonneval.JPG\">Wikip\u00e9dia<\/a><\/figcaption><\/figure>\n\n\n\n<p><em><strong>L\u2019expansion de l\u2019abbaye (XII-XIIIe s.)&nbsp;<\/strong><\/em><\/p>\n\n\n\n<p>         L\u2019abbaye de Bonneval connait d\u00e8s sa fondation un fort d\u00e9veloppement. D\u2019abord, comme la plupart des fondations cisterciennes, celle-ci \u00e9tend le nombre de biens en sa possession. La r\u00e9putation de l\u2019abbaye attire \u00e0 elle de riches et nombreux donateurs et donatrices et devient la plus riche de la r\u00e9gion. De nombreuses <a href=\"https:\/\/fr.wikipedia.org\/wiki\/Grange_monastique\">granges<\/a> (Ensembles fortifi\u00e9s et leur domaine) se voient ainsi rattach\u00e9es \u00e0 ses terres. L\u2019abbaye en comptera <a href=\"http:\/\/cisterciensenrouergue.fr\/?page_id=37\">12<\/a> au XIII\u00e8me si\u00e8cle. Des moines y vivent quotidiennement et font cultiver les terres par de nombreux paysans. Ils deviennent ainsi des seigneurs puissants, \u00e0 la t\u00eate de nombreuses terres agricoles cultiv\u00e9es. Ainsi, l\u2019abbaye s\u2019enrichit et gagne en notori\u00e9t\u00e9&nbsp;: les nombreuses familles nobles qui font partie des donateurs demandent par exemple \u00e0 se faire enterrer sur le domaine de l\u2019abbaye.<br>L\u2019abbaye de Bonneval prosp\u00e8re&nbsp;; alors que les membres fondateurs \u00e9taient au nombre de sept au milieu du XIIe si\u00e8cle, on compte pr\u00e8s de 450 moines \u00e0 la fin XIIIe si\u00e8cle.<\/p>\n\n\n\n<p>   <\/p>\n\n\n\n<p><em><strong>Les ravages de la guerre et la fortification de l\u2019abbaye (XIV-XVe s.)&nbsp;<\/strong><\/em><\/p>\n\n\n\n<div class=\"wp-block-group alignwide\"><div class=\"wp-block-group__inner-container\">\n<div class=\"wp-block-group alignwide\"><div class=\"wp-block-group__inner-container\">\n<p>         Le Rouergue, et donc l\u2019abbaye et ses terres, fait partie des zones durement touch\u00e9es par les combats de la guerre de Cent Ans. C\u2019est dans ce contexte qu\u2019en 1374 et en 1376, alors que la r\u00e9gion est d\u00e9truite par les nombreux affrontements avec l\u2019arm\u00e9e anglaise, que l\u2019abbaye est pill\u00e9e et, plusieurs moines chass\u00e9s ou tu\u00e9s. Pourtant, malgr\u00e9 ces attaques, la communaut\u00e9 survit.<\/p>\n\n\n\n<div class=\"wp-block-image\"><figure class=\"alignright size-large is-resized\"><img loading=\"lazy\" src=\"https:\/\/blogs.univ-jfc.fr\/vphn\/wp-content\/uploads\/sites\/65\/2021\/03\/libres-2-2-edited.jpg\" alt=\"\" class=\"wp-image-9881\" width=\"222\" height=\"296\" srcset=\"https:\/\/blogs.univ-jfc.fr\/vphn\/wp-content\/uploads\/sites\/65\/2021\/03\/libres-2-2-edited.jpg 437w, https:\/\/blogs.univ-jfc.fr\/vphn\/wp-content\/uploads\/sites\/65\/2021\/03\/libres-2-2-edited-225x300.jpg 225w\" sizes=\"(max-width: 222px) 100vw, 222px\" \/><figcaption>Tour de masse d&rsquo;Espalion (1905)<br>Source : <a href=\"https:\/\/commons.wikimedia.org\/wiki\/File:Espalion_-_Tour_Masse_4.jpg\">Wikip\u00e9dia<\/a><\/figcaption><\/figure><\/div>\n\n\n\n<p>Ces \u00e9pisodes donnent lieu \u00e0 la fortification du monast\u00e8re. Fin XIV\u00e8me si\u00e8cle, des murs de 15 \u00e0 18 m\u00e8tres de haut et de 1.50 \u00e0 1.80 m\u00e8tres d\u2019\u00e9paisseur sont \u00e9rig\u00e9s et deux grandes tours voient le jour sur les \u00ab&nbsp;remparts&nbsp;\u00bb de l\u2019abbaye.<br>Il en va de m\u00eame pour les granges qui se voient toutes munies d\u2019au moins une tour de d\u00e9fense. Comme par exemple celle de La Vayssi\u00e8re o\u00f9 est \u00e9difi\u00e9e fin XIV\u00e8me si\u00e8cle une tour-grenier de 20 m\u00e8tres de haut sur 12 m\u00e8tres de large ou encore plus tardivement \u00e0 Espalion dont l\u2019\u00e9dification de sa <a href=\"https:\/\/www.ladepeche.fr\/article\/2014\/03\/30\/1851509-espalion-tour-masse-histoire-famille-poulenc-francis-poulenc-rhone-poulenc.html\">Tour de Masse<\/a> date du milieu du XV\u00e8me si\u00e8cle. Equip\u00e9e d\u2019un <a href=\"https:\/\/fr.wikipedia.org\/wiki\/Chemin_de_ronde\">chemin de ronde<\/a> et d\u2019<a href=\"https:\/\/www.cnrtl.fr\/definition\/%C3%A9chauguette\">\u00e9chauguettes<\/a>, celle-ci offrait \u00e0 la fois un abri et moyen de d\u00e9fense en temps de guerre mais permettait \u00e9galement de stocker les r\u00e9serves de bl\u00e9 des champs alentour.<\/p>\n\n\n\n<p>    <\/p>\n<\/div><\/div>\n<\/div><\/div>\n\n\n\n<p><em><strong>Le d\u00e9clin de la communaut\u00e9 (XVI-XVIIIe s.)<\/strong><\/em><\/p>\n\n\n\n<p>          \u00c0 partir du XVIe Si\u00e8cle, l\u2019ordre cistercien perd de sa puissance au sein du royaume de France pour deux raisons. D\u2019une part, le <a href=\"https:\/\/www.larousse.fr\/encyclopedie\/divers\/concile_de_Trente\/147379\">Concile de Trente<\/a> de 1545 visant \u00e0 contrer la R\u00e9forme Protestante, met en place de nouvelles r\u00e8gles, plus strictes, qui ne font pas l\u2019unanimit\u00e9 et compliquent le recrutement de nouveaux moines. D\u2019autre part, les rois de France contr\u00f4lent depuis 1516 la nomination des \u00e9v\u00eaques ce qui leur permet de garder un certain contr\u00f4le sur l\u2019\u00e9glise et ses biens.<\/p>\n\n\n\n<p>Dans ce contexte, l\u2019abbaye voit aussi sa puissance redimensionn\u00e9e. Celle-ci est plac\u00e9e sous la direction d\u2019<a href=\"http:\/\/www.abbayes.fr\/histoire\/cisterciens\/la_commende.htm\">abb\u00e9s commendataires<\/a> depuis 1473. Les conflits et <a href=\"https:\/\/museeprotestant.org\/notice\/les-huit-guerres-de-religion-1562-1598\/\">guerres de religion<\/a> ont grandement affaibli la communaut\u00e9 et le manque de postulants emp\u00eache un renouvellement de celle-ci. Ainsi le nombre de moine diminue fortement.<br>La p\u00e9riode de la R\u00e9volution voit la fin du fonctionnement de l\u2019abbaye. Durant cette p\u00e9riode, les rentes et perceptions de d\u00eemes de l\u2019abbaye cessent ce qui remet en cause tout son fonctionnement.<\/p>\n\n\n\n<p>En 1790 dans un contexte de r\u00e9forme profonde et de mesures prises contre l\u2019\u00e9glise et ses biens, l\u2019Assembl\u00e9e nationale vote la suppression de l\u2019ordre cistercien. Un an plus tard, les 13 moines restant au sein de l\u2019abbaye sont chass\u00e9s. Le domaine est quant \u00e0 lui divis\u00e9 en lots et vendu en tant que <a href=\"https:\/\/www.larousse.fr\/encyclopedie\/divers\/biens_nationaux\/187192\">bien national<\/a>. De nombreuses destructions mat\u00e9rielles sont op\u00e9r\u00e9es dans l\u2019abbaye. Il faut enfin attendre 1875 pour que l\u2019\u00e9difice soit de nouveau habit\u00e9. \u00c0 cette date, c\u2019est une communaut\u00e9 de moniales qui entreprend de reconstruire une organisation communautaire sur le site.<\/p>\n\n\n\n<div class=\"wp-block-image\"><figure class=\"aligncenter size-large is-resized\"><img loading=\"lazy\" src=\"https:\/\/blogs.univ-jfc.fr\/vphn\/wp-content\/uploads\/sites\/65\/2021\/03\/refondatrices-edited.jpg\" alt=\"\" class=\"wp-image-9908\" width=\"657\" height=\"369\" srcset=\"https:\/\/blogs.univ-jfc.fr\/vphn\/wp-content\/uploads\/sites\/65\/2021\/03\/refondatrices-edited.jpg 426w, https:\/\/blogs.univ-jfc.fr\/vphn\/wp-content\/uploads\/sites\/65\/2021\/03\/refondatrices-edited-300x169.jpg 300w\" sizes=\"(max-width: 657px) 100vw, 657px\" \/><figcaption>Les refondatrices de Bonneval dans les ruines (Fin XIX\u00e8me si\u00e8cle). <br>Cr\u00e9dit : <a href=\"http:\/\/www.abbaye-bonneval.com\/frame_new\/abbaye\/histoire.php\">Abbaye-bonneval.com<\/a><\/figcaption><\/figure><\/div>\n\n\n\n<p>Pour aller plus loin :<\/p>\n\n\n\n<div class=\"wp-block-group\"><div class=\"wp-block-group__inner-container\">\n<div class=\"wp-block-group\"><div class=\"wp-block-group__inner-container\">\n<p>-Auvity, F. (1947). <em>Notre-Dame de Bonneval : huit si\u00e8cles de vie cistercienne<\/em>. \u00c9DITIONS CARRERE.<\/p>\n\n\n\n<p>-Besombes, A. (2020). <em>Pr\u00e9sence cistercienne de gascogne et languedoc<\/em>. \u00c9DITIONS LOUBATIERES.<\/p>\n\n\n\n<p>-Bras, A. (2008). <em>Bonneval, une abbaye cistercienne en Rouergue<\/em>. \u00c9DITIONS PRIVAT.<\/p>\n\n\n\n<p>-Costes, M. (1952). <em>Le Cayrol, le pays, les institutions, l\u2019abbaye de Bonneval<\/em>. \u00c9DITIONS DE LA CIT\u00c9.<\/p>\n\n\n\n<p>-Lantier, M. (1983). <em>Qu\u2019est-ce qu\u2019une abbaye ?<\/em> \u00c9DITIONS CAEN.<\/p>\n\n\n\n<p>-Moulin, L. (1990). <em>La Vie quotidienne des religieux au Moyen \u00c2ge Xe-XVe si\u00e8cle<\/em>. \u00c9DITIONS HACHETTE LITT.<\/p>\n\n\n\n<p>-Verdon, J. (2015). <em>La vie quotidienne au moyen \u00e2ge<\/em>. \u00c9DITIONS PERRIN.<\/p>\n<\/div><\/div>\n<\/div><\/div>\n\n\n\n<p><a href=\"http:\/\/www.abbaye-bonneval.com\/\">Site r\u00e9f\u00e9rent de l&rsquo;abbaye Notre-Dame-de-Bonneval.<\/a><\/p>\n\n\n\n<p>Auteur\u00b7e\u00b7s : CAILLON Amandine (L2), CALMEAU Quentin (L2), KAOUARI Sahra (L1), BOUTES Sebastien (L1)<\/p>\n","protected":false},"excerpt":{"rendered":"<p>En 1147 l\u2019abbaye de Bonneval est fond\u00e9e par les Cisterciens, \u00e0 la demande de Guillaume de Calmont d\u2019Olt, \u00e9v\u00eaque de Cahors. Cet ordre est initi\u00e9 par Robert de Molesme, qui a propos\u00e9 de r\u00e9former l\u2019ordre b\u00e9n\u00e9dictin dans son abbaye \u00e0 C\u00eeteaux en 1098. L\u2019ordre des cisterciens devient puissant les ann\u00e9es suivantes et les fondations, comme &hellip; <\/p>\n<p class=\"link-more\"><a href=\"https:\/\/blogs.univ-jfc.fr\/vphn\/patrimoine-et-sites-remarquables\/labbaye-notre-dame-de-bonneval-2021\/\" class=\"more-link\">Continuer la lecture<span class=\"screen-reader-text\"> de &laquo;&nbsp;L&rsquo;abbaye Notre-Dame-de-Bonneval [2021]&nbsp;&raquo;<\/span><\/a><\/p>\n","protected":false},"author":755,"featured_media":0,"parent":30,"menu_order":0,"comment_status":"closed","ping_status":"closed","template":"","meta":[],"_links":{"self":[{"href":"https:\/\/blogs.univ-jfc.fr\/vphn\/wp-json\/wp\/v2\/pages\/8901"}],"collection":[{"href":"https:\/\/blogs.univ-jfc.fr\/vphn\/wp-json\/wp\/v2\/pages"}],"about":[{"href":"https:\/\/blogs.univ-jfc.fr\/vphn\/wp-json\/wp\/v2\/types\/page"}],"author":[{"embeddable":true,"href":"https:\/\/blogs.univ-jfc.fr\/vphn\/wp-json\/wp\/v2\/users\/755"}],"replies":[{"embeddable":true,"href":"https:\/\/blogs.univ-jfc.fr\/vphn\/wp-json\/wp\/v2\/comments?post=8901"}],"version-history":[{"count":44,"href":"https:\/\/blogs.univ-jfc.fr\/vphn\/wp-json\/wp\/v2\/pages\/8901\/revisions"}],"predecessor-version":[{"id":9959,"href":"https:\/\/blogs.univ-jfc.fr\/vphn\/wp-json\/wp\/v2\/pages\/8901\/revisions\/9959"}],"up":[{"embeddable":true,"href":"https:\/\/blogs.univ-jfc.fr\/vphn\/wp-json\/wp\/v2\/pages\/30"}],"wp:attachment":[{"href":"https:\/\/blogs.univ-jfc.fr\/vphn\/wp-json\/wp\/v2\/media?parent=8901"}],"curies":[{"name":"wp","href":"https:\/\/api.w.org\/{rel}","templated":true}]}}