{"id":8919,"date":"2021-02-17T09:15:57","date_gmt":"2021-02-17T08:15:57","guid":{"rendered":"http:\/\/blogs.univ-jfc.fr\/vphn\/?page_id=8919"},"modified":"2021-02-17T09:15:57","modified_gmt":"2021-02-17T08:15:57","slug":"la-nouvelle-usine","status":"publish","type":"page","link":"https:\/\/blogs.univ-jfc.fr\/vphn\/la-nouvelle-usine\/","title":{"rendered":"La nouvelle usine."},"content":{"rendered":"\n<p>\u00a0\u00a0\u00a0\u00a0\u00a0\u00a0\u00a0\u00a0\u00a0\u00a0\u00a0 Une dizaine d\u2019ann\u00e9es apr\u00e8s le rachat du moulin de la tour de la d\u00e9fense les Brusson firent b\u00e2tir une nouvelle usine de l\u2019autre c\u00f4t\u00e9 du Tarn. Cette usine est colossale, repr\u00e9sentant la moiti\u00e9 de la superficie de la commune. C\u2019est \u00e0 partir de cette nouvelle usine que les Brusson peuvent commencer \u00e0 produire pour l\u2019\u00e9tranger et d\u00e9velopper de nouvelles infrastructures pour la ville de Villemur-Sur-Tarn.<\/p>\n\n\n\n<figure class=\"wp-block-gallery columns-3 is-cropped\"><ul class=\"blocks-gallery-grid\"><li class=\"blocks-gallery-item\"><figure><img loading=\"lazy\" width=\"300\" height=\"170\" src=\"http:\/\/blogs.univ-jfc.fr\/vphn\/wp-content\/uploads\/sites\/65\/2021\/02\/Brusson-300x170-1.jpg\" alt=\"\" data-id=\"8921\" data-full-url=\"http:\/\/blogs.univ-jfc.fr\/vphn\/wp-content\/uploads\/sites\/65\/2021\/02\/Brusson-300x170-1.jpg\" data-link=\"http:\/\/blogs.univ-jfc.fr\/vphn\/?attachment_id=8921\" class=\"wp-image-8921\" \/><figcaption class=\"blocks-gallery-item__caption\">Les usines Brusson<\/figcaption><\/figure><\/li><li class=\"blocks-gallery-item\"><figure><img loading=\"lazy\" width=\"480\" height=\"360\" src=\"http:\/\/blogs.univ-jfc.fr\/vphn\/wp-content\/uploads\/sites\/65\/2021\/02\/hqdefault.jpg\" alt=\"\" data-id=\"8920\" data-full-url=\"http:\/\/blogs.univ-jfc.fr\/vphn\/wp-content\/uploads\/sites\/65\/2021\/02\/hqdefault.jpg\" data-link=\"http:\/\/blogs.univ-jfc.fr\/vphn\/?attachment_id=8920\" class=\"wp-image-8920\" srcset=\"https:\/\/blogs.univ-jfc.fr\/vphn\/wp-content\/uploads\/sites\/65\/2021\/02\/hqdefault.jpg 480w, https:\/\/blogs.univ-jfc.fr\/vphn\/wp-content\/uploads\/sites\/65\/2021\/02\/hqdefault-300x225.jpg 300w\" sizes=\"(max-width: 480px) 100vw, 480px\" \/><figcaption class=\"blocks-gallery-item__caption\">Les usines Brusson<\/figcaption><\/figure><\/li><li class=\"blocks-gallery-item\"><figure><img loading=\"lazy\" width=\"405\" height=\"270\" src=\"http:\/\/blogs.univ-jfc.fr\/vphn\/wp-content\/uploads\/sites\/65\/2021\/02\/Villemur-sur-Tarn_Ancienne_usine_Brusson.jpg\" alt=\"Digue (01)\" data-id=\"8688\" data-full-url=\"http:\/\/blogs.univ-jfc.fr\/vphn\/wp-content\/uploads\/sites\/65\/2021\/02\/Villemur-sur-Tarn_Ancienne_usine_Brusson.jpg\" data-link=\"http:\/\/blogs.univ-jfc.fr\/vphn\/moderniser-le-tarn\/villemur-sur-tarn_ancienne_usine_brusson\/\" class=\"wp-image-8688\" srcset=\"https:\/\/blogs.univ-jfc.fr\/vphn\/wp-content\/uploads\/sites\/65\/2021\/02\/Villemur-sur-Tarn_Ancienne_usine_Brusson.jpg 405w, https:\/\/blogs.univ-jfc.fr\/vphn\/wp-content\/uploads\/sites\/65\/2021\/02\/Villemur-sur-Tarn_Ancienne_usine_Brusson-300x200.jpg 300w\" sizes=\"(max-width: 405px) 100vw, 405px\" \/><figcaption class=\"blocks-gallery-item__caption\">La digue de Villemur-Sur-Tarn<\/figcaption><\/figure><\/li><\/ul><\/figure>\n","protected":false},"excerpt":{"rendered":"<p>\u00a0\u00a0\u00a0\u00a0\u00a0\u00a0\u00a0\u00a0\u00a0\u00a0\u00a0 Une dizaine d\u2019ann\u00e9es apr\u00e8s le rachat du moulin de la tour de la d\u00e9fense les Brusson firent b\u00e2tir une nouvelle usine de l\u2019autre c\u00f4t\u00e9 du Tarn. Cette usine est colossale, repr\u00e9sentant la moiti\u00e9 de la superficie de la commune. C\u2019est \u00e0 partir de cette nouvelle usine que les Brusson peuvent commencer \u00e0 produire pour &hellip; <\/p>\n<p class=\"link-more\"><a href=\"https:\/\/blogs.univ-jfc.fr\/vphn\/la-nouvelle-usine\/\" class=\"more-link\">Continuer la lecture<span class=\"screen-reader-text\"> de &laquo;&nbsp;La nouvelle usine.&nbsp;&raquo;<\/span><\/a><\/p>\n","protected":false},"author":716,"featured_media":0,"parent":0,"menu_order":0,"comment_status":"closed","ping_status":"closed","template":"","meta":[],"_links":{"self":[{"href":"https:\/\/blogs.univ-jfc.fr\/vphn\/wp-json\/wp\/v2\/pages\/8919"}],"collection":[{"href":"https:\/\/blogs.univ-jfc.fr\/vphn\/wp-json\/wp\/v2\/pages"}],"about":[{"href":"https:\/\/blogs.univ-jfc.fr\/vphn\/wp-json\/wp\/v2\/types\/page"}],"author":[{"embeddable":true,"href":"https:\/\/blogs.univ-jfc.fr\/vphn\/wp-json\/wp\/v2\/users\/716"}],"replies":[{"embeddable":true,"href":"https:\/\/blogs.univ-jfc.fr\/vphn\/wp-json\/wp\/v2\/comments?post=8919"}],"version-history":[{"count":1,"href":"https:\/\/blogs.univ-jfc.fr\/vphn\/wp-json\/wp\/v2\/pages\/8919\/revisions"}],"predecessor-version":[{"id":8922,"href":"https:\/\/blogs.univ-jfc.fr\/vphn\/wp-json\/wp\/v2\/pages\/8919\/revisions\/8922"}],"wp:attachment":[{"href":"https:\/\/blogs.univ-jfc.fr\/vphn\/wp-json\/wp\/v2\/media?parent=8919"}],"curies":[{"name":"wp","href":"https:\/\/api.w.org\/{rel}","templated":true}]}}