{"id":8924,"date":"2021-02-17T09:18:56","date_gmt":"2021-02-17T08:18:56","guid":{"rendered":"http:\/\/blogs.univ-jfc.fr\/vphn\/?page_id=8924"},"modified":"2021-02-17T09:18:56","modified_gmt":"2021-02-17T08:18:56","slug":"le-paysan-journal","status":"publish","type":"page","link":"https:\/\/blogs.univ-jfc.fr\/vphn\/le-paysan-journal\/","title":{"rendered":"Le Paysan (Journal)."},"content":{"rendered":"\n<p>\u00a0\u00a0\u00a0\u00a0\u00a0\u00a0\u00a0\u00a0\u00a0\u00a0\u00a0 <em>Le Paysan<\/em> est un journal politique et d\u2019actualit\u00e9 imprim\u00e9 dans les usines Brusson Jeunes, bien que dans les faits il n\u2019y soit pas rattach\u00e9. Il servit \u00e0 Jean-Marie Brusson \u00e0 propager ses opinions politique et ses prises de positions. <em>Le Paysan<\/em> \u00e9tant favorable aux opinions de se dernier notamment pour sa d\u00e9fense des industries rurales et sa d\u00e9fense du bien \u00eatre des ouvriers. Cependant, lorsqu\u2019en 1906 Jean-Marie Brusson prit position contre la la\u00efcit\u00e9 de l\u2019Etat, le journal <em>Le Paysan<\/em> se d\u00e9solidarisa de Jean-Marie Brusson et seulement un an apr\u00e8s le journal ferma.<\/p>\n","protected":false},"excerpt":{"rendered":"<p>\u00a0\u00a0\u00a0\u00a0\u00a0\u00a0\u00a0\u00a0\u00a0\u00a0\u00a0 Le Paysan est un journal politique et d\u2019actualit\u00e9 imprim\u00e9 dans les usines Brusson Jeunes, bien que dans les faits il n\u2019y soit pas rattach\u00e9. Il servit \u00e0 Jean-Marie Brusson \u00e0 propager ses opinions politique et ses prises de positions. Le Paysan \u00e9tant favorable aux opinions de se dernier notamment pour sa d\u00e9fense des industries &hellip; <\/p>\n<p class=\"link-more\"><a href=\"https:\/\/blogs.univ-jfc.fr\/vphn\/le-paysan-journal\/\" class=\"more-link\">Continuer la lecture<span class=\"screen-reader-text\"> de &laquo;&nbsp;Le Paysan (Journal).&nbsp;&raquo;<\/span><\/a><\/p>\n","protected":false},"author":716,"featured_media":0,"parent":0,"menu_order":0,"comment_status":"closed","ping_status":"closed","template":"","meta":[],"_links":{"self":[{"href":"https:\/\/blogs.univ-jfc.fr\/vphn\/wp-json\/wp\/v2\/pages\/8924"}],"collection":[{"href":"https:\/\/blogs.univ-jfc.fr\/vphn\/wp-json\/wp\/v2\/pages"}],"about":[{"href":"https:\/\/blogs.univ-jfc.fr\/vphn\/wp-json\/wp\/v2\/types\/page"}],"author":[{"embeddable":true,"href":"https:\/\/blogs.univ-jfc.fr\/vphn\/wp-json\/wp\/v2\/users\/716"}],"replies":[{"embeddable":true,"href":"https:\/\/blogs.univ-jfc.fr\/vphn\/wp-json\/wp\/v2\/comments?post=8924"}],"version-history":[{"count":1,"href":"https:\/\/blogs.univ-jfc.fr\/vphn\/wp-json\/wp\/v2\/pages\/8924\/revisions"}],"predecessor-version":[{"id":8925,"href":"https:\/\/blogs.univ-jfc.fr\/vphn\/wp-json\/wp\/v2\/pages\/8924\/revisions\/8925"}],"wp:attachment":[{"href":"https:\/\/blogs.univ-jfc.fr\/vphn\/wp-json\/wp\/v2\/media?parent=8924"}],"curies":[{"name":"wp","href":"https:\/\/api.w.org\/{rel}","templated":true}]}}