{"id":8927,"date":"2021-02-17T09:20:02","date_gmt":"2021-02-17T08:20:02","guid":{"rendered":"http:\/\/blogs.univ-jfc.fr\/vphn\/?page_id=8927"},"modified":"2021-02-17T09:20:02","modified_gmt":"2021-02-17T08:20:02","slug":"antonin-et-jean-marie-brusson","status":"publish","type":"page","link":"https:\/\/blogs.univ-jfc.fr\/vphn\/antonin-et-jean-marie-brusson\/","title":{"rendered":"Antonin et Jean-Marie Brusson."},"content":{"rendered":"\n<p>\u00a0\u00a0\u00a0\u00a0\u00a0\u00a0\u00a0\u00a0\u00a0\u00a0\u00a0 Antonin et Jean-Marie Brusson forment la seconde g\u00e9n\u00e9ration d\u2019entrepreneurs apr\u00e8s Antoine et Arnaud Brusson. Ils dirig\u00e8rent l\u2019entreprise et cherch\u00e8rent \u00e0 la d\u00e9velopper. C\u2019est pour cette raison qu\u2019en 1985 Jean-Marie Brusson laissa son fr\u00e8re g\u00e9rer l\u2019entreprise pour se lancer dans une carri\u00e8re politique.<\/p>\n","protected":false},"excerpt":{"rendered":"<p>\u00a0\u00a0\u00a0\u00a0\u00a0\u00a0\u00a0\u00a0\u00a0\u00a0\u00a0 Antonin et Jean-Marie Brusson forment la seconde g\u00e9n\u00e9ration d\u2019entrepreneurs apr\u00e8s Antoine et Arnaud Brusson. Ils dirig\u00e8rent l\u2019entreprise et cherch\u00e8rent \u00e0 la d\u00e9velopper. C\u2019est pour cette raison qu\u2019en 1985 Jean-Marie Brusson laissa son fr\u00e8re g\u00e9rer l\u2019entreprise pour se lancer dans une carri\u00e8re politique.<\/p>\n","protected":false},"author":716,"featured_media":0,"parent":0,"menu_order":0,"comment_status":"closed","ping_status":"closed","template":"","meta":[],"_links":{"self":[{"href":"https:\/\/blogs.univ-jfc.fr\/vphn\/wp-json\/wp\/v2\/pages\/8927"}],"collection":[{"href":"https:\/\/blogs.univ-jfc.fr\/vphn\/wp-json\/wp\/v2\/pages"}],"about":[{"href":"https:\/\/blogs.univ-jfc.fr\/vphn\/wp-json\/wp\/v2\/types\/page"}],"author":[{"embeddable":true,"href":"https:\/\/blogs.univ-jfc.fr\/vphn\/wp-json\/wp\/v2\/users\/716"}],"replies":[{"embeddable":true,"href":"https:\/\/blogs.univ-jfc.fr\/vphn\/wp-json\/wp\/v2\/comments?post=8927"}],"version-history":[{"count":1,"href":"https:\/\/blogs.univ-jfc.fr\/vphn\/wp-json\/wp\/v2\/pages\/8927\/revisions"}],"predecessor-version":[{"id":8928,"href":"https:\/\/blogs.univ-jfc.fr\/vphn\/wp-json\/wp\/v2\/pages\/8927\/revisions\/8928"}],"wp:attachment":[{"href":"https:\/\/blogs.univ-jfc.fr\/vphn\/wp-json\/wp\/v2\/media?parent=8927"}],"curies":[{"name":"wp","href":"https:\/\/api.w.org\/{rel}","templated":true}]}}