{"id":8943,"date":"2021-02-17T17:04:49","date_gmt":"2021-02-17T16:04:49","guid":{"rendered":"http:\/\/blogs.univ-jfc.fr\/vphn\/?page_id=8943"},"modified":"2021-03-01T18:29:46","modified_gmt":"2021-03-01T17:29:46","slug":"quelques-definitions","status":"publish","type":"page","link":"https:\/\/blogs.univ-jfc.fr\/vphn\/histoire-locale\/lastronomie-dans-le-sud-ouest-de-la-france-au-xviie-siecle-2021\/quelques-definitions\/","title":{"rendered":"Quelques d\u00e9finitions&#8230;"},"content":{"rendered":"\n<p><span style=\"text-decoration: underline\"><strong>G\u00e9ocentrisme :<\/strong><\/span> th\u00e9orie tirant son origine du philosophe grec Aristote, qui tend \u00e0 croire que la Terre se situe au centre de l\u2019univers. Cette vision domine jusqu\u2019aux travaux de Copernic datant du XVI<sup>e<\/sup> si\u00e8cle. Ce courant appartient \u00e0 l\u2019enseignement scolastique.<\/p>\n\n\n\n<p><span style=\"text-decoration: underline\"><strong>H\u00e9liocentrisme :<\/strong><\/span> th\u00e9orie qui s\u2019oppose au g\u00e9ocentrisme puisqu\u2019elle tend \u00e0 croire que le Soleil se situe au centre du syst\u00e8me solaire, et que les astres sont en orbite autour de celui-ci. C\u2019est Copernic qui propose en premier cette hypoth\u00e8se en opposition au g\u00e9ocentrisme au XVI<sup>e<\/sup>, cr\u00e9ant des conflits avec l\u2019Eglise catholique.&nbsp;<\/p>\n\n\n\n<p><strong><span style=\"text-decoration: underline\">Lanternistes :<\/span><\/strong> Regroupement clandestin des savants des Belles-Lettres de Toulouse. Dans ces r\u00e9unions, des savants comme Emmanuel Maignan d\u00e9battent \u00e0 propos de nouvelles sciences, telles que l\u2019astronomie. Ces r\u00e9unions furent alors clandestines pour ne pas \u00eatre soumises au joug eccl\u00e9siastique.<\/p>\n\n\n\n<p><strong><span style=\"text-decoration: underline\">R\u00e9publique des Lettres : <\/span><\/strong>&nbsp;elle d\u00e9signe les relations \u00e9pistolaires qu\u2019entretiennent les \u00e9rudits d\u2019Europe entre eux durant l\u2019\u00e9poque moderne. Par exemple, Marin Mersenne (1588-1648) et Pierre de Fermat (1601-1665) \u00e9voquent l\u2019astronomie au travers de leurs lettres.&nbsp;<\/p>\n\n\n\n<p><strong><span style=\"text-decoration: underline\">R\u00e9volution Scientifique :<\/span><\/strong> Durant le XVII<sup>e<\/sup> si\u00e8cle, les sciences ont connu un essor consid\u00e9rable. Des outils d\u2019observation comme les lunettes astronomiques ou encore l\u2019astrolabe ont \u00e9t\u00e9 d\u00e9velopp\u00e9s. De nombreux savants se font conna\u00eetre pour leurs innovations et leurs d\u00e9couvertes, et repr\u00e9sentent alors la \u201cnouvelle astronomie\u201d.<\/p>\n\n\n\n<p><strong><span style=\"text-decoration: underline\">Scolastique :<\/span><\/strong> enseignement archa\u00efque d\u00e9velopp\u00e9 par l\u2019Eglise. Concernant le domaine de l\u2019astronomie, la scolastique s\u2019appuie sur les id\u00e9es d\u2019Aristote et de Ptol\u00e9m\u00e9e, favorables au g\u00e9ocentrisme durant l&rsquo;Antiquit\u00e9.&nbsp; Pour en savoir plus, <strong><a href=\"https:\/\/education.persee.fr\/doc\/revin_1775-6014_1893_num_25_1_2938\">cliquer sur le lien.<\/a><\/strong>  <\/p>\n","protected":false},"excerpt":{"rendered":"<p>G\u00e9ocentrisme : th\u00e9orie tirant son origine du philosophe grec Aristote, qui tend \u00e0 croire que la Terre se situe au centre de l\u2019univers. Cette vision domine jusqu\u2019aux travaux de Copernic datant du XVIe si\u00e8cle. Ce courant appartient \u00e0 l\u2019enseignement scolastique. H\u00e9liocentrisme : th\u00e9orie qui s\u2019oppose au g\u00e9ocentrisme puisqu\u2019elle tend \u00e0 croire que le Soleil se &hellip; <\/p>\n<p class=\"link-more\"><a href=\"https:\/\/blogs.univ-jfc.fr\/vphn\/histoire-locale\/lastronomie-dans-le-sud-ouest-de-la-france-au-xviie-siecle-2021\/quelques-definitions\/\" class=\"more-link\">Continuer la lecture<span class=\"screen-reader-text\"> de &laquo;&nbsp;Quelques d\u00e9finitions&#8230;&nbsp;&raquo;<\/span><\/a><\/p>\n","protected":false},"author":741,"featured_media":0,"parent":7877,"menu_order":0,"comment_status":"closed","ping_status":"closed","template":"","meta":[],"_links":{"self":[{"href":"https:\/\/blogs.univ-jfc.fr\/vphn\/wp-json\/wp\/v2\/pages\/8943"}],"collection":[{"href":"https:\/\/blogs.univ-jfc.fr\/vphn\/wp-json\/wp\/v2\/pages"}],"about":[{"href":"https:\/\/blogs.univ-jfc.fr\/vphn\/wp-json\/wp\/v2\/types\/page"}],"author":[{"embeddable":true,"href":"https:\/\/blogs.univ-jfc.fr\/vphn\/wp-json\/wp\/v2\/users\/741"}],"replies":[{"embeddable":true,"href":"https:\/\/blogs.univ-jfc.fr\/vphn\/wp-json\/wp\/v2\/comments?post=8943"}],"version-history":[{"count":11,"href":"https:\/\/blogs.univ-jfc.fr\/vphn\/wp-json\/wp\/v2\/pages\/8943\/revisions"}],"predecessor-version":[{"id":9533,"href":"https:\/\/blogs.univ-jfc.fr\/vphn\/wp-json\/wp\/v2\/pages\/8943\/revisions\/9533"}],"up":[{"embeddable":true,"href":"https:\/\/blogs.univ-jfc.fr\/vphn\/wp-json\/wp\/v2\/pages\/7877"}],"wp:attachment":[{"href":"https:\/\/blogs.univ-jfc.fr\/vphn\/wp-json\/wp\/v2\/media?parent=8943"}],"curies":[{"name":"wp","href":"https:\/\/api.w.org\/{rel}","templated":true}]}}